{"id":1261,"date":"2020-11-20T17:06:41","date_gmt":"2020-11-20T16:06:41","guid":{"rendered":"http:\/\/34.65.96.88\/?post_type=product&#038;p=1261"},"modified":"2024-09-21T16:40:05","modified_gmt":"2024-09-21T14:40:05","slug":"nutri-creme-vitale-50ml","status":"publish","type":"product","link":"https:\/\/healthstore.mc\/index.php\/product\/nutri-creme-vitale-50ml\/","title":{"rendered":"Nutri Cr\u00e8me Vitale 50ml"},"content":{"rendered":"<p>Un soin jeunesse sp\u00e9cialement con\u00e7u pour apporter \u00e0 la peau tous les \u00e9l\u00e9ments indispensables au maintien de son \u00e9quilibre nutritionnel.<br \/>\nGr\u00e2ce \u00e0 une haute concentration en gel\u00e9e royale, ce soin est id\u00e9al pour stimuler les d\u00e9fenses de la peau, notamment au cours des intersaisons.<br \/>\nLa peau est recharg\u00e9e en \u00e9nergie vitale.<\/p>\n","protected":false},"excerpt":{"rendered":"<p>NUTRI SYSTEM<br \/>\nCR\u00c8ME VITALE \u00c0 LA GEL\u00c9E ROYALE 50 ML<\/p>\n","protected":false},"featured_media":1262,"comment_status":"open","ping_status":"closed","template":"","meta":[],"product_brand":[],"product_cat":[34],"product_tag":[],"class_list":{"0":"post-1261","1":"product","2":"type-product","3":"status-publish","4":"has-post-thumbnail","6":"product_cat-34","7":"entry","9":"first","10":"instock","11":"taxable","12":"shipping-taxable","13":"purchasable","14":"product-type-simple"},"jetpack_sharing_enabled":true,"_links":{"self":[{"href":"https:\/\/healthstore.mc\/index.php\/wp-json\/wp\/v2\/product\/1261","targetHints":{"allow":["GET"]}}],"collection":[{"href":"https:\/\/healthstore.mc\/index.php\/wp-json\/wp\/v2\/product"}],"about":[{"href":"https:\/\/healthstore.mc\/index.php\/wp-json\/wp\/v2\/types\/product"}],"replies":[{"embeddable":true,"href":"https:\/\/healthstore.mc\/index.php\/wp-json\/wp\/v2\/comments?post=1261"}],"wp:featuredmedia":[{"embeddable":true,"href":"https:\/\/healthstore.mc\/index.php\/wp-json\/wp\/v2\/media\/1262"}],"wp:attachment":[{"href":"https:\/\/healthstore.mc\/index.php\/wp-json\/wp\/v2\/media?parent=1261"}],"wp:term":[{"taxonomy":"product_brand","embeddable":true,"href":"https:\/\/healthstore.mc\/index.php\/wp-json\/wp\/v2\/product_brand?post=1261"},{"taxonomy":"product_cat","embeddable":true,"href":"https:\/\/healthstore.mc\/index.php\/wp-json\/wp\/v2\/product_cat?post=1261"},{"taxonomy":"product_tag","embeddable":true,"href":"https:\/\/healthstore.mc\/index.php\/wp-json\/wp\/v2\/product_tag?post=1261"}],"curies":[{"name":"wp","href":"https:\/\/api.w.org\/{rel}","templated":true}]}}