{"id":1476,"date":"2020-11-25T18:39:07","date_gmt":"2020-11-25T17:39:07","guid":{"rendered":"http:\/\/34.65.96.88\/index.php\/product\/condition-naturelle-120ml\/"},"modified":"2024-09-21T16:31:53","modified_gmt":"2024-09-21T14:31:53","slug":"condition-naturelle-120ml","status":"publish","type":"product","link":"https:\/\/healthstore.mc\/index.php\/product\/condition-naturelle-120ml\/","title":{"rendered":"Condition naturelle 120ml"},"content":{"rendered":"<p>Le brushing est une technique de coiffure tr\u00e8s sensibilisante pour les cheveux s&rsquo;ils ne sont pas prot\u00e9g\u00e9s. Bien qu&rsquo;id\u00e9ale pour les cheveux fins et mous, elle doit \u00eatre associ\u00e9e \u00e0 un soin protecteur pour \u00e9viter d&rsquo;ab\u00eemer le cheveu.<br \/>\nLe spray Condition naturelle a \u00e9t\u00e9 cr\u00e9\u00e9 \u00e0 partir de prot\u00e9ines v\u00e9g\u00e9tales filmog\u00e8nes pour isoler de la chaleur du s\u00e8che-cheveux, tout en apportant volume et brillance.<\/p>\n<p>Pour un cheveu \u00e9pais ou fris\u00e9, pr\u00e9f\u00e9rez le Lait Luminescence Bi-Phase.<\/p>\n<p>Pulv\u00e9riser sur cheveux humides, peigner pour r\u00e9partir et proc\u00e9der au brushing.<br \/>\nNe pas rincer.<\/p>\n<p>Pour un cheveu \u00e9pais ou fris\u00e9, pr\u00e9f\u00e9rez le Lait Luminescence Bi-Phase.<\/p>\n<p>Aqua<br \/>\nAlcohol Denat<br \/>\n*Glycerin<br \/>\n*Benzyl alcohol<br \/>\n*Parfum\/Fragrance<br \/>\n*Myristamine Oxide<br \/>\n*Hydrolyzed Quinoa<br \/>\n*Polyquaternium-11<br \/>\n*Acacia Seyal Gum Extract<br \/>\n*Salicylic Acid<br \/>\n*Hydrolyzed Moringa Oleifera Seed Extract<br \/>\n*Limonene<br \/>\n*Sorbic Acid<br \/>\n*Potassium Sorbate<br \/>\n*Citric Acid<br \/>\nPhenoxylethanol<br \/>\n*Caprylyl Glycol<br \/>\n*Sodium Benzoate<\/p>\n<p>*Origin Natural<br \/>\n**Certified BIO <\/p>\n<p>Sans silicone, sans coaltar, sans paraben et sans sodium laureth sulfate.<\/p>\n","protected":false},"excerpt":{"rendered":"<p>Spray thermoprotecteur et volumateur pour le brushing des cheveux fins. 150 ml<\/p>\n","protected":false},"featured_media":1559,"comment_status":"open","ping_status":"closed","template":"","meta":[],"product_brand":[],"product_cat":[37],"product_tag":[],"class_list":{"0":"post-1476","1":"product","2":"type-product","3":"status-publish","4":"has-post-thumbnail","6":"product_cat-leonor-greyl","7":"entry","9":"first","10":"instock","11":"taxable","12":"shipping-taxable","13":"purchasable","14":"product-type-simple"},"jetpack_sharing_enabled":true,"_links":{"self":[{"href":"https:\/\/healthstore.mc\/index.php\/wp-json\/wp\/v2\/product\/1476","targetHints":{"allow":["GET"]}}],"collection":[{"href":"https:\/\/healthstore.mc\/index.php\/wp-json\/wp\/v2\/product"}],"about":[{"href":"https:\/\/healthstore.mc\/index.php\/wp-json\/wp\/v2\/types\/product"}],"replies":[{"embeddable":true,"href":"https:\/\/healthstore.mc\/index.php\/wp-json\/wp\/v2\/comments?post=1476"}],"wp:featuredmedia":[{"embeddable":true,"href":"https:\/\/healthstore.mc\/index.php\/wp-json\/wp\/v2\/media\/1559"}],"wp:attachment":[{"href":"https:\/\/healthstore.mc\/index.php\/wp-json\/wp\/v2\/media?parent=1476"}],"wp:term":[{"taxonomy":"product_brand","embeddable":true,"href":"https:\/\/healthstore.mc\/index.php\/wp-json\/wp\/v2\/product_brand?post=1476"},{"taxonomy":"product_cat","embeddable":true,"href":"https:\/\/healthstore.mc\/index.php\/wp-json\/wp\/v2\/product_cat?post=1476"},{"taxonomy":"product_tag","embeddable":true,"href":"https:\/\/healthstore.mc\/index.php\/wp-json\/wp\/v2\/product_tag?post=1476"}],"curies":[{"name":"wp","href":"https:\/\/api.w.org\/{rel}","templated":true}]}}