{"id":1481,"date":"2020-11-25T18:39:09","date_gmt":"2020-11-25T17:39:09","guid":{"rendered":"http:\/\/34.65.96.88\/index.php\/product\/complexe-energisant-12x5ml\/"},"modified":"2024-09-21T16:32:29","modified_gmt":"2024-09-21T14:32:29","slug":"complexe-energisant-12x5ml","status":"publish","type":"product","link":"https:\/\/healthstore.mc\/index.php\/product\/complexe-energisant-12x5ml\/","title":{"rendered":"Complexe energisant 12x5ml"},"content":{"rendered":"<p>Acides amin\u00e9s, extraits v\u00e9g\u00e9taux r\u00e9g\u00e9n\u00e9rants des tissus, oligo-\u00e9l\u00e9ments et ingr\u00e9dients naturels multi-actifs constituent ce complexe pour lutter efficacement contre le maximum de facteurs de chute. Employ\u00e9 en cure de deux \u00e0 trois mois, ce traitement pr\u00e9vient la chute des cheveux, favorise la repousse et apporte de la vitalit\u00e9 \u00e0 la chevelure.<\/p>\n<p>S&rsquo;applique raie par raie sur cuir chevelu propre, masser l\u00e9g\u00e8rement pendant 1 minute puis coiffer. Ne pas rincer.<br \/>\nEn cas de chute s\u00e9v\u00e8re, appliquer trois fois par semaine durant deux \u00e0 trois mois cons\u00e9cutifs, puis r\u00e9duire progressivement la fr\u00e9quence d&rsquo;utilisation.<\/p>\n<p>Aqua<br \/>\nPropylene Glycol<br \/>\n*Agave Rigida Extract<br \/>\n*Glycosamynoglycans<br \/>\n*Proline<br \/>\n*Riboflavin<br \/>\n*Yeast Extract<br \/>\n*Carboxyethyl Aminobutyric Acid<br \/>\n**Enteromorpha compressa extract<br \/>\n**Caesalpinia spinosa gum<br \/>\n*Urea<br \/>\n*Fagus Silvatica Extract<br \/>\n*Mimosa Tenuiflora Bark Extract<br \/>\n*Parfum (Fragrance)<br \/>\n*Lactic Acid<br \/>\nMethylisothiazolinone<br \/>\nBenzyl Alcohol<br \/>\nHexyl Cinnamal<br \/>\nBenzyl salicylate<br \/>\nLimonene<\/p>\n<p>*Origin Natural<br \/>\n**Certified BIO<\/p>\n<p>Sans silicone, sans coaltar, sans paraben et sans sodium laureth sulfate.<\/p>\n","protected":false},"excerpt":{"rendered":"<p>Pr\u00e9vention et traitement de la chute des cheveux.<\/p>\n","protected":false},"featured_media":1555,"comment_status":"open","ping_status":"closed","template":"","meta":[],"product_brand":[],"product_cat":[37],"product_tag":[],"class_list":{"0":"post-1481","1":"product","2":"type-product","3":"status-publish","4":"has-post-thumbnail","6":"product_cat-leonor-greyl","7":"entry","9":"first","10":"outofstock","11":"taxable","12":"shipping-taxable","13":"purchasable","14":"product-type-simple"},"jetpack_sharing_enabled":true,"_links":{"self":[{"href":"https:\/\/healthstore.mc\/index.php\/wp-json\/wp\/v2\/product\/1481","targetHints":{"allow":["GET"]}}],"collection":[{"href":"https:\/\/healthstore.mc\/index.php\/wp-json\/wp\/v2\/product"}],"about":[{"href":"https:\/\/healthstore.mc\/index.php\/wp-json\/wp\/v2\/types\/product"}],"replies":[{"embeddable":true,"href":"https:\/\/healthstore.mc\/index.php\/wp-json\/wp\/v2\/comments?post=1481"}],"wp:featuredmedia":[{"embeddable":true,"href":"https:\/\/healthstore.mc\/index.php\/wp-json\/wp\/v2\/media\/1555"}],"wp:attachment":[{"href":"https:\/\/healthstore.mc\/index.php\/wp-json\/wp\/v2\/media?parent=1481"}],"wp:term":[{"taxonomy":"product_brand","embeddable":true,"href":"https:\/\/healthstore.mc\/index.php\/wp-json\/wp\/v2\/product_brand?post=1481"},{"taxonomy":"product_cat","embeddable":true,"href":"https:\/\/healthstore.mc\/index.php\/wp-json\/wp\/v2\/product_cat?post=1481"},{"taxonomy":"product_tag","embeddable":true,"href":"https:\/\/healthstore.mc\/index.php\/wp-json\/wp\/v2\/product_tag?post=1481"}],"curies":[{"name":"wp","href":"https:\/\/api.w.org\/{rel}","templated":true}]}}