{"id":1491,"date":"2020-11-25T18:39:13","date_gmt":"2020-11-25T17:39:13","guid":{"rendered":"http:\/\/34.65.96.88\/index.php\/product\/creme-aux-fleurs-200ml\/"},"modified":"2024-09-21T16:34:12","modified_gmt":"2024-09-21T14:34:12","slug":"creme-aux-fleurs-200ml","status":"publish","type":"product","link":"https:\/\/healthstore.mc\/index.php\/product\/creme-aux-fleurs-200ml\/","title":{"rendered":"Creme aux fleurs 200ml"},"content":{"rendered":"<p>Ce soin unique nourrit en profondeur et redonne douceur et souplesse aux cheveux tr\u00e8s secs ou fris\u00e9s. Sans sulfate, sa formule hautement hydratante et r\u00e9paratrice fixe la couleur tout en apaisant les cuirs chevelus irrit\u00e9s, notamment apr\u00e8s une coloration ou un d\u00e9frisage.<br \/>\n\u00c0 la fois shampooing et cr\u00e8me de soin, la Cr\u00e8me aux Fleurs laisse les cheveux soyeux et faciles \u00e0 coiffer tout en apportant une sensation de bien-\u00eatre instantan\u00e9e aux cuirs chevelus sensibles.<\/p>\n<p>Appliquer sur cheveux secs en racines si les cheveux sont fins, ou des racines jusqu&rsquo;aux pointes si les cheveux sont \u00e9pais ou tr\u00e8s ab\u00eem\u00e9s. Masser l\u00e9g\u00e8rement le cuir chevelu et laisser poser 10 \u00e0 20 minutes.<br \/>\nAvant de rincer, ajouter un peu de produit en racine, puis \u00e9mulsionner tr\u00e8s progressivement avec de faibles quantit\u00e9s d&rsquo;eau. Lorsqu&rsquo;une l\u00e9g\u00e8re mousse se forme sur l&rsquo;ensemble de la chevelure, rincer abondamment.<\/p>\n<p>Id\u00e9ale aussi imm\u00e9diatement apr\u00e8s une coloration, pour d\u00e9sensibiliser le cuir chevelu et fixer la couleur. Dans ce cas, appliquer sur cheveux essor\u00e9s puis, comme pr\u00e9c\u00e9demment, \u00e9mulsionner progressivement et rincer abondamment.<\/p>\n<p>Leonor Greyl recommande d&rsquo;appliquer la Cr\u00e8me aux Fleurs une \u00e0 deux fois par semaine, deux \u00e0 trois fois si le cuir chevelu est tr\u00e8s irrit\u00e9.<\/p>\n<p>Aqua<br \/>\n**Cetyl Alcohol<br \/>\n*Cocamide MEA<br \/>\n*Cocamidopropyl PG-Dimonium Chloride<br \/>\n*Quaternium-52<br \/>\n*Ceteareth-33<br \/>\n*PEG-15 Cocopolyamine<br \/>\nPropylene Glycol<br \/>\n*Fucus Vesiculosus Extract<br \/>\n*Tilia Platyphylla Extract<br \/>\n*Salvia Officinalis (Sage) Leaf Extract<br \/>\n*Chamomilla Recutita (Matricaria) Flower Extract<br \/>\n*Myrtus Communis Extract<br \/>\n*Allium Cepa (Onion) Bulb Extract<br \/>\n*Commiphora Myrrha Extract<br \/>\n*Matricaria chamomilla extract<br \/>\n*Hydrolysed Quinoa<br \/>\n*Lactic Acid<br \/>\n*Parfum (Fragrance)<br \/>\nMethylchloroisothiazolinone<br \/>\nMethylisothiazolinone<br \/>\n*Azulene<br \/>\nLimonene<br \/>\nLinalool<br \/>\nCI 19140<br \/>\nCI 73015<\/p>\n<p>*Origin Natural<br \/>\n**Certified BIO<\/p>\n<p>Sans silicone, sans coaltar, sans paraben et sans sulfate.<\/p>\n<p>Facebook Twitter<\/p>\n","protected":false},"excerpt":{"rendered":"<p>Cr\u00e8me de soin lavante pour cheveux color\u00e9s, tr\u00e8s secs ou fris\u00e9s, et cuirs chevelus sensibles. 200 ml<\/p>\n","protected":false},"featured_media":1655,"comment_status":"open","ping_status":"closed","template":"","meta":[],"product_brand":[],"product_cat":[37],"product_tag":[],"class_list":{"0":"post-1491","1":"product","2":"type-product","3":"status-publish","4":"has-post-thumbnail","6":"product_cat-leonor-greyl","7":"entry","9":"first","10":"instock","11":"taxable","12":"shipping-taxable","13":"purchasable","14":"product-type-simple"},"jetpack_sharing_enabled":true,"_links":{"self":[{"href":"https:\/\/healthstore.mc\/index.php\/wp-json\/wp\/v2\/product\/1491","targetHints":{"allow":["GET"]}}],"collection":[{"href":"https:\/\/healthstore.mc\/index.php\/wp-json\/wp\/v2\/product"}],"about":[{"href":"https:\/\/healthstore.mc\/index.php\/wp-json\/wp\/v2\/types\/product"}],"replies":[{"embeddable":true,"href":"https:\/\/healthstore.mc\/index.php\/wp-json\/wp\/v2\/comments?post=1491"}],"wp:featuredmedia":[{"embeddable":true,"href":"https:\/\/healthstore.mc\/index.php\/wp-json\/wp\/v2\/media\/1655"}],"wp:attachment":[{"href":"https:\/\/healthstore.mc\/index.php\/wp-json\/wp\/v2\/media?parent=1491"}],"wp:term":[{"taxonomy":"product_brand","embeddable":true,"href":"https:\/\/healthstore.mc\/index.php\/wp-json\/wp\/v2\/product_brand?post=1491"},{"taxonomy":"product_cat","embeddable":true,"href":"https:\/\/healthstore.mc\/index.php\/wp-json\/wp\/v2\/product_cat?post=1491"},{"taxonomy":"product_tag","embeddable":true,"href":"https:\/\/healthstore.mc\/index.php\/wp-json\/wp\/v2\/product_tag?post=1491"}],"curies":[{"name":"wp","href":"https:\/\/api.w.org\/{rel}","templated":true}]}}