{"id":1498,"date":"2020-11-25T18:39:15","date_gmt":"2020-11-25T17:39:15","guid":{"rendered":"http:\/\/34.65.96.88\/index.php\/product\/huile-germe-ble-200ml\/"},"modified":"2023-01-10T16:18:52","modified_gmt":"2023-01-10T15:18:52","slug":"huile-germe-ble-200ml","status":"publish","type":"product","link":"https:\/\/healthstore.mc\/index.php\/product\/huile-germe-ble-200ml\/","title":{"rendered":"Huile de germe de bl\u00e9 200ml"},"content":{"rendered":"<p>The wheat germ oil is rich in Vitamins A, E and F which are essential to hair vitality, acting as a deep hair mask to purify oily scalps but also prevent ageing.<br \/>\nEasy to use, it is applied as a shampoo but on dry scalp followed by a gentle massage then slowly emulsified and rinsed abundantly.<br \/>\nThis treatment is ideal for all hair lacking shine and vitality.<\/p>\n<p>Once or twice a week, apply to dry hair at the scalp, section by section. Massage gently to evenly distribute the product, then leave on for 15 minutes. Gradually emulsify using small amounts of water and repeat this operation at least 7 times until a fine lather builds. Only then, rinse thoroughly.<\/p>\n<p>For best results in case of hair loss, mix with Concentr\u00e9 \u00e9nerg\u00e9tique (50\/50) and apply as described above.<\/p>\n<p>*PEG-35 Castor Oil<br \/>\nAqua<br \/>\n*Glycerin<br \/>\n*Pentylene Glycol<br \/>\n**Helianthus Annuus (Sunflower) Seed Oil<br \/>\n*Triticum Vulgare (Wheat) Germ Oil<br \/>\n*Parfum\/Fragrance<br \/>\n*Benzyl Alcohol<br \/>\n*Limonene<br \/>\n*Polysorbate 20<br \/>\n*Simmondsia Chinensis (Jojoba) Seed Oil<br \/>\n*Myristamine Oxide<br \/>\n*Triticum Vulagre Germ Extract<br \/>\n*Panthenol<br \/>\n*Salicylic Acid<br \/>\n*Linoleic Acid<br \/>\n*Sorbic Acid<br \/>\n*Linalool<br \/>\n*Tocopherol<br \/>\n*Benzyl Salicylate<br \/>\n*Beta- Sitosterol<br \/>\n*Squalene<br \/>\n*Persea Gratissima Leaf Extract<br \/>\n*Citric Acid<br \/>\n*Potassium Sorbate<br \/>\n*Sodium Benzoate<br \/>\n*Linolenic Acid<\/p>\n<p>*Origin Natural<br \/>\n**Certified BIO<\/p>\n<p>Silicon free, coal tar free, paraben free and sodium laureth sulfate free.<\/p>\n","protected":false},"excerpt":{"rendered":"<p>Deep washing treatment for oily and devitalized hair. 200 ml<\/p>\n","protected":false},"featured_media":1746,"comment_status":"open","ping_status":"closed","template":"","meta":[],"product_brand":[],"product_cat":[37],"product_tag":[],"class_list":{"0":"post-1498","1":"product","2":"type-product","3":"status-publish","4":"has-post-thumbnail","6":"product_cat-leonor-greyl","7":"entry","9":"first","10":"instock","11":"taxable","12":"shipping-taxable","13":"purchasable","14":"product-type-simple"},"jetpack_sharing_enabled":true,"_links":{"self":[{"href":"https:\/\/healthstore.mc\/index.php\/wp-json\/wp\/v2\/product\/1498","targetHints":{"allow":["GET"]}}],"collection":[{"href":"https:\/\/healthstore.mc\/index.php\/wp-json\/wp\/v2\/product"}],"about":[{"href":"https:\/\/healthstore.mc\/index.php\/wp-json\/wp\/v2\/types\/product"}],"replies":[{"embeddable":true,"href":"https:\/\/healthstore.mc\/index.php\/wp-json\/wp\/v2\/comments?post=1498"}],"wp:featuredmedia":[{"embeddable":true,"href":"https:\/\/healthstore.mc\/index.php\/wp-json\/wp\/v2\/media\/1746"}],"wp:attachment":[{"href":"https:\/\/healthstore.mc\/index.php\/wp-json\/wp\/v2\/media?parent=1498"}],"wp:term":[{"taxonomy":"product_brand","embeddable":true,"href":"https:\/\/healthstore.mc\/index.php\/wp-json\/wp\/v2\/product_brand?post=1498"},{"taxonomy":"product_cat","embeddable":true,"href":"https:\/\/healthstore.mc\/index.php\/wp-json\/wp\/v2\/product_cat?post=1498"},{"taxonomy":"product_tag","embeddable":true,"href":"https:\/\/healthstore.mc\/index.php\/wp-json\/wp\/v2\/product_tag?post=1498"}],"curies":[{"name":"wp","href":"https:\/\/api.w.org\/{rel}","templated":true}]}}