{"id":1519,"date":"2020-11-25T18:39:23","date_gmt":"2020-11-25T17:39:23","guid":{"rendered":"http:\/\/34.65.96.88\/index.php\/product\/concentre-energetique-200ml\/"},"modified":"2024-09-21T16:39:01","modified_gmt":"2024-09-21T14:39:01","slug":"concentre-energetique-200ml","status":"publish","type":"product","link":"https:\/\/healthstore.mc\/index.php\/product\/concentre-energetique-200ml\/","title":{"rendered":"Concentre energetique 200ml"},"content":{"rendered":"<p>Ce traitement \u00e0 base de plantes s\u00e9lectionn\u00e9es pour leurs propri\u00e9t\u00e9s hautement r\u00e9g\u00e9n\u00e9rantes et stimulantes revitalise le cuir chevelu et aide \u00e0 combattre la chute des cheveux. Utilis\u00e9 en soin profond une \u00e0 deux fois par semaine \u00e0 la place du shampooing, il redonne force et vigueur aux chevelures en manque de vitalit\u00e9.<\/p>\n<p>Nous recommandons de m\u00e9langer le Concentr\u00e9 \u00e9nerg\u00e9tique avec l&rsquo;Huile de Germe de Bl\u00e9 (50\/50) et de bien se r\u00e9f\u00e9rer aux conseils d&rsquo;utilisation.<\/p>\n<p>S&rsquo;applique sur cuir chevelu sec, avec un temps de pose de 15 minutes pour une action renforc\u00e9e. Avant de rincer, ajouter un peu de produit en racine, puis \u00e9mulsionner progressivement avec de faibles quantit\u00e9s d&rsquo;eau. Finir par rincer abondamment jusqu&rsquo;\u00e0 ce que le cheveu crisse entre les doigts.<\/p>\n<p>Pour une efficacit\u00e9 optimale, m\u00e9langer avec l&rsquo;Huile de Germe de Bl\u00e9 (50\/50) et appliquer comme pr\u00e9c\u00e9demment.<\/p>\n<p>Formule bas\u00e9e sur celle de l&rsquo;Huile de Germe de Bl\u00e9, enrichie d&rsquo;extraits de plantes aux propri\u00e9t\u00e9s anti-chute :<br \/>\nAqua<br \/>\n*PEG-35 Castor Oil<br \/>\n*Wheat (Triticum sativum) Extract<br \/>\nPropylene Glycol<br \/>\n*Ovum<br \/>\n*Apium Graveolens (Celery) Extract<br \/>\n*Citrus Medica Limonum (Lemon) Peel Oil<br \/>\n*Myristamine Oxide<br \/>\n*Panax Ginseng Root<br \/>\n*Triticum Vulgare (Wheat) Germ Oil<br \/>\n*Algae<br \/>\n*Chamomilla Recutita<br \/>\n*Mimosa Tenuiflora Bark Extract<br \/>\n*Aesculus Hippocastanum<br \/>\n*Salvia Officinalis (Sage) Leaf<br \/>\n*Tocopherol<br \/>\n*Retinyl Palmitate<br \/>\n*Sunflower (Helianthus Annuus) seed oil<br \/>\n*Equisetum Arvense<br \/>\n*Aloe Barbadensis Leaf<br \/>\n*Pelargonium Graveolens (Geranium) Oil<br \/>\nMethylchloroisothiazolinone<br \/>\nMethylisothiazolinone<br \/>\nLimonene<\/p>\n<p>*Origin Natural<\/p>\n<p>Sans silicone, sans coaltar, sans paraben et sans sodium laureth sulfate.<\/p>\n<p>Facebook Twitter<\/p>\n","protected":false},"excerpt":{"rendered":"<p>Masque soin lavant, anti-\u00e2ge des cheveux d\u00e9vitalis\u00e9s. 200 ml<\/p>\n","protected":false},"featured_media":1557,"comment_status":"open","ping_status":"closed","template":"","meta":[],"product_brand":[],"product_cat":[37],"product_tag":[],"class_list":{"0":"post-1519","1":"product","2":"type-product","3":"status-publish","4":"has-post-thumbnail","6":"product_cat-leonor-greyl","7":"entry","9":"first","10":"outofstock","11":"taxable","12":"shipping-taxable","13":"purchasable","14":"product-type-simple"},"jetpack_sharing_enabled":true,"_links":{"self":[{"href":"https:\/\/healthstore.mc\/index.php\/wp-json\/wp\/v2\/product\/1519","targetHints":{"allow":["GET"]}}],"collection":[{"href":"https:\/\/healthstore.mc\/index.php\/wp-json\/wp\/v2\/product"}],"about":[{"href":"https:\/\/healthstore.mc\/index.php\/wp-json\/wp\/v2\/types\/product"}],"replies":[{"embeddable":true,"href":"https:\/\/healthstore.mc\/index.php\/wp-json\/wp\/v2\/comments?post=1519"}],"wp:featuredmedia":[{"embeddable":true,"href":"https:\/\/healthstore.mc\/index.php\/wp-json\/wp\/v2\/media\/1557"}],"wp:attachment":[{"href":"https:\/\/healthstore.mc\/index.php\/wp-json\/wp\/v2\/media?parent=1519"}],"wp:term":[{"taxonomy":"product_brand","embeddable":true,"href":"https:\/\/healthstore.mc\/index.php\/wp-json\/wp\/v2\/product_brand?post=1519"},{"taxonomy":"product_cat","embeddable":true,"href":"https:\/\/healthstore.mc\/index.php\/wp-json\/wp\/v2\/product_cat?post=1519"},{"taxonomy":"product_tag","embeddable":true,"href":"https:\/\/healthstore.mc\/index.php\/wp-json\/wp\/v2\/product_tag?post=1519"}],"curies":[{"name":"wp","href":"https:\/\/api.w.org\/{rel}","templated":true}]}}