{"id":1522,"date":"2020-11-25T18:39:24","date_gmt":"2020-11-25T17:39:24","guid":{"rendered":"http:\/\/34.65.96.88\/index.php\/product\/tonique-vivifiant-150ml\/"},"modified":"2024-09-21T16:39:33","modified_gmt":"2024-09-21T14:39:33","slug":"tonique-vivifiant-150ml","status":"publish","type":"product","link":"https:\/\/healthstore.mc\/index.php\/product\/tonique-vivifiant-150ml\/","title":{"rendered":"Tonique vivifiant 150ml"},"content":{"rendered":"<p>Ce tonique est id\u00e9al pour combattre la chute des cheveux au quotidien. Il facilite le coiffage matinal, donne du soutien et du nerf au cheveu, le fortifie et lui apporte les compl\u00e9ments indispensables \u00e0 sa vitalit\u00e9. Le cuir chevelu est revitalis\u00e9 et la repousse stimul\u00e9e.<\/p>\n<p>Pulv\u00e9riser quotidiennement sur le cuir chevelu. Masser pendant une minute puis coiffer. Ne pas rincer.<\/p>\n<p>Formul\u00e9 sur les m\u00eames bases que le Complexe \u00e9nergisant, ce produit moins concentr\u00e9 est destin\u00e9 \u00e0 un usage quotidien.<br \/>\nAqua<br \/>\n*Glycerin<br \/>\nUrea<br \/>\n*Enteromorpha Compressa Extract<br \/>\n*Sodium Benzoate<br \/>\n*Parfum\/Fragrance<br \/>\n*Sodium Levulinate<br \/>\n*Triethyl Citrate<br \/>\n*Glyceryl Caprylate<br \/>\n*Benzoic Acid<br \/>\n**Fagus Sylvatica Bud Extract<br \/>\n*Carboxyethyl Aminobutyric Acid<br \/>\n*Agave Tequilana Leaf Extract<br \/>\n*Citric Acid<br \/>\n*Glycosaminoglycans<br \/>\n*Mimosa Tenuiflora Bark Extract<br \/>\n*Hydrolyzed Soy Protein<br \/>\n*Aloe Barbadensis Leaf Extract<br \/>\n*Caesalpinia Spinosa Gum<br \/>\n*Potassium Sorbate<br \/>\n*Benzyl Alcohol<br \/>\n*Proline<br \/>\n*Riboflavin<br \/>\n*Hibiscus Sabdariffa Flower Extract<br \/>\nPhenoxyethanol<br \/>\n*Acacia Seyal Gum Extract<br \/>\n*Hexyl Cinnamal<br \/>\n*Benzyl Salicylate<br \/>\n*Hydrolyzed Yeast Protein<br \/>\n*Limonene<\/p>\n<p>*Origin Natural<br \/>\n**Certified BIO <\/p>\n<p>Sans silicone, sans coaltar, sans paraben et sans sodium laureth sulfate.<\/p>\n","protected":false},"excerpt":{"rendered":"<p>Brume sans rin\u00e7age pour la vitalit\u00e9 du cheveu. 150 ml<\/p>\n","protected":false},"featured_media":1767,"comment_status":"open","ping_status":"closed","template":"","meta":[],"product_brand":[],"product_cat":[37],"product_tag":[],"class_list":{"0":"post-1522","1":"product","2":"type-product","3":"status-publish","4":"has-post-thumbnail","6":"product_cat-leonor-greyl","7":"entry","9":"first","10":"instock","11":"taxable","12":"shipping-taxable","13":"purchasable","14":"product-type-simple"},"jetpack_sharing_enabled":true,"_links":{"self":[{"href":"https:\/\/healthstore.mc\/index.php\/wp-json\/wp\/v2\/product\/1522","targetHints":{"allow":["GET"]}}],"collection":[{"href":"https:\/\/healthstore.mc\/index.php\/wp-json\/wp\/v2\/product"}],"about":[{"href":"https:\/\/healthstore.mc\/index.php\/wp-json\/wp\/v2\/types\/product"}],"replies":[{"embeddable":true,"href":"https:\/\/healthstore.mc\/index.php\/wp-json\/wp\/v2\/comments?post=1522"}],"wp:featuredmedia":[{"embeddable":true,"href":"https:\/\/healthstore.mc\/index.php\/wp-json\/wp\/v2\/media\/1767"}],"wp:attachment":[{"href":"https:\/\/healthstore.mc\/index.php\/wp-json\/wp\/v2\/media?parent=1522"}],"wp:term":[{"taxonomy":"product_brand","embeddable":true,"href":"https:\/\/healthstore.mc\/index.php\/wp-json\/wp\/v2\/product_brand?post=1522"},{"taxonomy":"product_cat","embeddable":true,"href":"https:\/\/healthstore.mc\/index.php\/wp-json\/wp\/v2\/product_cat?post=1522"},{"taxonomy":"product_tag","embeddable":true,"href":"https:\/\/healthstore.mc\/index.php\/wp-json\/wp\/v2\/product_tag?post=1522"}],"curies":[{"name":"wp","href":"https:\/\/api.w.org\/{rel}","templated":true}]}}