{"id":2141,"date":"2021-01-14T15:36:50","date_gmt":"2021-01-14T14:36:50","guid":{"rendered":"http:\/\/healthstore.mc\/?post_type=product&#038;p=2141"},"modified":"2024-09-21T16:30:38","modified_gmt":"2024-09-21T14:30:38","slug":"actibron","status":"publish","type":"product","link":"https:\/\/healthstore.mc\/index.php\/product\/actibron\/","title":{"rendered":"Actibron \u00ae"},"content":{"rendered":"<p>Les Laboratoires\u00a0<strong>NHCO Nutrition\u00ae<\/strong>\u00a0ont d\u00e9velopp\u00e9\u00a0<strong>Actibron\u00ae\u00a0<\/strong>afin de soutenir les voies respiratoires, en particulier la gorge, les bronches et les poumons, durant les p\u00e9riodes de fragilit\u00e9.<\/p>\n<p><strong>Actibron\u00ae<\/strong>\u00a0rassemble des huiles essentielles de qualit\u00e9, notamment celle d\u2019eucalyptus globuleux contribuant au bon fonctionnement des bronches et des poumons. La formule est compl\u00e9t\u00e9e par un extrait de thym apaisant les voies respiratoires et facilitant la respiration, associ\u00e9 \u00e0 un extrait d\u2019origan favorisant la r\u00e9sistance de l\u2019organisme et de la N-Ac\u00e9tyl-Cyst\u00e9ine. Enfin,\u00a0<strong>Actibron\u00ae\u00a0<\/strong>contient des vitamines C et D contribuant au maintien du bon fonctionnement du syst\u00e8me immunitaire.<\/p>\n<table border=\"0\" width=\"100%\" cellspacing=\"0\" cellpadding=\"10\">\n<tbody>\n<tr>\n<td bgcolor=\"#65a9ac\" width=\"60%\"><strong>Conseils d\u2019utilisation<\/strong><\/td>\n<td bgcolor=\"#65a9ac\" width=\"20%\">Matin<\/td>\n<td bgcolor=\"#65a9ac\" width=\"20%\">Apr\u00e8s-midi<\/td>\n<\/tr>\n<tr>\n<td bgcolor=\"#ffffff\" width=\"60%\">Pendant un repas ou une collation<\/td>\n<td bgcolor=\"#ffffff\" width=\"20%\"><strong>2 g\u00e9lules<\/strong><\/td>\n<td bgcolor=\"#ffffff\" width=\"20%\"><strong>2 g\u00e9lules<\/strong><\/td>\n<\/tr>\n<\/tbody>\n<\/table>\n<table border=\"0\" width=\"100%\" cellspacing=\"0\" cellpadding=\"10\">\n<tbody>\n<tr>\n<td bgcolor=\"#498D95\">Programme de 7 jours<\/td>\n<\/tr>\n<\/tbody>\n<\/table>\n<h5>Ce produit convient aux v\u00e9g\u00e9tariens et aux v\u00e9g\u00e9taliens.<\/h5>\n<h5>Ce compl\u00e9ment alimentaire n\u2019est pas un m\u00e9dicament. Il est recommand\u00e9 de respecter les doses journali\u00e8res indiqu\u00e9es, de le consommer dans le cadre d\u2019une alimentation vari\u00e9e et \u00e9quilibr\u00e9e et d\u2019un mode de vie sain, de le tenir hors de port\u00e9e des jeunes enfants.<br \/>\n<strong>R\u00e9serv\u00e9 \u00e0 l\u2019adulte, except\u00e9 la femme enceinte ou allaitante.<\/strong><\/h5>\n<h5>En raison de la pr\u00e9sence d\u2019huiles essentielles, il est recommand\u00e9 de demander conseil \u00e0 un professionnel de sant\u00e9, en particulier les personnes sous contr\u00f4le m\u00e9dical.<br \/>\nD\u00e9conseill\u00e9 aux personnes sous traitement anticoagulant (curcuma).<\/h5>\n<h5>\u00c0 consommer de pr\u00e9f\u00e9rence avant la date indiqu\u00e9e sous l\u2019\u00e9tui.<br \/>\n\u00c0 conserver \u00e0 l\u2019abri de la lumi\u00e8re, dans un endroit sec et frais.<\/h5>\n<p><strong>Compl\u00e9ment alimentaire<\/strong><br \/>\n<strong>Ingr\u00e9dients\u00a0 :\u00a0<\/strong>agents de charge : phosphates dicalcique et tricalcique, extrait de feuille de thym commun (<em>Thymus vulgaris<\/em>), concentr\u00e9 de baie d\u2019ac\u00e9rola (<em>Malpighia glabra<\/em>) standardis\u00e9 en vitamine C naturelle, L-Glutamine, extrait de feuille d\u2019origan commun (<em>Origanum vulgare<\/em>), N-Ac\u00e9tyl-Cyst\u00e9ine, huile essentielle de feuille d\u2019eucalyptus globuleux (<em>Eucalyptus globulus<\/em>), huile essentielle d\u2019aiguille de pin sylvestre (<em>Pinus sylvestris<\/em>), extrait de rhizome de curcuma (<em>Curcuma longa<\/em>), anti-agglom\u00e9rant : st\u00e9arate de Magn\u00e9sium v\u00e9g\u00e9tal, vitamine D3 (chol\u00e9calcif\u00e9rol). G\u00e9lule : hydroxypropylm\u00e9thylcellulose, colorant : complexes cuivriques de chlorophyllines.<\/p>\n<p>&nbsp;<\/p>\n<table border=\"0\" width=\"100%\" cellspacing=\"0\" cellpadding=\"10\">\n<tbody>\n<tr>\n<td bgcolor=\"#666666\"><strong>Composition pour 4 g\u00e9lules\/jour (1148,5 mg)<\/strong><\/td>\n<\/tr>\n<\/tbody>\n<\/table>\n<table border=\"0\" width=\"100%\" cellspacing=\"0\" cellpadding=\"10\">\n<tbody>\n<tr>\n<td align=\"left\" bgcolor=\"#a2a2a2\" width=\"50\">Ingr\u00e9dients<\/td>\n<td align=\"right\" bgcolor=\"#a2a2a2\" width=\"20%\">Dosage<\/td>\n<\/tr>\n<\/tbody>\n<\/table>\n<table border=\"0\" width=\"100%\" cellspacing=\"0\" cellpadding=\"10\">\n<tbody>\n<tr>\n<td align=\"left\" bgcolor=\"#cccccc\"><strong>Syntobron<\/strong><\/td>\n<td align=\"right\" bgcolor=\"#cccccc\"><strong>346 mg<\/strong><\/td>\n<\/tr>\n<tr>\n<td bgcolor=\"#eeeeee\">N-Ac\u00e9tyl-Cyst\u00e9ine<\/p>\n<p>Huile essentielle d\u2019eucalyptus globuleux<\/p>\n<p>Huile essentielle de pin sylvestre<\/p>\n<p>Extrait de curcuma<\/td>\n<td align=\"right\" bgcolor=\"#eeeeee\">150 mg<\/p>\n<p>96 mg<\/p>\n<p>50 mg<\/p>\n<p>50 mg<\/td>\n<\/tr>\n<\/tbody>\n<\/table>\n<table border=\"0\" width=\"100%\" cellspacing=\"0\" cellpadding=\"10\">\n<tbody>\n<tr>\n<td align=\"left\" bgcolor=\"#cccccc\"><strong>Septibron<\/strong><\/td>\n<td align=\"right\" bgcolor=\"#cccccc\"><strong>562,5 mg<\/strong><\/td>\n<\/tr>\n<tr>\n<td bgcolor=\"#eeeeee\">Extrait de thym<\/p>\n<p>Extrait d\u2019origan<\/td>\n<td align=\"right\" bgcolor=\"#eeeeee\">400 mg<\/p>\n<p>162,5 mg<\/td>\n<\/tr>\n<tr>\n<td align=\"left\" bgcolor=\"#cccccc\"><strong>Immunorme<\/strong><\/td>\n<td align=\"right\" bgcolor=\"#cccccc\"><strong>240 mg<\/strong><\/td>\n<\/tr>\n<tr>\n<td bgcolor=\"#eeeeee\">L-Glutamine<\/p>\n<p>Vitamine C naturelle issue d\u2019ac\u00e9rola 282 mg (50% VNR*)<\/p>\n<p>Vitamine D (50% VNR*)<\/td>\n<td align=\"right\" bgcolor=\"#eeeeee\">200 mg<\/p>\n<p>40 mg<\/p>\n<p>2,5 \u03bcg<\/td>\n<\/tr>\n<\/tbody>\n<\/table>\n<h5>* Valeurs Nutritionnelles de R\u00e9f\u00e9rence.<\/h5>\n<p>Poids net : 15 g \u2013 Code ACL : 6258482<\/p>\n","protected":false},"excerpt":{"rendered":"<h2><strong>ACTIBRON\u00ae<\/strong><\/h2>\n<h3>Gorge \u2013 Bronches \u2013 Poumons<\/h3>\n<ul>\n<li><strong>Huile essentielle d\u2019eucalyptus globuleux contribuant au bon fonctionnement des bronches et des poumons, soulageant les voies respiratoires.<\/strong><\/li>\n<li><strong>Vitamines C et D participant au fonctionnement normal du syst\u00e8me immunitaire.<br \/>\n<\/strong><\/li>\n<\/ul>\n<p>&nbsp;<\/p>\n<p><strong>28 g\u00e9lules GreenCaps \u2013 7 jours<\/strong><\/p>\n","protected":false},"featured_media":2142,"comment_status":"open","ping_status":"closed","template":"","meta":[],"product_brand":[],"product_cat":[23],"product_tag":[],"class_list":{"0":"post-2141","1":"product","2":"type-product","3":"status-publish","4":"has-post-thumbnail","6":"product_cat-23","7":"entry","9":"first","10":"instock","11":"taxable","12":"shipping-taxable","13":"purchasable","14":"product-type-simple"},"jetpack_sharing_enabled":true,"_links":{"self":[{"href":"https:\/\/healthstore.mc\/index.php\/wp-json\/wp\/v2\/product\/2141","targetHints":{"allow":["GET"]}}],"collection":[{"href":"https:\/\/healthstore.mc\/index.php\/wp-json\/wp\/v2\/product"}],"about":[{"href":"https:\/\/healthstore.mc\/index.php\/wp-json\/wp\/v2\/types\/product"}],"replies":[{"embeddable":true,"href":"https:\/\/healthstore.mc\/index.php\/wp-json\/wp\/v2\/comments?post=2141"}],"wp:featuredmedia":[{"embeddable":true,"href":"https:\/\/healthstore.mc\/index.php\/wp-json\/wp\/v2\/media\/2142"}],"wp:attachment":[{"href":"https:\/\/healthstore.mc\/index.php\/wp-json\/wp\/v2\/media?parent=2141"}],"wp:term":[{"taxonomy":"product_brand","embeddable":true,"href":"https:\/\/healthstore.mc\/index.php\/wp-json\/wp\/v2\/product_brand?post=2141"},{"taxonomy":"product_cat","embeddable":true,"href":"https:\/\/healthstore.mc\/index.php\/wp-json\/wp\/v2\/product_cat?post=2141"},{"taxonomy":"product_tag","embeddable":true,"href":"https:\/\/healthstore.mc\/index.php\/wp-json\/wp\/v2\/product_tag?post=2141"}],"curies":[{"name":"wp","href":"https:\/\/api.w.org\/{rel}","templated":true}]}}