{"id":2163,"date":"2021-01-14T18:30:12","date_gmt":"2021-01-14T17:30:12","guid":{"rendered":"http:\/\/healthstore.mc\/?post_type=product&#038;p=2163"},"modified":"2024-09-21T16:41:19","modified_gmt":"2024-09-21T14:41:19","slug":"immudia-0-12-mois","status":"publish","type":"product","link":"https:\/\/healthstore.mc\/index.php\/product\/immudia-0-12-mois\/","title":{"rendered":"Immudia\u00ae 0-12 mois"},"content":{"rendered":"<p>Contrairement \u00e0 celui des adultes, le syst\u00e8me immunitaire des nourrissons n\u2019est pas encore mature, ce qui les rend plus fragiles. Pr\u00e9server et renforcer leurs d\u00e9fenses immunitaires est l\u2019un des moyens pour mieux faire face aux agressions ext\u00e9rieures.<\/p>\n<p>Les Laboratoires\u00a0<strong>NHCO Nutrition<\/strong>\u00ae ont d\u00e9velopp\u00e9\u00a0<strong>IMMUDIA<\/strong>\u00ae 0-12 mois, adapt\u00e9 au nourrisson.<br \/>\nSa formule contient 3 souches microbiotiques et de la vitamine D qui contribue au maintien du bon fonctionnement immunitaire des enfants.<\/p>\n<table border=\"0\" width=\"100%\" cellspacing=\"0\" cellpadding=\"10\">\n<tbody>\n<tr>\n<td bgcolor=\"#c6afcd\" width=\"60%\"><strong>Conseils d\u2019utilisation<\/strong><\/td>\n<td bgcolor=\"#f1e8ee\" width=\"20%\">Chaque jour<\/td>\n<\/tr>\n<tr>\n<td bgcolor=\"#c6afcd\" width=\"60%\">En 1 ou 2 prises par jour<\/td>\n<td bgcolor=\"#f1e8ee\" width=\"20%\"><strong>18 gouttes<\/strong><\/td>\n<\/tr>\n<\/tbody>\n<\/table>\n<table border=\"0\" width=\"100%\" cellspacing=\"0\" cellpadding=\"10\">\n<tbody>\n<tr>\n<td bgcolor=\"#cccccc\">Programme de 4 semaines. Renouvelable.<\/td>\n<\/tr>\n<\/tbody>\n<\/table>\n<h5>Bien agiter le flacon avant utilisation, afin d\u2019homog\u00e9n\u00e9iser la poudre en suspension. A donner en une ou deux prises par jour, directement dans la bouche du nourrisson gr\u00e2ce au compte-gouttes, ou \u00e0 l\u2019aide d\u2019une petite cuill\u00e8re de taille adapt\u00e9e. Le produit peut \u00e9galement \u00eatre m\u00e9lang\u00e9 \u00e0 une compote ou \u00e0 un biberon de lait ti\u00e8de ou froid.<strong><br \/>\nNe pas chauffer la pr\u00e9paration.<\/strong><\/h5>\n<h5><strong>Ce compl\u00e9ment alimentaire n\u2019est pas un m\u00e9dicament. Il est recommand\u00e9 de respecter la dose journali\u00e8re indiqu\u00e9e, de le consommer dans le cadre d\u2019une alimentation vari\u00e9e et \u00e9quilibr\u00e9e et d\u2019un mode de vie sain et de le tenir hors de port\u00e9e des jeunes enfants. Une consommation avec un encadrement par un professionnel de sant\u00e9 est pr\u00e9conis\u00e9e pour tout compl\u00e9ment alimentaire destin\u00e9 aux enfants de moins de 3 ans.<\/strong><\/h5>\n<h5>\u00c0 consommer de pr\u00e9f\u00e9rence avant la date indiqu\u00e9e sous l\u2019\u00e9tui. Bien refermer apr\u00e8s ouverture, conserver dans un endroit sec et frais, \u00e0 l\u2019abri de la lumi\u00e8re, et \u00e0 consommer dans les 2 mois apr\u00e8s l\u2019ouverture. Il n\u2019est pas n\u00e9cessaire de conserver le flacon au r\u00e9frig\u00e9rateur.<\/h5>\n<p><strong>Compl\u00e9ment alimentaire<\/strong><br \/>\n<strong>I<\/strong><strong>ngr\u00e9dients :\u00a0<\/strong>Huile de tournesol, souches de\u00a0<em>Bifidobacterium breve\u00a0<\/em>M-16V (support : amidon), souches de\u00a0<em>Lactobacillus rhamnosus\u00a0<\/em>GG ATCC 53103 (support : maltodextrine), souches de\u00a0<em>Lactobacillus fermentum\u00a0<\/em>LC40\u00ae CECT5716 (supports : maltodextrine, saccharose, sel), vitamine D3 (chol\u00e9calcif\u00e9rol).<\/p>\n<table border=\"0\" width=\"100%\" cellspacing=\"0\" cellpadding=\"10\">\n<tbody>\n<tr>\n<td bgcolor=\"#666666\"><strong>Composition pour 18 gouttes\/jour<\/strong><\/td>\n<\/tr>\n<\/tbody>\n<\/table>\n<table border=\"0\" width=\"100%\" cellspacing=\"0\" cellpadding=\"10\">\n<tbody>\n<tr>\n<td align=\"left\" bgcolor=\"#a2a2a2\" width=\"50\">Ingr\u00e9dients<\/td>\n<td align=\"right\" bgcolor=\"#a2a2a2\" width=\"20%\">Dosage<\/td>\n<\/tr>\n<\/tbody>\n<\/table>\n<table border=\"0\" width=\"100%\" cellspacing=\"0\" cellpadding=\"10\">\n<tbody>\n<tr>\n<td align=\"left\" bgcolor=\"#cccccc\"><strong>M\u00e9lange de souches microbiotiques<\/strong><\/td>\n<td align=\"right\" bgcolor=\"#cccccc\"><\/td>\n<\/tr>\n<\/tbody>\n<\/table>\n<table border=\"0\" width=\"100%\" cellspacing=\"0\" cellpadding=\"10\">\n<tbody>\n<tr>\n<td bgcolor=\"#f1efee\"><em>Lactobacillus fermentum<\/em>\u00a0LC40\u00ae issue du lait maternel<br \/>\n<em>Lactobacillus rhamnosus<\/em>\u00a0GG<br \/>\n<em>Bifidobacterium breve<\/em>\u00a0M-16V<\/td>\n<td bgcolor=\"#f1efee\">200 millions d\u2019UFC*<br \/>\n1 milliard d\u2019UFC*<br \/>\n1 milliard d\u2019UFC*<\/td>\n<\/tr>\n<\/tbody>\n<\/table>\n<table border=\"0\" width=\"100%\" cellspacing=\"0\" cellpadding=\"10\">\n<tbody>\n<tr>\n<td align=\"left\" bgcolor=\"#cccccc\"><strong>Vitamine D3 naturelle<\/strong><\/td>\n<td align=\"right\" bgcolor=\"#cccccc\"><strong>0,75 \u03bcg\u00a0 (15% VNR**)<\/strong><\/td>\n<\/tr>\n<\/tbody>\n<\/table>\n<h5>* Unit\u00e9 Formant Colonie.<\/h5>\n<h5>** Valeurs Nutritionnelles de R\u00e9f\u00e9rence.<\/h5>\n<p>Poids net : 23 ml \u2013 Code ACL : 6256991<\/p>\n","protected":false},"excerpt":{"rendered":"<table border=\"0\" cellspacing=\"0\" cellpadding=\"0\">\n<tbody>\n<tr>\n<td valign=\"top\">\n<h1><strong>Immudia<sup>\u00ae\u00a0<\/sup>0-12 mois<\/strong><\/h1>\n<\/td>\n<\/tr>\n<tr>\n<td valign=\"top\" height=\"50\">\n<h3>Immunit\u00e9 des nourrissons<\/h3>\n<\/td>\n<\/tr>\n<\/tbody>\n<\/table>\n<p><strong><img loading=\"lazy\" decoding=\"async\" class=\"alignnone wp-image-18559\" src=\"https:\/\/nhco-nutrition.com\/france\/wp-content\/uploads\/2020\/10\/icone-mauve.png\" alt=\"\" width=\"18\" height=\"10\" \/><\/strong>3 souches microbiotiques adapt\u00e9es au nourrisson<\/p>\n<p><strong><img loading=\"lazy\" decoding=\"async\" class=\"alignnone size-full wp-image-18559\" src=\"https:\/\/nhco-nutrition.com\/france\/wp-content\/uploads\/2020\/10\/icone-mauve.png\" alt=\"\" width=\"18\" height=\"10\" \/><\/strong>Vitamine D pour le bon fonctionnement du syst\u00e8me immunitaire des enfants<\/p>\n<p><strong><img loading=\"lazy\" decoding=\"async\" class=\" wp-image-19400 aligncenter\" src=\"https:\/\/nhco-nutrition.com\/france\/wp-content\/uploads\/2020\/10\/picto-0-12-mois-150x150.png\" sizes=\"auto, (max-width: 121px) 100vw, 121px\" srcset=\"https:\/\/nhco-nutrition.com\/france\/wp-content\/uploads\/2020\/10\/picto-0-12-mois-150x150.png 150w, https:\/\/nhco-nutrition.com\/france\/wp-content\/uploads\/2020\/10\/picto-0-12-mois-300x300.png 300w, https:\/\/nhco-nutrition.com\/france\/wp-content\/uploads\/2020\/10\/picto-0-12-mois-80x80.png 80w, https:\/\/nhco-nutrition.com\/france\/wp-content\/uploads\/2020\/10\/picto-0-12-mois-500x500.png 500w, https:\/\/nhco-nutrition.com\/france\/wp-content\/uploads\/2020\/10\/picto-0-12-mois.png 591w\" alt=\"\" width=\"121\" height=\"121\" \/><img loading=\"lazy\" decoding=\"async\" class=\"wp-image-19524 size-full aligncenter\" src=\"https:\/\/nhco-nutrition.com\/france\/wp-content\/uploads\/2020\/10\/1.png53-e1604328690505.png\" alt=\"\" width=\"150\" height=\"66\" \/>\u00a0<\/strong><\/p>\n<p><strong>Flacon 23 ml \u2013 28 jours<\/strong><\/p>\n","protected":false},"featured_media":2164,"comment_status":"open","ping_status":"closed","template":"","meta":[],"product_brand":[],"product_cat":[23],"product_tag":[],"class_list":{"0":"post-2163","1":"product","2":"type-product","3":"status-publish","4":"has-post-thumbnail","6":"product_cat-23","7":"entry","9":"first","10":"instock","11":"taxable","12":"shipping-taxable","13":"purchasable","14":"product-type-simple"},"jetpack_sharing_enabled":true,"_links":{"self":[{"href":"https:\/\/healthstore.mc\/index.php\/wp-json\/wp\/v2\/product\/2163","targetHints":{"allow":["GET"]}}],"collection":[{"href":"https:\/\/healthstore.mc\/index.php\/wp-json\/wp\/v2\/product"}],"about":[{"href":"https:\/\/healthstore.mc\/index.php\/wp-json\/wp\/v2\/types\/product"}],"replies":[{"embeddable":true,"href":"https:\/\/healthstore.mc\/index.php\/wp-json\/wp\/v2\/comments?post=2163"}],"wp:featuredmedia":[{"embeddable":true,"href":"https:\/\/healthstore.mc\/index.php\/wp-json\/wp\/v2\/media\/2164"}],"wp:attachment":[{"href":"https:\/\/healthstore.mc\/index.php\/wp-json\/wp\/v2\/media?parent=2163"}],"wp:term":[{"taxonomy":"product_brand","embeddable":true,"href":"https:\/\/healthstore.mc\/index.php\/wp-json\/wp\/v2\/product_brand?post=2163"},{"taxonomy":"product_cat","embeddable":true,"href":"https:\/\/healthstore.mc\/index.php\/wp-json\/wp\/v2\/product_cat?post=2163"},{"taxonomy":"product_tag","embeddable":true,"href":"https:\/\/healthstore.mc\/index.php\/wp-json\/wp\/v2\/product_tag?post=2163"}],"curies":[{"name":"wp","href":"https:\/\/api.w.org\/{rel}","templated":true}]}}