{"id":2165,"date":"2021-01-14T18:34:07","date_gmt":"2021-01-14T17:34:07","guid":{"rendered":"http:\/\/healthstore.mc\/?post_type=product&#038;p=2165"},"modified":"2024-09-21T16:33:43","modified_gmt":"2024-09-21T14:33:43","slug":"immudia-1-3-ans","status":"publish","type":"product","link":"https:\/\/healthstore.mc\/index.php\/product\/immudia-1-3-ans\/","title":{"rendered":"Immudia\u00ae 1-3 ans"},"content":{"rendered":"<p>Contrairement \u00e0 celui des adultes, le syst\u00e8me immunitaire des enfants en bas \u00e2ge n\u2019est pas encore mature, ce qui les rend plus fragiles. Pr\u00e9server et renforcer leurs d\u00e9fenses immunitaires est l\u2019un des moyens pour mieux faire face aux agressions ext\u00e9rieures.<\/p>\n<p>Les Laboratoires\u00a0<strong>NHCO Nutrition<\/strong>\u00ae ont d\u00e9velopp\u00e9\u00a0<strong>IMMUDIA<\/strong>\u00ae 1-3 ans, adapt\u00e9 aux enfants en bas \u00e2ge. Sa formule contient 3 souches microbiotiques et de la vitamine D qui contribue au maintien du bon fonctionnement immunitaire des enfants. Elle contient \u00e9galement du 2\u2032-fucosyllactose, un oligosaccharide naturellement pr\u00e9sent dans le lait maternel.<\/p>\n<table border=\"0\" width=\"100%\" cellspacing=\"0\" cellpadding=\"10\">\n<tbody>\n<tr>\n<td bgcolor=\"#b3bb3f\" width=\"60%\"><strong>Conseils d\u2019utilisation<\/strong><\/td>\n<td bgcolor=\"#f0f8d6\" width=\"20%\">Chaque jour<\/td>\n<\/tr>\n<tr>\n<td bgcolor=\"#b3bb3f\" width=\"60%\">A dissoudre<\/td>\n<td bgcolor=\"#f0f8d6\" width=\"20%\"><strong>1 stick<\/strong><\/td>\n<\/tr>\n<\/tbody>\n<\/table>\n<table border=\"0\" width=\"100%\" cellspacing=\"0\" cellpadding=\"10\">\n<tbody>\n<tr>\n<td bgcolor=\"#cccccc\">Programme de 4 semaines. Renouvelable.<\/td>\n<\/tr>\n<\/tbody>\n<\/table>\n<h5>Dissoudre le contenu du stick dans une petite quantit\u00e9 d\u2019eau ou dans un biberon ti\u00e8de ou froid, ou m\u00e9langer dans une compote.<br \/>\n<strong>Ne pas chauffer la pr\u00e9paration.<\/strong><\/h5>\n<h5>Ce compl\u00e9ment alimentaire n\u2019est pas un m\u00e9dicament. Il est recommand\u00e9 de respecter la dose journali\u00e8re indiqu\u00e9e, de le consommer dans le cadre d\u2019une alimentation vari\u00e9e et \u00e9quilibr\u00e9e et d\u2019un mode de vie sain et de le tenir hors de port\u00e9e des jeunes enfants. Une consommation avec un encadrement par un professionnel de sant\u00e9 est pr\u00e9conis\u00e9e pour tout compl\u00e9ment alimentaire destin\u00e9 aux enfants de moins de 3 ans. Ce compl\u00e9ment alimentaire est d\u00e9conseill\u00e9 si du lait maternel ou d\u2019autres denr\u00e9es alimentaires avec adjonction de 2\u2032-fucosyllactose sont consomm\u00e9s le m\u00eame jour. Ce compl\u00e9ment alimentaire est d\u00e9conseill\u00e9 pour les enfants de moins de 1 an.<\/h5>\n<h5>\u00c0 consommer de pr\u00e9f\u00e9rence avant la date indiqu\u00e9e sous l\u2019\u00e9tui. Conserver dans un endroit sec et frais.<\/h5>\n<p><strong>Compl\u00e9ment alimentaire<\/strong><br \/>\n<strong>I<\/strong><strong>ngr\u00e9dients :\u00a0<\/strong>Maltodextrine, 2\u2032-fucosyllactose (contient :\u00a0<strong>lactose<\/strong>), souches de\u00a0<em>Lactobacillus plantarum\u00a0<\/em>HEAL9, de\u00a0<em>Lactobacillus paracasei\u00a0<\/em>8700:2 et de\u00a0<em>Lactobacillus rhamnosus\u00a0<\/em>CRL1505 (support : amidon), vitamine D3 (chol\u00e9calcif\u00e9rol).<\/p>\n<table border=\"0\" width=\"100%\" cellspacing=\"0\" cellpadding=\"10\">\n<tbody>\n<tr>\n<td bgcolor=\"#666666\"><strong>Composition pour\u00a01 stick\/jour<\/strong><\/td>\n<\/tr>\n<\/tbody>\n<\/table>\n<table border=\"0\" width=\"100%\" cellspacing=\"0\" cellpadding=\"10\">\n<tbody>\n<tr>\n<td align=\"left\" bgcolor=\"#a2a2a2\" width=\"50\">Ingr\u00e9dients<\/td>\n<td align=\"right\" bgcolor=\"#a2a2a2\" width=\"20%\">Dosage<\/td>\n<\/tr>\n<\/tbody>\n<\/table>\n<table border=\"0\" width=\"100%\" cellspacing=\"0\" cellpadding=\"10\">\n<tbody>\n<tr>\n<td align=\"left\" bgcolor=\"#cccccc\"><strong>M\u00e9lange de souches microbiotiques<\/strong><\/td>\n<td align=\"right\" bgcolor=\"#cccccc\"><\/td>\n<\/tr>\n<\/tbody>\n<\/table>\n<table border=\"0\" width=\"100%\" cellspacing=\"0\" cellpadding=\"10\" bgcolor=\"#f1efee\">\n<tbody>\n<tr>\n<td><em>Lactobacillus plantarum\u00a0<\/em>HEAL9<br \/>\n<em>Lactobacillus paracasei\u00a0<\/em>8700:2<br \/>\n<em>Lactobacillus rhamnosus\u00a0<\/em>CRL1505<\/td>\n<td>500 millions d\u2019UFC*<br \/>\n500 millions d\u2019UFC*<br \/>\n100 millions d\u2019UFC*<\/td>\n<\/tr>\n<\/tbody>\n<\/table>\n<table border=\"0\" width=\"100%\" cellspacing=\"0\" cellpadding=\"10\">\n<tbody>\n<tr>\n<td align=\"left\" bgcolor=\"#cccccc\"><strong>2\u2032-fucosyllactose (oligosaccharides de lait maternel)<\/strong><\/td>\n<td align=\"right\" bgcolor=\"#cccccc\">200 mg<\/td>\n<\/tr>\n<\/tbody>\n<\/table>\n<table border=\"0\" width=\"100%\" cellspacing=\"0\" cellpadding=\"10\">\n<tbody>\n<tr>\n<td align=\"left\" bgcolor=\"#cccccc\"><strong>Vitamine D3<\/strong><\/td>\n<td align=\"right\" bgcolor=\"#cccccc\">0,75 \u03bcg (15% VNR**)<\/td>\n<\/tr>\n<\/tbody>\n<\/table>\n<h5>* Unit\u00e9 Formant Colonie.<\/h5>\n<h5>** Valeurs Nutritionnelles de R\u00e9f\u00e9rence.<\/h5>\n<p>Poids net : 28 g \u2013 Code ACL : 6256992<\/p>\n","protected":false},"excerpt":{"rendered":"<table border=\"0\" cellspacing=\"0\" cellpadding=\"0\">\n<tbody>\n<tr>\n<td valign=\"top\">\n<h1><strong>Immudia\u00ae 1-3 ans<\/strong><\/h1>\n<\/td>\n<\/tr>\n<tr>\n<td valign=\"top\" height=\"50\">\n<h3>Immunit\u00e9 des enfants en bas \u00e2ge<\/h3>\n<\/td>\n<\/tr>\n<\/tbody>\n<\/table>\n<p><strong><img loading=\"lazy\" decoding=\"async\" class=\"wp-image-19431 alginnone\" src=\"https:\/\/nhco-nutrition.com\/france\/wp-content\/uploads\/2020\/10\/icone-vert.png\" alt=\"\" width=\"18\" height=\"10\" \/><\/strong>Combinaison de 3 souches microbiotiques adapt\u00e9es aux enfants en bas \u00e2ge<br \/>\n<strong><img loading=\"lazy\" decoding=\"async\" class=\"alignnone wp-image-18559\" src=\"https:\/\/nhco-nutrition.com\/france\/wp-content\/uploads\/2020\/10\/icone-vert.png\" alt=\"\" width=\"18\" height=\"10\" \/><\/strong>Oligosaccharides de lait maternel<br \/>\n<strong><img loading=\"lazy\" decoding=\"async\" class=\"alignnone wp-image-18559\" src=\"https:\/\/nhco-nutrition.com\/france\/wp-content\/uploads\/2020\/10\/icone-vert.png\" alt=\"\" width=\"18\" height=\"10\" \/><\/strong>Vitamine D contribuant au maintien du bon fonctionnement immunitaire des enfants<\/p>\n<p><strong><img loading=\"lazy\" decoding=\"async\" class=\"aligncenter wp-image-19399 size-thumbnail\" src=\"https:\/\/nhco-nutrition.com\/france\/wp-content\/uploads\/2020\/10\/picto-1-3-ans-150x150.png\" sizes=\"auto, (max-width: 150px) 100vw, 150px\" srcset=\"https:\/\/nhco-nutrition.com\/france\/wp-content\/uploads\/2020\/10\/picto-1-3-ans-150x150.png 150w, https:\/\/nhco-nutrition.com\/france\/wp-content\/uploads\/2020\/10\/picto-1-3-ans-300x300.png 300w, https:\/\/nhco-nutrition.com\/france\/wp-content\/uploads\/2020\/10\/picto-1-3-ans-80x80.png 80w, https:\/\/nhco-nutrition.com\/france\/wp-content\/uploads\/2020\/10\/picto-1-3-ans-500x500.png 500w, https:\/\/nhco-nutrition.com\/france\/wp-content\/uploads\/2020\/10\/picto-1-3-ans.png 591w\" alt=\"\" width=\"150\" height=\"150\" \/><img loading=\"lazy\" decoding=\"async\" class=\"wp-image-19525 size-full aligncenter\" src=\"https:\/\/nhco-nutrition.com\/france\/wp-content\/uploads\/2020\/10\/2.png72-e1604328744125.png\" alt=\"\" width=\"92\" height=\"150\" \/><\/strong><\/p>\n<p><strong>28 sticks \u2013 28 jours<\/strong><\/p>\n","protected":false},"featured_media":2166,"comment_status":"open","ping_status":"closed","template":"","meta":[],"product_brand":[],"product_cat":[23],"product_tag":[],"class_list":{"0":"post-2165","1":"product","2":"type-product","3":"status-publish","4":"has-post-thumbnail","6":"product_cat-23","7":"entry","9":"first","10":"instock","11":"taxable","12":"shipping-taxable","13":"purchasable","14":"product-type-simple"},"jetpack_sharing_enabled":true,"_links":{"self":[{"href":"https:\/\/healthstore.mc\/index.php\/wp-json\/wp\/v2\/product\/2165","targetHints":{"allow":["GET"]}}],"collection":[{"href":"https:\/\/healthstore.mc\/index.php\/wp-json\/wp\/v2\/product"}],"about":[{"href":"https:\/\/healthstore.mc\/index.php\/wp-json\/wp\/v2\/types\/product"}],"replies":[{"embeddable":true,"href":"https:\/\/healthstore.mc\/index.php\/wp-json\/wp\/v2\/comments?post=2165"}],"wp:featuredmedia":[{"embeddable":true,"href":"https:\/\/healthstore.mc\/index.php\/wp-json\/wp\/v2\/media\/2166"}],"wp:attachment":[{"href":"https:\/\/healthstore.mc\/index.php\/wp-json\/wp\/v2\/media?parent=2165"}],"wp:term":[{"taxonomy":"product_brand","embeddable":true,"href":"https:\/\/healthstore.mc\/index.php\/wp-json\/wp\/v2\/product_brand?post=2165"},{"taxonomy":"product_cat","embeddable":true,"href":"https:\/\/healthstore.mc\/index.php\/wp-json\/wp\/v2\/product_cat?post=2165"},{"taxonomy":"product_tag","embeddable":true,"href":"https:\/\/healthstore.mc\/index.php\/wp-json\/wp\/v2\/product_tag?post=2165"}],"curies":[{"name":"wp","href":"https:\/\/api.w.org\/{rel}","templated":true}]}}