{"id":2167,"date":"2021-01-14T18:39:04","date_gmt":"2021-01-14T17:39:04","guid":{"rendered":"http:\/\/healthstore.mc\/?post_type=product&#038;p=2167"},"modified":"2024-09-21T16:37:52","modified_gmt":"2024-09-21T14:37:52","slug":"immudia-3","status":"publish","type":"product","link":"https:\/\/healthstore.mc\/index.php\/product\/immudia-3\/","title":{"rendered":"Immudia\u00ae 3 +"},"content":{"rendered":"<p>Les enfants sont davantage sujets aux troubles de la sph\u00e8re ORL* que les adultes. Pr\u00e9server et renforcer leurs d\u00e9fenses immunitaires est l\u2019un des moyens pour mieux y faire face.<\/p>\n<p>*Oto-Rhino-Laryngologie.<\/p>\n<p>Les Laboratoires\u00a0<strong>NHCO Nutrition<\/strong>\u00ae ont d\u00e9velopp\u00e9\u00a0<strong>IMMUDIA<\/strong>\u00ae 3+, une formule exclusive contenant une souche microbiotique brevet\u00e9e et naturellement pr\u00e9sente chez l\u2019enfant, la<em>\u00a0S. salivarius<\/em>\u00a0K12, au dosage optimal.\u00a0<strong>IMMUDIA<\/strong>\u00ae 3+ contient aussi de la vitamine D contribuant au maintien du bon fonctionnement immunitaire des enfants.<\/p>\n<table border=\"0\" width=\"100%\" cellspacing=\"0\" cellpadding=\"10\">\n<tbody>\n<tr>\n<td bgcolor=\"#d8772E\" width=\"60%\"><strong>Conseils d\u2019utilisation<\/strong><\/td>\n<td bgcolor=\"#f9a977\" width=\"20%\">Chaque jour<\/td>\n<\/tr>\n<tr>\n<td bgcolor=\"#d8772E\" width=\"60%\">A sucer<\/td>\n<td bgcolor=\"#f9a977\" width=\"20%\"><strong>1 comprim\u00e9<\/strong><\/td>\n<\/tr>\n<\/tbody>\n<\/table>\n<table border=\"0\" width=\"100%\" cellspacing=\"0\" cellpadding=\"10\">\n<tbody>\n<tr>\n<td bgcolor=\"#cccccc\">Programme d\u2019un mois. Renouvelable.<\/td>\n<\/tr>\n<\/tbody>\n<\/table>\n<h5>Enfants \u00e0 partir de 3 ans et en \u00e2ge de sucer des comprim\u00e9s.<br \/>\nPour une utilisation optimale, il est important de laisser fondre le comprim\u00e9 dans la bouche.<br \/>\n\u00c0 consommer de pr\u00e9f\u00e9rence avant la date indiqu\u00e9e sur le c\u00f4t\u00e9 de l\u2019\u00e9tui.<br \/>\nConserver dans un endroit sec et frais..<\/h5>\n<h5>Ce compl\u00e9ment alimentaire n\u2019est pas un m\u00e9dicament et n\u2019est pas destin\u00e9 \u00e0 des nourrissons ou enfants en bas \u00e2ge. Une consommation avec un encadrement par un professionnel de sant\u00e9 est pr\u00e9conis\u00e9e pour tout compl\u00e9ment alimentaire destin\u00e9 aux enfants jusqu\u2019\u00e0 3 ans inclus. Il est recommand\u00e9 de respecter la dose journali\u00e8re indiqu\u00e9e, de le consommer dans le cadre d\u2019une alimentation vari\u00e9e et \u00e9quilibr\u00e9e et d\u2019un mode de vie sain et de le tenir hors de port\u00e9e des jeunes enfants. Une consommation excessive peut avoir des effets laxatifs.<\/h5>\n<p><strong>Compl\u00e9ment alimentaire<\/strong><br \/>\n<strong>I<\/strong><strong>ngr\u00e9dients :<\/strong><strong>\u00a0<\/strong>agent de charge : isomalt, souche de\u00a0<em>Streptococcus salivarius\u00a0<\/em><em>subsp. thermophilus\u00a0<\/em>K12 (contient :\u00a0<strong>lait<\/strong>), anti-agglom\u00e9rant : st\u00e9arate de magn\u00e9sium, ar\u00f4me, vitamine D (chol\u00e9calcif\u00e9rol).<\/p>\n<table border=\"0\" width=\"100%\" cellspacing=\"0\" cellpadding=\"10\">\n<tbody>\n<tr>\n<td bgcolor=\"#666666\"><strong>Composition pour 1 comprim\u00e9\/jour<\/strong><\/td>\n<\/tr>\n<\/tbody>\n<\/table>\n<table border=\"0\" width=\"100%\" cellspacing=\"0\" cellpadding=\"10\">\n<tbody>\n<tr>\n<td align=\"left\" bgcolor=\"#a2a2a2\" width=\"50\">Ingr\u00e9dients<\/td>\n<td align=\"right\" bgcolor=\"#a2a2a2\" width=\"20%\">Dosage<\/td>\n<\/tr>\n<\/tbody>\n<\/table>\n<table border=\"0\" width=\"100%\" cellspacing=\"0\" cellpadding=\"10\">\n<tbody>\n<tr>\n<td align=\"left\" bgcolor=\"#cccccc\"><em>Streptococcus salivarius<\/em>\u00a0K12<\/td>\n<td align=\"right\" bgcolor=\"#cccccc\">1 milliard d\u2019UFC*<\/td>\n<\/tr>\n<\/tbody>\n<\/table>\n<table border=\"0\" width=\"100%\" cellspacing=\"0\" cellpadding=\"10\">\n<tbody>\n<tr>\n<td align=\"left\" bgcolor=\"#cccccc\">Vitamine D3<\/td>\n<td align=\"right\" bgcolor=\"#cccccc\">4 \u03bcg (80% VNR**)<\/td>\n<\/tr>\n<\/tbody>\n<\/table>\n<h5>* Unit\u00e9 Formant Colonie.<\/h5>\n<h5>** Valeurs Nutritionnelles de R\u00e9f\u00e9rence.<\/h5>\n<p>Poids net : 23 g \u2013 Code ACL : 6256990<\/p>\n","protected":false},"excerpt":{"rendered":"<table border=\"0\" cellspacing=\"0\" cellpadding=\"0\">\n<tbody>\n<tr>\n<td valign=\"top\">\n<h1><strong>Immudia\u00ae 3 +<\/strong><\/h1>\n<\/td>\n<\/tr>\n<tr>\n<td valign=\"top\" height=\"50\">\n<h3>Immunit\u00e9 des enfants<\/h3>\n<\/td>\n<\/tr>\n<\/tbody>\n<\/table>\n<p><strong><img loading=\"lazy\" decoding=\"async\" class=\"alignnone size-full wp-image-18559\" src=\"https:\/\/nhco-nutrition.com\/france\/wp-content\/uploads\/2020\/01\/carre-cytocore.png\" alt=\"\" width=\"18\" height=\"10\" \/><\/strong>Souche microbiotique brevet\u00e9e \u00e0 1 milliard d\u2019UFC* par jour<br \/>\n<strong><img loading=\"lazy\" decoding=\"async\" class=\"alignnone size-full wp-image-18559\" src=\"https:\/\/nhco-nutrition.com\/france\/wp-content\/uploads\/2020\/01\/carre-cytocore.png\" alt=\"\" width=\"18\" height=\"10\" \/><\/strong>Vitamine D contribuant au maintien du bon fonctionnement immunitaire des enfants<\/p>\n<p>* UFC : unit\u00e9 formant colonie<\/p>\n<p><img decoding=\"async\" src=\"https:\/\/nhco-nutrition.com\/france\/wp-content\/uploads\/2020\/10\/picto-3-150x150.png\" \/><img decoding=\"async\" src=\"https:\/\/nhco-nutrition.com\/france\/wp-content\/uploads\/2020\/10\/3-1-e1604328786415.png\" \/><\/p>\n<p><strong>30 comprim\u00e9s \u00e0 sucer \u2013 1 mois<br \/>\nGo\u00fbt fraise<\/strong><\/p>\n","protected":false},"featured_media":2168,"comment_status":"open","ping_status":"closed","template":"","meta":[],"product_brand":[],"product_cat":[23],"product_tag":[],"class_list":{"0":"post-2167","1":"product","2":"type-product","3":"status-publish","4":"has-post-thumbnail","6":"product_cat-23","7":"entry","9":"first","10":"instock","11":"taxable","12":"shipping-taxable","13":"purchasable","14":"product-type-simple"},"jetpack_sharing_enabled":true,"_links":{"self":[{"href":"https:\/\/healthstore.mc\/index.php\/wp-json\/wp\/v2\/product\/2167","targetHints":{"allow":["GET"]}}],"collection":[{"href":"https:\/\/healthstore.mc\/index.php\/wp-json\/wp\/v2\/product"}],"about":[{"href":"https:\/\/healthstore.mc\/index.php\/wp-json\/wp\/v2\/types\/product"}],"replies":[{"embeddable":true,"href":"https:\/\/healthstore.mc\/index.php\/wp-json\/wp\/v2\/comments?post=2167"}],"wp:featuredmedia":[{"embeddable":true,"href":"https:\/\/healthstore.mc\/index.php\/wp-json\/wp\/v2\/media\/2168"}],"wp:attachment":[{"href":"https:\/\/healthstore.mc\/index.php\/wp-json\/wp\/v2\/media?parent=2167"}],"wp:term":[{"taxonomy":"product_brand","embeddable":true,"href":"https:\/\/healthstore.mc\/index.php\/wp-json\/wp\/v2\/product_brand?post=2167"},{"taxonomy":"product_cat","embeddable":true,"href":"https:\/\/healthstore.mc\/index.php\/wp-json\/wp\/v2\/product_cat?post=2167"},{"taxonomy":"product_tag","embeddable":true,"href":"https:\/\/healthstore.mc\/index.php\/wp-json\/wp\/v2\/product_tag?post=2167"}],"curies":[{"name":"wp","href":"https:\/\/api.w.org\/{rel}","templated":true}]}}