{"id":2220,"date":"2021-03-21T12:24:48","date_gmt":"2021-03-21T11:24:48","guid":{"rendered":"https:\/\/healthstore.mc\/?post_type=product&#038;p=2220"},"modified":"2024-09-21T16:38:11","modified_gmt":"2024-09-21T14:38:11","slug":"aqualyse-fraise-500ml","status":"publish","type":"product","link":"https:\/\/healthstore.mc\/index.php\/product\/aqualyse-fraise-500ml\/","title":{"rendered":"Aqualyse Fraise 500ml"},"content":{"rendered":"<p><strong>Un programme de d\u00e9toxication :<\/strong><br \/>\n\u2013\u00a0<strong>pour le bon fonctionnement de l\u2019organisme.<\/strong><br \/>\nCertains de nos organes sont les filtres de notre organisme. Parmi eux, le foie, qui neutralise certaines substances et m\u00e9tabolisent les aliments, et les reins qui participent \u00e0 l\u2019\u00e9quilibre hydrique. Avec l\u2019\u00e2ge, ou en fonction des modes de vie, ils peuvent ne plus fonctionner pleinement.<br \/>\n\u2013\u00a0<strong>en accompagnement d\u2019un programme minceur.<\/strong><br \/>\nLors d\u2019une perte de poids, des mol\u00e9cules stock\u00e9es dans l\u2019organisme sont lib\u00e9r\u00e9es dans l\u2019organisme et peuvent alt\u00e9rer les cellules par la production de radicaux libres. Les substances naturelles prot\u00e9geant du stress oxydatif sont alors indispensables pour les neutraliser.<\/p>\n<p>Les\u00a0<strong>Laboratoires NHCO Nutrition\u00ae<\/strong>\u00a0ont \u00e9labor\u00e9\u00a0<strong>AQUALYSE\u2122<\/strong>, une boisson qui concentre des acides amin\u00e9s, des extraits de plantes et des vitamines pour aider \u00e0 redynamiser le fonctionnement de l\u2019organisme.<\/p>\n<ol>\n<li><strong>N-Detoxyl<\/strong>\u2122 combine des extraits de chardon marie et de pissenlit favorisant la d\u00e9toxication de l\u2019organisme, des acides amin\u00e9s et de la chlorelle qui aide \u00e0 l\u2019\u00e9limination des m\u00e9taux lourds.<\/li>\n<li><strong>Lip-aOx<\/strong>\u2122 est riche en vitamines C et E qui prot\u00e8gent les cellules contre le stress oxydatif et contient de la choline pour le maintien du bon fonctionnement h\u00e9patique.<\/li>\n<li><strong>3D-Pure<\/strong>\u2122 contient des plantes drainantes, telles que le rhizome de chiendent qui contribue \u00e0 l\u2019\u00e9limination r\u00e9nale de l\u2019eau.<\/li>\n<li><strong>Lymphactiv<\/strong>\u00a0concentre du m\u00e9lilot favorisant une bonne circulation.<\/li>\n<li>Le th\u00e9 vert du <strong>complexe lipolytique<\/strong>\u00a0favorise le d\u00e9stockage des graisses. Avec le mat\u00e9, ils poss\u00e8dent \u00e9galement une action drainante.<\/li>\n<\/ol>\n<table border=\"0\" width=\"100%\" cellspacing=\"0\" cellpadding=\"10\">\n<tbody>\n<tr>\n<td bgcolor=\"#ee82b4\" width=\"50%\"><strong>Conseils d\u2019utilisation<\/strong><\/td>\n<td bgcolor=\"#ee82b4\" width=\"50%\"><strong>Dans un grand verre d\u2019eau<\/strong><\/td>\n<\/tr>\n<tr>\n<td bgcolor=\"#f7c6dc\" width=\"50%\">Les 10 premiers jours<\/td>\n<td bgcolor=\"#f1d8e3\" width=\"50%\"><strong>20 ml\/jour (bouchon doseur)<\/strong><\/td>\n<\/tr>\n<tr>\n<td bgcolor=\"#f7c6dc\" width=\"50%\">Les 10 derniers jours<\/td>\n<td bgcolor=\"#f1d8e3\" width=\"50%\"><strong>30 ml\/jour (bouchon doseur)<\/strong><\/td>\n<\/tr>\n<\/tbody>\n<\/table>\n<p>&nbsp;<\/p>\n<h5>Agiter le flacon avant utilisation. Bien refermer apr\u00e8s ouverture, conserver au frais et consommer dans les 30 jours.<\/h5>\n<h5>Ce compl\u00e9ment alimentaire n\u2019est pas un m\u00e9dicament. Il est recommand\u00e9 de respecter la dose journali\u00e8re indiqu\u00e9e, de le consommer pendant les repas dans le cadre d\u2019une alimentation vari\u00e9e et \u00e9quilibr\u00e9e et d\u2019un mode de vie sain et de le tenir hors de port\u00e9e des jeunes enfants. R\u00e9serv\u00e9 \u00e0 l\u2019adulte, except\u00e9 la femme enceinte ou allaitante. Les personnes sous contr\u00f4le m\u00e9dical doivent demander l\u2019avis de leur m\u00e9decin. D\u00e9conseill\u00e9 aux personnes souffrant d\u2019allergies aux d\u00e9riv\u00e9s salicyl\u00e9s (bouleau). \u00c0 \u00e9viter en cas d\u2019occlusion biliaire.<\/h5>\n<p><strong>Compl\u00e9ment alimentaire avec \u00e9dulcorant<\/strong><br \/>\n<strong>Ingr\u00e9dients :<\/strong>\u00a0eau, extrait aqueux de plantes (feuille et racine de pissenlit (<em>Taraxacum officinale<\/em>), chlorelle (<em>Chlorella vulgaris<\/em>), feuille de vigne rouge (<em>Vitis vinifera<\/em>), feuille de bouleau (<em>Betula pendula<\/em>\u00a0et\/ou\u00a0<em>alba<\/em>), racine de radis noir (<em>Raphanus sativus<\/em>), rhizome de chiendent (<em>Elymus repens<\/em>)), humectant : glyc\u00e9rine, colorants d\u2019origine naturelle : rouge de betterave et caramel ordinaire, ar\u00f4me naturel de fruits rouges, citrate de choline, ar\u00f4me fraise, acidifiant : acide citrique, chlorhydrate de L-Arginine, s\u00e8ve de bouleau (<em>Betula pendula<\/em>), vitamine C (acide ascorbique), \u00e9paississant : gomme de guar, N-Ac\u00e9tyl-Cyst\u00e9ine, L-Citrulline, Glycine, extrait de feuille de mat\u00e9 (<em>Ilex paraguariensis<\/em>), vitamine E (ac\u00e9tate de DL-alphatocoph\u00e9ryle), extrait de graine de chardon marie (<em>Silybum marianum<\/em>), extrait de feuille de th\u00e9 vert (<em>Camellia sinensis<\/em>), extrait de fleur de m\u00e9lilot (<em>Melilotus officinalis<\/em>), vitamine B6 (chlorhydrate de pyridoxine), conservateurs : sorbate de Potassium et benzoate de Sodium, \u00e9dulcorant d\u2019origine naturelle : glycosides de st\u00e9viol.<\/p>\n<p>Ce produit convient aux v\u00e9g\u00e9tariens et aux v\u00e9g\u00e9taliens.<\/p>\n<table border=\"0\" width=\"100%\" cellspacing=\"0\" cellpadding=\"10\">\n<tbody>\n<tr>\n<td bgcolor=\"#666666\"><strong>Composition moyenne en actifs pour 30 ml\/jour (1665,5 mg)<\/strong><\/td>\n<\/tr>\n<\/tbody>\n<\/table>\n<table border=\"0\" width=\"100%\" cellspacing=\"0\" cellpadding=\"10\">\n<tbody>\n<tr>\n<td align=\"left\" bgcolor=\"#a2a2a2\" width=\"50\">Ingr\u00e9dients<\/td>\n<td align=\"right\" bgcolor=\"#a2a2a2\" width=\"20%\">Dosage<\/td>\n<\/tr>\n<tr>\n<td align=\"left\" bgcolor=\"#cccccc\"><strong>N-Detoxyl<\/strong><\/td>\n<td align=\"right\" bgcolor=\"#cccccc\"><strong>1008 mg<\/strong><\/td>\n<\/tr>\n<\/tbody>\n<\/table>\n<table border=\"0\" width=\"100%\" cellspacing=\"0\" cellpadding=\"10\">\n<tbody>\n<tr>\n<td bgcolor=\"#f1efee\">\n<h5>Chlorelle 200 mg, bouleau s\u00e8ve 150 mg et feuille 45 mg, L-Arginine 150 mg, N-Ac\u00e9tyl-Cyst\u00e9ine 100 mg, L-Citrulline 95 mg, racine de pissenlit 90 mg, Glycine 80 mg, extrait de graine de chardon marie 53 mg, dont silymarine 42 mg, racine de radis noir 45 mg<\/h5>\n<\/td>\n<\/tr>\n<\/tbody>\n<\/table>\n<table border=\"0\" width=\"100%\" cellspacing=\"0\" cellpadding=\"10\">\n<tbody>\n<tr>\n<td align=\"left\" bgcolor=\"#cccccc\" width=\"50\"><strong>3D-Pure<\/strong><\/td>\n<td align=\"right\" bgcolor=\"#cccccc\" width=\"20%\"><strong>270 mg\u00a0<\/strong><\/td>\n<\/tr>\n<\/tbody>\n<\/table>\n<table border=\"0\" width=\"100%\" cellspacing=\"0\" cellpadding=\"10\">\n<tbody>\n<tr>\n<td bgcolor=\"#f1efee\">\n<h5>Feuille de pissenlit 225 mg, rhizome de chiendent 45 mg<\/h5>\n<\/td>\n<\/tr>\n<\/tbody>\n<\/table>\n<table border=\"0\" width=\"100%\" cellspacing=\"0\" cellpadding=\"10\">\n<tbody>\n<tr>\n<td align=\"left\" bgcolor=\"#cccccc\" width=\"50\"><strong>Lip-aOx<\/strong><\/td>\n<td align=\"right\" bgcolor=\"#cccccc\" width=\"20%\"><strong>175,9 mg<\/strong><\/td>\n<\/tr>\n<\/tbody>\n<\/table>\n<table border=\"0\" width=\"100%\" cellspacing=\"0\" cellpadding=\"10\">\n<tbody>\n<tr>\n<td bgcolor=\"#f1efee\">\n<h5>Choline 82,5 mg, vitamine C 80 mg (100 % VNR*), vitamine E 12 mg (100 % VNR*), vitamine B6 1,4 mg (100 % VNR*)<\/h5>\n<\/td>\n<\/tr>\n<\/tbody>\n<\/table>\n<table border=\"0\" width=\"100%\" cellspacing=\"0\" cellpadding=\"10\">\n<tbody>\n<tr>\n<td align=\"left\" bgcolor=\"#cccccc\" width=\"50\"><strong>Complexe Lymphactiv<\/strong><\/td>\n<td align=\"right\" bgcolor=\"#cccccc\" width=\"20%\"><strong>107,7 mg<\/strong><\/td>\n<\/tr>\n<\/tbody>\n<\/table>\n<table border=\"0\" width=\"100%\" cellspacing=\"0\" cellpadding=\"10\">\n<tbody>\n<tr>\n<td bgcolor=\"#f1efee\">\n<h5>Feuille de vigne rouge 90 mg, extrait de fleur de m\u00e9lilot 17,7 mg, dont coumarine 3 mg<\/h5>\n<\/td>\n<\/tr>\n<\/tbody>\n<\/table>\n<table border=\"0\" width=\"100%\" cellspacing=\"0\" cellpadding=\"10\">\n<tbody>\n<tr>\n<td align=\"left\" bgcolor=\"#cccccc\" width=\"50\"><strong>Complexe lipolytique<\/strong><\/td>\n<td align=\"right\" bgcolor=\"#cccccc\" width=\"20%\"><strong>\u00a0103,5 mg<\/strong><\/td>\n<\/tr>\n<\/tbody>\n<\/table>\n<table border=\"0\" width=\"100%\" cellspacing=\"0\" cellpadding=\"10\">\n<tbody>\n<tr>\n<td bgcolor=\"#f1efee\">\n<h5>Extrait de feuille de mat\u00e9 67,5 mg, extrait de feuille de th\u00e9 vert 36 mg<\/h5>\n<\/td>\n<\/tr>\n<\/tbody>\n<\/table>\n","protected":false},"excerpt":{"rendered":"<div class=\"wpb_text_column wpb_content_element \">\n<div class=\"wpb_wrapper\">\n<table border=\"0\" cellspacing=\"0\" cellpadding=\"0\">\n<tbody>\n<tr>\n<td valign=\"top\">\n<h2><strong>Aqualyse\u2122<\/strong><\/h2>\n<\/td>\n<\/tr>\n<tr>\n<td valign=\"top\" height=\"40\">\n<h5>N-Detoxyl \u2013 3D-Pure \u2013 Lymphactiv \u2013 Lip-aOx<\/h5>\n<\/td>\n<\/tr>\n<\/tbody>\n<\/table>\n<h3><strong>Concentr\u00e9 purifiant<\/strong><\/h3>\n<p>Associe 20 actifs dont un extrait de chardon marie aidant \u00e0 la <strong>d\u00e9toxication de l\u2019organisme<\/strong>, de la N-Ac\u00e9tyl-Cyst\u00e9ine et de la chlorelle. Contient aussi du mat\u00e9 favorisant l\u2019\u00e9limination gr\u00e2ce \u00e0 une\u00a0<strong>action drainante<\/strong>\u00a0et de la choline qui contribue au maintien d\u2019une\u00a0<strong>fonction h\u00e9patique normale.<\/strong><\/p>\n<\/div>\n<\/div>\n<div class=\"wpb_text_column wpb_content_element \">\n<div class=\"wpb_wrapper\">\n<p>&nbsp;<\/p>\n<\/div>\n<\/div>\n","protected":false},"featured_media":2221,"comment_status":"open","ping_status":"closed","template":"","meta":[],"product_brand":[],"product_cat":[23],"product_tag":[],"class_list":{"0":"post-2220","1":"product","2":"type-product","3":"status-publish","4":"has-post-thumbnail","6":"product_cat-23","7":"entry","9":"first","10":"instock","11":"taxable","12":"shipping-taxable","13":"purchasable","14":"product-type-simple"},"jetpack_sharing_enabled":true,"_links":{"self":[{"href":"https:\/\/healthstore.mc\/index.php\/wp-json\/wp\/v2\/product\/2220","targetHints":{"allow":["GET"]}}],"collection":[{"href":"https:\/\/healthstore.mc\/index.php\/wp-json\/wp\/v2\/product"}],"about":[{"href":"https:\/\/healthstore.mc\/index.php\/wp-json\/wp\/v2\/types\/product"}],"replies":[{"embeddable":true,"href":"https:\/\/healthstore.mc\/index.php\/wp-json\/wp\/v2\/comments?post=2220"}],"wp:featuredmedia":[{"embeddable":true,"href":"https:\/\/healthstore.mc\/index.php\/wp-json\/wp\/v2\/media\/2221"}],"wp:attachment":[{"href":"https:\/\/healthstore.mc\/index.php\/wp-json\/wp\/v2\/media?parent=2220"}],"wp:term":[{"taxonomy":"product_brand","embeddable":true,"href":"https:\/\/healthstore.mc\/index.php\/wp-json\/wp\/v2\/product_brand?post=2220"},{"taxonomy":"product_cat","embeddable":true,"href":"https:\/\/healthstore.mc\/index.php\/wp-json\/wp\/v2\/product_cat?post=2220"},{"taxonomy":"product_tag","embeddable":true,"href":"https:\/\/healthstore.mc\/index.php\/wp-json\/wp\/v2\/product_tag?post=2220"}],"curies":[{"name":"wp","href":"https:\/\/api.w.org\/{rel}","templated":true}]}}