{"id":2222,"date":"2021-03-21T12:30:39","date_gmt":"2021-03-21T11:30:39","guid":{"rendered":"https:\/\/healthstore.mc\/?post_type=product&#038;p=2222"},"modified":"2024-09-21T16:43:56","modified_gmt":"2024-09-21T14:43:56","slug":"bcaa-4-1-1-250g","status":"publish","type":"product","link":"https:\/\/healthstore.mc\/index.php\/product\/bcaa-4-1-1-250g\/","title":{"rendered":"BCAA 4.1.1 250g"},"content":{"rendered":"<p>Les Laboratoires\u00a0<strong>NHCO Nutrition\u00ae<\/strong>\u00a0sont sp\u00e9cialis\u00e9s dans le d\u00e9veloppement de formules \u00e0 base d\u2019acides amin\u00e9s, mol\u00e9cules \u00e0 l\u2019origine de la vie et constituants de toutes les prot\u00e9ines.<br \/>\nLes acides amin\u00e9s\u00a0<strong>L-Leucine<\/strong>,\u00a0<strong>L-Isoleucine<\/strong>\u00a0et\u00a0<strong>L-Valine\u00a0<\/strong>appel\u00e9s BCAA, sont des acides amin\u00e9s essentiels et doivent imp\u00e9rativement \u00eatre apport\u00e9s par l\u2019alimentation. L\u2019organisme ne sait pas les fabriquer et pourtant, ils repr\u00e9sentent pr\u00e8s d\u2019un tiers de la fibre prot\u00e9ique musculaire. La Leucine est particuli\u00e8rement importante, d\u2019o\u00f9 l\u2019int\u00e9r\u00eat d\u2019utiliser un ratio Leucine (4) : Isoleucine (1) : Valine (1) pour les efforts intenses.<\/p>\n<p><strong>BCAA 4:1:1<\/strong>\u00a0concentre, pour chaque prise,\u00a0<strong>5 g<\/strong>\u00a0de BCAA, totalement solubles gr\u00e2ce \u00e0 des proc\u00e9d\u00e9s biotechnologiques innovants.<br \/>\nLes BCAA sont associ\u00e9s pour la premi\u00e8re fois \u00e0 3 ingr\u00e9dients :<br \/>\n\u2013 Le\u00a0<strong>HMB<\/strong>, mol\u00e9cule issue du m\u00e9tabolisme de la leucine,<br \/>\n\u2013 L\u2019<strong>\u03b1-Algamine\u2122<\/strong>, peptide exclusif de deux acides amin\u00e9s,<br \/>\n\u2013 La\u00a0<strong>vitamine<\/strong>\u00a0<strong>B6<\/strong>\u00a0qui contribue au m\u00e9tabolisme normal des prot\u00e9ines et du glycog\u00e8ne.<\/p>\n<table border=\"0\" cellspacing=\"0\" cellpadding=\"0\">\n<tbody>\n<tr>\n<td valign=\"top\" width=\"18\"><img loading=\"lazy\" decoding=\"async\" class=\"alignnone size-full wp-image-2377\" title=\"\" src=\"http:\/\/nhco-nutrition.com\/france\/wp-content\/uploads\/2016\/07\/carre02_bleuvert.gif\" alt=\"\" width=\"18\" height=\"10\" \/><\/td>\n<td valign=\"top\"><span class=\"Style2\">En pr\u00e9 et post-effort : verser \u00bd dosette* (environ 3,5 g de poudre) \u00e0 diluer dans 100 ml d\u2019eau et boire environ 1h avant la s\u00e9ance. Consommer la m\u00eame quantit\u00e9 30 minutes \u00e0 1h apr\u00e8s la s\u00e9ance.<\/span><\/td>\n<\/tr>\n<tr>\n<td valign=\"top\" width=\"18\"><img loading=\"lazy\" decoding=\"async\" title=\"\" src=\"http:\/\/nhco-nutrition.com\/france\/wp-content\/uploads\/2016\/07\/carre02_bleuvert.gif\" alt=\"\" width=\"18\" height=\"10\" \/><\/td>\n<td valign=\"top\"><span class=\"Style2\">Ou apr\u00e8s un effort intense : verser 1 dosette* rase (environ 7 g de poudre) \u00e0 diluer dans 200 ml d\u2019eau et consommer environ 30 minutes \u00e0 1h apr\u00e8s la s\u00e9ance.<\/span>&nbsp;<\/p>\n<h5><em>*Dosette \u00e0 l\u2019int\u00e9rieur du pot.<\/em><\/h5>\n<p>Ce produit convient aux v\u00e9g\u00e9tariens et aux v\u00e9g\u00e9taliens.<\/p>\n<h5>Ce compl\u00e9ment alimentaire n\u2019est pas un m\u00e9dicament. Ne pas d\u00e9passer la dose journali\u00e8re indiqu\u00e9e, \u00e0 consommer dans le cadre d\u2019une alimentation vari\u00e9e et \u00e9quilibr\u00e9e et d\u2019un mode de vie sain. Tenir hors de port\u00e9e des jeunes enfants. R\u00e9serv\u00e9 \u00e0 l\u2019adulte, except\u00e9 la femme enceinte ou allaitante.<\/h5>\n<h5>Bien refermer apr\u00e8s ouverture. \u00c0 conserver dans un endroit sec et frais.<\/h5>\n<\/td>\n<\/tr>\n<\/tbody>\n<\/table>\n<p><strong>Compl\u00e9ment alimentaire<\/strong><br \/>\n<strong>Ingr\u00e9dients :<\/strong>\u00a0L-Leucine*, maltodextrine, L-Isoleucine, L-Valine, acidifiants : acide citrique et citrate trisodique, sel calcique de HMB (\u00df-hydroxy \u00df-m\u00e9thylbutyrate), ar\u00f4me naturel, \u00e9dulcorants : sucralose et ac\u00e9sulfame-K,\u03b1-Algamine\u2122 (L-Alanyl-L-Glutamine), vitamine B6 (chlorhydrate de pyridoxine).<br \/>\n* Contient :\u00a0<strong>soja<\/strong>.<\/p>\n<table border=\"0\" width=\"100%\" cellspacing=\"0\" cellpadding=\"10\">\n<tbody>\n<tr>\n<td bgcolor=\"#666666\"><strong>Composition moyenne par ration (1 dosette) d\u2019environ 7 g<\/strong><\/td>\n<\/tr>\n<\/tbody>\n<\/table>\n<table border=\"0\" width=\"100%\" cellspacing=\"0\" cellpadding=\"10\">\n<tbody>\n<tr>\n<td align=\"left\" bgcolor=\"#A2A2A2\" width=\"60\">Composition<\/td>\n<td align=\"right\" bgcolor=\"#A2A2A2\" width=\"40%\">Dosage<\/td>\n<\/tr>\n<tr>\n<td align=\"left\" bgcolor=\"#CCCCCC\"><strong>BCAA\u00a0<\/strong>(L-Leucine 3333 mg, L-Isoleucine 833 mg, L-Valine 833 mg)<\/td>\n<td align=\"right\" bgcolor=\"#CCCCCC\"><strong>5000 mg<\/strong><\/td>\n<\/tr>\n<\/tbody>\n<\/table>\n<table border=\"0\" width=\"100%\" cellspacing=\"0\" cellpadding=\"10\">\n<tbody>\n<tr>\n<td bgcolor=\"#f1efee\" width=\"60%\"><strong>HMB<\/strong><\/td>\n<td align=\"right\" bgcolor=\"#f1efee\" width=\"40%\"><strong>300 mg<\/strong><\/td>\n<\/tr>\n<\/tbody>\n<\/table>\n<table border=\"0\" width=\"100%\" cellspacing=\"0\" cellpadding=\"10\">\n<tbody>\n<tr>\n<td align=\"left\" bgcolor=\"#CCCCCC\" width=\"60\"><strong>\u03b1-Algamine\u2122<\/strong><\/td>\n<td align=\"right\" bgcolor=\"#CCCCCC\" width=\"40%\"><strong>40 mg<\/strong><\/td>\n<\/tr>\n<\/tbody>\n<\/table>\n<table border=\"0\" width=\"100%\" cellspacing=\"0\" cellpadding=\"10\">\n<tbody>\n<tr>\n<td bgcolor=\"#f1efee\" width=\"60%\"><strong>Vitamine B6<\/strong>\u00a0(70 % VNR*)<\/td>\n<td align=\"right\" bgcolor=\"#f1efee\" width=\"40%\"><strong>1,0 mg<\/strong><\/td>\n<\/tr>\n<\/tbody>\n<\/table>\n<h5><em>* Valeurs Nutritionnelles de R\u00e9f\u00e9rence.<\/em><\/h5>\n","protected":false},"excerpt":{"rendered":"<div class=\"wpb_text_column wpb_content_element \">\n<div class=\"wpb_wrapper\">\n<table border=\"0\" cellspacing=\"0\" cellpadding=\"0\">\n<tbody>\n<tr>\n<td valign=\"top\">\n<h1><strong>BCAA 4:1:1<\/strong><\/h1>\n<\/td>\n<\/tr>\n<tr>\n<td valign=\"top\" height=\"40\">\n<h5>(LVI #5,411,300) \u2013 Micro-encapsulation process<\/h5>\n<\/td>\n<\/tr>\n<\/tbody>\n<\/table>\n<h3><strong>5000 MG BCAA SYNERGISES<br \/>\n<\/strong><\/h3>\n<table border=\"0\" cellspacing=\"0\" cellpadding=\"0\">\n<tbody>\n<tr>\n<td valign=\"top\" width=\"18\"><img loading=\"lazy\" decoding=\"async\" class=\"alignnone size-full wp-image-2377\" title=\"\" src=\"http:\/\/www.nhco-nutrition.com\/images\/carre01_noir.gif\" alt=\"\" width=\"18\" height=\"10\" \/><\/td>\n<td valign=\"top\"><span class=\"Style2\">Association d\u2019acides amin\u00e9s essentiels de la fibre musculaire<\/span><\/td>\n<\/tr>\n<tr>\n<td valign=\"top\" width=\"18\"><img loading=\"lazy\" decoding=\"async\" title=\"\" src=\"http:\/\/www.nhco-nutrition.com\/images\/carre01_noir.gif\" alt=\"\" width=\"18\" height=\"10\" \/><\/td>\n<td valign=\"top\"><span class=\"Style2\">5 g d\u2019apport minimum quotidien en BCAA micronis\u00e9s issus de proc\u00e9d\u00e9s biotechnologiques<\/span><\/td>\n<\/tr>\n<tr>\n<td valign=\"top\" width=\"18\"><img loading=\"lazy\" decoding=\"async\" title=\"\" src=\"http:\/\/www.nhco-nutrition.com\/images\/carre01_noir.gif\" alt=\"\" width=\"18\" height=\"10\" \/><\/td>\n<td><span class=\"Style2\">HMB et \u03b1-Algamine\u2122<\/span><\/td>\n<\/tr>\n<\/tbody>\n<\/table>\n<\/div>\n<\/div>\n<div class=\"wpb_text_column wpb_content_element \">\n<div class=\"wpb_wrapper\">\n<p><img loading=\"lazy\" decoding=\"async\" class=\"size-full wp-image-17003 aligncenter\" src=\"https:\/\/nhco-nutrition.com\/france\/wp-content\/uploads\/2016\/07\/picto-bcaa-411-2018.png\" alt=\"\" width=\"180\" height=\"55\" \/><\/p>\n<p>Pot de 250 g \u2013 35 rations<\/p>\n<\/div>\n<\/div>\n","protected":false},"featured_media":2223,"comment_status":"open","ping_status":"closed","template":"","meta":[],"product_brand":[],"product_cat":[23],"product_tag":[],"class_list":{"0":"post-2222","1":"product","2":"type-product","3":"status-publish","4":"has-post-thumbnail","6":"product_cat-23","7":"entry","9":"first","10":"instock","11":"taxable","12":"shipping-taxable","13":"purchasable","14":"product-type-simple"},"jetpack_sharing_enabled":true,"_links":{"self":[{"href":"https:\/\/healthstore.mc\/index.php\/wp-json\/wp\/v2\/product\/2222","targetHints":{"allow":["GET"]}}],"collection":[{"href":"https:\/\/healthstore.mc\/index.php\/wp-json\/wp\/v2\/product"}],"about":[{"href":"https:\/\/healthstore.mc\/index.php\/wp-json\/wp\/v2\/types\/product"}],"replies":[{"embeddable":true,"href":"https:\/\/healthstore.mc\/index.php\/wp-json\/wp\/v2\/comments?post=2222"}],"wp:featuredmedia":[{"embeddable":true,"href":"https:\/\/healthstore.mc\/index.php\/wp-json\/wp\/v2\/media\/2223"}],"wp:attachment":[{"href":"https:\/\/healthstore.mc\/index.php\/wp-json\/wp\/v2\/media?parent=2222"}],"wp:term":[{"taxonomy":"product_brand","embeddable":true,"href":"https:\/\/healthstore.mc\/index.php\/wp-json\/wp\/v2\/product_brand?post=2222"},{"taxonomy":"product_cat","embeddable":true,"href":"https:\/\/healthstore.mc\/index.php\/wp-json\/wp\/v2\/product_cat?post=2222"},{"taxonomy":"product_tag","embeddable":true,"href":"https:\/\/healthstore.mc\/index.php\/wp-json\/wp\/v2\/product_tag?post=2222"}],"curies":[{"name":"wp","href":"https:\/\/api.w.org\/{rel}","templated":true}]}}