{"id":2241,"date":"2021-03-21T18:46:09","date_gmt":"2021-03-21T17:46:09","guid":{"rendered":"https:\/\/healthstore.mc\/?post_type=product&#038;p=2241"},"modified":"2024-09-21T16:35:51","modified_gmt":"2024-09-21T14:35:51","slug":"magnesium-42gel","status":"publish","type":"product","link":"https:\/\/healthstore.mc\/index.php\/product\/magnesium-42gel\/","title":{"rendered":"Magnesium 42gel"},"content":{"rendered":"<p>Les min\u00e9raux\u00a0amino-ch\u00e9lat\u00e9s\u2122 sont des mol\u00e9cules liant un min\u00e9ral \u00e0 des acides amin\u00e9s par des proc\u00e9d\u00e9s brevet\u00e9s. Cette innovation technique favorise leur assimilation par rapport \u00e0 d\u2019autres formes de min\u00e9raux.<\/p>\n<p><img loading=\"lazy\" decoding=\"async\" class=\"aligncenter size-full wp-image-16312\" src=\"http:\/\/nhco-nutrition.com\/france\/wp-content\/uploads\/2016\/11\/magnesium-intro2.png\" sizes=\"auto, (max-width: 350px) 100vw, 350px\" srcset=\"https:\/\/nhco-nutrition.com\/france\/wp-content\/uploads\/2016\/11\/magnesium-intro2.png 350w, https:\/\/nhco-nutrition.com\/france\/wp-content\/uploads\/2016\/11\/magnesium-intro2-300x291.png 300w\" alt=\"magnesium-intro2\" width=\"350\" height=\"340\" \/><\/p>\n<p>Le\u00a0<strong>Magn\u00e9sium<\/strong>\u00a0est un min\u00e9ral essentiel \u00e0 l\u2019organisme, il a plusieurs r\u00f4les importants, notamment il contribue :<br \/>\n\u2013 \u00e0 r\u00e9duire la fatigue<br \/>\n\u2013 \u00e0 un m\u00e9tabolisme \u00e9nerg\u00e9tique normal<br \/>\n\u2013 \u00e0 un fonctionnement normal du syst\u00e8me nerveux<br \/>\n\u2013 \u00e0 une fonction musculaire normale<br \/>\n\u2013 \u00e0 l\u2019\u00e9quilibre \u00e9lectrolytique<br \/>\n\u2013 au maintien d\u2019une ossature normale<\/p>\n<p>Il est donc g\u00e9n\u00e9ralement utilis\u00e9 en cas de fatigue, de crampes musculaires, de stress ou d\u2019irritabilit\u00e9, ainsi que chez les femmes enceintes.<\/p>\n<p><img loading=\"lazy\" decoding=\"async\" class=\"size-full wp-image-16313 alignnone\" src=\"http:\/\/nhco-nutrition.com\/france\/wp-content\/uploads\/2016\/11\/magnesium-introfrdef.png\" sizes=\"auto, (max-width: 340px) 100vw, 340px\" srcset=\"https:\/\/nhco-nutrition.com\/france\/wp-content\/uploads\/2016\/11\/magnesium-introfrdef.png 340w, https:\/\/nhco-nutrition.com\/france\/wp-content\/uploads\/2016\/11\/magnesium-introfrdef-300x97.png 300w\" alt=\"magnesium-introfrdef\" width=\"340\" height=\"110\" \/><\/p>\n<table border=\"0\" width=\"100%\" cellspacing=\"0\" cellpadding=\"10\">\n<tbody>\n<tr>\n<td bgcolor=\"#bca590\" width=\"70%\"><strong>Conseils d\u2019utilisation<\/strong><\/td>\n<td bgcolor=\"#dfd3c8\" width=\"30%\"><strong>2 g\u00e9lules par jour<\/strong><\/td>\n<\/tr>\n<\/tbody>\n<\/table>\n<table border=\"0\" width=\"100%\" cellspacing=\"0\" cellpadding=\"10\">\n<tbody>\n<tr>\n<td bgcolor=\"#a5876f\">6 semaines \/ \u00c0 renouveler si n\u00e9cessaire.<\/td>\n<\/tr>\n<\/tbody>\n<\/table>\n<p>Ce produit convient aux v\u00e9g\u00e9tariens et aux v\u00e9g\u00e9taliens. Sans gluten, sans lactose.<\/p>\n<h5>Ce compl\u00e9ment alimentaire n\u2019est pas un m\u00e9dicament. Il est recommand\u00e9 de respecter la dose journali\u00e8re indiqu\u00e9e, de le consommer dans le cadre d\u2019une alimentation vari\u00e9e et \u00e9quilibr\u00e9e et d\u2019un mode de vie sain et de le tenir hors de port\u00e9e des jeunes enfants. R\u00e9serv\u00e9 \u00e0 l\u2019adulte.<\/h5>\n<h5>Bien refermer apr\u00e8s ouverture. \u00c0 conserver dans un endroit sec et frais.<\/h5>\n<p><strong>Compl\u00e9ment alimentaire<\/strong><br \/>\n<strong>Ingredients :<\/strong>\u00a0Magn\u00e9sium amino-ch\u00e9lat\u00e9 (Magn\u00e9sium bisglycinate ch\u00e9lat\u00e9 tamponn\u00e9), anti-agglom\u00e9rant : st\u00e9arate de Magn\u00e9sium v\u00e9g\u00e9tal. Enveloppe de la g\u00e9lule : hydroxypropylm\u00e9thylcellulose.<\/p>\n<p><strong>G\u00e9lules v\u00e9g\u00e9tales ClearCaps\u2122<\/strong><\/p>\n<table border=\"0\" width=\"100%\" cellspacing=\"0\" cellpadding=\"10\">\n<tbody>\n<tr>\n<td bgcolor=\"#666666\"><strong>Composition moyenne pour 2 g\u00e9lules par jour<\/strong><\/td>\n<\/tr>\n<\/tbody>\n<\/table>\n<table border=\"0\" width=\"100%\" cellspacing=\"0\" cellpadding=\"10\">\n<tbody>\n<tr>\n<td align=\"left\" bgcolor=\"#A2A2A2\" width=\"60\">Ingr\u00e9dients<\/td>\n<td align=\"right\" bgcolor=\"#A2A2A2\" width=\"20%\">Dosage<\/td>\n<td align=\"right\" bgcolor=\"#A2A2A2\" width=\"20%\">VNR*<\/td>\n<\/tr>\n<tr>\n<td align=\"left\" bgcolor=\"#CCCCCC\" width=\"60\"><strong>Magn\u00e9sium \u00e9l\u00e9ment<\/strong><\/td>\n<td align=\"right\" bgcolor=\"#CCCCCC\" width=\"20%\">250 mg<\/td>\n<td align=\"right\" bgcolor=\"#CCCCCC\">67 %<\/td>\n<\/tr>\n<\/tbody>\n<\/table>\n<h5><em>* Valeurs Nutritionnelles de R\u00e9f\u00e9rence.<\/em><\/h5>\n<p>&nbsp;<\/p>\n<p>Pour le format 42 g\u00e9lules\u00a0 :<\/p>\n<p>Poids net : 34 g. \u2013 Code ACL : 6126499<\/p>\n","protected":false},"excerpt":{"rendered":"<h1>Magn\u00e9sium<\/h1>\n<p><img loading=\"lazy\" decoding=\"async\" class=\"size-full wp-image-16293 alignleft\" src=\"http:\/\/nhco-nutrition.com\/france\/wp-content\/uploads\/2016\/11\/cart-amino-chelate-fr.png\" sizes=\"auto, (max-width: 306px) 100vw, 306px\" srcset=\"https:\/\/nhco-nutrition.com\/france\/wp-content\/uploads\/2016\/11\/cart-amino-chelate-fr.png 306w, https:\/\/nhco-nutrition.com\/france\/wp-content\/uploads\/2016\/11\/cart-amino-chelate-fr-300x26.png 300w\" alt=\"cart-amino-chelate-fr\" width=\"306\" height=\"27\" \/><\/p>\n<p>&nbsp;<\/p>\n<p>42 g\u00e9lules v\u00e9g\u00e9tales ClearCaps\u2122<\/p>\n","protected":false},"featured_media":2242,"comment_status":"open","ping_status":"closed","template":"","meta":[],"product_brand":[],"product_cat":[23],"product_tag":[],"class_list":{"0":"post-2241","1":"product","2":"type-product","3":"status-publish","4":"has-post-thumbnail","6":"product_cat-23","7":"entry","9":"first","10":"instock","11":"taxable","12":"shipping-taxable","13":"purchasable","14":"product-type-simple"},"jetpack_sharing_enabled":true,"_links":{"self":[{"href":"https:\/\/healthstore.mc\/index.php\/wp-json\/wp\/v2\/product\/2241","targetHints":{"allow":["GET"]}}],"collection":[{"href":"https:\/\/healthstore.mc\/index.php\/wp-json\/wp\/v2\/product"}],"about":[{"href":"https:\/\/healthstore.mc\/index.php\/wp-json\/wp\/v2\/types\/product"}],"replies":[{"embeddable":true,"href":"https:\/\/healthstore.mc\/index.php\/wp-json\/wp\/v2\/comments?post=2241"}],"wp:featuredmedia":[{"embeddable":true,"href":"https:\/\/healthstore.mc\/index.php\/wp-json\/wp\/v2\/media\/2242"}],"wp:attachment":[{"href":"https:\/\/healthstore.mc\/index.php\/wp-json\/wp\/v2\/media?parent=2241"}],"wp:term":[{"taxonomy":"product_brand","embeddable":true,"href":"https:\/\/healthstore.mc\/index.php\/wp-json\/wp\/v2\/product_brand?post=2241"},{"taxonomy":"product_cat","embeddable":true,"href":"https:\/\/healthstore.mc\/index.php\/wp-json\/wp\/v2\/product_cat?post=2241"},{"taxonomy":"product_tag","embeddable":true,"href":"https:\/\/healthstore.mc\/index.php\/wp-json\/wp\/v2\/product_tag?post=2241"}],"curies":[{"name":"wp","href":"https:\/\/api.w.org\/{rel}","templated":true}]}}