{"id":2260,"date":"2021-03-21T19:28:00","date_gmt":"2021-03-21T18:28:00","guid":{"rendered":"https:\/\/healthstore.mc\/?post_type=product&#038;p=2260"},"modified":"2023-01-07T17:40:23","modified_gmt":"2023-01-07T16:40:23","slug":"priorel-56gel","status":"publish","type":"product","link":"https:\/\/healthstore.mc\/index.php\/product\/priorel-56gel\/","title":{"rendered":"Priorel 56gel"},"content":{"rendered":"<p>Les voies respiratoires sup\u00e9rieures constituent la premi\u00e8re ligne de d\u00e9fense immunitaire. Renforcer cette derni\u00e8re est donc essentiel. En compl\u00e9ment d\u2019une alimentation \u00e9quilibr\u00e9e et d\u2019une hygi\u00e8ne de vie adapt\u00e9e pour soutenir les d\u00e9fenses immunitaires, les Laboratoires\u00a0<strong>NHCO Nutrition\u00ae<\/strong>\u00a0ont \u00e9labor\u00e9 une formule compl\u00e8te aux ingr\u00e9dients innovants :\u00a0<strong>Priorel\u00ae.<\/strong><\/p>\n<p><strong>Priorel\u00ae<\/strong>\u00a0renferme deux complexes sp\u00e9cifiques :<\/p>\n<ul>\n<li><strong>Immurum<\/strong>\u00a0concentre une combinaison de trois souches microbiotiques ainsi qu\u2019un extrait d\u2019\u00e9leuth\u00e9rocoque. Ce dernier contribue au bien-\u00eatre des voies respiratoires sup\u00e9rieures lors des p\u00e9riodes de fragilit\u00e9.<\/li>\n<li><strong>Provaflu<\/strong>\u00a0associe une souche de lactobacille unique et brevet\u00e9e, la K8, \u00e0 un extrait d\u2019olivier : Isenolic\u00ae. Il contient \u00e9galement de la vitamine D qui contribue au maintien du bon fonctionnement du syst\u00e8me immunitaire.<\/li>\n<\/ul>\n<table border=\"0\" width=\"100%\" cellspacing=\"0\" cellpadding=\"10\">\n<tbody>\n<tr>\n<td bgcolor=\"#65a9ac\" width=\"60%\"><strong>Conseils d\u2019utilisation<\/strong><\/td>\n<td bgcolor=\"#65a9ac\" width=\"20%\">Le soir<\/td>\n<\/tr>\n<tr>\n<td bgcolor=\"#ffffff\" width=\"60%\">\n<table>\n<tbody>\n<tr>\n<td width=\"156\">Avant le d\u00eener<\/td>\n<\/tr>\n<\/tbody>\n<\/table>\n<\/td>\n<td bgcolor=\"#ffffff\" width=\"20%\"><strong>2 g\u00e9lules<\/strong><\/td>\n<\/tr>\n<\/tbody>\n<\/table>\n<table border=\"0\" width=\"100%\" cellspacing=\"0\" cellpadding=\"10\">\n<tbody>\n<tr>\n<td bgcolor=\"#498D95\">Programme de 4 semaines. Renouvelable.<\/td>\n<\/tr>\n<\/tbody>\n<\/table>\n<h5>Ce produit convient aux v\u00e9g\u00e9tariens.<\/h5>\n<h5>Ce compl\u00e9ment alimentaire n\u2019est pas un m\u00e9dicament. Il est recommand\u00e9 de respecter les doses journali\u00e8res indiqu\u00e9es, de le consommer dans le cadre d\u2019une alimentation vari\u00e9e et \u00e9quilibr\u00e9e et d\u2019un mode de vie sain, de le tenir hors de port\u00e9e des jeunes enfants. R\u00e9serv\u00e9 \u00e0 l\u2019adulte, except\u00e9 la femme enceinte ou allaitante. Les personnes sous contr\u00f4le m\u00e9dical doivent demander l\u2019avis de leur m\u00e9decin traitant.<\/h5>\n<h5>Ce produit est contre-indiqu\u00e9 en cas d\u2019hypertension art\u00e9rielle (Eleuth\u00e9rocoque). Apr\u00e8s 3 mois de programme, il est recommand\u00e9 d\u2019arr\u00eater la suppl\u00e9mentation pendant 1 mois avant de reprendre, si besoin, un nouveau programme de 1 \u00e0 3 mois.<\/h5>\n<h5>\u00c0 consommer de pr\u00e9f\u00e9rence avant la date indiqu\u00e9e sous l\u2019\u00e9tui.<br \/>\n\u00c0 conserver \u00e0 l\u2019abri de la lumi\u00e8re, dans un endroit sec et frais.<\/h5>\n<p><strong>Compl\u00e9ment alimentaire<\/strong><br \/>\n<strong>I<\/strong><strong>ngr\u00e9dients :\u00a0<\/strong>Extrait de racine d\u2019\u00e9leuth\u00e9rocoque (<em>Eleutherococcus senticosus<\/em>), agent de charge : cellulose microcristalline, Isenolic\u00ae (extrait de feuille d\u2019olivier (<em>Olea europaea<\/em>)), souches de\u00a0<em>Lactobacillus coryniformis<\/em>\u00a0K8 CECT5711,\u00a0<em>Lactobacillus rhamnosus<\/em>\u00a0DSM 16605,\u00a0<em>Lactobacillus plantarum<\/em>\u00a0LMG P-21020,\u00a0<em>Bifidobacterium lactis<\/em>\u00a0LMG P-21384, anti-agglom\u00e9rant : st\u00e9arate de Magn\u00e9sium v\u00e9g\u00e9tal, vitamine D3 (chol\u00e9calcif\u00e9rol).<br \/>\nG\u00e9lule : hydroxypropylm\u00e9thylcellulose, \u00e9paississant : gomme gellane.<\/p>\n<p>&nbsp;<\/p>\n<table border=\"0\" width=\"100%\" cellspacing=\"0\" cellpadding=\"10\">\n<tbody>\n<tr>\n<td bgcolor=\"#666666\"><strong>Composition pour 2 g\u00e9lules\/jour (590 mg)<\/strong><\/td>\n<\/tr>\n<\/tbody>\n<\/table>\n<table border=\"0\" width=\"100%\" cellspacing=\"0\" cellpadding=\"10\">\n<tbody>\n<tr>\n<td align=\"left\" bgcolor=\"#a2a2a2\" width=\"50\">Ingr\u00e9dients<\/td>\n<td align=\"right\" bgcolor=\"#a2a2a2\" width=\"30%\">Dosage<\/td>\n<\/tr>\n<\/tbody>\n<\/table>\n<table border=\"0\" width=\"100%\" cellspacing=\"0\" cellpadding=\"10\">\n<tbody>\n<tr>\n<td align=\"left\" bgcolor=\"#cccccc\"><strong>Immurum<\/strong><\/td>\n<td align=\"right\" bgcolor=\"#cccccc\" width=\"30%\"><strong>410 mg<\/strong><\/td>\n<\/tr>\n<tr>\n<td align=\"left\" bgcolor=\"#eeeeee\">Extrait de racine d\u2019\u00e9leuth\u00e9rocoque&nbsp;<\/p>\n<p>Lactobacilles et bifidobact\u00e9ries<\/p>\n<p>(<em>Lactobacillus plantarum<\/em>\u00a02 milliards d\u2019UFC*,\u00a0<em>Lactobacillus rhamnosus<\/em>\u00a02 milliards d\u2019UFC* et<em>\u00a0Bifidobacterium lactis<\/em>\u00a02 milliards d\u2019UFC*)<\/td>\n<td align=\"right\" bgcolor=\"#eeeeee\">350 mg&nbsp;<\/p>\n<p>60 mg<\/p>\n<p>6 milliards d\u2019UFC*<\/p>\n<p>&nbsp;<\/td>\n<\/tr>\n<\/tbody>\n<\/table>\n<table border=\"0\" width=\"100%\" cellspacing=\"0\" cellpadding=\"10\">\n<tbody>\n<tr>\n<td align=\"left\" bgcolor=\"#cccccc\"><strong>Provaflu<\/strong><\/td>\n<td align=\"right\" bgcolor=\"#cccccc\"><strong>180 mg<\/strong><\/td>\n<\/tr>\n<tr>\n<td align=\"left\" bgcolor=\"#eeeeee\">Isenolic\u00ae, extrait de feuilles d\u2019olivier&nbsp;<\/p>\n<p><em>Lactobacillus coryniformis<\/em>\u00a0K8 3 milliards d\u2019UFC*<\/p>\n<p>Vitamine D (100% VNR**)<\/td>\n<td align=\"right\" bgcolor=\"#eeeeee\">150 mg&nbsp;<\/p>\n<p>30 mg<\/p>\n<p>5\u00a0 \u03bcg<\/td>\n<\/tr>\n<\/tbody>\n<\/table>\n<h5>* Unit\u00e9 Formant Colonie.<\/h5>\n<h5>** Valeurs Nutritionnelles de R\u00e9f\u00e9rence.<\/h5>\n<p>Poids net : 29 g. \u2013 Code ACL : 6256503<\/p>\n","protected":false},"excerpt":{"rendered":"<table border=\"0\" cellspacing=\"0\" cellpadding=\"0\">\n<tbody>\n<tr>\n<td valign=\"top\">\n<h1><strong>PRIOREL\u00ae<\/strong><\/h1>\n<\/td>\n<\/tr>\n<tr>\n<td valign=\"top\" height=\"50\"><\/td>\n<\/tr>\n<\/tbody>\n<\/table>\n<h3>Sant\u00e9 des voies respiratoires<\/h3>\n<p><strong><img loading=\"lazy\" decoding=\"async\" class=\"size-full wp-image-19491\" src=\"https:\/\/nhco-nutrition.com\/france\/wp-content\/uploads\/2020\/10\/icone-bleunuit.png\" alt=\"\" width=\"18\" height=\"10\" \/>Extrait d\u2019\u00e9leuth\u00e9rocoque contribuant \u00e0 l\u2019apaisement des voies respiratoires sup\u00e9rieures lors des p\u00e9riodes de fragilit\u00e9.<br \/>\n<img loading=\"lazy\" decoding=\"async\" class=\"size-full wp-image-19491\" src=\"https:\/\/nhco-nutrition.com\/france\/wp-content\/uploads\/2020\/10\/icone-bleunuit.png\" alt=\"\" width=\"18\" height=\"10\" \/>Association unique de quatre souches de lactobacilles et de bifidobact\u00e9ries.<\/strong><\/p>\n<p>&nbsp;<\/p>\n<p><strong>56 g\u00e9lules DRcaps\u00ae \u2013 28 jours<\/strong><\/p>\n","protected":false},"featured_media":2261,"comment_status":"open","ping_status":"closed","template":"","meta":[],"product_brand":[],"product_cat":[23],"product_tag":[],"class_list":{"0":"post-2260","1":"product","2":"type-product","3":"status-publish","4":"has-post-thumbnail","6":"product_cat-23","7":"entry","9":"first","10":"outofstock","11":"taxable","12":"shipping-taxable","13":"purchasable","14":"product-type-simple"},"jetpack_sharing_enabled":true,"_links":{"self":[{"href":"https:\/\/healthstore.mc\/index.php\/wp-json\/wp\/v2\/product\/2260","targetHints":{"allow":["GET"]}}],"collection":[{"href":"https:\/\/healthstore.mc\/index.php\/wp-json\/wp\/v2\/product"}],"about":[{"href":"https:\/\/healthstore.mc\/index.php\/wp-json\/wp\/v2\/types\/product"}],"replies":[{"embeddable":true,"href":"https:\/\/healthstore.mc\/index.php\/wp-json\/wp\/v2\/comments?post=2260"}],"wp:featuredmedia":[{"embeddable":true,"href":"https:\/\/healthstore.mc\/index.php\/wp-json\/wp\/v2\/media\/2261"}],"wp:attachment":[{"href":"https:\/\/healthstore.mc\/index.php\/wp-json\/wp\/v2\/media?parent=2260"}],"wp:term":[{"taxonomy":"product_brand","embeddable":true,"href":"https:\/\/healthstore.mc\/index.php\/wp-json\/wp\/v2\/product_brand?post=2260"},{"taxonomy":"product_cat","embeddable":true,"href":"https:\/\/healthstore.mc\/index.php\/wp-json\/wp\/v2\/product_cat?post=2260"},{"taxonomy":"product_tag","embeddable":true,"href":"https:\/\/healthstore.mc\/index.php\/wp-json\/wp\/v2\/product_tag?post=2260"}],"curies":[{"name":"wp","href":"https:\/\/api.w.org\/{rel}","templated":true}]}}