{"id":2285,"date":"2021-03-21T21:00:19","date_gmt":"2021-03-21T20:00:19","guid":{"rendered":"https:\/\/healthstore.mc\/?post_type=product&#038;p=2285"},"modified":"2024-09-21T16:35:21","modified_gmt":"2024-09-21T14:35:21","slug":"vitorel-15cps","status":"publish","type":"product","link":"https:\/\/healthstore.mc\/index.php\/product\/vitorel-15cps\/","title":{"rendered":"Vitorel 15cps"},"content":{"rendered":"<p>Afin de soutenir les voies respiratoires, en particulier le nez, les sinus et la gorge, durant les p\u00e9riodes de fragilit\u00e9, les Laboratoires\u00a0<strong>NHCO Nutrition<\/strong>\u00ae\u00a0 ont d\u00e9velopp\u00e9\u00a0<strong>Vitorel<\/strong>\u00ae.<\/p>\n<p><strong>Vitorel\u00ae<\/strong>\u00a0associe deux formules compl\u00e9mentaires : des comprim\u00e9s \u00e0 sucer et des comprim\u00e9s \u00e0 avaler.<\/p>\n<ul>\n<li>La formule des comprim\u00e9s \u00e0 sucer renferme de l\u2019huile essentielle de menthe poivr\u00e9e favorisant un effet apaisant sur la gorge, associ\u00e9e \u00e0 de l\u2019huile essentielle d\u2019eucalyptus globuleux.<\/li>\n<li>La formule des comprim\u00e9s \u00e0 avaler renferme un extrait d\u2019andrographis contribuant \u00e0 aider les d\u00e9fenses naturelles de l\u2019organisme notamment au niveau des voies respiratoires sup\u00e9rieures, participant ainsi au confort respiratoire. Elle contient aussi un extrait de romarin, trois huiles essentielles ainsi que de la vitamine D. Cette derni\u00e8re contribue au bon fonctionnement du syst\u00e8me immunitaire.<\/li>\n<\/ul>\n<p>&nbsp;<\/p>\n<table border=\"0\" width=\"100%\" cellspacing=\"0\" cellpadding=\"10\">\n<tbody>\n<tr>\n<td bgcolor=\"#65a9ac\" width=\"40%\"><strong>Conseils d\u2019utilisation<\/strong><\/td>\n<td bgcolor=\"#65a9ac\" width=\"20%\">Matin<\/td>\n<td bgcolor=\"#65a9ac\" width=\"20%\">Apr\u00e8s-midi<\/td>\n<td bgcolor=\"#65a9ac\" width=\"20%\">Soir<\/td>\n<\/tr>\n<tr>\n<td bgcolor=\"#ffffff\" width=\"40%\">Comprim\u00e9 \u00e0 sucer<\/td>\n<td colspan=\"3\" bgcolor=\"#ffffff\" width=\"20%\"><strong>3 comprim\u00e9s \u00e0 r\u00e9partir dans la journ\u00e9e<\/strong><\/td>\n<\/tr>\n<tr>\n<td bgcolor=\"#ffffff\" width=\"40%\">Comprim\u00e9 \u00e0 avaler<\/td>\n<td bgcolor=\"#ffffff\" width=\"20%\"><strong>1 comprim\u00e9<\/strong><\/td>\n<td bgcolor=\"#ffffff\" width=\"20%\"><strong>1 comprim\u00e9<\/strong><\/td>\n<td bgcolor=\"#ffffff\" width=\"20%\"><strong>1 comprim\u00e9<\/strong><\/td>\n<\/tr>\n<\/tbody>\n<\/table>\n<table border=\"0\" width=\"100%\" cellspacing=\"0\" cellpadding=\"10\">\n<tbody>\n<tr>\n<td bgcolor=\"#498D95\">Programme de 5 jours.<\/td>\n<\/tr>\n<\/tbody>\n<\/table>\n<h5>Ce produit convient aux v\u00e9g\u00e9tariens.<\/h5>\n<h5>Ce compl\u00e9ment alimentaire n\u2019est pas un m\u00e9dicament. Il est recommand\u00e9 de respecter les doses journali\u00e8res indiqu\u00e9es, de le consommer dans le cadre d\u2019une alimentation vari\u00e9e et \u00e9quilibr\u00e9e et d\u2019un mode de vie sain, de le tenir hors de port\u00e9e des jeunes enfants.\u00a0<strong>R\u00e9serv\u00e9 \u00e0 l\u2019adulte, except\u00e9 la femme enceinte ou allaitante.<\/strong><\/h5>\n<h5>En raison de la pr\u00e9sence d\u2019huiles essentielles, il est recommand\u00e9 de demander conseil \u00e0 un professionnel de sant\u00e9, en particulier les personnes sous contr\u00f4le m\u00e9dical, notamment celles sous traitement antidiab\u00e9tique ou anticoagulant (Andrographis).<\/h5>\n<h5>\u00c0 consommer de pr\u00e9f\u00e9rence avant la date indiqu\u00e9e sous l\u2019\u00e9tui.<br \/>\n\u00c0 conserver \u00e0 l\u2019abri de la lumi\u00e8re, dans un endroit sec et frais.<\/h5>\n<p><strong>Compl\u00e9ment alimentaire<\/strong><br \/>\n<strong>Ingr\u00e9dients des comprim\u00e9s \u00e0 sucer :\u00a0<\/strong>fructose de raisin, brom\u00e9la\u00efne extraite de tige et de fruit d\u2019ananas (<em>Ananas comosus<\/em>) (2500 GDU\/g), agents de charge : phosphate de Calcium et cellulose microcristalline, concentr\u00e9 de baie d\u2019ac\u00e9rola (<em>Malpighia glabra<\/em>) standardis\u00e9 en vitamine C naturelle, antiagglom\u00e9rant : st\u00e9arate de Magn\u00e9sium v\u00e9g\u00e9tal, huile essentielle de sommit\u00e9 fleurie de menthe poivr\u00e9e (<em>Mentha piperita<\/em>), huile essentielle de feuille d\u2019eucalyptus globuleux (<em>Eucalyptus globulus<\/em>).<\/p>\n<p><strong>Ingr\u00e9dients des comprim\u00e9s \u00e0 avaler :\u00a0<\/strong>extrait de feuille d\u2019andrographis (<em>Andrographis paniculata<\/em>), agents de charge : phosphate de Calcium et cellulose microcristalline, extrait de feuille de romarin (<em>Rosmarinus officinalis<\/em>), antiagglom\u00e9rant : st\u00e9arate de Magn\u00e9sium v\u00e9g\u00e9tal, S\u00e9l\u00e9nium (s\u00e9l\u00e9nom\u00e9thionine), Cuivre (bisglycinate), propolis, huile essentielle de sommit\u00e9 fleurie de menthe poivr\u00e9e (<em>Mentha piperita<\/em>), huile essentielle de sommit\u00e9 fleurie de thym commun (<em>Thymus vulgaris<\/em>), huile essentielle de feuille d\u2019eucalyptus globuleux (<em>Eucalyptus globulus<\/em>), vitamine D3 (chol\u00e9calcif\u00e9rol).<br \/>\nEnrobage du comprim\u00e9 : hydroxypropylm\u00e9thylcellulose, cellulose microcristalline, \u00e9mulsifiant : acide st\u00e9arique.<\/p>\n<table border=\"0\" width=\"100%\" cellspacing=\"0\" cellpadding=\"10\">\n<tbody>\n<tr>\n<td bgcolor=\"#666666\"><strong>Composition pour 3 comprim\u00e9s \u00e0 sucer\/jour (963 mg)<\/strong><\/td>\n<\/tr>\n<\/tbody>\n<\/table>\n<table border=\"0\" width=\"100%\" cellspacing=\"0\" cellpadding=\"10\">\n<tbody>\n<tr>\n<td align=\"left\" bgcolor=\"#cccccc\" width=\"50\">Ingr\u00e9dients<\/td>\n<td align=\"right\" bgcolor=\"#cccccc\" width=\"20%\">Dosage<\/td>\n<\/tr>\n<\/tbody>\n<\/table>\n<table border=\"0\" width=\"100%\" cellspacing=\"0\" cellpadding=\"10\">\n<tbody>\n<tr>\n<td align=\"left\" bgcolor=\"#eeeeee\">Brom\u00e9la\u00efne (2500 GDU\/g)<\/p>\n<p>Huile essentielle de Menthe poivr\u00e9e<\/p>\n<p>Vitamine C naturelle issue d\u2019ac\u00e9rola (30 % VNR*)<\/p>\n<p>Huile essentielle d\u2019Eucalyptus globuleux<strong><br \/>\n<\/strong><\/td>\n<td align=\"right\" bgcolor=\"#eeeeee\">900 mg<\/p>\n<p>30 mg<\/p>\n<p>176 mg<\/p>\n<p>9 mg<\/td>\n<\/tr>\n<\/tbody>\n<\/table>\n<p>&nbsp;<\/p>\n<table border=\"0\" width=\"100%\" cellspacing=\"0\" cellpadding=\"10\">\n<tbody>\n<tr>\n<td bgcolor=\"#666666\"><strong>Composition pour 3 comprim\u00e9s \u00e0 avaler\/jour (1543,5 mg)<\/strong><\/td>\n<\/tr>\n<\/tbody>\n<\/table>\n<table border=\"0\" width=\"100%\" cellspacing=\"0\" cellpadding=\"10\">\n<tbody>\n<tr>\n<td align=\"left\" bgcolor=\"#cccccc\" width=\"50\">Ingr\u00e9dients<\/td>\n<td align=\"right\" bgcolor=\"#cccccc\" width=\"20%\">Dosage<\/td>\n<\/tr>\n<\/tbody>\n<\/table>\n<table border=\"0\" width=\"100%\" cellspacing=\"0\" cellpadding=\"10\">\n<tbody>\n<tr>\n<td align=\"left\" bgcolor=\"#eeeeee\">Extrait de feuille d\u2019andrographis<\/p>\n<p>Extrait de feuille de romarin<\/p>\n<p>Huile essentielle de sommit\u00e9 fleurie de menthe poivr\u00e9e<\/p>\n<p>Propolis<\/p>\n<p>Huile essentielle de sommit\u00e9 fleurie de thym commun \u00e0 linalol<\/p>\n<p>Huile essentielle de feuille d\u2019eucalyptus globuleux<\/p>\n<p>Cuivre Amino-ch\u00e9lat\u00e9\u00ae (150 % VNR*)<\/p>\n<p>S\u00e9l\u00e9nium sous forme de s\u00e9l\u00e9nom\u00e9thionine (150 % VNR*)<\/p>\n<p>Vitamine D (100% VNR*)<strong><br \/>\n<\/strong><\/td>\n<td align=\"right\" bgcolor=\"#eeeeee\">1200 mg<\/p>\n<p>300 mg<\/p>\n<p>15 mg<\/p>\n<p>10,5 mg<\/p>\n<p>9 mg<\/p>\n<p>7,5 mg<\/p>\n<p>1,5 mg<\/p>\n<p>82,5 \u00b5g<\/p>\n<p>5 \u00b5g<\/td>\n<\/tr>\n<\/tbody>\n<\/table>\n<h5>* Valeurs Nutritionnelles de R\u00e9f\u00e9rence.<\/h5>\n<p>Poids net : 25 g \u2013 Code ACL : 6257524<\/p>\n","protected":false},"excerpt":{"rendered":"<table border=\"0\" cellspacing=\"0\" cellpadding=\"0\">\n<tbody>\n<tr>\n<td valign=\"top\">\n<h1><strong>VITOREL\u00ae<\/strong><\/h1>\n<\/td>\n<\/tr>\n<tr>\n<td valign=\"top\" height=\"50\">\n<h5><\/h5>\n<\/td>\n<\/tr>\n<\/tbody>\n<\/table>\n<h3>Nez \u2013 Sinus \u2013 Gorge<\/h3>\n<p><strong><img loading=\"lazy\" decoding=\"async\" class=\"size-full wp-image-19491\" src=\"https:\/\/nhco-nutrition.com\/france\/wp-content\/uploads\/2020\/10\/icone-bleunuit.png\" alt=\"\" width=\"18\" height=\"10\" \/>Comprim\u00e9 \u00e0 sucer : huile essentielle de menthe poivr\u00e9e favorisant un effet apaisant sur la gorge<br \/>\n<img loading=\"lazy\" decoding=\"async\" class=\"size-full wp-image-19491\" src=\"https:\/\/nhco-nutrition.com\/france\/wp-content\/uploads\/2020\/10\/icone-bleunuit.png\" alt=\"\" width=\"18\" height=\"10\" \/>Comprim\u00e9 \u00e0 avaler : extrait d\u2019andrographis participant au confort respiratoire des voies a\u00e9riennes sup\u00e9rieures<\/strong><\/p>\n<p><strong>15 comprim\u00e9s \u00e0 sucer +\u00a0<\/strong><strong>15 comprim\u00e9s \u00e0 avaler \u2013 5 jours<\/strong><\/p>\n","protected":false},"featured_media":2286,"comment_status":"open","ping_status":"closed","template":"","meta":[],"product_brand":[],"product_cat":[23],"product_tag":[],"class_list":{"0":"post-2285","1":"product","2":"type-product","3":"status-publish","4":"has-post-thumbnail","6":"product_cat-23","7":"entry","9":"first","10":"instock","11":"taxable","12":"shipping-taxable","13":"purchasable","14":"product-type-simple"},"jetpack_sharing_enabled":true,"_links":{"self":[{"href":"https:\/\/healthstore.mc\/index.php\/wp-json\/wp\/v2\/product\/2285","targetHints":{"allow":["GET"]}}],"collection":[{"href":"https:\/\/healthstore.mc\/index.php\/wp-json\/wp\/v2\/product"}],"about":[{"href":"https:\/\/healthstore.mc\/index.php\/wp-json\/wp\/v2\/types\/product"}],"replies":[{"embeddable":true,"href":"https:\/\/healthstore.mc\/index.php\/wp-json\/wp\/v2\/comments?post=2285"}],"wp:featuredmedia":[{"embeddable":true,"href":"https:\/\/healthstore.mc\/index.php\/wp-json\/wp\/v2\/media\/2286"}],"wp:attachment":[{"href":"https:\/\/healthstore.mc\/index.php\/wp-json\/wp\/v2\/media?parent=2285"}],"wp:term":[{"taxonomy":"product_brand","embeddable":true,"href":"https:\/\/healthstore.mc\/index.php\/wp-json\/wp\/v2\/product_brand?post=2285"},{"taxonomy":"product_cat","embeddable":true,"href":"https:\/\/healthstore.mc\/index.php\/wp-json\/wp\/v2\/product_cat?post=2285"},{"taxonomy":"product_tag","embeddable":true,"href":"https:\/\/healthstore.mc\/index.php\/wp-json\/wp\/v2\/product_tag?post=2285"}],"curies":[{"name":"wp","href":"https:\/\/api.w.org\/{rel}","templated":true}]}}