{"id":2358,"date":"2021-12-02T18:41:12","date_gmt":"2021-12-02T17:41:12","guid":{"rendered":"https:\/\/healthstore.mc\/?post_type=product&#038;p=2358"},"modified":"2024-09-21T16:32:26","modified_gmt":"2024-09-21T14:32:26","slug":"huile-drainante-100ml","status":"publish","type":"product","link":"https:\/\/healthstore.mc\/index.php\/product\/huile-drainante-100ml\/","title":{"rendered":"Huile Drainante 100ml"},"content":{"rendered":"<p>L&rsquo;HUILE DRAINANTE est un subtil m\u00e9lange d&rsquo;huiles d&rsquo;exception associ\u00e9 \u00e0 de l&rsquo;extrait de poivre rose et \u00e0 une synergie d&rsquo;huiles essentielles drainantes. Sous l&rsquo;action de gestuelles de massage, elle stimule la microcirculation et favorise l\u2019\u00e9limination des capitons pour une peau raffermie et liss\u00e9e.<\/p>\n<p>Am\u00e9liore l\u2019\u00e9lasticit\u00e9 de la peau<br \/>\nStimule la micro-circulation<br \/>\nFavorise l\u2019\u00e9limination des capitons<\/p>\n<p><strong>Tous types de peau<\/strong><\/p>\n<p>INGR\u00c9DIENTS*:<br \/>\nPRUNUS ARMENIACA (APRICOT) KERNEL OIL, PRUNUS AMYGDALUS DULCIS (SWEET ALMOND) OIL, MACADAMIA INTEGRIFOLIA SEED OIL, SESAMUM INDICUM (SESAME) SEED OIL, COFFEA ARABICA (COFFEE) SEED OIL, GLYCINE SOJA (SOYBEAN) OIL, MENTHA PIPERITA (PEPPERMINT) FLOWER\/LEAF\/STEM EXTRACT, BULNESIA SARMIENTOI EXTRACT, JUNIPERUS VIRGINIANA (VIRGINIA RED CEDAR) WOOD EXTRACT, ZINGIBER OFFICINALE (GINGER) ROOT EXTRACT, CUPRESSUS SEMPERVIRENS LEAF\/STEM EXTRACT, SCHINUS TEREBINTHIFOLIUS SEED EXTRACT, PELARGONIUM GRAVEOLENS (GERANIUM) STEM LEAF EXTRACT, ILLICIUM VERUM (ANISE) FRUIT EXTRACT, SALVIA SCLAREA (CLARY SAGE) FLOWER\/LEAF\/STEM EXTRACT, DAUCUS CAROTA SATIVA (CARROT) ROOT EXTRACT, HELIANTHUS ANNUUS (SUNFLOWER) SEED OIL, BETA-CAROTENE, TOCOPHEROL.<br \/>\n*Les listes d&rsquo;ingr\u00e9dients entrant dans la composition des produits CODAGE Paris sont r\u00e9guli\u00e8rement mises \u00e0 jour. Avant d&rsquo;utiliser un produit, veuillez consulter la liste d&rsquo;ingr\u00e9dients figurant sur son emballage qui pr\u00e9vaut, afin de vous assurer que les ingr\u00e9dients sont adapt\u00e9s \u00e0 votre utilisation personnelle.<\/p>\n","protected":false},"excerpt":{"rendered":"<h2 class=\"z-main-product__subtitle\">NOURRISSANT &#8211; ANTI-CELLULITE &#8211; DRAINANT<\/h2>\n","protected":false},"featured_media":2359,"comment_status":"open","ping_status":"closed","template":"","meta":[],"product_brand":[],"product_cat":[33],"product_tag":[],"class_list":{"0":"post-2358","1":"product","2":"type-product","3":"status-publish","4":"has-post-thumbnail","6":"product_cat-codage","7":"entry","9":"first","10":"instock","11":"taxable","12":"shipping-taxable","13":"purchasable","14":"product-type-simple"},"jetpack_sharing_enabled":true,"_links":{"self":[{"href":"https:\/\/healthstore.mc\/index.php\/wp-json\/wp\/v2\/product\/2358","targetHints":{"allow":["GET"]}}],"collection":[{"href":"https:\/\/healthstore.mc\/index.php\/wp-json\/wp\/v2\/product"}],"about":[{"href":"https:\/\/healthstore.mc\/index.php\/wp-json\/wp\/v2\/types\/product"}],"replies":[{"embeddable":true,"href":"https:\/\/healthstore.mc\/index.php\/wp-json\/wp\/v2\/comments?post=2358"}],"wp:featuredmedia":[{"embeddable":true,"href":"https:\/\/healthstore.mc\/index.php\/wp-json\/wp\/v2\/media\/2359"}],"wp:attachment":[{"href":"https:\/\/healthstore.mc\/index.php\/wp-json\/wp\/v2\/media?parent=2358"}],"wp:term":[{"taxonomy":"product_brand","embeddable":true,"href":"https:\/\/healthstore.mc\/index.php\/wp-json\/wp\/v2\/product_brand?post=2358"},{"taxonomy":"product_cat","embeddable":true,"href":"https:\/\/healthstore.mc\/index.php\/wp-json\/wp\/v2\/product_cat?post=2358"},{"taxonomy":"product_tag","embeddable":true,"href":"https:\/\/healthstore.mc\/index.php\/wp-json\/wp\/v2\/product_tag?post=2358"}],"curies":[{"name":"wp","href":"https:\/\/api.w.org\/{rel}","templated":true}]}}