{"id":2362,"date":"2021-12-02T18:49:12","date_gmt":"2021-12-02T17:49:12","guid":{"rendered":"https:\/\/healthstore.mc\/?post_type=product&#038;p=2362"},"modified":"2024-09-21T16:37:12","modified_gmt":"2024-09-21T14:37:12","slug":"huile-stimulante-100ml","status":"publish","type":"product","link":"https:\/\/healthstore.mc\/index.php\/product\/huile-stimulante-100ml\/","title":{"rendered":"Huile Stimulante 100ml"},"content":{"rendered":"<p>L&rsquo;HUILE STIMULANTE est un subtil m\u00e9lange d&rsquo;huiles d&rsquo;exception associ\u00e9 \u00e0 une synergie d&rsquo;huiles essentielles stimulantes. Sous l&rsquo;action de gestuelles de massage, elle favorise la d\u00e9contraction musculaire et apaise les sensations de courbatures. Elle est id\u00e9ale avant ou apr\u00e8s le sport.<\/p>\n<p>Id\u00e9ale pour la pr\u00e9paration et la r\u00e9cup\u00e9ration musculaire<br \/>\nAssouplit et d\u00e9contracte les muscles<br \/>\nSoulage les courbatures<\/p>\n<p><strong>Tous types de peau<\/strong><\/p>\n<p>INGR\u00c9DIENTS*:<br \/>\nPRUNUS ARMENIACA (APRICOT) KERNEL OIL, PRUNUS AMYGDALUS DULCIS (SWEET ALMOND) OIL, MACADAMIA INTEGRIFOLIA SEED OIL, SESAMUM INDICUM (SESAME) SEED OIL, GLYCINE SOJA (SOYBEAN) OIL, EUCALYPTUS GLOBULUS (TASMANIAN BLUE GUM) LEAF EXTRACT, CINNAMOMUM CAMPHORA LINALOOLIFERUM WOOD EXTRACT, MENTHA PIPERITA (PEPPERMINT) FLOWER\/LEAF\/STEM EXTRACT, LITSEA CUBEBA FRUIT EXTRACT, ORIGANUM MAJORANA HERB EXTRACT, SALVIA OFFICINALIS (SAGE) FLOWER\/LEAF\/STEM EXTRACT, ARNICA MONTANA FLOWER EXTRACT, MYRTUS COMMUNIS LEAF EXTRACT, SALVIA SCLAREA (CLARY SAGE) FLOWER\/LEAF\/STEM EXTRACT, THYMUS VULGARIS (THYME) FLOWER\/LEAF\/STEM EXTRACT, PELARGONIUM GRAVEOLENS (GERANIUM) STEM LEAF EXTRACT, HELIANTHUS ANNUUS (SUNFLOWER) SEED OIL, DAUCUS CAROTA SATIVA (CARROT) ROOT EXTRACT, BETA-CAROTENE, TOCOPHEROL, LINALOOL.<br \/>\n*Les listes d&rsquo;ingr\u00e9dients entrant dans la composition des produits CODAGE Paris sont r\u00e9guli\u00e8rement mises \u00e0 jour. Avant d&rsquo;utiliser un produit, veuillez consulter la liste d&rsquo;ingr\u00e9dients figurant sur son emballage qui pr\u00e9vaut, afin de vous assurer que les ingr\u00e9dients sont adapt\u00e9s \u00e0 votre utilisation personnelle.<\/p>\n","protected":false},"excerpt":{"rendered":"<h2 class=\"z-main-product__subtitle\">NOURRISSANTE &#8211; \u00c9NERGISANTE &#8211; RESTRUCTURANTE<\/h2>\n","protected":false},"featured_media":2364,"comment_status":"open","ping_status":"closed","template":"","meta":[],"product_brand":[],"product_cat":[33],"product_tag":[],"class_list":{"0":"post-2362","1":"product","2":"type-product","3":"status-publish","4":"has-post-thumbnail","6":"product_cat-codage","7":"entry","9":"first","10":"instock","11":"taxable","12":"shipping-taxable","13":"purchasable","14":"product-type-simple"},"jetpack_sharing_enabled":true,"_links":{"self":[{"href":"https:\/\/healthstore.mc\/index.php\/wp-json\/wp\/v2\/product\/2362","targetHints":{"allow":["GET"]}}],"collection":[{"href":"https:\/\/healthstore.mc\/index.php\/wp-json\/wp\/v2\/product"}],"about":[{"href":"https:\/\/healthstore.mc\/index.php\/wp-json\/wp\/v2\/types\/product"}],"replies":[{"embeddable":true,"href":"https:\/\/healthstore.mc\/index.php\/wp-json\/wp\/v2\/comments?post=2362"}],"wp:featuredmedia":[{"embeddable":true,"href":"https:\/\/healthstore.mc\/index.php\/wp-json\/wp\/v2\/media\/2364"}],"wp:attachment":[{"href":"https:\/\/healthstore.mc\/index.php\/wp-json\/wp\/v2\/media?parent=2362"}],"wp:term":[{"taxonomy":"product_brand","embeddable":true,"href":"https:\/\/healthstore.mc\/index.php\/wp-json\/wp\/v2\/product_brand?post=2362"},{"taxonomy":"product_cat","embeddable":true,"href":"https:\/\/healthstore.mc\/index.php\/wp-json\/wp\/v2\/product_cat?post=2362"},{"taxonomy":"product_tag","embeddable":true,"href":"https:\/\/healthstore.mc\/index.php\/wp-json\/wp\/v2\/product_tag?post=2362"}],"curies":[{"name":"wp","href":"https:\/\/api.w.org\/{rel}","templated":true}]}}