{"id":2635,"date":"2021-12-22T18:04:00","date_gmt":"2021-12-22T17:04:00","guid":{"rendered":"https:\/\/healthstore.mc\/?post_type=product&#038;p=2635"},"modified":"2024-09-21T16:36:32","modified_gmt":"2024-09-21T14:36:32","slug":"serum-oh-my-cold-10ml","status":"publish","type":"product","link":"https:\/\/healthstore.mc\/index.php\/product\/serum-oh-my-cold-10ml\/","title":{"rendered":"S\u00e9rum Oh My Cold 10ml"},"content":{"rendered":"<p>Le S\u00e9rum Saisonnier Oh My Cold est un S\u00e9rum sp\u00e9cifiquement con\u00e7u pour la p\u00e9riode hivernale. Hydratant et R\u00e9parateur gr\u00e2ce au Centella Asiatica et l&rsquo;Acide Hyaluronique, ce S\u00e9rum prot\u00e8ge la peau face aux agressions de l&rsquo;hiver. En effet, une Glycoprot\u00e9ine provenant d&rsquo;Antarctique, survivant \u00e0 des conditions climatiques extr\u00eames, prot\u00e9gera votre peau des temp\u00e9ratures froides. Ce s\u00e9rum apportera \u00e9galement une action antioxydante gr\u00e2ce \u00e0 une Micro Algue Verte.<\/p>\n<p>Le S\u00e9rum Oh My Cold est LE S\u00e9rum qu&rsquo;il vous faut pour accompagner votre peau durant la saison d&rsquo;Hivernale pour l&rsquo;aider \u00e0 passer l&rsquo;hiver.<\/p>\n<p>Apr\u00e8s avoir pr\u00e9par\u00e9 votre peau, appliquez 3 gouttes du S\u00e9rum Oh My Cold matin et\/ou soir, seul ou avec un autre S\u00e9rum de la collection. Puis prot\u00e9gez votre peau \u00e0 l&rsquo;aide d&rsquo;une Cr\u00e8me de Jour ou de Nuit.<\/p>\n<p>Texture lact\u00e9e, onctueuse et cr\u00e9meuse concentr\u00e9e en actifs pour agir sur chaque couche de l&rsquo;\u00e9piderme. De part la forte concentration d&rsquo;actifs contenus dans nos produits, il contient un subtil parfum mixte et sans allerg\u00e8nes aux notes de Jasmin, Fleurs d&rsquo;Amandier, Aub\u00e9pine, Iris, Rose, P\u00eache, Santal, Ambre et Musc.<\/p>\n<p>Sans allerg\u00e8ne<br \/>\nSans parab\u00e8nes<br \/>\nSans Chlorph\u00e9n\u00e9sine<br \/>\nSans Triclosan<br \/>\nSans huile min\u00e9rale<br \/>\nSans colorant<br \/>\nSans sulfates (SLES \/ SLS)<br \/>\nSans de phtalates<br \/>\nSans alcool<br \/>\nSans d&rsquo;ingr\u00e9dients d&rsquo;origine animale (100% VEGAN)<br \/>\nSans huile essentielle<\/p>\n","protected":false},"excerpt":{"rendered":"<h2 class=\"z-main-product__subtitle\">HYDRATANT &#8211; R\u00c9PARATEUR<\/h2>\n<h1 class=\"z-main-product__title\">Oh My Cold<\/h1>\n<p>OH MY COLD est l\u2019\u00e9dition sp\u00e9ciale hiver pour le confort et la protection des peaux fragilis\u00e9es par le froid. Ce s\u00e9rum prot\u00e8ge, r\u00e9pare et ressource instantan\u00e9ment la peau en eau et lipides, pour une protection maximale et une hydratation longue dur\u00e9e. Ses acides hyaluroniques et actifs hydratants agissent en synergie \u00e0 travers la membrane cutan\u00e9e pour y retenir l\u2019eau, dynamiser son syst\u00e8me naturel d\u2019irrigation et prot\u00e9ger la couche ext\u00e9rieure des diverses agressions. Enrichi d\u2019un actif unique issu des glaciers de l\u2019Antarctique, ce soin acc\u00e9l\u00e8re la r\u00e9g\u00e9n\u00e9ration cutan\u00e9e. La peau est douce, fortifi\u00e9e et pr\u00eate \u00e0 affronter la rigueur de l\u2019hiver.<\/p>\n","protected":false},"featured_media":2636,"comment_status":"open","ping_status":"closed","template":"","meta":[],"product_brand":[],"product_cat":[33],"product_tag":[],"class_list":{"0":"post-2635","1":"product","2":"type-product","3":"status-publish","4":"has-post-thumbnail","6":"product_cat-codage","7":"entry","9":"first","10":"instock","11":"taxable","12":"shipping-taxable","13":"purchasable","14":"product-type-simple"},"jetpack_sharing_enabled":true,"_links":{"self":[{"href":"https:\/\/healthstore.mc\/index.php\/wp-json\/wp\/v2\/product\/2635","targetHints":{"allow":["GET"]}}],"collection":[{"href":"https:\/\/healthstore.mc\/index.php\/wp-json\/wp\/v2\/product"}],"about":[{"href":"https:\/\/healthstore.mc\/index.php\/wp-json\/wp\/v2\/types\/product"}],"replies":[{"embeddable":true,"href":"https:\/\/healthstore.mc\/index.php\/wp-json\/wp\/v2\/comments?post=2635"}],"wp:featuredmedia":[{"embeddable":true,"href":"https:\/\/healthstore.mc\/index.php\/wp-json\/wp\/v2\/media\/2636"}],"wp:attachment":[{"href":"https:\/\/healthstore.mc\/index.php\/wp-json\/wp\/v2\/media?parent=2635"}],"wp:term":[{"taxonomy":"product_brand","embeddable":true,"href":"https:\/\/healthstore.mc\/index.php\/wp-json\/wp\/v2\/product_brand?post=2635"},{"taxonomy":"product_cat","embeddable":true,"href":"https:\/\/healthstore.mc\/index.php\/wp-json\/wp\/v2\/product_cat?post=2635"},{"taxonomy":"product_tag","embeddable":true,"href":"https:\/\/healthstore.mc\/index.php\/wp-json\/wp\/v2\/product_tag?post=2635"}],"curies":[{"name":"wp","href":"https:\/\/api.w.org\/{rel}","templated":true}]}}