{"id":2710,"date":"2022-02-07T19:41:59","date_gmt":"2022-02-07T18:41:59","guid":{"rendered":"https:\/\/healthstore.mc\/?post_type=product&#038;p=2710"},"modified":"2024-09-21T16:38:23","modified_gmt":"2024-09-21T14:38:23","slug":"intens-propolis-masque-75ml","status":"publish","type":"product","link":"https:\/\/healthstore.mc\/index.php\/product\/intens-propolis-masque-75ml\/","title":{"rendered":"Intens Propolis + masque 75ml"},"content":{"rendered":"<p>Un masque-cr\u00e8me assainissant et non dess\u00e9chant qui d\u00e9sincruste les pores et absorbe l&rsquo;exc\u00e8s de s\u00e9bum pour un teint instantan\u00e9ment pur et \u00e9clatant.<\/p>\n<p>\u2022 Absorbe l&rsquo;exc\u00e8s de s\u00e9bum : gr\u00e2ce aux propri\u00e9t\u00e9s absorbantes du Kaolin, ce masque aide \u00e0 diminuer visiblement les brillances.<br \/>\n\u2022 Nettoie et resserre visiblement les pores : d\u00e9sincruste les pores pour r\u00e9duire les points noirs et affine le grain de peau.<\/p>\n<p>Peaux adultes \u00e0 imperfections.<\/p>\n<p>Appliquer en couche fine sur la peau propre et s\u00e8che du visage et du cou. Laisser poser 15 minutes, puis rincer abondamment.<br \/>\nPour une action intensive, utiliser pendant 7 jours, puis 2 \u00e0 3 fois par semaine.<br \/>\nPeut \u00e9galement s&rsquo;appliquer localement sur les imperfections.<br \/>\nDestin\u00e9 aux adultes.<br \/>\nLa collection INTENSIVE s&rsquo;utilise en alternance avec les soins habituels ou en compl\u00e9ment d&rsquo;actes esth\u00e9tiques.<\/p>\n<p>d\u00e8s la premi\u00e8re utilisation, la peau est purifi\u00e9e et lib\u00e9r\u00e9e des impuret\u00e9s. Apr\u00e8s rin\u00e7age, la peau est douce et nette. Jour apr\u00e8s jour, la peau est matifi\u00e9e et les imperfections sont att\u00e9nu\u00e9es.<\/p>\n<div class=\"product-collateral toggle-content tabs\"><\/div>\n","protected":false},"excerpt":{"rendered":"<p>MASQUE PURIFIANT INTENSIVE PROPOLIS +\u00a0<span class=\"product-contenance\">75ML<\/span><\/p>\n","protected":false},"featured_media":2711,"comment_status":"open","ping_status":"closed","template":"","meta":[],"product_brand":[],"product_cat":[34],"product_tag":[],"class_list":{"0":"post-2710","1":"product","2":"type-product","3":"status-publish","4":"has-post-thumbnail","6":"product_cat-34","7":"entry","9":"first","10":"instock","11":"taxable","12":"shipping-taxable","13":"purchasable","14":"product-type-simple"},"jetpack_sharing_enabled":true,"_links":{"self":[{"href":"https:\/\/healthstore.mc\/index.php\/wp-json\/wp\/v2\/product\/2710","targetHints":{"allow":["GET"]}}],"collection":[{"href":"https:\/\/healthstore.mc\/index.php\/wp-json\/wp\/v2\/product"}],"about":[{"href":"https:\/\/healthstore.mc\/index.php\/wp-json\/wp\/v2\/types\/product"}],"replies":[{"embeddable":true,"href":"https:\/\/healthstore.mc\/index.php\/wp-json\/wp\/v2\/comments?post=2710"}],"wp:featuredmedia":[{"embeddable":true,"href":"https:\/\/healthstore.mc\/index.php\/wp-json\/wp\/v2\/media\/2711"}],"wp:attachment":[{"href":"https:\/\/healthstore.mc\/index.php\/wp-json\/wp\/v2\/media?parent=2710"}],"wp:term":[{"taxonomy":"product_brand","embeddable":true,"href":"https:\/\/healthstore.mc\/index.php\/wp-json\/wp\/v2\/product_brand?post=2710"},{"taxonomy":"product_cat","embeddable":true,"href":"https:\/\/healthstore.mc\/index.php\/wp-json\/wp\/v2\/product_cat?post=2710"},{"taxonomy":"product_tag","embeddable":true,"href":"https:\/\/healthstore.mc\/index.php\/wp-json\/wp\/v2\/product_tag?post=2710"}],"curies":[{"name":"wp","href":"https:\/\/api.w.org\/{rel}","templated":true}]}}