{"id":2788,"date":"2022-03-11T14:20:14","date_gmt":"2022-03-11T13:20:14","guid":{"rendered":"https:\/\/healthstore.mc\/?post_type=product&#038;p=2788"},"modified":"2024-09-21T16:35:10","modified_gmt":"2024-09-21T14:35:10","slug":"serum-n08-regenerant-nuit-30ml","status":"publish","type":"product","link":"https:\/\/healthstore.mc\/index.php\/product\/serum-n08-regenerant-nuit-30ml\/","title":{"rendered":"S\u00e9rum N\u00b008 r\u00e9g\u00e9n\u00e9rant nuit 30ml"},"content":{"rendered":"<div>\n<div class=\"z-main-product__extra-item-wrap-title summary__title\">\n<h2 class=\"z-main-product__extra-item-title accordion__title\">B\u00c9N\u00c9FICES<\/h2>\n<\/div>\n<\/div>\n<div class=\"z-main-product__extra-item-content accordion__content rte\">\n<p><span class=\"metafield-multi_line_text_field\">Pr\u00e9vient et corrige les signes de l\u2019\u00e2ge naissants et install\u00e9s<br \/>\nAm\u00e9liore la texture de peau<br \/>\nRenforce la barri\u00e8re cutan\u00e9e<\/span><\/p>\n<div>\n<div class=\"z-main-product__extra-item-wrap-title summary__title\">\n<h2 class=\"z-main-product__extra-item-title accordion__title\">MODE D&rsquo;EMPLOI<\/h2>\n<\/div>\n<\/div>\n<div class=\"z-main-product__extra-item-content accordion__content rte\">\n<p><span class=\"metafield-multi_line_text_field\">Pr\u00e9levez quelques gouttes de s\u00e9rum dans le creux de votre main, puis appliquez-les sur votre visage et votre cou pr\u00e9alablement nettoy\u00e9s. \u00c9talez le s\u00e9rum du bout des doigts par mouvements ascendants et terminez par quelques tapotements pour favoriser l&rsquo;absorption.<br \/>\nSi vous souhaitez utiliser un autre s\u00e9rum en compl\u00e9ment, il est pr\u00e9f\u00e9rable d\u2019appliquer le S\u00e9rum N\u00b008 \u00e0 base d\u2019huile apr\u00e8s tout s\u00e9rum \u00e0 base d\u2019eau (du N\u00b001 au N\u00b007).<br \/>\nNous vous recommandons d\u2019appliquer ce s\u00e9rum 1 \u00e0 2 fois la premi\u00e8re semaine puis d\u2019augmenter progressivement la fr\u00e9quence d\u2019utilisation. Pour des r\u00e9sultats optimaux, r\u00e9alisez une cure de 3 mois.<br \/>\n<\/span><strong><br \/>\n<\/strong><strong>Anti-\u00e2ge \/ Texture de peau irr\u00e9guli\u00e8re<\/strong><\/p>\n<div>\n<div class=\"z-main-product__extra-item-wrap-title summary__title\">\n<h2 class=\"z-main-product__extra-item-title accordion__title\">INGR\u00c9DIENTS ACTIFS<\/h2>\n<\/div>\n<\/div>\n<div class=\"z-main-product__extra-item-content accordion__content rte\">\n<p><span class=\"metafield-multi_line_text_field\">Cette formule contient 98% d&rsquo;ingr\u00e9dients naturels.<br \/>\nACTIFS AUX PROPRI\u00c9T\u00c9S HYDRATANTES<br \/>\n\u2022 Huile de Jojoba<br \/>\n\u2022 Huile de Cam\u00e9lia<br \/>\n\u2022 Cellules Souches de Rose aux Cent Feuilles<br \/>\n\u2022 Extrait de Salicorne<\/span><\/p>\n<p>ACTIFS AUX PROPRI\u00c9T\u00c9S APAISANTES<br \/>\n\u2022 Bisabolol<\/p>\n<p>ACTIFS AUX PROPRI\u00c9T\u00c9S ANTIOXYDANTES<br \/>\n\u2022 Huile de Meadowfoam<br \/>\n\u2022 Extrait de Belle de Nuit &#8211; Mirabilis Jalapa<br \/>\n\u2022 Huile de P\u00e9pins de Raisin<\/p>\n<p>ACTIFS AUX PROPRI\u00c9T\u00c9S ANTI-RIDES<br \/>\n\u2022 Huile de Marula<br \/>\n\u2022 Cellules Souches d&rsquo;Iris P\u00e2le<\/p>\n<p>ACTIFS AUX PROPRI\u00c9T\u00c9S DE FERMET\u00c9<br \/>\n\u2022 Huile de Figue de Barbarie<br \/>\n\u2022 Huile de Baobab<\/p>\n<p>ACTIFS \u00c0 BASE DE R\u00c9TINOL<br \/>\n\u2022 R\u00e9tinol Like &#8211; Bidens Pilosa extract<br \/>\n\u2022 R\u00e9tino\u00efde<br \/>\n\u2022 Huile de Rose Musqu\u00e9e<\/p>\n<p>ACTIFS AUX PROPRI\u00c9T\u00c9S \u00c9CLAIRCISSANTES<br \/>\n\u2022 Extraits de Guimauve, Riz et R\u00e9glisse<br \/>\n\u2022 Cellules Souches de Narcisse des Po\u00e8tes<\/p>\n<div>\n<div class=\"z-main-product__extra-item-wrap-title summary__title\">\n<h2 class=\"z-main-product__extra-item-title accordion__title\">INCI<\/h2>\n<\/div>\n<\/div>\n<div class=\"z-main-product__extra-item-content accordion__content rte\">\n<p><span class=\"metafield-multi_line_text_field\">INGR\u00c9DIENTS*: C15-19 ALKANE, LIMNANTHES ALBA (MEADOWFOAM) SEED OIL, SIMMONDSIA CHINENSIS (JOJOBA) SEED OIL, VITIS VINIFERA (GRAPE) SEED OIL, SQUALANE, HELIANTHUS ANNUUS (SUNFLOWER) SEED OIL, DIMETHYL ISOSORBIDE, ROSA CANINA FRUIT OIL, OPUNTIA FICUS-INDICA SEED OIL, ADANSONIA DIGITATA (BAOBAB) SEED OIL, CAMELLIA OLEIFERA SEED OIL, SCLEROCARYA BIRREA SEED OIL, BISABOLOL, GOSSYPIUM HERBACEUM (COTTON) SEED OIL, LINUM USITATISSIMUM (LINSEED) SEED OIL, HYDROXYPINACOLONE RETINOATE, CAPRYLIC \/ CAPRIC TRIGLYCERIDE, BRASSICA CAMPESTRIS (RAPESEED) SEED OIL, ELAEIS GUINEENSIS (PALM) OIL, GLYCYRRHIZA GLABRA ROOT EXTRACT, BIDENS PILOSA EXTRACT, IRIS PALLIDA ROOT EXTRACT, ROSA CENTIFOLIA FLOWER EXTRACT, ORYZA SATIVA (RICE) BRAN EXTRACT, DIMETHYLMETHOXY CHROMANOL, MIRABILIS JALAPA EXTRACT, NARCISSUS PSEUDO-NARCISSUS (DAFFODIL) FLOWER EXTRACT, ALTHAEA OFFICINALIS ROOT EXTRACT, SALICORNIA HERBACEA EXTRACT, POLYGLYCERYL-3 DIISOSTEARATE, TOCOPHEROL, PARFUM (FRAGRANCE).<br \/>\n*Les listes d&rsquo;ingr\u00e9dients entrant dans la composition des produits CODAGE Paris sont r\u00e9guli\u00e8rement mises \u00e0 jour. Avant d&rsquo;utiliser un produit, veuillez consulter la liste d&rsquo;ingr\u00e9dients figurant sur son emballage qui pr\u00e9vaut, afin de vous assurer que les ingr\u00e9dients sont adapt\u00e9s \u00e0 votre utilisation personnelle.<\/span><\/p>\n<\/div>\n<\/div>\n<\/div>\n<\/div>\n","protected":false},"excerpt":{"rendered":"<p>Le S\u00c9RUM N\u00b008 est un pr\u00e9cieux alliage de huit huiles d&rsquo;exception et d&rsquo;actifs performants pour r\u00e9g\u00e9n\u00e9rer intens\u00e9ment la peau pendant le sommeil. En exploitant le pouvoir r\u00e9parateur de la nuit, cette formule stimule intens\u00e9ment le renouvellement cellulaire et la production de collag\u00e8ne, d\u2019\u00e9lastine et d\u2019acide hyaluronique. Nuit apr\u00e8s nuit, les pores, les rides et les ridules sont estomp\u00e9s. Le teint est unifi\u00e9, la peau retrouve son \u00e9clat et son apparente jeunesse.<\/p>\n","protected":false},"featured_media":2789,"comment_status":"open","ping_status":"closed","template":"","meta":[],"product_brand":[],"product_cat":[33],"product_tag":[],"class_list":{"0":"post-2788","1":"product","2":"type-product","3":"status-publish","4":"has-post-thumbnail","6":"product_cat-codage","7":"entry","9":"first","10":"instock","11":"taxable","12":"shipping-taxable","13":"purchasable","14":"product-type-simple"},"jetpack_sharing_enabled":true,"_links":{"self":[{"href":"https:\/\/healthstore.mc\/index.php\/wp-json\/wp\/v2\/product\/2788","targetHints":{"allow":["GET"]}}],"collection":[{"href":"https:\/\/healthstore.mc\/index.php\/wp-json\/wp\/v2\/product"}],"about":[{"href":"https:\/\/healthstore.mc\/index.php\/wp-json\/wp\/v2\/types\/product"}],"replies":[{"embeddable":true,"href":"https:\/\/healthstore.mc\/index.php\/wp-json\/wp\/v2\/comments?post=2788"}],"wp:featuredmedia":[{"embeddable":true,"href":"https:\/\/healthstore.mc\/index.php\/wp-json\/wp\/v2\/media\/2789"}],"wp:attachment":[{"href":"https:\/\/healthstore.mc\/index.php\/wp-json\/wp\/v2\/media?parent=2788"}],"wp:term":[{"taxonomy":"product_brand","embeddable":true,"href":"https:\/\/healthstore.mc\/index.php\/wp-json\/wp\/v2\/product_brand?post=2788"},{"taxonomy":"product_cat","embeddable":true,"href":"https:\/\/healthstore.mc\/index.php\/wp-json\/wp\/v2\/product_cat?post=2788"},{"taxonomy":"product_tag","embeddable":true,"href":"https:\/\/healthstore.mc\/index.php\/wp-json\/wp\/v2\/product_tag?post=2788"}],"curies":[{"name":"wp","href":"https:\/\/api.w.org\/{rel}","templated":true}]}}