{"id":2790,"date":"2022-03-11T14:43:28","date_gmt":"2022-03-11T13:43:28","guid":{"rendered":"https:\/\/healthstore.mc\/?post_type=product&#038;p=2790"},"modified":"2024-09-21T16:43:49","modified_gmt":"2024-09-21T14:43:49","slug":"serum-summer-time-30ml","status":"publish","type":"product","link":"https:\/\/healthstore.mc\/index.php\/product\/serum-summer-time-30ml\/","title":{"rendered":"S\u00e9rum Summer Time 30ml"},"content":{"rendered":"<div>\n<div class=\"z-main-product__extra-item-wrap-title summary__title\">\n<h2 class=\"z-main-product__extra-item-title accordion__title\">B\u00c9N\u00c9FICES<\/h2>\n<\/div>\n<\/div>\n<div class=\"z-main-product__extra-item-content accordion__content rte\">\n<p><span class=\"metafield-multi_line_text_field\">Prot\u00e8ge de la chaleur et de la d\u00e9shydratation<br \/>\nApaise et apporte confort<br \/>\nMatifie le teint<br \/>\nProt\u00e8ge de la pollution<br \/>\nAntioxydant<br \/>\nActive le bronzage en boostant la synth\u00e8se de m\u00e9lanine<\/span><\/p>\n<div>\n<div class=\"z-main-product__extra-item-wrap-title summary__title\">\n<h2 class=\"z-main-product__extra-item-title accordion__title\">MODE D&rsquo;EMPLOI<\/h2>\n<\/div>\n<\/div>\n<div class=\"z-main-product__extra-item-content accordion__content rte\">\n<p><span class=\"metafield-multi_line_text_field\">Flacon ferm\u00e9, appuyer fermement sur le compte-gouttes pendant 3 secondes pour le charger. L\u00e2cher la pression, d\u00e9visser le compte-goutte et appuyer dessus pour verser quelques gouttes de s\u00e9rum dans le creux de votre main.<br \/>\nAppliquer matin et\/ou soir sur la peau pr\u00e9alablement nettoy\u00e9e (visage, cou et d\u00e9collet\u00e9). Quelques gouttes suffisent. Appliquer sur les zones cibl\u00e9es et \u00e9taler le s\u00e9rum du bout des doigts par mouvements ascendants. Finir par quelques tapotements pour favoriser l&rsquo;absorption. Les s\u00e9rums de la Collection CODAGE peuvent \u00eatre m\u00e9lang\u00e9s ou superpos\u00e9s, afin de r\u00e9pondre \u00e0 diff\u00e9rents besoins. Une fois le(s) s\u00e9rum(s) absorb\u00e9(s), appliquer votre Cr\u00e8me Jour\/Nuit pour prot\u00e9ger la peau.<\/span><strong><br \/>\n<\/strong><strong>Tous types de peau<\/strong><\/p>\n<div>\n<div class=\"z-main-product__extra-item-wrap-title summary__title\">\n<h2 class=\"z-main-product__extra-item-title accordion__title\">INGR\u00c9DIENTS ACTIFS<\/h2>\n<\/div>\n<\/div>\n<div class=\"z-main-product__extra-item-content accordion__content rte\">\n<p><span class=\"metafield-multi_line_text_field\">HYDRATANT<br \/>\n\u2022 Complexe hydratant<br \/>\nosmoprotecteur<br \/>\n\u2022 Peptide stimulateur<br \/>\nd\u2019Aquaporine-3<br \/>\n\u2022 Acide hyaluronique<br \/>\nBPM<br \/>\nMATIFIANT<br \/>\n\u2022 Acide ol\u00e9anolique &amp;<br \/>\nEnantia Chlorantha<br \/>\n\u2022 Bl\u00e9, colza<br \/>\n\u2022 Poudre de Bambou<\/span><\/p>\n<p>APAISANT<br \/>\n\u2022 Tetrapeptide<br \/>\nANTIOXYDANT<br \/>\n\u2022 Tetrapeptide<br \/>\nprotecteur d\u2019ADN<br \/>\n\u2022 Micro-algue verte \u2013<br \/>\nScenedesmus<br \/>\nANTI-POLLUTION<br \/>\n\u2022 Matrice protectrice<br \/>\nv\u00e9g\u00e9tale<\/p>\n<p>PROTECTION CHALEUR<br \/>\n\u2022 Enzyme thermophile<br \/>\nantioxydante<br \/>\nACTIVATEUR DE<br \/>\nBRONZAGE<br \/>\n\u2022 Peptide activateur de<br \/>\nbronzage<\/p>\n<div>\n<div class=\"z-main-product__extra-item-wrap-title summary__title\">\n<h2 class=\"z-main-product__extra-item-title accordion__title\">INCI<\/h2>\n<\/div>\n<\/div>\n<div class=\"z-main-product__extra-item-content accordion__content rte\">\n<p><span class=\"metafield-multi_line_text_field\">INGR\u00c9DIENTS*: AQUA (WATER), BUTYLENE GLYCOL, THERMUS THERMOPHILLUS FERMENT, ERYTHRITOL, BAMBUSA ARUNDINACEA (BAMBOO) STEM POWDER, BIOSACCHARIDE GUM-4, ENANTIA CHLORANTHA (MUAMBA JAUNE) BARK EXTRACT, ACETYL TETRAPEPTIDE-15, SODIUM COCOYL AMINOACIDS, HYDROLYZED HYALURONIC ACID, CANDIDA BOMBICOLA\/GLUCOSE\/METHYL RAPESEEDATE FERMENT, ACETYL HEXAPEPTIDE-37, ZINC GLUCONATE, MAGNESIUM ASPARTATE, PLANKTON EXTRACT, HOMARINE HCL, COPPER GLUCONATE, DIAMINOPROPIONOYL TRIPEPTIDE-33, OLEANOLIC ACID, MANNITOL, SARCOSINE, GLYCERIN, POTASSIUM ASPARTATE, DICAPRYLYL CARBONATE, CAPRYLYL METHICONE, LAUROYL LYSINE, HYDROXYETHYL ACRYLATE\/SODIUM ACRYLOYLDIMETHYL TAURATE COPOLYMER, CYCLOPENTASILOXANE, SORBITAN ISOSTEARATE, DIMETHICONE CROSSPOLYMER, PROPYLENE GLYCOL, POLYSORBATE 60, DIMETHICONE\/VINYL DIMETHICONE CROSSPOLYMER, CAPRYLHYDROXAMIC ACID, DIMETHICONOL, PHENOXYETHANOL, BHT, DISODIUM EDTA, METHYLPROPANEDIOL, CAPRYLYL GLYCOL, SODIUM CITRATE, CITRIC ACID, SODIUM BENZOATE, POTASSIUM SORBATE, SCLEROTIUM GUM, PARFUM (FRAGRANCE).<br \/>\n*Les listes d&rsquo;ingr\u00e9dients entrant dans la composition des produits CODAGE Paris sont r\u00e9guli\u00e8rement mises \u00e0 jour. Avant d&rsquo;utiliser un produit, veuillez consulter la liste d&rsquo;ingr\u00e9dients figurant sur son emballage qui pr\u00e9vaut, afin de vous assurer que les ingr\u00e9dients sont adapt\u00e9s \u00e0 votre utilisation personnelle.<\/span><\/p>\n<\/div>\n<\/div>\n<\/div>\n<\/div>\n","protected":false},"excerpt":{"rendered":"<h3 class=\"z-main-product__subtitle\">PROTECTEUR &#8211; ACTIVATEUR<\/h3>\n<h2 class=\"z-main-product__title\">Summer Time<\/h2>\n<p>SUMMER TIME est l\u2019\u00e9dition sp\u00e9ciale \u00e9t\u00e9 qui r\u00e9active tout l\u2019arsenal des d\u00e9fenses naturelles de la peau pour lui assurer un niveau optimal de protection. Un alliage subtil d\u2019agents hydratants, matifiants et apaisants lui apporte un maximum de confort et de douceur. Un actif thermo-protecteur aide quant \u00e0 lui la peau \u00e0 affronter le stress climatique caus\u00e9 par d\u2019intenses chaleurs en activant la synth\u00e8se de prot\u00e9ines thermophiles pour une meilleure r\u00e9sistance \u00e0 la d\u00e9shydratation.<\/p>\n","protected":false},"featured_media":2791,"comment_status":"open","ping_status":"closed","template":"","meta":[],"product_brand":[],"product_cat":[33],"product_tag":[],"class_list":{"0":"post-2790","1":"product","2":"type-product","3":"status-publish","4":"has-post-thumbnail","6":"product_cat-codage","7":"entry","9":"first","10":"outofstock","11":"taxable","12":"shipping-taxable","13":"purchasable","14":"product-type-simple"},"jetpack_sharing_enabled":true,"_links":{"self":[{"href":"https:\/\/healthstore.mc\/index.php\/wp-json\/wp\/v2\/product\/2790","targetHints":{"allow":["GET"]}}],"collection":[{"href":"https:\/\/healthstore.mc\/index.php\/wp-json\/wp\/v2\/product"}],"about":[{"href":"https:\/\/healthstore.mc\/index.php\/wp-json\/wp\/v2\/types\/product"}],"replies":[{"embeddable":true,"href":"https:\/\/healthstore.mc\/index.php\/wp-json\/wp\/v2\/comments?post=2790"}],"wp:featuredmedia":[{"embeddable":true,"href":"https:\/\/healthstore.mc\/index.php\/wp-json\/wp\/v2\/media\/2791"}],"wp:attachment":[{"href":"https:\/\/healthstore.mc\/index.php\/wp-json\/wp\/v2\/media?parent=2790"}],"wp:term":[{"taxonomy":"product_brand","embeddable":true,"href":"https:\/\/healthstore.mc\/index.php\/wp-json\/wp\/v2\/product_brand?post=2790"},{"taxonomy":"product_cat","embeddable":true,"href":"https:\/\/healthstore.mc\/index.php\/wp-json\/wp\/v2\/product_cat?post=2790"},{"taxonomy":"product_tag","embeddable":true,"href":"https:\/\/healthstore.mc\/index.php\/wp-json\/wp\/v2\/product_tag?post=2790"}],"curies":[{"name":"wp","href":"https:\/\/api.w.org\/{rel}","templated":true}]}}