{"id":2892,"date":"2022-03-14T15:10:26","date_gmt":"2022-03-14T14:10:26","guid":{"rendered":"https:\/\/healthstore.mc\/?post_type=product&#038;p=2892"},"modified":"2024-09-21T16:36:00","modified_gmt":"2024-09-21T14:36:00","slug":"imuxesal-30gel","status":"publish","type":"product","link":"https:\/\/healthstore.mc\/index.php\/product\/imuxesal-30gel\/","title":{"rendered":"Imuxesal 30gel"},"content":{"rendered":"<h5 class=\"et_pb_toggle_title\">Quoi ? Pour qui ?<\/h5>\n<div class=\"et_pb_toggle_content clearfix\">\n<h3><span data-contrast=\"none\">Soutenez vos voies respiratoires\u202f: premi\u00e8re ligne de d\u00e9fense immunitaire de l\u2019organisme\u202f!<\/span><span data-ccp-props=\"{&quot;201341983&quot;:0,&quot;335559740&quot;:276}\">\u00a0<\/span><\/h3>\n<h3>Pour les voies respiratoires<\/h3>\n<p><span data-contrast=\"none\">En hiver et au printemps,\u00a0<\/span><span data-contrast=\"none\">face aux d\u00e9sagr\u00e9ments environnementaux et saisonniers (acariens, pollens, poils d\u2019animaux),\u00a0<\/span><span data-contrast=\"none\">notre syst\u00e8me immunitaire\u00a0est largement sollicit\u00e9. Les micronutriments\u00a0que vous apportez \u00e0 vote organisme (au travers d\u2019une alimentation \u00e9quilibr\u00e9e\u00a0notamment)\u00a0participent au maintien\u00a0d\u2019une r\u00e9ponse immunitaire appropri\u00e9e.<\/span><span data-ccp-props=\"{&quot;201341983&quot;:0,&quot;335559740&quot;:240}\">\u00a0<\/span><\/p>\n<p><span data-contrast=\"none\">Imuxesal\u00a0vous\u00a0apporte :\u00a0<\/span><span data-ccp-props=\"{&quot;201341983&quot;:0,&quot;335559740&quot;:240}\">\u00a0<\/span><\/p>\n<ul>\n<li><span data-contrast=\"none\">\u00a0une souche microbiotique\u00a0brevet\u00e9e,\u00a0<\/span><i><span data-contrast=\"none\">Lactobacillus\u00a0paracas<\/span><\/i><em>e<\/em><span data-contrast=\"none\"><em>i<\/em>\u00a0LP-33<\/span><span data-ccp-props=\"{&quot;201341983&quot;:0,&quot;335559740&quot;:240}\">\u00a0<\/span><\/li>\n<li><span data-contrast=\"none\">de la vitamine D\u202f: contribue au maintien du bon fonctionnement du syst\u00e8me immunitaire<\/span><span data-ccp-props=\"{&quot;201341983&quot;:0,&quot;335559740&quot;:240}\">\u00a0<\/span><\/li>\n<\/ul>\n<p><span class=\"TextRun Highlight SCXW60595652 BCX0\" lang=\"FR\" xml:lang=\"FR\" data-contrast=\"none\"><span class=\"NormalTextRun SCXW60595652 BCX0\">Imuxesal fait partie de la<\/span><span class=\"NormalTextRun SCXW60595652 BCX0\">\u00a0<\/span><span class=\"NormalTextRun SCXW60595652 BCX0\">gamme NHCO\u00a0<\/span><span class=\"NormalTextRun SpellingErrorV2 SCXW60595652 BCX0\">Inspiria<\/span><span class=\"NormalTextRun SCXW60595652 BCX0\">, r\u00e9pondant aux besoins<\/span><span class=\"NormalTextRun SCXW60595652 BCX0\">\u00a0<\/span><span class=\"NormalTextRun SCXW60595652 BCX0\">physiologiques de la sph\u00e8re respiratoire gr\u00e2ce \u00e0<\/span><span class=\"NormalTextRun SCXW60595652 BCX0\">\u00a0<\/span><span class=\"NormalTextRun SCXW60595652 BCX0\">des formules innovantes et compl\u00e8tes pour un<\/span><span class=\"NormalTextRun SCXW60595652 BCX0\">\u00a0<\/span><span class=\"NormalTextRun SCXW60595652 BCX0\">confort au quotidien<\/span><span class=\"NormalTextRun SCXW60595652 BCX0\">.<\/span><\/span><span class=\"EOP SCXW60595652 BCX0\" data-ccp-props=\"{&quot;201341983&quot;:0,&quot;335559739&quot;:120,&quot;335559740&quot;:276}\">\u00a0<\/span><\/p>\n<ul>\n<li>Programme de 30 jours. Renouvelable.<\/li>\n<li>\u00c0 consommer de pr\u00e9f\u00e9rence avant la date indiqu\u00e9e sous l\u2019\u00e9tui.<\/li>\n<li>\u00c0 conserver \u00e0 l\u2019abri de la lumi\u00e8re, dans un endroit sec et frais.<\/li>\n<li>Ce produit convient aux v\u00e9g\u00e9tariens.<\/li>\n<li>Doit \u00eatre consomm\u00e9 en compl\u00e9ment d\u2019une alimentation \u00e9quilibr\u00e9e et d\u2019une hygi\u00e8ne de vie adapt\u00e9e pour soutenir les d\u00e9fenses immunitaires.<\/li>\n<li><strong>D\u00e9conseill\u00e9 aux enfants de moins de 10 ans.<\/strong><\/li>\n<li>\n<table border=\"0\" width=\"100%\" cellspacing=\"0\" cellpadding=\"10\">\n<tbody>\n<tr>\n<td bgcolor=\"#ffffff\" width=\"60%\">Pendant le repas (du matin ou du soir)<\/td>\n<td bgcolor=\"#ffffff\" width=\"20%\"><strong>1 g\u00e9lule<\/strong><\/td>\n<\/tr>\n<\/tbody>\n<\/table>\n<table border=\"0\" width=\"100%\" cellspacing=\"0\" cellpadding=\"10\">\n<tbody>\n<tr>\n<td bgcolor=\"#498D95\"><span class=\"TextRun SCXW266979527 BCX0\" lang=\"FR\" xml:lang=\"FR\" data-contrast=\"none\"><span class=\"NormalTextRun SCXW266979527 BCX0\">Programme de\u00a0<\/span><span class=\"NormalTextRun SCXW266979527 BCX0\">30<\/span><span class=\"NormalTextRun SCXW266979527 BCX0\">\u00a0jours<\/span><span class=\"NormalTextRun SCXW266979527 BCX0\">. Renouve<\/span><span class=\"NormalTextRun SCXW266979527 BCX0\">lable.<\/span><span class=\"NormalTextRun SCXW266979527 BCX0\">\u00a0<\/span><\/span><span class=\"EOP SCXW266979527 BCX0\" data-ccp-props=\"{&quot;201341983&quot;:0,&quot;335559740&quot;:276}\">\u00a0<\/span><\/td>\n<\/tr>\n<\/tbody>\n<\/table>\n<p>&nbsp;<\/p>\n<p><span class=\"TextRun SCXW4093771 BCX0\" lang=\"FR\" xml:lang=\"FR\" data-contrast=\"none\"><span class=\"NormalTextRun SCXW4093771 BCX0\">Ce compl\u00e9ment alimentaire n\u2019est pas un m\u00e9dicament. Il est<\/span><span class=\"NormalTextRun SCXW4093771 BCX0\">\u00a0<\/span><span class=\"NormalTextRun SCXW4093771 BCX0\">recommand\u00e9 de respecter les doses journali\u00e8res indiqu\u00e9es, de le<\/span><span class=\"NormalTextRun SCXW4093771 BCX0\">\u00a0<\/span><span class=\"NormalTextRun SCXW4093771 BCX0\">consommer dans le cadre d\u2019une alimentation vari\u00e9e et \u00e9quilibr\u00e9e<\/span><span class=\"NormalTextRun SCXW4093771 BCX0\">\u00a0<\/span><span class=\"NormalTextRun SCXW4093771 BCX0\">et d\u2019un mode de vie sain, de le tenir hors de port\u00e9e des jeunes<\/span><span class=\"NormalTextRun SCXW4093771 BCX0\">\u00a0<\/span><span class=\"NormalTextRun SCXW4093771 BCX0\">enfants.<\/span><\/span><span class=\"EOP SCXW4093771 BCX0\" data-ccp-props=\"{&quot;201341983&quot;:0,&quot;335559740&quot;:240}\">\u00a0<\/span><\/li>\n<li>\n<h4 class=\"et_pb_toggle_title\">Composition<\/h4>\n<div class=\"et_pb_toggle_content clearfix\">\n<p><strong><span class=\"TextRun SCXW127573492 BCX0\" lang=\"FR-FR\" xml:lang=\"FR-FR\" data-contrast=\"none\"><span class=\"NormalTextRun SCXW127573492 BCX0\" data-ccp-charstyle=\"Strong\">Compl\u00e9ment<\/span><span class=\"NormalTextRun SCXW127573492 BCX0\" data-ccp-charstyle=\"Strong\">\u00a0<\/span><span class=\"NormalTextRun SCXW127573492 BCX0\" data-ccp-charstyle=\"Strong\">alimentaire<\/span><\/span><span class=\"LineBreakBlob BlobObject DragDrop SCXW127573492 BCX0\"><span class=\"SCXW127573492 BCX0\"><br \/>\n<\/span><\/span><\/strong><b><span data-contrast=\"none\">Ingr\u00e9dients<\/span><\/b><span data-contrast=\"none\">\u00a0:\u00a0maltodextrine, souche microbiotique<\/span><span data-ccp-props=\"{&quot;201341983&quot;:0,&quot;335559740&quot;:240}\">\u00a0<\/span><span data-contrast=\"none\">de\u00a0<\/span><i><span data-contrast=\"none\">Lactobacillus paracasei<\/span><\/i><span data-contrast=\"none\">\u00a0LP-33\u00a0(contient\u00a0<\/span><b><span data-contrast=\"none\">soja, avoine, orge<\/span><\/b><span data-contrast=\"none\">), anti-agglom\u00e9rant : st\u00e9arate de\u00a0magn\u00e9sium v\u00e9g\u00e9tal, vitamine D3\u00a0(chol\u00e9calcif\u00e9rol). G\u00e9lule\u00a0:\u00a0hydroxypropylm\u00e9thylcellulose, \u00e9paississant :\u00a0gomme\u00a0gellane.<\/span><span data-ccp-props=\"{&quot;201341983&quot;:0,&quot;335559740&quot;:240}\">\u00a0<\/span><\/p>\n<table border=\"0\" width=\"100%\" cellspacing=\"0\" cellpadding=\"10\">\n<tbody>\n<tr>\n<td bgcolor=\"#666666\"><strong>Composition pour 1 g\u00e9lule\/jour<\/strong><\/td>\n<\/tr>\n<\/tbody>\n<\/table>\n<table border=\"0\" width=\"100%\" cellspacing=\"0\" cellpadding=\"10\">\n<tbody>\n<tr>\n<td align=\"left\" bgcolor=\"#a2a2a2\" width=\"50\">Ingr\u00e9dients<\/td>\n<td align=\"right\" bgcolor=\"#a2a2a2\" width=\"20%\">Dosage<\/td>\n<\/tr>\n<\/tbody>\n<\/table>\n<table border=\"0\" width=\"100%\" cellspacing=\"0\" cellpadding=\"10\">\n<tbody>\n<tr>\n<td align=\"left\" bgcolor=\"#cccccc\"><span class=\"NormalTextRun BCX0 SCXW168046432\" data-ccp-parastyle=\"Normal (Web)\">LP-33 (2 milliards d\u2019UFC*)\u00a0<\/span><span class=\"NormalTextRun BCX0 SCXW168046432\" data-ccp-parastyle=\"Normal (Web)\">\u00a0<\/span><\/td>\n<td align=\"right\" bgcolor=\"#cccccc\"><strong>84 mg<\/strong><\/td>\n<\/tr>\n<tr>\n<td bgcolor=\"#eeeeee\"><span class=\"TextRun SCXW114299527 BCX0\" lang=\"FR-FR\" xml:lang=\"FR-FR\" data-contrast=\"none\"><span class=\"NormalTextRun SCXW114299527 BCX0\" data-ccp-parastyle=\"Normal (Web)\">Vitamine D (<\/span><span class=\"NormalTextRun SCXW114299527 BCX0\" data-ccp-parastyle=\"Normal (Web)\">8<\/span><span class=\"NormalTextRun SCXW114299527 BCX0\" data-ccp-parastyle=\"Normal (Web)\">0% VNR*<\/span><span class=\"NormalTextRun SCXW114299527 BCX0\" data-ccp-parastyle=\"Normal (Web)\">*<\/span><span class=\"NormalTextRun SCXW114299527 BCX0\" data-ccp-parastyle=\"Normal (Web)\">)<\/span><\/span><span class=\"EOP SCXW114299527 BCX0\" data-ccp-props=\"{&quot;134233117&quot;:true,&quot;134233118&quot;:true,&quot;201341983&quot;:0,&quot;335559740&quot;:240}\">\u00a0<\/span><\/td>\n<td align=\"right\" bgcolor=\"#eeeeee\"><strong><span class=\"TextRun SCXW84739965 BCX0\" lang=\"FR-FR\" xml:lang=\"FR-FR\" data-contrast=\"none\"><span class=\"NormalTextRun SCXW84739965 BCX0\" data-ccp-parastyle=\"Normal (Web)\">4<\/span><span class=\"NormalTextRun SCXW84739965 BCX0\" data-ccp-parastyle=\"Normal (Web)\">\u00a0\u03bcg<\/span><\/span><span class=\"EOP SCXW84739965 BCX0\" data-ccp-props=\"{&quot;134233117&quot;:true,&quot;134233118&quot;:true,&quot;201341983&quot;:0,&quot;335551550&quot;:3,&quot;335551620&quot;:3,&quot;335559740&quot;:240}\">\u00a0<\/span><\/strong><\/td>\n<\/tr>\n<\/tbody>\n<\/table>\n<p>*UFC\u202f: Unit\u00e9 Formant Colonie<\/p>\n<p>**\u00a0Valeurs Nutritionnelles de R\u00e9f\u00e9rence.<\/p>\n<p>Poids net : 17 g\u00a0\u2013\u00a0Code ACL : 6272541<\/p>\n<\/div>\n<\/li>\n<\/ul>\n<\/div>\n","protected":false},"excerpt":{"rendered":"<div class=\"et_pb_module et_pb_wc_title et_pb_wc_title_0_tb_body et_pb_bg_layout_light\">\n<div class=\"et_pb_module_inner\">\n<h1>Imuxesal<\/h1>\n<\/div>\n<\/div>\n<div id=\"fp-tags\" class=\"et_pb_module et_pb_text et_pb_text_1_tb_body  et_pb_text_align_left et_pb_bg_layout_light\">\n<div class=\"et_pb_text_inner\">\n<div class=\"woocommerce et-dynamic-content-woo et-dynamic-content-woo--product_short_description\">\n<p><span class=\"TextRun BCX0 SCXW64842520\" lang=\"FR\" xml:lang=\"FR\" data-contrast=\"none\"><span class=\"NormalTextRun CommentStart BCX0 SCXW64842520\" data-ccp-parastyle=\"heading 3\">D\u00e9sagr\u00e9ments saisonniers<\/span><\/span><\/p>\n<\/div>\n<\/div>\n<\/div>\n<div class=\"et_pb_module et_pb_wc_description et_pb_wc_description_0_tb_body produit-description et_pb_bg_layout_light  et_pb_text_align_left\">\n<div class=\"et_pb_module_inner\">\n<p><span data-contrast=\"none\">Compl\u00e9ment alimentaire\u00a0issu de la recherche en micronutrition\u202f:<\/span><span data-ccp-props=\"{&quot;201341983&quot;:0,&quot;335559740&quot;:276}\">\u00a0<\/span><\/p>\n<ul>\n<li data-leveltext=\"-\" data-font=\"Calibri\" data-listid=\"33\" data-aria-posinset=\"2\" data-aria-level=\"1\"><span data-contrast=\"auto\">Souche microbiotique brevet\u00e9e, v<\/span><span data-contrast=\"none\">itamine D<\/span><\/li>\n<li data-leveltext=\"-\" data-font=\"Calibri\" data-listid=\"33\" data-aria-posinset=\"3\" data-aria-level=\"1\"><strong>Convient aux v\u00e9g\u00e9tariens\u00a0<\/strong><\/li>\n<li data-leveltext=\"-\" data-font=\"Calibri\" data-listid=\"33\" data-aria-posinset=\"4\" data-aria-level=\"1\"><span data-contrast=\"none\">1 seule g\u00e9lule par jour<\/span><span data-ccp-props=\"{&quot;134233279&quot;:true,&quot;201341983&quot;:0,&quot;335559740&quot;:240}\">\u00a0<\/span><\/li>\n<li data-leveltext=\"-\" data-font=\"Calibri\" data-listid=\"33\" data-aria-posinset=\"5\" data-aria-level=\"1\"><span data-contrast=\"none\">1\u00a0bo\u00eete\u202f:\u00a0programme de\u00a0<strong>30\u00a0jours<\/strong>. Renouvelable.<\/span><span data-ccp-props=\"{&quot;134233279&quot;:true,&quot;201341983&quot;:0,&quot;335559740&quot;:240}\">\u00a0<\/span><\/li>\n<\/ul>\n<\/div>\n<\/div>\n","protected":false},"featured_media":2893,"comment_status":"open","ping_status":"closed","template":"","meta":[],"product_brand":[],"product_cat":[23],"product_tag":[],"class_list":{"0":"post-2892","1":"product","2":"type-product","3":"status-publish","4":"has-post-thumbnail","6":"product_cat-23","7":"entry","9":"first","10":"instock","11":"taxable","12":"shipping-taxable","13":"purchasable","14":"product-type-simple"},"jetpack_sharing_enabled":true,"_links":{"self":[{"href":"https:\/\/healthstore.mc\/index.php\/wp-json\/wp\/v2\/product\/2892","targetHints":{"allow":["GET"]}}],"collection":[{"href":"https:\/\/healthstore.mc\/index.php\/wp-json\/wp\/v2\/product"}],"about":[{"href":"https:\/\/healthstore.mc\/index.php\/wp-json\/wp\/v2\/types\/product"}],"replies":[{"embeddable":true,"href":"https:\/\/healthstore.mc\/index.php\/wp-json\/wp\/v2\/comments?post=2892"}],"wp:featuredmedia":[{"embeddable":true,"href":"https:\/\/healthstore.mc\/index.php\/wp-json\/wp\/v2\/media\/2893"}],"wp:attachment":[{"href":"https:\/\/healthstore.mc\/index.php\/wp-json\/wp\/v2\/media?parent=2892"}],"wp:term":[{"taxonomy":"product_brand","embeddable":true,"href":"https:\/\/healthstore.mc\/index.php\/wp-json\/wp\/v2\/product_brand?post=2892"},{"taxonomy":"product_cat","embeddable":true,"href":"https:\/\/healthstore.mc\/index.php\/wp-json\/wp\/v2\/product_cat?post=2892"},{"taxonomy":"product_tag","embeddable":true,"href":"https:\/\/healthstore.mc\/index.php\/wp-json\/wp\/v2\/product_tag?post=2892"}],"curies":[{"name":"wp","href":"https:\/\/api.w.org\/{rel}","templated":true}]}}