{"id":2903,"date":"2022-03-14T17:21:39","date_gmt":"2022-03-14T16:21:39","guid":{"rendered":"https:\/\/healthstore.mc\/?post_type=product&#038;p=2903"},"modified":"2024-09-21T16:39:43","modified_gmt":"2024-09-21T14:39:43","slug":"serum-spring-break-10ml","status":"publish","type":"product","link":"https:\/\/healthstore.mc\/index.php\/product\/serum-spring-break-10ml\/","title":{"rendered":"S\u00e9rum Spring Break 10ml"},"content":{"rendered":"<div>\n<div class=\"z-main-product__extra-item-wrap-title summary__title\">\n<h2 class=\"z-main-product__extra-item-title accordion__title\">B\u00c9N\u00c9FICES<\/h2>\n<\/div>\n<\/div>\n<div class=\"z-main-product__extra-item-content accordion__content rte\">\n<p><span class=\"metafield-multi_line_text_field\">Contient un complexe probiotique restaure l\u2019\u00e9quilibre de la flore cutan\u00e9e, le microbiote.<br \/>\nContient des actifs hydratants et r\u00e9parateurs pour r\u00e9parer la peau agress\u00e9e par le froid hivernal.<br \/>\nProt\u00e8ge la peau gr\u00e2ce aux actifs antioxydants et anti-pollution.<br \/>\nBooste la vitalit\u00e9 \u00e9nerg\u00e9tique de la peau gr\u00e2ce au nutri-\u00e9l\u00e9ment \u00c9clat<\/span><\/p>\n<div>\n<div class=\"z-main-product__extra-item-wrap-title summary__title\">\n<h2 class=\"z-main-product__extra-item-title accordion__title\">MODE D&rsquo;EMPLOI<\/h2>\n<\/div>\n<\/div>\n<div class=\"z-main-product__extra-item-content accordion__content rte\">\n<p><span class=\"metafield-multi_line_text_field\">Flacon ferm\u00e9, appuyer fermement sur le compte-gouttes pendant 3 secondes pour le charger. L\u00e2cher la pression, d\u00e9visser le compte-goutte et appuyer dessus pour verser quelques gouttes de s\u00e9rum dans le creux de votre main.<br \/>\nAppliquer quelques gouttes matin et\/ou soir sur le visage et le cou pr\u00e9alablement nettoy\u00e9s. Cibler les zones si n\u00e9cessaires et \u00e9taler le s\u00e9rum du bout des doigts par mouvements ascendants.<br \/>\nFinir par quelques tapotements pour favoriser l&rsquo;absorption.<\/span><strong><br \/>\n<\/strong><strong>Tous types de peau<\/strong><\/p>\n<div>\n<div class=\"z-main-product__extra-item-wrap-title summary__title\">\n<h2 class=\"z-main-product__extra-item-title accordion__title\">INGR\u00c9DIENTS ACTIFS<\/h2>\n<\/div>\n<\/div>\n<div class=\"z-main-product__extra-item-content accordion__content rte\">\n<p><span class=\"metafield-multi_line_text_field\">HYDRATANT :<br \/>\n\u2022 Complexe hydratant osmoprotecteur &#8211; Erythritol et Homarine HCL<br \/>\n\u2022 Cellules souches de Rose aux Cent Feuilles<br \/>\n\u2022 Acide hyaluronique BPM<\/p>\n<p>ANTIOXYDANT :<br \/>\n\u2022 Extrait de Myrte et d&rsquo;Olive<br \/>\n\u2022 Micro-algue verte &#8211; Scenedesmus<br \/>\n\u2022 Vitamine C<\/p>\n<p>ANTI-POLLUTION :<br \/>\n\u2022 Matrice protectrice v\u00e9g\u00e9tale<br \/>\n\u2022 Extrait de Marrube Blanc<\/p>\n<p>R\u00c9PARATEUR :<br \/>\n\u2022 Sodium Carboxymethyl Betaglucan<br \/>\n\u2022 Extrait de Centella Asiatica<br \/>\n\u2022 Extrait d&rsquo;herbe Saint Paul<br \/>\n\u2022 Acide hyaluronique MPM<\/p>\n<p>D\u00c9TOXIFIANT :<br \/>\n\u2022 Extrait d&rsquo;Algue Janie Rouge &#8211; Janie Rubens<br \/>\n\u2022 Extrait d&rsquo;Arbre \u00e0 soie<\/p>\n<p>\u00c9CLAT :<br \/>\n\u2022 Extrait de Prune de Murunga<br \/>\n\u2022 Taurine V\u00e9g\u00e9tale<br \/>\n\u2022 Extrait de Belle de Nuit &#8211; Mirabilis Jalapa<\/p>\n<p>PROBIOTIQUE :<br \/>\n\u2022 Complexe Probiotique &#8211; Lactococcus Ferment Lysate<\/span><\/p>\n<p>&nbsp;<\/p>\n<\/div>\n<div>\n<div class=\"z-main-product__extra-item-wrap-title summary__title\">\n<h2 class=\"z-main-product__extra-item-title accordion__title\">INCI<\/h2>\n<\/div>\n<\/div>\n<div class=\"z-main-product__extra-item-content accordion__content rte\">\n<p><span class=\"metafield-multi_line_text_field\">INGR\u00c9DIENTS*: AQUA (WATER), GLYCERIN, BUTYLENE GLYCOL, ALBIZIA JULIBRISSIN BARK EXTRACT, ASCORBYL TETRAISOPALMITATE, RETINYL PALMITATE, HYDROLYZED HYALURONIC ACID, CENTELLA ASIATICA EXTRACT, BORAGO OFFICINALIS SEED OIL, BIOSACCHARIDE GUM-4, DIAMINOPROPIONOYL TRIPEPTIDE-33, ONOPORDUM ACANTHIUM (COTTON THISTLE) FLOWER\/LEAF\/STERM EXTRACT, ACETYL HEXAPEPTIDE-37, ZINC GLUCONATE, HOMARINE HCL, ERYTHRITOL, MAGNESIUM ASPARTATE, HAEMATOCOCCUS PLUVIALIS EXTRACT, PLANKTON EXTRACT, COPPER GLUCONATE, DARUTOSIDE, ARGININE FERULATE, DUNALIELLA SALINA EXTRACT, POLYGLUCURONIC ACID, DICAPRYLYL CARBONATE, CAPRYLYL METHICONE, HYDROXYETHYL ACRYLATE\/SODIUM ACRYLOYLDIMETHYL TAURATE COPOLYMER, LAUROYL LYSINE, ALCOHOL, CAPRYLIC\/CAPRIC TRIGLYCERIDE, CYCLOPENTASILOXANE, SORBITAN ISOSTEARATE, DIMETHICONE CROSSPOLYMER, POLYSORBATE 60, DIMETHICONE\/VINYL DIMETHICONE CROSSPOLYMER, CAPRYLHYDROXAMIC ACID, DIMETHICONOL, PHENOXYETHANOL, LECITHIN, BHT, TOCOPHERYL ACETATE, DISODIUM EDTA, METHYLPROPANEDIOL, CAPRYLYL GLYCOL, SODIUM HYDROXIDE, SODIUM BENZOATE, POTASSIUM SORBATE, SCLEROTIUM GUM, PARFUM (FRAGRANCE).<br \/>\n*Les listes d&rsquo;ingr\u00e9dients entrant dans la composition des produits CODAGE Paris sont r\u00e9guli\u00e8rement mises \u00e0 jour. Avant d&rsquo;utiliser un produit, veuillez consulter la liste d&rsquo;ingr\u00e9dients figura<\/span><\/p>\n<\/div>\n<\/div>\n<\/div>\n","protected":false},"excerpt":{"rendered":"<h2 class=\"z-main-product__subtitle\">D\u00c9TOX &#8211; R\u00c9VEIL CUTAN\u00c9<\/h2>\n<h2 class=\"z-main-product__title\">Spring Break &#8211; 10ml<\/h2>\n<p>SPRING BREAK est l\u2019\u00e9dition sp\u00e9ciale printemps con\u00e7ue pour le confort et l\u2019\u00e9clat des peaux en manque d\u2019\u00e9nergie. Hydratant, antioxydant, anti-pollution et r\u00e9parateur, il reconstruit la matrice cutan\u00e9e et renforce ses d\u00e9fenses naturelles en pr\u00e9vision de la p\u00e9riode estivale \u00e0 venir. D\u00e9toxifiant et \u00e9nergisant, ce soin r\u00e9veille instantan\u00e9ment la vitalit\u00e9 cellulaire et offre \u00e0 la peau un teint frais et radieux.<\/p>\n","protected":false},"featured_media":2904,"comment_status":"open","ping_status":"closed","template":"","meta":[],"product_brand":[],"product_cat":[33],"product_tag":[],"class_list":{"0":"post-2903","1":"product","2":"type-product","3":"status-publish","4":"has-post-thumbnail","6":"product_cat-codage","7":"entry","9":"first","10":"instock","11":"taxable","12":"shipping-taxable","13":"purchasable","14":"product-type-simple"},"jetpack_sharing_enabled":true,"_links":{"self":[{"href":"https:\/\/healthstore.mc\/index.php\/wp-json\/wp\/v2\/product\/2903","targetHints":{"allow":["GET"]}}],"collection":[{"href":"https:\/\/healthstore.mc\/index.php\/wp-json\/wp\/v2\/product"}],"about":[{"href":"https:\/\/healthstore.mc\/index.php\/wp-json\/wp\/v2\/types\/product"}],"replies":[{"embeddable":true,"href":"https:\/\/healthstore.mc\/index.php\/wp-json\/wp\/v2\/comments?post=2903"}],"wp:featuredmedia":[{"embeddable":true,"href":"https:\/\/healthstore.mc\/index.php\/wp-json\/wp\/v2\/media\/2904"}],"wp:attachment":[{"href":"https:\/\/healthstore.mc\/index.php\/wp-json\/wp\/v2\/media?parent=2903"}],"wp:term":[{"taxonomy":"product_brand","embeddable":true,"href":"https:\/\/healthstore.mc\/index.php\/wp-json\/wp\/v2\/product_brand?post=2903"},{"taxonomy":"product_cat","embeddable":true,"href":"https:\/\/healthstore.mc\/index.php\/wp-json\/wp\/v2\/product_cat?post=2903"},{"taxonomy":"product_tag","embeddable":true,"href":"https:\/\/healthstore.mc\/index.php\/wp-json\/wp\/v2\/product_tag?post=2903"}],"curies":[{"name":"wp","href":"https:\/\/api.w.org\/{rel}","templated":true}]}}