{"id":2906,"date":"2022-03-15T15:46:06","date_gmt":"2022-03-15T14:46:06","guid":{"rendered":"https:\/\/healthstore.mc\/?post_type=product&#038;p=2906"},"modified":"2024-09-21T16:41:10","modified_gmt":"2024-09-21T14:41:10","slug":"artixine-168gel","status":"publish","type":"product","link":"https:\/\/healthstore.mc\/index.php\/product\/artixine-168gel\/","title":{"rendered":"Artixine 168gel"},"content":{"rendered":"<h5 class=\"et_pb_toggle_title\">Quoi ? Pour qui ?<\/h5>\n<div class=\"et_pb_toggle_content clearfix\">\n<h3>Artixine vous apporte :<\/h3>\n<ol>\n<li>Deux \u00e9l\u00e9ments cl\u00e9s\u00a0<strong>naturellement pr\u00e9sents<\/strong>\u00a0dans le corps humain\u00a0:\n<ul>\n<li>De la chondro\u00eftine\u00a0:\u00a0<strong>constituant essentiel du\u00a0cartilage<\/strong><\/li>\n<li>De la glucosamine : fabriqu\u00e9e par l\u2019organisme \u00e0 partir du glucose et de la Glutamine, un acide amin\u00e9<\/li>\n<\/ul>\n<\/li>\n<li>Du curcuma\u00a0: contribue au maintien de la\u00a0<strong>flexibilit\u00e9 articulaire<\/strong><\/li>\n<li>Du\u00a0<strong>Zinc haute absorption\u00a0<\/strong>(Amino-ch\u00e9lat\u00e9\u00ae) : aide au maintien de\u00a0<strong>tissus osseux<\/strong>\u00a0<strong>normaux<\/strong><\/li>\n<li>Du\u00a0<strong>Mangan\u00e8se haute absorption\u00a0<\/strong>(Amino-ch\u00e9lat\u00e9\u00ae) : contribue \u00e0 la formation normale des\u00a0<strong>tissus conjonctifs.\u00a0<\/strong>Le tissu conjonctif est omnipr\u00e9sent dans le corps humain : c\u2019est le plus abondant et le plus r\u00e9pandu. V\u00e9ritable soutien, son r\u00f4le consiste \u00e0 prot\u00e9ger les organes et autres tissus qu\u2019il entoure.<\/li>\n<li>Du\u00a0<strong>Cuivre haute absorption<\/strong>\u00a0(Amino-ch\u00e9lat\u00e9\u00ae)\u00a0: participe au maintien des\u00a0<strong>tissus conjonctifs<\/strong><\/li>\n<li>Des\u00a0<strong>acides amin\u00e9s constitutifs du collag\u00e8ne<\/strong>: la Proline et la Glycine. Le\u00a0collag\u00e8ne\u00a0est une prot\u00e9ine de structure, naturellement pr\u00e9sente dans les articulations, les os et les tendons.<\/li>\n<\/ol>\n<h3>\u00c0 qui s\u2019adresse Artixine ?<\/h3>\n<p>Le compl\u00e9ment alimentaire Artixine est recommand\u00e9 aux personnes :<\/p>\n<ul>\n<li>Ressentant de l\u2019inconfort articulaire<\/li>\n<li>Ayant besoin de maintenir la flexibilit\u00e9 de leurs articulations<\/li>\n<\/ul>\n<h4 class=\"et_pb_toggle_title\">Conseils d&rsquo;utilisation<\/h4>\n<div class=\"et_pb_toggle_content clearfix\">\n<ul>\n<li>Programme de 7 \u00e0 8 semaines. Renouvelable.<\/li>\n<li>A consommer de pr\u00e9f\u00e9rence avant la date indiqu\u00e9e sous l\u2019\u00e9tui.<\/li>\n<li>Bien refermer apr\u00e8s ouverture.<\/li>\n<li>\u00c0 conserver dans un endroit sec et frais.<\/li>\n<li><strong>R\u00e9serv\u00e9 \u00e0 l\u2019adulte except\u00e9 la femme enceinte ou allaitante.<\/strong><\/li>\n<li><strong>D\u00e9conseill\u00e9 aux personnes souffrant d\u2019allergies aux d\u00e9riv\u00e9s salicyl\u00e9s (reine des pr\u00e9s).<\/strong><\/li>\n<li><strong>Les personnes sous contr\u00f4le m\u00e9dical doivent demander conseil \u00e0 leur m\u00e9decin traitant, en particulier celles souffrant d\u2019ulc\u00e8res ou de calculs biliaires (harpagophytum).<\/strong><\/li>\n<\/ul>\n<h4 class=\"et_pb_toggle_title\">Composition<\/h4>\n<div class=\"et_pb_toggle_content clearfix\">\n<p>Ingr\u00e9dients : chlorhydrate de glucosamine (contient :\u00a0<strong>crustac\u00e9s<\/strong>), agents de charge : cellulose microcristalline et phosphate tricalcique, chondro\u00eftine sulfate sodique (contient :\u00a0<strong>poisson<\/strong>), racines\u00a0<em>d\u2019Harpagophytum procumbens<\/em>\u00a0et\/ou\u00a0<em>zeyheri<\/em>, L-Proline, Glycine, curcumino\u00efdes (extrait de rhizomes de\u00a0<em>Curcuma longa<\/em>), bisglycinate de Zinc, sommit\u00e9s fleuries de reine des pr\u00e9s (<em>Filipendula ulmaria<\/em>), parties a\u00e9riennes de pr\u00eale (<em>Equisetum arvense<\/em>), bisglycinate de Mangan\u00e8se, bisglycinate de Cuivre, anti-agglom\u00e9rant : st\u00e9arate de magn\u00e9sium v\u00e9g\u00e9tal. G\u00e9lule : hydroxypropylm\u00e9thylcellulose, colorant : complexes cuivriques de chlorophyllines.<\/p>\n<table border=\"0\" width=\"100%\" cellspacing=\"0\" cellpadding=\"10\">\n<tbody>\n<tr>\n<td bgcolor=\"#666666\"><strong>Composition moyenne pour 4 g\u00e9lules\/jour (2113 mg)<\/strong><\/td>\n<\/tr>\n<\/tbody>\n<\/table>\n<table border=\"0\" width=\"100%\" cellspacing=\"0\" cellpadding=\"10\">\n<tbody>\n<tr>\n<td align=\"left\" bgcolor=\"#a2a2a2\" width=\"80%\">Ingr\u00e9dients<\/td>\n<td align=\"right\" bgcolor=\"#a2a2a2\" width=\"20%\">Dosage<\/td>\n<\/tr>\n<tr>\n<td align=\"left\" bgcolor=\"#cccccc\" width=\"80%\">Glucosamine HCl (<em>\u00e9quivalent \u00e0 970 mg de D-Glucosamine)<\/em><\/td>\n<td align=\"right\" bgcolor=\"#cccccc\" width=\"20%\">1200 mg<\/td>\n<\/tr>\n<tr>\n<td align=\"left\" bgcolor=\"#f1efee\">Chondro\u00eftine sulfate sodique (<em>\u00e9quivalent \u00e0 320 mg de chondro\u00eftine sulfate)<\/em><\/td>\n<td align=\"right\" bgcolor=\"#f1efee\">400 mg<\/td>\n<\/tr>\n<tr>\n<td align=\"left\" bgcolor=\"#cccccc\">Harpagophytum<\/td>\n<td align=\"right\" bgcolor=\"#cccccc\">220 mg<\/td>\n<\/tr>\n<tr>\n<td align=\"left\" bgcolor=\"#f1efee\">Glycine<\/td>\n<td align=\"right\" bgcolor=\"#f1efee\">80 mg<\/td>\n<\/tr>\n<tr>\n<td align=\"left\" bgcolor=\"#cccccc\">L-Proline<\/td>\n<td align=\"right\" bgcolor=\"#cccccc\">80 mg<\/td>\n<\/tr>\n<tr>\n<td align=\"left\" bgcolor=\"#f1efee\">Curcumino\u00efdes (extraits de curcuma)<\/td>\n<td align=\"right\" bgcolor=\"#f1efee\">60 mg<\/td>\n<\/tr>\n<tr>\n<td align=\"left\" bgcolor=\"#cccccc\">Pr\u00eale<\/td>\n<td align=\"right\" bgcolor=\"#cccccc\">30 mg<\/td>\n<\/tr>\n<tr>\n<td align=\"left\" bgcolor=\"#f1efee\">Reine des pr\u00e9s<\/td>\n<td align=\"right\" bgcolor=\"#f1efee\">30 mg<\/td>\n<\/tr>\n<tr>\n<td align=\"left\" bgcolor=\"#cccccc\">Zinc sous forme amino-ch\u00e9lat\u00e9e\u00ae \u00a0\u2013 (100 % VNR*)<\/td>\n<td align=\"right\" bgcolor=\"#cccccc\">10 mg<\/td>\n<\/tr>\n<tr>\n<td align=\"left\" bgcolor=\"#f1efee\">Mangan\u00e8se sous forme amino-ch\u00e9lat\u00e9e \u00ae \u2013 (100 % VNR*)<\/td>\n<td align=\"right\" bgcolor=\"#f1efee\">2 mg<\/td>\n<\/tr>\n<tr>\n<td align=\"left\" bgcolor=\"#cccccc\">Cuivre sous forme amino-ch\u00e9lat\u00e9e \u00ae\u00a0\u2013 (100 % VNR*)<\/td>\n<td align=\"right\" bgcolor=\"#cccccc\">1 mg<\/td>\n<\/tr>\n<\/tbody>\n<\/table>\n<h5><em>* Valeurs Nutritionnelles de R\u00e9f\u00e9rence.<\/em><\/h5>\n<\/div>\n<table border=\"0\" width=\"100%\" cellspacing=\"0\" cellpadding=\"10\">\n<tbody>\n<tr>\n<td bgcolor=\"#facdbb\" width=\"60%\"><strong>Conseils d\u2019utilisation<\/strong><\/td>\n<td bgcolor=\"#f3ddd5\" width=\"20%\">Matin*<\/td>\n<td bgcolor=\"#facdbb\" width=\"20%\">Soir*<\/td>\n<\/tr>\n<tr>\n<td bgcolor=\"#facdbb\" width=\"60%\">Phase d\u2019attaque la 1\u00e8re semaine<\/td>\n<td bgcolor=\"#f3ddd5\" width=\"20%\"><strong>2 g\u00e9lules<\/strong><\/td>\n<td bgcolor=\"#facdbb\" width=\"20%\"><strong>2 g\u00e9lules<\/strong><\/td>\n<\/tr>\n<tr>\n<td bgcolor=\"#facdbb\" width=\"60%\">Phase de suivi les autres semaines<\/td>\n<td bgcolor=\"#f3ddd5\" width=\"20%\"><strong>2 g\u00e9lules<\/strong><\/td>\n<td bgcolor=\"#facdbb\" width=\"20%\"><\/td>\n<\/tr>\n<\/tbody>\n<\/table>\n<table border=\"0\" width=\"100%\" cellspacing=\"0\" cellpadding=\"10\">\n<tbody>\n<tr>\n<td bgcolor=\"#e51b24\">Programme de 7 \u00e0 8 semaines. Renouvelable.<\/td>\n<\/tr>\n<\/tbody>\n<\/table>\n<h5>* De pr\u00e9f\u00e9rence, \u00e0 prendre pendant les repas.<br \/>\nCe compl\u00e9ment alimentaire n\u2019est pas un m\u00e9dicament. Il est recommand\u00e9 de respecter la dose journali\u00e8re indiqu\u00e9e, de le consommer dans le cadre d\u2019une alimentation vari\u00e9e et \u00e9quilibr\u00e9 et d\u2019un mode de vie sain et de le tenir hors de port\u00e9e des jeunes enfants.<\/h5>\n<\/div>\n<\/div>\n","protected":false},"excerpt":{"rendered":"<div class=\"et_pb_module et_pb_wc_title et_pb_wc_title_0_tb_body et_pb_bg_layout_light\">\n<div class=\"et_pb_module_inner\">\n<h2>Artixine<\/h2>\n<\/div>\n<\/div>\n<div id=\"fp-tags\" class=\"et_pb_module et_pb_text et_pb_text_1_tb_body et_pb_text_align_left et_pb_bg_layout_light\">\n<div class=\"et_pb_text_inner\">\n<div class=\"woocommerce et-dynamic-content-woo et-dynamic-content-woo--product_short_description\">\n<p>Confort des articulations<\/p>\n<p>Avec l\u2019\u00e2ge et l\u2019usure physiologique des articulations, une raideur et une diminution de la souplesse articulaire peuvent s&rsquo;installer. Artixine est un compl\u00e9ment alimentaire issu de la recherche en micronutrition :<\/p>\n<ul>\n<li>Contient des\u00a0<b>acides amin\u00e9s constitutifs du collag\u00e8ne\u00a0<\/b>(qui repr\u00e9sente 60% du cartilage articulaire)<\/li>\n<li>Contient des\u00a0<strong>min\u00e9raux haute absorption\u00a0<\/strong>: Zinc, Cuivre, Mangan\u00e8se<\/li>\n<\/ul>\n<\/div>\n<\/div>\n<\/div>\n","protected":false},"featured_media":2907,"comment_status":"open","ping_status":"closed","template":"","meta":[],"product_brand":[],"product_cat":[23],"product_tag":[],"class_list":{"0":"post-2906","1":"product","2":"type-product","3":"status-publish","4":"has-post-thumbnail","6":"product_cat-23","7":"entry","9":"first","10":"instock","11":"taxable","12":"shipping-taxable","13":"purchasable","14":"product-type-simple"},"jetpack_sharing_enabled":true,"_links":{"self":[{"href":"https:\/\/healthstore.mc\/index.php\/wp-json\/wp\/v2\/product\/2906","targetHints":{"allow":["GET"]}}],"collection":[{"href":"https:\/\/healthstore.mc\/index.php\/wp-json\/wp\/v2\/product"}],"about":[{"href":"https:\/\/healthstore.mc\/index.php\/wp-json\/wp\/v2\/types\/product"}],"replies":[{"embeddable":true,"href":"https:\/\/healthstore.mc\/index.php\/wp-json\/wp\/v2\/comments?post=2906"}],"wp:featuredmedia":[{"embeddable":true,"href":"https:\/\/healthstore.mc\/index.php\/wp-json\/wp\/v2\/media\/2907"}],"wp:attachment":[{"href":"https:\/\/healthstore.mc\/index.php\/wp-json\/wp\/v2\/media?parent=2906"}],"wp:term":[{"taxonomy":"product_brand","embeddable":true,"href":"https:\/\/healthstore.mc\/index.php\/wp-json\/wp\/v2\/product_brand?post=2906"},{"taxonomy":"product_cat","embeddable":true,"href":"https:\/\/healthstore.mc\/index.php\/wp-json\/wp\/v2\/product_cat?post=2906"},{"taxonomy":"product_tag","embeddable":true,"href":"https:\/\/healthstore.mc\/index.php\/wp-json\/wp\/v2\/product_tag?post=2906"}],"curies":[{"name":"wp","href":"https:\/\/api.w.org\/{rel}","templated":true}]}}