{"id":2910,"date":"2022-03-15T16:33:21","date_gmt":"2022-03-15T15:33:21","guid":{"rendered":"https:\/\/healthstore.mc\/?post_type=product&#038;p=2910"},"modified":"2024-09-21T16:34:29","modified_gmt":"2024-09-21T14:34:29","slug":"orexide-ng-56gel","status":"publish","type":"product","link":"https:\/\/healthstore.mc\/index.php\/product\/orexide-ng-56gel\/","title":{"rendered":"Orexide-NG 56gel"},"content":{"rendered":"<h5 class=\"et_pb_toggle_title\">Quoi ? Pour qui ?<\/h5>\n<div class=\"et_pb_toggle_content clearfix\">\n<h3>Orexide-NG vous apporte<\/h3>\n<ol>\n<li>Du guarana\u00a0:\u00a0<strong>diminue la sensation de faim<\/strong>, notamment les envies sucr\u00e9es, et participe donc \u00e0 la perte de poids<\/li>\n<li>De la camomille\u00a0: poss\u00e8de une action relaxante, int\u00e9ressante pour\u00a0<strong>soutenir une p\u00e9riode de r\u00e9gime<\/strong><\/li>\n<li>Du Chrome\u00a0:\u00a0<strong>contribue au maintien d\u2019une glyc\u00e9mie normale<\/strong><\/li>\n<li>Des\u00a0<strong>acides amin\u00e9s\u00a0<\/strong>: L-Glutamine, L-Ph\u00e9nylalanine, L-Tyrosine, 5-hydroxytryptophane (5-HTP)<\/li>\n<\/ol>\n<p>La consommation excessive de sucres au quotidien peut engendrer quelques perturbations du m\u00e9tabolisme des glucides.<br \/>\nL\u2019extrait de banaba (arbre originaire d\u2019Asie tropicale, \u00e9galement appel\u00e9 \u00ab lila des Indes \u00bb), participe au maintien :<\/p>\n<ol>\n<li>du bon m\u00e9tabolisme des glucides,<\/li>\n<li>d\u2019une glyc\u00e9mie normale.<\/li>\n<\/ol>\n<h3>\u00c0 qui s\u2019adresse Orexide-NG ?<\/h3>\n<p>Le compl\u00e9ment alimentaire Orexide-NG est recommand\u00e9 aux personnes :<\/p>\n<ul>\n<li>Ayant des fringales\u00a0: envie de grignotage, de produits sucr\u00e9s\u2026<\/li>\n<li>Ayant tendance \u00e0 opter pour des aliments sucr\u00e9s<\/li>\n<li>Engag\u00e9es dans une d\u00e9marche minceur, en compl\u00e9ment d\u2019un r\u00e9gime alimentaire vari\u00e9 et \u00e9quilibr\u00e9 et de la pratique d\u2019une activit\u00e9 sportive r\u00e9guli\u00e8re<\/li>\n<\/ul>\n<h4 class=\"et_pb_toggle_title\">Conseils d&rsquo;utilisation<\/h4>\n<div class=\"et_pb_toggle_content clearfix\">\n<ul>\n<li>Programme de 2 semaines et demi. Renouvelable.<\/li>\n<li>\u00c0 consommer de pr\u00e9f\u00e9rence avant la date indiqu\u00e9e sous l\u2019\u00e9tui.<\/li>\n<li>Bien refermer apr\u00e8s ouverture. \u00c0 conserver dans un endroit sec et frais.<\/li>\n<li>Doit \u00eatre consomm\u00e9 en association avec des mesures hygi\u00e9no-di\u00e9t\u00e9tiques, telles que la pratique d\u2019une activit\u00e9 physique r\u00e9guli\u00e8re et une alimentation \u00e9quilibr\u00e9e.<\/li>\n<li><strong>R\u00e9serv\u00e9 \u00e0 l\u2019adulte except\u00e9 la femme enceinte ou allaitante.<\/strong><\/li>\n<li><strong>Contient de la caf\u00e9ine, d\u00e9conseill\u00e9 aux enfants et aux femmes enceintes ou allaitantes (22,4 mg pour 3 g\u00e9lules).<\/strong><\/li>\n<li><strong>Les personnes sous contr\u00f4le m\u00e9dical doivent demander conseil \u00e0 leur m\u00e9decin traitant.<\/strong><\/li>\n<\/ul>\n<table border=\"0\" width=\"100%\" cellspacing=\"0\" cellpadding=\"10\">\n<tbody>\n<tr>\n<td bgcolor=\"#7cdddb\" width=\"60%\"><strong>Conseils d\u2019utilisation<\/strong><\/td>\n<td bgcolor=\"#bef8f7\" width=\"20%\">Midi<\/td>\n<td bgcolor=\"#7cdddb\" width=\"20%\">Soir<\/td>\n<\/tr>\n<tr>\n<td bgcolor=\"#7cdddb\">30 minutes avant le repas principal<\/td>\n<td bgcolor=\"#bef8f7\"><strong>3 g\u00e9lules<\/strong><\/td>\n<td bgcolor=\"#7cdddb\"><\/td>\n<\/tr>\n<tr>\n<td bgcolor=\"#7cdddb\"><strong>ou<\/strong>\u00a030 minutes avant les repas<\/td>\n<td bgcolor=\"#bef8f7\"><strong>2 g\u00e9lules<\/strong><\/td>\n<td bgcolor=\"#7cdddb\"><strong>1 g\u00e9lule<\/strong><\/td>\n<\/tr>\n<\/tbody>\n<\/table>\n<table border=\"0\" width=\"100%\" cellspacing=\"0\" cellpadding=\"10\">\n<tbody>\n<tr>\n<td bgcolor=\"#069593\">Le mode d\u2019utilisation peut varier selon l\u2019avis de votre pharmacien ou de notre \u00e9quipe scientifique (<a href=\"https:\/\/nhco-nutrition.com\/vos-services-en-ligne\/\">demandez conseil en ligne<\/a>).<\/td>\n<\/tr>\n<\/tbody>\n<\/table>\n<h5>Ce compl\u00e9ment alimentaire n\u2019est pas un m\u00e9dicament. Il est recommand\u00e9 de respecter la dose journali\u00e8re indiqu\u00e9e et de le consommer dans le cadre d\u2019une alimentation vari\u00e9e et \u00e9quilibr\u00e9e, d\u2019un mode de vie sain et de le tenir hors de port\u00e9e des jeunes enfants.<\/h5>\n<h4 class=\"et_pb_toggle_title\">Composition<\/h4>\n<div class=\"et_pb_toggle_content clearfix\">\n<p>Ingr\u00e9dients : L-Glutamine, L-Ph\u00e9nylalanine, L-Tyrosine, Carnosine, extrait de graines de guarana\u00a0<em>(Paullinia cupana)<\/em>, anti-agglom\u00e9rants : cellulose microcristalline et st\u00e9arate de magn\u00e9sium v\u00e9g\u00e9tal, feuilles de grande camomille\u00a0<em>(Tanacetum parthenium)<\/em>, acide alpha-lipo\u00efque, 5-hydroxytryptophane (5-HTP) extrait de\u00a0<em>Griffonia simplicifolia<\/em>, extrait de feuilles de banaba\u00a0<em>(Lagerstroemia speciosa)<\/em>, S\u00e9l\u00e9nium sous forme de s\u00e9l\u00e9nom\u00e9thionine, vitamine B6 (chlorhydrate de pyridoxine), picolinate de chrome. G\u00e9lule : hydroxypropylm\u00e9thylcellulose, colorant : complexes cuivriques de chlorophyllines.<\/p>\n<table border=\"0\" width=\"100%\" cellspacing=\"0\" cellpadding=\"10\">\n<tbody>\n<tr>\n<td bgcolor=\"#666666\"><strong>Composition moyenne pour 3 g\u00e9lules\/jour (1592 mg)<\/strong><\/td>\n<\/tr>\n<\/tbody>\n<\/table>\n<table border=\"0\" width=\"100%\" cellspacing=\"0\" cellpadding=\"10\">\n<tbody>\n<tr>\n<td align=\"left\" bgcolor=\"#A2A2A2\" width=\"50\">Ingr\u00e9dients<\/td>\n<td align=\"right\" bgcolor=\"#A2A2A2\" width=\"50%\">Dosage<\/td>\n<\/tr>\n<tr>\n<td align=\"left\" bgcolor=\"#CCCCCC\"><strong>AminoSat-600<\/strong><\/td>\n<td align=\"right\" bgcolor=\"#CCCCCC\"><strong>611 mg<\/strong><\/td>\n<\/tr>\n<\/tbody>\n<\/table>\n<table border=\"0\" width=\"100%\" cellspacing=\"0\" cellpadding=\"10\">\n<tbody>\n<tr>\n<td bgcolor=\"#f1efee\">\n<h5>L-Ph\u00e9nylalanine 300 mg, L-Tyrosine 270 mg, 5-HTP 40 mg, vitamine B6 1,4 mg (100% VNR*)<\/h5>\n<\/td>\n<\/tr>\n<\/tbody>\n<\/table>\n<table border=\"0\" width=\"100%\" cellspacing=\"0\" cellpadding=\"10\">\n<tbody>\n<tr>\n<td align=\"left\" bgcolor=\"#CCCCCC\" width=\"50\"><strong>L-2GC<\/strong><\/td>\n<td align=\"right\" bgcolor=\"#CCCCCC\" width=\"50%\"><strong>663 mg<\/strong><\/td>\n<\/tr>\n<\/tbody>\n<\/table>\n<table border=\"0\" width=\"100%\" cellspacing=\"0\" cellpadding=\"10\">\n<tbody>\n<tr>\n<td bgcolor=\"#f1efee\">\n<h5>L-Glutamine 501 mg, extrait de guarana 102 mg, Grande camomille 60 mg<\/h5>\n<\/td>\n<\/tr>\n<\/tbody>\n<\/table>\n<table border=\"0\" width=\"100%\" cellspacing=\"0\" cellpadding=\"10\">\n<tbody>\n<tr>\n<td align=\"left\" bgcolor=\"#CCCCCC\" width=\"50\"><strong>Carnozy-P.T.G<\/strong><\/td>\n<td align=\"right\" bgcolor=\"#CCCCCC\" width=\"50%\"><strong>318 mg<\/strong><\/td>\n<\/tr>\n<\/tbody>\n<\/table>\n<table border=\"0\" width=\"100%\" cellspacing=\"0\" cellpadding=\"10\">\n<tbody>\n<tr>\n<td bgcolor=\"#f1efee\">\n<h5>Carnosine 240 mg, Acide alpha-lipo\u00efque 45 mg, extrait de banaba 33 mg, Chrome (sous forme de picolinate) 25 \u03bcg (62,5% VNR*), S\u00e9l\u00e9nium (sous forme de s\u00e9l\u00e9nom\u00e9thionine) 50 \u03bcg (91% VNR*)<\/h5>\n<\/td>\n<\/tr>\n<\/tbody>\n<\/table>\n<h5><em>* Valeurs Nutritionnelles de R\u00e9f\u00e9rence.<\/em><\/h5>\n<p>Poids net : 36 g. \u2013 Code ACL : 3401560037067<\/p>\n<\/div>\n<\/div>\n<\/div>\n","protected":false},"excerpt":{"rendered":"<div class=\"et_pb_module et_pb_wc_title et_pb_wc_title_0_tb_body et_pb_bg_layout_light\">\n<div class=\"et_pb_module_inner\">\n<h2>Orexide-NG<\/h2>\n<\/div>\n<\/div>\n<div id=\"fp-tags\" class=\"et_pb_module et_pb_text et_pb_text_1_tb_body et_pb_text_align_left et_pb_bg_layout_light\">\n<div class=\"et_pb_text_inner\">\n<div class=\"woocommerce et-dynamic-content-woo et-dynamic-content-woo--product_short_description\">\n<p>Diminuer ses envies de sucre pour aider \u00e0 perdre du poids<\/p>\n<\/div>\n<\/div>\n<\/div>\n<div class=\"et_pb_module et_pb_wc_description et_pb_wc_description_0_tb_body produit-description et_pb_bg_layout_light et_pb_text_align_left\">\n<div class=\"et_pb_module_inner\">\n<p>Compl\u00e9ment alimentaire\u00a0<strong>issu de la recherche en micronutrition<\/strong>\u00a0:<\/p>\n<ul>\n<li>Pour les personnes\u00a0<strong>ayant des fringales<\/strong>\u00a0: envies de grignotage, de produits sucr\u00e9s\u2026<\/li>\n<li>Contient\u00a0<strong>12 actifs\u00a0<\/strong>dont du\u00a0<strong>Chrome<\/strong>\u00a0(maintient une glyc\u00e9mie normale)<\/li>\n<li>Prise\u00a0<strong>ponctuelle<\/strong>\u00a0ou\u00a0<strong>quotidienne<\/strong>, selon vos besoins<\/li>\n<li><strong>1 bo\u00eete\u00a0: programme de 2,5 semaines.<\/strong>\u00a0Renouvelable.<\/li>\n<\/ul>\n<\/div>\n<\/div>\n","protected":false},"featured_media":2911,"comment_status":"open","ping_status":"closed","template":"","meta":[],"product_brand":[],"product_cat":[23],"product_tag":[],"class_list":{"0":"post-2910","1":"product","2":"type-product","3":"status-publish","4":"has-post-thumbnail","6":"product_cat-23","7":"entry","9":"first","10":"instock","11":"taxable","12":"shipping-taxable","13":"purchasable","14":"product-type-simple"},"jetpack_sharing_enabled":true,"_links":{"self":[{"href":"https:\/\/healthstore.mc\/index.php\/wp-json\/wp\/v2\/product\/2910","targetHints":{"allow":["GET"]}}],"collection":[{"href":"https:\/\/healthstore.mc\/index.php\/wp-json\/wp\/v2\/product"}],"about":[{"href":"https:\/\/healthstore.mc\/index.php\/wp-json\/wp\/v2\/types\/product"}],"replies":[{"embeddable":true,"href":"https:\/\/healthstore.mc\/index.php\/wp-json\/wp\/v2\/comments?post=2910"}],"wp:featuredmedia":[{"embeddable":true,"href":"https:\/\/healthstore.mc\/index.php\/wp-json\/wp\/v2\/media\/2911"}],"wp:attachment":[{"href":"https:\/\/healthstore.mc\/index.php\/wp-json\/wp\/v2\/media?parent=2910"}],"wp:term":[{"taxonomy":"product_brand","embeddable":true,"href":"https:\/\/healthstore.mc\/index.php\/wp-json\/wp\/v2\/product_brand?post=2910"},{"taxonomy":"product_cat","embeddable":true,"href":"https:\/\/healthstore.mc\/index.php\/wp-json\/wp\/v2\/product_cat?post=2910"},{"taxonomy":"product_tag","embeddable":true,"href":"https:\/\/healthstore.mc\/index.php\/wp-json\/wp\/v2\/product_tag?post=2910"}],"curies":[{"name":"wp","href":"https:\/\/api.w.org\/{rel}","templated":true}]}}