{"id":2912,"date":"2022-03-15T17:10:32","date_gmt":"2022-03-15T16:10:32","guid":{"rendered":"https:\/\/healthstore.mc\/?post_type=product&#038;p=2912"},"modified":"2024-09-21T16:34:42","modified_gmt":"2024-09-21T14:34:42","slug":"lean-cla-100-caps","status":"publish","type":"product","link":"https:\/\/healthstore.mc\/index.php\/product\/lean-cla-100-caps\/","title":{"rendered":"Lean CLA 100 caps"},"content":{"rendered":"<h5 class=\"et_pb_toggle_title\">Quoi ? Pour qui ?<\/h5>\n<div class=\"et_pb_toggle_content clearfix\">\n<h3>Zoom sur le CLA : acide linol\u00e9ique conjugu\u00e9<\/h3>\n<ol>\n<li>Le CLA est l\u2019abr\u00e9viation de l\u2019acide linol\u00e9ique conjugu\u00e9<strong>\u00a0<\/strong>:\u00a0<strong>un composant d\u2019origine naturelle\u00a0<\/strong><span class=\"NormalTextRun SCXW168467881 BCX0\">d\u00e9riv\u00e9 de l\u2019acide linol\u00e9ique<\/span><span class=\"NormalTextRun SCXW168467881 BCX0\">,<\/span><span class=\"NormalTextRun SCXW168467881 BCX0\">\u00a0un\u00a0<strong>acide gras essentiel<\/strong>\u00a0de la famille des om\u00e9ga-6<\/span><span class=\"NormalTextRun SCXW168467881 BCX0\">.<\/span><\/li>\n<li>On peut le trouver naturellement en petite quantit\u00e9 dans la\u00a0<strong>viande<\/strong>\u00a0et les\u00a0<strong>produits laitiers<\/strong>\u00a0des animaux de p\u00e2turage.<\/li>\n<li>Le\u00a0<strong>corps humain ne produit pas d\u2019acide linol\u00e9ique<\/strong>. Il doit donc \u00eatre apport\u00e9 par une alimentation vari\u00e9e et \u00e9quilibr\u00e9e.<\/li>\n<\/ol>\n<h3>Particularit\u00e9s du Lean CLA NHCO<\/h3>\n<ol>\n<li data-leveltext=\"-\" data-font=\"Calibri\" data-listid=\"3\" data-aria-posinset=\"0\" data-aria-level=\"1\"><span data-contrast=\"auto\">CLA\u00a0<\/span><b><span data-contrast=\"auto\">d\u2019origine v\u00e9g\u00e9tale<\/span><\/b><span data-contrast=\"auto\">\u00a0(extrait d\u2019huile de carthame),\u00a0synergis\u00e9\u00a0avec de la choline\u00a0qui participe au m\u00e9tabolisme normal des lipides\u00a0et de la L-Carnitine<\/span><\/li>\n<li data-leveltext=\"-\" data-font=\"Calibri\" data-listid=\"3\" data-aria-posinset=\"0\" data-aria-level=\"1\"><span data-ccp-props=\"{&quot;134233117&quot;:true,&quot;134233118&quot;:true,&quot;201341983&quot;:0,&quot;335559740&quot;:240}\">Acide linol\u00e9ique conjugu\u00e9\u00a0<\/span><strong>parmi les formes les plus concentr\u00e9es<\/strong>\u202f: 3\u202f060 mg d\u2019actifs par jour (dont 1 920 mg par jour de CLA)<\/li>\n<li data-leveltext=\"-\" data-font=\"Calibri\" data-listid=\"3\" data-aria-posinset=\"0\" data-aria-level=\"1\"><span data-contrast=\"auto\">Il peut \u00eatre\u00a0conseill\u00e9 aux\u00a0<\/span><b><span data-contrast=\"auto\">personnes sensibles \u00e0 la caf\u00e9ine<\/span><\/b><span data-contrast=\"auto\">\u00a0et souhaitant se suppl\u00e9menter en CLA<\/span><\/li>\n<\/ol>\n<h4 class=\"et_pb_toggle_title\">Conseils d&rsquo;utilisation<\/h4>\n<div class=\"et_pb_toggle_content clearfix\">\n<ul>\n<li data-leveltext=\"\u2022\" data-font=\"Arial\" data-listid=\"1\" data-aria-posinset=\"1\" data-aria-level=\"1\"><span data-contrast=\"auto\">Programme\u00a0de\u00a030 jours. Renouvelable.<\/span><span data-ccp-props=\"{&quot;201341983&quot;:0,&quot;335559740&quot;:240}\">\u00a0<\/span><\/li>\n<li data-leveltext=\"\u2022\" data-font=\"Arial\" data-listid=\"1\" data-aria-posinset=\"2\" data-aria-level=\"1\"><span data-contrast=\"auto\">A consommer de pr\u00e9f\u00e9rence avant la date indiqu\u00e9e\u00a0sous\u00a0l\u2019\u00e9tui.<\/span><span data-ccp-props=\"{&quot;201341983&quot;:0,&quot;335559740&quot;:240}\">\u00a0<\/span><\/li>\n<li data-leveltext=\"\u2022\" data-font=\"Arial\" data-listid=\"1\" data-aria-posinset=\"3\" data-aria-level=\"1\"><span data-contrast=\"auto\">Bien refermer apr\u00e8s ouverture. A conserver dans un endroit sec et frais.\u00a0<\/span><span data-ccp-props=\"{&quot;201341983&quot;:0,&quot;335559740&quot;:240}\">\u00a0<\/span><\/li>\n<li data-leveltext=\"\u2022\" data-font=\"Arial\" data-listid=\"1\" data-aria-posinset=\"4\" data-aria-level=\"1\"><span data-contrast=\"auto\">Doit \u00eatre consomm\u00e9 en association avec des mesures hygi\u00e9no-di\u00e9t\u00e9tiques, telles que la pratique d\u2019une activit\u00e9 physique r\u00e9guli\u00e8re et une alimentation \u00e9quilibr\u00e9e.<\/span><span data-ccp-props=\"{&quot;201341983&quot;:0,&quot;335559740&quot;:240}\">\u00a0<\/span><\/li>\n<li data-leveltext=\"\u2022\" data-font=\"Arial\" data-listid=\"1\" data-aria-posinset=\"5\" data-aria-level=\"1\"><b><span data-contrast=\"auto\">R\u00e9serv\u00e9 \u00e0 l\u2019adulte, except\u00e9 la femme enceinte ou allaitante.<\/span><\/b><span data-ccp-props=\"{&quot;201341983&quot;:0,&quot;335559740&quot;:240}\">\u00a0<\/span><\/li>\n<\/ul>\n<table border=\"0\" width=\"100%\" cellspacing=\"0\" cellpadding=\"10\">\n<tbody>\n<tr>\n<td><strong>Conseils d\u2019utilisation<\/strong><\/td>\n<td><strong>Matin<\/strong><\/td>\n<td><strong>Soir<\/strong><\/td>\n<\/tr>\n<tr>\n<td bgcolor=\"#f8cfdc\" width=\"70%\">Les 10 premiers jours (pendant ou apr\u00e8s le repas)<\/td>\n<td>2 capsules<\/td>\n<td bgcolor=\"#fce8ed\" width=\"30%\">2 capsules<\/td>\n<\/tr>\n<tr>\n<td bgcolor=\"#f8cfdc\" width=\"70%\">Les 20 jours suivants (pendant ou apr\u00e8s le repas)<\/td>\n<td>3 capsules<\/td>\n<td bgcolor=\"#fce8ed\" width=\"30%\"><\/td>\n<\/tr>\n<\/tbody>\n<\/table>\n<table border=\"0\" width=\"100%\" cellspacing=\"0\" cellpadding=\"10\">\n<tbody>\n<tr>\n<td bgcolor=\"#e50278\">Programme de 30 jours. Renouvelable.<\/td>\n<\/tr>\n<\/tbody>\n<\/table>\n<p>&nbsp;<\/p>\n<p>Ce compl\u00e9ment alimentaire n\u2019est pas un m\u00e9dicament. Il est recommand\u00e9 de respecter la dose journali\u00e8re indiqu\u00e9e et de le consommer dans le cadre d\u2019une alimentation vari\u00e9e et \u00e9quilibr\u00e9e, d\u2019un mode de vie sain et de le tenir hors de port\u00e9e des jeunes enfants.<\/p>\n<h4 class=\"et_pb_toggle_title\">Composition<\/h4>\n<div class=\"et_pb_toggle_content clearfix\">\n<p><b><span data-contrast=\"auto\">Ingr\u00e9dients :\u00a0<\/span><\/b><span data-contrast=\"auto\">Clarinol\u00ae A-80 titr\u00e9 \u00e0 80% en acide linol\u00e9ique\u00a0<\/span><span data-contrast=\"none\">conjugu\u00e9\u00a0<\/span><span data-contrast=\"auto\">(CLA),\u00a0Carnipure\u00ae (L-Carnitine-L-Tartrate), \u00e9paississant : cire d\u2019abeille blanche,\u00a0VitaCholine<\/span><span data-contrast=\"none\">\u00ae<\/span><span data-contrast=\"auto\">\u00a0(choline bitartrate), \u00e9mulsifiant : l\u00e9cithine de\u00a0<\/span><b><span data-contrast=\"auto\">soja<\/span><\/b><span data-contrast=\"auto\">, ar\u00f4me, eau.<\/span><span data-ccp-props=\"{&quot;201341983&quot;:0,&quot;335559740&quot;:240}\">\u00a0<\/span><span data-contrast=\"auto\">Capsule : g\u00e9latine bovine, humectant : glyc\u00e9rol, colorant : caramel ordinaire.<\/span><span data-ccp-props=\"{&quot;201341983&quot;:0,&quot;335559740&quot;:240}\">\u00a0<\/span><\/p>\n<table border=\"0\" width=\"100%\" cellspacing=\"0\" cellpadding=\"10\">\n<tbody>\n<tr>\n<td bgcolor=\"#666666\"><strong>Composition moyenne pour 4 capsules\/jour<\/strong><\/td>\n<\/tr>\n<\/tbody>\n<\/table>\n<table border=\"0\" width=\"100%\" cellspacing=\"0\" cellpadding=\"10\">\n<tbody>\n<tr>\n<td align=\"left\" bgcolor=\"#A2A2A2\" width=\"50\"><strong>Ingr\u00e9dients<\/strong><\/td>\n<td align=\"right\" bgcolor=\"#A2A2A2\" width=\"20%\">Dosage<\/td>\n<\/tr>\n<tr>\n<td><strong>Clarinol (CLA A-80)<\/strong>, \u00e9quivalent \u00e0 1 920 mg de CLA<\/td>\n<td><strong>2 400 mg<\/strong><\/td>\n<\/tr>\n<tr>\n<td><strong>Carnipure (L-Carnitine tartrate)<\/strong>, \u00e9quivalent \u00e0 300 mg de Carnitine<\/td>\n<td><strong>440 mg<\/strong><\/td>\n<\/tr>\n<tr>\n<td><strong>VitaCholine (choline bitartrate)<\/strong>, \u00e9quivalent \u00e0 88 mg de Choline<\/td>\n<td><strong>220 mg<\/strong><\/td>\n<\/tr>\n<\/tbody>\n<\/table>\n<p><span class=\"TextRun SCXW84490714 BCX0\" lang=\"FR\" xml:lang=\"FR\" data-contrast=\"auto\"><span class=\"NormalTextRun SCXW84490714 BCX0\">Poids net :<\/span><span class=\"NormalTextRun SCXW84490714 BCX0\">\u00a0<\/span><\/span><span class=\"TextRun SCXW84490714 BCX0\" lang=\"FR\" xml:lang=\"FR\" data-contrast=\"none\"><span class=\"NormalTextRun SCXW84490714 BCX0\">124<\/span><span class=\"NormalTextRun SCXW84490714 BCX0\">\u00a0<\/span><\/span><span class=\"TextRun SCXW84490714 BCX0\" lang=\"FR\" xml:lang=\"FR\" data-contrast=\"auto\"><span class=\"NormalTextRun SCXW84490714 BCX0\">g. \u2013 Code ACL :\u00a0<\/span><\/span><span class=\"TextRun SCXW84490714 BCX0\" lang=\"FR\" xml:lang=\"FR\" data-contrast=\"none\"><span class=\"NormalTextRun SCXW84490714 BCX0\">6263502<\/span><\/span><span class=\"EOP SCXW84490714 BCX0\" data-ccp-props=\"{&quot;201341983&quot;:0,&quot;335551550&quot;:6,&quot;335551620&quot;:6,&quot;335559740&quot;:455}\">\u00a0<\/span><\/p>\n<\/div>\n<\/div>\n<\/div>\n","protected":false},"excerpt":{"rendered":"<div class=\"et_pb_module et_pb_wc_title et_pb_wc_title_0_tb_body et_pb_bg_layout_light\">\n<div class=\"et_pb_module_inner\">\n<h2>Lean CLA<\/h2>\n<\/div>\n<\/div>\n<div id=\"fp-tags\" class=\"et_pb_module et_pb_text et_pb_text_1_tb_body et_pb_text_align_left et_pb_bg_layout_light\">\n<div class=\"et_pb_text_inner\">\n<div class=\"woocommerce et-dynamic-content-woo et-dynamic-content-woo--product_short_description\">\n<p>Acide linol\u00e9ique conjugu\u00e9<\/p>\n<\/div>\n<\/div>\n<\/div>\n<div class=\"et_pb_module et_pb_wc_description et_pb_wc_description_0_tb_body produit-description et_pb_bg_layout_light et_pb_text_align_left\">\n<div class=\"et_pb_module_inner\">\n<p>Compl\u00e9ment alimentaire<strong>\u00a0issu de la recherche en micronutrition\u00a0<\/strong>:<\/p>\n<ul>\n<li data-leveltext=\"\u2022\" data-font=\"Arial\" data-listid=\"1\" data-aria-posinset=\"2\" data-aria-level=\"1\"><span data-contrast=\"auto\"><strong>Synergie d\u2019actifs\u202f<\/strong>:\u00a0CLA extrait\u00a0d\u2019huile de carthame, choline et\u00a0L-Carnitine<\/span><span data-ccp-props=\"{&quot;201341983&quot;:0,&quot;335559740&quot;:276}\">\u00a0<\/span><\/li>\n<li data-leveltext=\"\u2022\" data-font=\"Arial\" data-listid=\"1\" data-aria-posinset=\"3\" data-aria-level=\"1\"><span data-contrast=\"auto\">CLA\u00a0concentr\u00e9, parmi les<strong>\u00a0formes les plus pures<\/strong><\/span><strong>\u00a0<\/strong><\/li>\n<li data-leveltext=\"\u2022\" data-font=\"Arial\" data-listid=\"1\" data-aria-posinset=\"4\" data-aria-level=\"1\"><span data-contrast=\"auto\">1\u00a0bo\u00eete\u202f:\u00a0<strong>programme de\u00a030 jours<\/strong>. Renouvelable.<\/span><\/li>\n<\/ul>\n<\/div>\n<\/div>\n","protected":false},"featured_media":2913,"comment_status":"open","ping_status":"closed","template":"","meta":[],"product_brand":[],"product_cat":[23],"product_tag":[],"class_list":{"0":"post-2912","1":"product","2":"type-product","3":"status-publish","4":"has-post-thumbnail","6":"product_cat-23","7":"entry","9":"first","10":"instock","11":"taxable","12":"shipping-taxable","13":"purchasable","14":"product-type-simple"},"jetpack_sharing_enabled":true,"_links":{"self":[{"href":"https:\/\/healthstore.mc\/index.php\/wp-json\/wp\/v2\/product\/2912","targetHints":{"allow":["GET"]}}],"collection":[{"href":"https:\/\/healthstore.mc\/index.php\/wp-json\/wp\/v2\/product"}],"about":[{"href":"https:\/\/healthstore.mc\/index.php\/wp-json\/wp\/v2\/types\/product"}],"replies":[{"embeddable":true,"href":"https:\/\/healthstore.mc\/index.php\/wp-json\/wp\/v2\/comments?post=2912"}],"wp:featuredmedia":[{"embeddable":true,"href":"https:\/\/healthstore.mc\/index.php\/wp-json\/wp\/v2\/media\/2913"}],"wp:attachment":[{"href":"https:\/\/healthstore.mc\/index.php\/wp-json\/wp\/v2\/media?parent=2912"}],"wp:term":[{"taxonomy":"product_brand","embeddable":true,"href":"https:\/\/healthstore.mc\/index.php\/wp-json\/wp\/v2\/product_brand?post=2912"},{"taxonomy":"product_cat","embeddable":true,"href":"https:\/\/healthstore.mc\/index.php\/wp-json\/wp\/v2\/product_cat?post=2912"},{"taxonomy":"product_tag","embeddable":true,"href":"https:\/\/healthstore.mc\/index.php\/wp-json\/wp\/v2\/product_tag?post=2912"}],"curies":[{"name":"wp","href":"https:\/\/api.w.org\/{rel}","templated":true}]}}