{"id":2914,"date":"2022-03-15T17:28:19","date_gmt":"2022-03-15T16:28:19","guid":{"rendered":"https:\/\/healthstore.mc\/?post_type=product&#038;p=2914"},"modified":"2024-09-21T16:39:56","modified_gmt":"2024-09-21T14:39:56","slug":"hepacyte-28cp","status":"publish","type":"product","link":"https:\/\/healthstore.mc\/index.php\/product\/hepacyte-28cp\/","title":{"rendered":"Hepacyte 28cp"},"content":{"rendered":"<h5 class=\"et_pb_toggle_title\">Quoi ? Pour qui ?<\/h5>\n<div class=\"et_pb_toggle_content clearfix\">\n<p><strong>Hepacyte vous apporte :<\/strong><\/p>\n<ol>\n<li>Du Robuvit\u00ae, un extrait de bois de ch\u00eane\u00a0<strong>scientifiquement \u00e9tudi\u00e9<\/strong>.<\/li>\n<li>Du chardon marie titr\u00e9 en silymarine : soutient la\u00a0<strong>sant\u00e9 h\u00e9patique<\/strong>\u00a0et contribue \u00e0 l\u2019<strong>\u00e9limination des toxines<\/strong>.<\/li>\n<li>Du pissenlit\u00a0: soutient la\u00a0<strong>fonction biliaire<\/strong>\u00a0et\u00a0<strong>facilite la digestion<\/strong><em>.<\/em><\/li>\n<li>Du gingembre\u00a0: aide au bien-\u00eatre gastro-intestinal\u00a0<strong>limitant ainsi les naus\u00e9es<\/strong>.<\/li>\n<li>Des acides amin\u00e9s tels que la\u00a0<strong>N-Ac\u00e9tyl-L-Cyst\u00e9ine<\/strong>, la\u00a0<strong>Glycine<\/strong>\u00a0et la\u00a0<strong>Taurine<\/strong>.<\/li>\n<li>Des extraits de plantes reconnues :\u00a0<strong>fumeterre et artichaut<\/strong>.<\/li>\n<li>Une association de b\u00e9ta\u00efne et de choline.<\/li>\n<\/ol>\n<p><strong>A qui s\u2019adresse Hepacyte ?<\/strong><br \/>\nLe compl\u00e9ment alimentaire Hepacyte est recommand\u00e9 aux personnes :<\/p>\n<ul>\n<li>Ayant fait ou allant faire un exc\u00e8s (alimentaire, alcool ou autres toxines)<\/li>\n<li>Ressentant des difficult\u00e9s pour dig\u00e9rer<\/li>\n<li>Ayant des naus\u00e9es digestives<\/li>\n<li>Ayant une alimentation riche en lipides et en sucres transform\u00e9s<\/li>\n<li>A la suite d\u2019un bilan h\u00e9patique (sous recommandation m\u00e9dicale)<\/li>\n<li>Souhaitant faire un programme d\u00e9tox, en alternative \u00e0 Aqualyse<\/li>\n<\/ul>\n<h4 class=\"et_pb_toggle_title\">Conseils d&rsquo;utilisation<\/h4>\n<div class=\"et_pb_toggle_content clearfix\">\n<ul>\n<li>Programme de 1 jour \u00e0 12 jours. Renouvelable (1 bo\u00eete par mois).<\/li>\n<li>Il est recommand\u00e9 de faire une pause d\u2019un mois minimum tous les 3 programmes.<\/li>\n<li>Il est conseill\u00e9 de prendre Hepacyte apr\u00e8s un repas (petit-d\u00e9jeuner ou d\u00e9jeuner et d\u00eener).<\/li>\n<li>Comprim\u00e9s s\u00e9cables, faciles \u00e0 avaler.<\/li>\n<li>Convient aux v\u00e9g\u00e9tariens et aux v\u00e9g\u00e9taliens.<\/li>\n<li>A consommer de pr\u00e9f\u00e9rence avant la date indiqu\u00e9e sous l\u2019\u00e9tui.<\/li>\n<li>A conserver dans un endroit sec et frais.<\/li>\n<li><strong><span class=\"s10\">R\u00e9serv\u00e9 \u00e0 l\u2019adulte except\u00e9 la femme enceinte ou allaitante.<\/span><\/strong><\/li>\n<li><strong><span class=\"s30\">Il est recommand\u00e9 aux personnes sous contr\u00f4le m\u00e9dical de demander l\u2019avis d\u2019un professionnel de sant\u00e9 avant de prendre Hepacyte<\/span><span class=\"s30\">.<\/span><\/strong><\/li>\n<\/ul>\n<div><\/div>\n<table class=\"tg\">\n<thead>\n<tr>\n<th colspan=\"2\">Conseils d\u2019utilisation<\/th>\n<th>Matin ou Midi*<\/th>\n<th>Soir*<\/th>\n<\/tr>\n<\/thead>\n<tbody>\n<tr>\n<td>Inconfort digestif\/naus\u00e9e<\/td>\n<td>Prise ponctuelle**<\/td>\n<td>2 comprim\u00e9s<\/td>\n<td>2 comprim\u00e9s<\/td>\n<\/tr>\n<tr>\n<td rowspan=\"2\">Sant\u00e9 du foie<\/td>\n<td>Les 2 premiers jours<\/td>\n<td>2 comprim\u00e9s<\/td>\n<td>2 comprim\u00e9s<\/td>\n<\/tr>\n<tr>\n<td>Les 10 jours suivants<\/td>\n<td>2 comprim\u00e9s<\/td>\n<td><\/td>\n<\/tr>\n<\/tbody>\n<\/table>\n<p>*De pr\u00e9f\u00e9rence apr\u00e8s un repas.<br \/>\n**1 jour ou plus si besoin, jusqu\u2019\u00e0 disparition des g\u00eanes.<\/p>\n<p>Ce compl\u00e9ment alimentaire n\u2019est pas un m\u00e9dicament. Il est recommand\u00e9 de respecter la dose journali\u00e8re indiqu\u00e9e, de le consommer dans le cadre d\u2019une alimentation vari\u00e9e et \u00e9quilibr\u00e9e et d\u2019un mode de vie sain et de le tenir hors de port\u00e9e des jeunes enfants.<\/p>\n<h4 class=\"et_pb_toggle_title\">Composition<\/h4>\n<div class=\"et_pb_toggle_content clearfix\">\n<p><span class=\"s2\"><strong>Ingr\u00e9dients<\/strong>\u00a0: antiagglom\u00e9rants : phosphates dicalcique et tricalcique et st\u00e9arate de magn\u00e9sium, agent de charge : cellulose<\/span>\u00a0<span class=\"s2\">microcristalline, concentr\u00e9 de baie d\u2019ac\u00e9rola (<\/span><em><span class=\"s34\">Malpighia<\/span>\u00a0<span class=\"s34\">glabr<\/span><span class=\"s2\">a<\/span><\/em><span class=\"s2\">) standardis\u00e9 en vitamine C,\u00a0<\/span><span class=\"s2\">Robuvit<\/span><span class=\"s2\">\u00ae (extrait de bois de ch\u00eane\u00a0<\/span><em><span class=\"s34\">Quercus\u00a0<\/span><span class=\"s34\">robur<\/span><\/em><span class=\"s2\">), N-<\/span><span class=\"s2\">Ac\u00e9tyl<\/span><span class=\"s2\">-L-Cyst\u00e9ine, extrait de graines de chardon marie (<\/span><em><span class=\"s34\">Silybum\u00a0<\/span><span class=\"s34\">marianum<\/span><\/em><span class=\"s2\">), chlorhydrate de b\u00e9ta\u00efne, extrait de parties a\u00e9riennes<\/span>\u00a0<span class=\"s2\">de fumeterre (<\/span><em><span class=\"s34\">Fumaria<\/span>\u00a0<span class=\"s34\">officinalis<\/span><\/em><span class=\"s2\">), bitartrate de choline, Glycine, Taurine, extrait de rhizome de gingembre (<\/span><em><span class=\"s34\">Zingiber<\/span><span class=\"s34\">\u00a0officinale<\/span><\/em><span class=\"s2\">), extrait\u00a0<\/span><span class=\"s2\">de feuille d\u2019artichaut (<\/span><em><span class=\"s34\">Cynara<\/span>\u00a0<span class=\"s34\">scolymus<\/span><\/em><span class=\"s2\">), \u00e9paississant :\u00a0<\/span><span class=\"s2\">hydroxypropylcellulose<\/span><span class=\"s2\">, extrait de racine de pissenlit (<\/span><em><span class=\"s34\">Taraxacum\u00a0<\/span><span class=\"s34\">officinale<\/span><\/em><span class=\"s2\">),<\/span>\u00a0<span class=\"s2\">bisglycinate<\/span><span class=\"s2\">\u00a0de\u00a0<\/span><span class=\"s2\">Z<\/span><span class=\"s2\">inc<\/span><span class=\"s2\">, vitamine E (<\/span><span class=\"s2\">succinate acide de D-alpha-<\/span><span class=\"s2\">tocoph\u00e9ryle<\/span><span class=\"s2\">),\u00a0<\/span><span class=\"s2\">S<\/span><span class=\"s2\">\u00e9l\u00e9nium<\/span><span class=\"s2\">\u00a0(L-<\/span><span class=\"s2\">s\u00e9l\u00e9nom\u00e9thionine<\/span><span class=\"s2\">), vitamine B6\u00a0<\/span><span class=\"s2\">(chlorhydrate de<\/span>\u00a0<span class=\"s2\">pyridoxine). Pelliculage transparent<\/span><span class=\"s2\">\u00a0:\u00a0<\/span><span class=\"s2\">hydroxypropylm\u00e9thylcellulose<\/span><span class=\"s2\">, cellulose microcristalline, \u00e9mulsifiant<\/span><span class=\"s2\">\u00a0:\u00a0<\/span><span class=\"s2\">acide st\u00e9arique.<\/span><\/p>\n<table class=\"tg\">\n<thead>\n<tr>\n<th colspan=\"2\">Composition pour 4 comprim\u00e9s\/jour (2 611 mg)<\/th>\n<\/tr>\n<\/thead>\n<tbody>\n<tr>\n<td>Ingr\u00e9dients<\/td>\n<td>Dosage<\/td>\n<\/tr>\n<tr>\n<td>HepaROS<\/td>\n<td>\u00a0890 mg<\/td>\n<\/tr>\n<tr>\n<td>N-Ac\u00e9tyl-L-Cyst\u00e9ine<\/td>\n<td>300 mg<\/td>\n<\/tr>\n<tr>\n<td>Extrait de chardon marie (dont 200 mg de Silymarine)<\/td>\n<td>267 mg<\/td>\n<\/tr>\n<tr>\n<td>Glycine<\/td>\n<td>200 mg<\/td>\n<\/tr>\n<tr>\n<td>Extrait d\u2019artichaut<\/td>\n<td>112 mg<\/td>\n<\/tr>\n<tr>\n<td>Zinc sous forme amino-ch\u00e9lat\u00e9e\u00ae<br \/>\nVitamine B6<br \/>\nS\u00e9l\u00e9nium sous forme de s\u00e9l\u00e9nom\u00e9thionine<\/td>\n<td>10 mg (100 % VNR*)<br \/>\n1,4 mg (100 % VNR*)<br \/>\n25 \u03bcg (45,5 % VNR*)<\/td>\n<\/tr>\n<tr>\n<td>Cholestim<\/td>\n<td>1\u00a0\u00a0\u00a0721 mg<\/td>\n<\/tr>\n<tr>\n<td>Robuvit\u00ae, extrait de bois de ch\u00eane<\/td>\n<td>300 mg<\/td>\n<\/tr>\n<tr>\n<td>Extrait de fumeterre<\/td>\n<td>250 mg<\/td>\n<\/tr>\n<tr>\n<td>VitaCholine\u00ae, bitartrate de choline<br \/>\n(dont 84 mg de choline pure)<\/td>\n<td>205 mg<\/td>\n<\/tr>\n<tr>\n<td>B\u00e9ta\u00efne<\/td>\n<td>200 mg<\/td>\n<\/tr>\n<tr>\n<td>Taurine<\/td>\n<td>200 mg<\/td>\n<\/tr>\n<tr>\n<td colspan=\"2\">Extrait de gingembre 150 mg, extrait de pissenlit 90 mg, concentr\u00e9 de baie d\u2019ac\u00e9rola 314 mg dont vitamine C 40 mg (50 % VNR*), vitamine E naturelle 12 mg (100 % VNR*)<\/td>\n<\/tr>\n<\/tbody>\n<\/table>\n<p><span class=\"s49\">*<\/span>\u00a0<span class=\"s49\">Valeurs Nutritionnelles de R\u00e9f\u00e9rence.<\/span><\/p>\n<p><span class=\"s4\">Robuvit<\/span><span class=\"s4\">\u00ae est une marque enregistr\u00e9e appartenant \u00e0\u00a0<\/span><span class=\"s4\">Horphag\u00a0<\/span><span class=\"s4\">Research<\/span><span class=\"s4\">. Son utilisation est<\/span>\u00a0<span class=\"s4\">prot\u00e9g\u00e9e par un ou plusieurs brevets am\u00e9ricains et internationaux.<\/span><\/p>\n<p><span class=\"s4\">VitaCholine<\/span><span class=\"s4\">\u00ae est une<\/span>\u00a0<span class=\"s4\">marque d\u00e9pos\u00e9e par\u00a0<\/span><span class=\"s4\">Balchem<\/span><span class=\"s4\">\u00a0Corporation.<\/span><\/p>\n<p class=\"s54\"><span class=\"s2\">Poids net : 31 g.<\/span><\/p>\n<p class=\"s54\"><span class=\"s2\">Code ACL : 6303673<\/span><\/p>\n<\/div>\n<\/div>\n<\/div>\n","protected":false},"excerpt":{"rendered":"<div class=\"et_pb_module et_pb_wc_title et_pb_wc_title_0_tb_body et_pb_bg_layout_light\">\n<div class=\"et_pb_module_inner\">\n<h2>Hepacyte<\/h2>\n<\/div>\n<\/div>\n<div id=\"fp-tags\" class=\"et_pb_module et_pb_text et_pb_text_1_tb_body et_pb_text_align_left et_pb_bg_layout_light\">\n<div class=\"et_pb_text_inner\">\n<div class=\"woocommerce et-dynamic-content-woo et-dynamic-content-woo--product_short_description\">\n<p>Sant\u00e9 du foie \u2013 Digestion<\/p>\n<\/div>\n<\/div>\n<\/div>\n<div class=\"et_pb_module et_pb_wc_description et_pb_wc_description_0_tb_body produit-description et_pb_bg_layout_light et_pb_text_align_left\">\n<div class=\"et_pb_module_inner\">\n<p>Compl\u00e9ment alimentaire issu de la recherche en micronutrition :<\/p>\n<ul>\n<li><strong>Exc\u00e8s alimentaires<\/strong>, difficult\u00e9s de\u00a0<strong>digestion<\/strong>, naus\u00e9es digestives<\/li>\n<li>Extrait de chardon marie : soutient la\u00a0<strong>sant\u00e9 h\u00e9patique<\/strong>\u00a0et contribue \u00e0 l\u2019<strong>\u00e9limination des toxines<\/strong><\/li>\n<li>Ingr\u00e9dient\u00a0<strong>brevet\u00e9<\/strong>\u00a0innovant : Robuvit\u00ae<\/li>\n<li>1 bo\u00eete : programme de 1 \u00e0 12 jours. Renouvelable (1 bo\u00eete par mois)<\/li>\n<\/ul>\n<\/div>\n<\/div>\n","protected":false},"featured_media":2915,"comment_status":"open","ping_status":"closed","template":"","meta":[],"product_brand":[],"product_cat":[23],"product_tag":[],"class_list":{"0":"post-2914","1":"product","2":"type-product","3":"status-publish","4":"has-post-thumbnail","6":"product_cat-23","7":"entry","9":"first","10":"instock","11":"taxable","12":"shipping-taxable","13":"purchasable","14":"product-type-simple"},"jetpack_sharing_enabled":true,"_links":{"self":[{"href":"https:\/\/healthstore.mc\/index.php\/wp-json\/wp\/v2\/product\/2914","targetHints":{"allow":["GET"]}}],"collection":[{"href":"https:\/\/healthstore.mc\/index.php\/wp-json\/wp\/v2\/product"}],"about":[{"href":"https:\/\/healthstore.mc\/index.php\/wp-json\/wp\/v2\/types\/product"}],"replies":[{"embeddable":true,"href":"https:\/\/healthstore.mc\/index.php\/wp-json\/wp\/v2\/comments?post=2914"}],"wp:featuredmedia":[{"embeddable":true,"href":"https:\/\/healthstore.mc\/index.php\/wp-json\/wp\/v2\/media\/2915"}],"wp:attachment":[{"href":"https:\/\/healthstore.mc\/index.php\/wp-json\/wp\/v2\/media?parent=2914"}],"wp:term":[{"taxonomy":"product_brand","embeddable":true,"href":"https:\/\/healthstore.mc\/index.php\/wp-json\/wp\/v2\/product_brand?post=2914"},{"taxonomy":"product_cat","embeddable":true,"href":"https:\/\/healthstore.mc\/index.php\/wp-json\/wp\/v2\/product_cat?post=2914"},{"taxonomy":"product_tag","embeddable":true,"href":"https:\/\/healthstore.mc\/index.php\/wp-json\/wp\/v2\/product_tag?post=2914"}],"curies":[{"name":"wp","href":"https:\/\/api.w.org\/{rel}","templated":true}]}}