{"id":2916,"date":"2022-03-15T17:36:36","date_gmt":"2022-03-15T16:36:36","guid":{"rendered":"https:\/\/healthstore.mc\/?post_type=product&#038;p=2916"},"modified":"2024-09-21T16:40:07","modified_gmt":"2024-09-21T14:40:07","slug":"opteens-56-gel","status":"publish","type":"product","link":"https:\/\/healthstore.mc\/index.php\/product\/opteens-56-gel\/","title":{"rendered":"Opteens 56 gel"},"content":{"rendered":"<h5 class=\"et_pb_toggle_title\">Quoi ? Pour qui ?<\/h5>\n<div class=\"et_pb_toggle_content clearfix\">\n<h3>Pour les besoins nutritionnels de l\u2019adolescent de 12 \u00e0 18 ans\u00a0:<\/h3>\n<p>\u00c0 l\u2019adolescence, les besoins nutritionnels sont sp\u00e9cifiques.<br \/>\nUn apport alimentaire \u00e9quilibr\u00e9 en nutriments essentiels contribue \u00e0 la bonne vitalit\u00e9 de l\u2019organisme.<\/p>\n<p>Opteens est un compl\u00e9ment alimentaire pour les adolescents :<\/p>\n<ul>\n<li>Une formule compl\u00e8te et adapt\u00e9e \u00e0 leurs besoins<\/li>\n<li>11 vitamines, dont la vitamine D qui contribue au maintien du bon fonctionnement immunitaire<\/li>\n<li>4 min\u00e9raux, dont du fer qui aide au d\u00e9veloppement cognitif normal des enfants ainsi de l\u2019iode qui participe \u00e0 une croissance normale<\/li>\n<li>Une association de nucl\u00e9otides<\/li>\n<\/ul>\n<p>De la conception \u00e0 la naissance, ainsi que tout au long de leur d\u00e9veloppement,\u00a0<strong>la physiologie et les besoins des enfants \u00e9voluent<\/strong>. La gamme\u00a0<strong>NHCO Optimage<\/strong>\u00ae\u00a0a \u00e9t\u00e9 sp\u00e9cifiquement d\u00e9velopp\u00e9e pour r\u00e9pondre \u00e0 ces \u00e9volutions, en fonction de l\u2019\u00e2ge des enfants.<br \/>\n<strong>NHCO Optimage<\/strong>\u00ae\u00a0: des solutions\u00a0<strong>innovantes<\/strong>, formul\u00e9es avec des\u00a0ingr\u00e9dients de\u00a0<strong>qualit\u00e9<\/strong>, tout en assurant une\u00a0<strong>tr\u00e8s bonne tol\u00e9rance<\/strong>.<\/p>\n<h4 class=\"et_pb_toggle_title\">Conseils d&rsquo;utilisation<\/h4>\n<div class=\"et_pb_toggle_content clearfix\">\n<ul>\n<li>\u00c0 consommer de pr\u00e9f\u00e9rence avant la date indiqu\u00e9e sous l\u2019\u00e9tui<\/li>\n<li>Conserver dans un endroit sec et frais<\/li>\n<\/ul>\n<table border=\"0\" width=\"100%\" cellspacing=\"0\" cellpadding=\"10\">\n<tbody>\n<tr>\n<td bgcolor=\"#9241e2\" width=\"60%\"><strong>Conseils d\u2019utilisation<\/strong><\/td>\n<td bgcolor=\"#9241e2\" width=\"20%\"><strong>Par jour<\/strong><\/td>\n<\/tr>\n<tr>\n<td bgcolor=\"#9241e2\" width=\"60%\">Pendant le repas de votre choix<\/td>\n<td bgcolor=\"#9241e2\" width=\"20%\">2 g\u00e9lules par jour en une seule prise<\/td>\n<\/tr>\n<\/tbody>\n<\/table>\n<table border=\"0\" width=\"100%\" cellspacing=\"0\" cellpadding=\"10\">\n<tbody>\n<tr>\n<td bgcolor=\"#cccccc\">Programme de 4 semaines. Renouvelable.<\/td>\n<\/tr>\n<\/tbody>\n<\/table>\n<p>Ce compl\u00e9ment alimentaire n\u2019est pas un m\u00e9dicament. Il est recommand\u00e9 de respecter la dose journali\u00e8re indiqu\u00e9e, de le consommer dans le cadre d\u2019une alimentation vari\u00e9e et \u00e9quilibr\u00e9e et d\u2019un mode de vie sain, de le tenir hors de port\u00e9e des jeunes enfants.<\/p>\n<h4 class=\"et_pb_toggle_title\">Composition<\/h4>\n<div class=\"et_pb_toggle_content clearfix\">\n<p><strong>Compl\u00e9ment alimentaire pour adolescent<br \/>\n<\/strong><strong>Ingr\u00e9dients<\/strong>\u00a0: bisglycinate de Magn\u00e9sium tamponn\u00e9 (contient : oxyde de magn\u00e9sium), agent de charge : cellulose microcristalline, concentr\u00e9 en poudre de baie d\u2019ac\u00e9rola (<em>Malpighia glabra<\/em>), nucl\u00e9otides (sels disodiques de Guanosine-5\u2019-monophosphate \u201cGMP\u201d, d\u2019Inosine-5\u2019-monophosphate \u201cIMP\u201d et d\u2019Uridine-5\u2019-monophosphate \u201cUMP\u201d, Cytidine-5\u2019-monophosphate \u201cCMP\u201d, Ad\u00e9nosine-5\u2019-monophosphate \u201cAMP\u201d), bisglycinate de Fer, anti-agglom\u00e9rant : st\u00e9arate de magn\u00e9sium v\u00e9g\u00e9tal, bisglycinate de Zinc, vitamine B9 (acide folique), vitamine B3 (nicotinamide), vitamine A (ac\u00e9tate de r\u00e9tinyl), vitamine B5 (pantoth\u00e9nate de calcium), vitamine B8 (biotine), vitamine B12 (cyanocobalamine), vitamine D (chol\u00e9calciferol), vitamine B6 (chlorhydrate de pyridoxine), vitamine B1 (chlorhydrate de thiamine), vitamine B2 (riboflavine), iodure de Potassium. G\u00e9lule : hydroxypropylm\u00e9thylcellulose, concentr\u00e9 de carotte.<\/p>\n<table border=\"0\" width=\"100%\" cellspacing=\"0\" cellpadding=\"10\">\n<tbody>\n<tr>\n<td bgcolor=\"#666666\"><strong>Composition moyenne pour 2 g\u00e9lules par jour<\/strong><\/td>\n<\/tr>\n<\/tbody>\n<\/table>\n<table border=\"0\" width=\"100%\" cellspacing=\"0\" cellpadding=\"10\">\n<tbody>\n<tr>\n<td align=\"left\" bgcolor=\"#a2a2a2\" width=\"50\"><strong>Vitamines\u00a0<\/strong><\/td>\n<td align=\"right\" bgcolor=\"#a2a2a2\" width=\"20%\">Dosage<\/td>\n<\/tr>\n<\/tbody>\n<\/table>\n<table border=\"0\" width=\"100%\" cellspacing=\"0\" cellpadding=\"10\">\n<tbody>\n<tr>\n<td align=\"left\" bgcolor=\"#cccccc\">Vitamine A<\/td>\n<td align=\"right\" bgcolor=\"#cccccc\">240 \u03bcg (30%*)<\/td>\n<\/tr>\n<\/tbody>\n<\/table>\n<table border=\"0\" width=\"100%\" cellspacing=\"0\" cellpadding=\"10\">\n<tbody>\n<tr>\n<td align=\"left\" bgcolor=\"#cccccc\">Vitamine B1<\/td>\n<td align=\"right\" bgcolor=\"#cccccc\">0,33 mg (30%*)<\/td>\n<\/tr>\n<\/tbody>\n<\/table>\n<table border=\"0\" width=\"100%\" cellspacing=\"0\" cellpadding=\"10\">\n<tbody>\n<tr>\n<td align=\"left\" bgcolor=\"#cccccc\">Vitamine B2<\/td>\n<td align=\"right\" bgcolor=\"#cccccc\">0,42 mg (30%*)<\/td>\n<\/tr>\n<\/tbody>\n<\/table>\n<table border=\"0\" width=\"100%\" cellspacing=\"0\" cellpadding=\"10\">\n<tbody>\n<tr>\n<td align=\"left\" bgcolor=\"#cccccc\">Vitamine B3<\/td>\n<td align=\"right\" bgcolor=\"#cccccc\">\u00a04,8 mg (30%*)<\/td>\n<\/tr>\n<\/tbody>\n<\/table>\n<table border=\"0\" width=\"100%\" cellspacing=\"0\" cellpadding=\"10\">\n<tbody>\n<tr>\n<td align=\"left\" bgcolor=\"#cccccc\">Vitamine B5<\/td>\n<td align=\"right\" bgcolor=\"#cccccc\">1,8 mg (30%*)<\/td>\n<\/tr>\n<\/tbody>\n<\/table>\n<table border=\"0\" width=\"100%\" cellspacing=\"0\" cellpadding=\"10\">\n<tbody>\n<tr>\n<td align=\"left\" bgcolor=\"#cccccc\">Vitamine B6<\/td>\n<td align=\"right\" bgcolor=\"#cccccc\">\u00a0 \u00a0 \u00a0 \u00a0 \u00a0 \u00a0 \u00a0 \u00a0 \u00a0 \u00a0 \u00a0 \u00a0 \u00a0 \u00a0 \u00a0 \u00a0 \u00a0 \u00a0 \u00a0 \u00a0 \u00a0 \u00a0 \u00a0 \u00a0 \u00a0 \u00a0 \u00a0 \u00a0 \u00a0 \u00a0 \u00a0 \u00a0 \u00a0 \u00a0 \u00a0 \u00a0 \u00a0 \u00a0 \u00a0 \u00a0 \u00a0 \u00a0 \u00a0 \u00a0 \u00a0 \u00a0 \u00a0 \u00a0 \u00a0 \u00a0 \u00a0 \u00a0 \u00a0 \u00a0 \u00a0 \u00a0 \u00a0 \u00a0 \u00a0 \u00a00,42 mg (30%*)<\/td>\n<\/tr>\n<\/tbody>\n<\/table>\n<table border=\"0\" width=\"100%\" cellspacing=\"0\" cellpadding=\"10\">\n<tbody>\n<tr>\n<td align=\"left\" bgcolor=\"#cccccc\">Vitamine B8<\/td>\n<td align=\"right\" bgcolor=\"#cccccc\">15 \u03bcg (30%*)<\/td>\n<\/tr>\n<\/tbody>\n<\/table>\n<table border=\"0\" width=\"100%\" cellspacing=\"0\" cellpadding=\"10\">\n<tbody>\n<tr>\n<td align=\"left\" bgcolor=\"#cccccc\">Vitamine B9<\/td>\n<td align=\"right\" bgcolor=\"#cccccc\">60 \u03bcg (30%*)<\/td>\n<\/tr>\n<\/tbody>\n<\/table>\n<table border=\"0\" width=\"100%\" cellspacing=\"0\" cellpadding=\"10\">\n<tbody>\n<tr>\n<td align=\"left\" bgcolor=\"#cccccc\">Vitamine B12<\/td>\n<td align=\"right\" bgcolor=\"#cccccc\">1,25 \u03bcg (50%*)<\/td>\n<\/tr>\n<\/tbody>\n<\/table>\n<table border=\"0\" width=\"100%\" cellspacing=\"0\" cellpadding=\"10\">\n<tbody>\n<tr>\n<td align=\"left\" bgcolor=\"#cccccc\">\n<div>Vitamine C naturelle (issue d\u2019extrait d\u2019ac\u00e9rola 88,5 mg)<\/div>\n<\/td>\n<td align=\"right\" bgcolor=\"#cccccc\">\n<div>24 mg (30%*)<\/div>\n<\/td>\n<\/tr>\n<\/tbody>\n<\/table>\n<table border=\"0\" width=\"100%\" cellspacing=\"0\" cellpadding=\"10\">\n<tbody>\n<tr>\n<td align=\"left\" bgcolor=\"#cccccc\">Vitamine D<\/td>\n<td align=\"right\" bgcolor=\"#cccccc\">2,5 \u03bcg (50%*)<\/td>\n<\/tr>\n<\/tbody>\n<\/table>\n<table border=\"0\" width=\"100%\" cellspacing=\"0\" cellpadding=\"10\">\n<tbody>\n<tr>\n<td align=\"left\" bgcolor=\"#a2a2a2\" width=\"50\"><strong>Min\u00e9raux<\/strong><\/td>\n<td align=\"right\" bgcolor=\"#a2a2a2\" width=\"20%\"><\/td>\n<\/tr>\n<\/tbody>\n<\/table>\n<table border=\"0\" width=\"100%\" cellspacing=\"0\" cellpadding=\"10\">\n<tbody>\n<tr>\n<td align=\"left\" bgcolor=\"#cccccc\">Magn\u00e9sium amino-ch\u00e9lat\u00e9\u00ae<\/td>\n<td align=\"right\" bgcolor=\"#cccccc\">56,3 mg (15%*)<\/td>\n<\/tr>\n<\/tbody>\n<\/table>\n<table border=\"0\" width=\"100%\" cellspacing=\"0\" cellpadding=\"10\">\n<tbody>\n<tr>\n<td align=\"left\" bgcolor=\"#cccccc\">Iode<\/td>\n<td align=\"right\" bgcolor=\"#cccccc\">22,5 \u03bcg (15%*)<\/td>\n<\/tr>\n<\/tbody>\n<\/table>\n<table border=\"0\" width=\"100%\" cellspacing=\"0\" cellpadding=\"10\">\n<tbody>\n<tr>\n<td align=\"left\" bgcolor=\"#cccccc\">Fer amino-ch\u00e9lat\u00e9\u00ae<\/td>\n<td align=\"right\" bgcolor=\"#cccccc\">7 mg (50%*)<\/td>\n<\/tr>\n<\/tbody>\n<\/table>\n<table border=\"0\" width=\"100%\" cellspacing=\"0\" cellpadding=\"10\">\n<tbody>\n<tr>\n<td align=\"left\" bgcolor=\"#cccccc\">Zinc \u00a0amino-ch\u00e9lat\u00e9\u00ae<\/td>\n<td align=\"right\" bgcolor=\"#cccccc\">5 mg (50%*)<\/td>\n<\/tr>\n<\/tbody>\n<\/table>\n<table border=\"0\" width=\"100%\" cellspacing=\"0\" cellpadding=\"10\">\n<tbody>\n<tr>\n<td align=\"left\" bgcolor=\"#a2a2a2\" width=\"50\"><strong>Nucl\u00e9otides<\/strong><\/td>\n<td align=\"right\" bgcolor=\"#a2a2a2\" width=\"20%\"><\/td>\n<\/tr>\n<\/tbody>\n<\/table>\n<table border=\"0\" width=\"100%\" cellspacing=\"0\" cellpadding=\"10\">\n<tbody>\n<tr>\n<td align=\"left\" bgcolor=\"#cccccc\">CMP, GMP, IMP, UMP et AMP<\/td>\n<td align=\"right\" bgcolor=\"#cccccc\">38,5 mg<\/td>\n<\/tr>\n<\/tbody>\n<\/table>\n<h5><\/h5>\n<h5>* Valeurs Nutritionnelles de R\u00e9f\u00e9rence<\/h5>\n<p>Poids net : 29 g \u2013 Code ACL : 6273823<\/p>\n<\/div>\n<\/div>\n<\/div>\n","protected":false},"excerpt":{"rendered":"<div class=\"et_pb_module et_pb_wc_title et_pb_wc_title_0_tb_body et_pb_bg_layout_light\">\n<div class=\"et_pb_module_inner\">\n<h1>Opteens<\/h1>\n<\/div>\n<\/div>\n<div id=\"fp-tags\" class=\"et_pb_module et_pb_text et_pb_text_1_tb_body  et_pb_text_align_left et_pb_bg_layout_light\">\n<div class=\"et_pb_text_inner\">\n<div class=\"woocommerce et-dynamic-content-woo et-dynamic-content-woo--product_short_description\">\n<p>Vitamines pour adolescent<\/p>\n<\/div>\n<\/div>\n<\/div>\n<div class=\"et_pb_module et_pb_wc_description et_pb_wc_description_0_tb_body produit-description et_pb_bg_layout_light  et_pb_text_align_left\">\n<div class=\"et_pb_module_inner\">\n<p>Compl\u00e9ment alimentaire pour adolescent, issu de la recherche en micronutrition :<\/p>\n<ul>\n<li>Cocktail de vitamines et min\u00e9raux :\u00a0<strong>15 nutriments<\/strong>\u00a0essentiels dont de la vitamine D<\/li>\n<li>Aide \u00e0 renforcer les\u00a0<strong>d\u00e9fenses immunitaires<\/strong>\u00a0des adolescents<\/li>\n<li>1 bo\u00eete : programme de\u00a0<strong>28 jours<\/strong>. Renouvelable.<\/li>\n<\/ul>\n<\/div>\n<\/div>\n","protected":false},"featured_media":2917,"comment_status":"open","ping_status":"closed","template":"","meta":[],"product_brand":[],"product_cat":[23],"product_tag":[],"class_list":{"0":"post-2916","1":"product","2":"type-product","3":"status-publish","4":"has-post-thumbnail","6":"product_cat-23","7":"entry","9":"first","10":"instock","11":"taxable","12":"shipping-taxable","13":"purchasable","14":"product-type-simple"},"jetpack_sharing_enabled":true,"_links":{"self":[{"href":"https:\/\/healthstore.mc\/index.php\/wp-json\/wp\/v2\/product\/2916","targetHints":{"allow":["GET"]}}],"collection":[{"href":"https:\/\/healthstore.mc\/index.php\/wp-json\/wp\/v2\/product"}],"about":[{"href":"https:\/\/healthstore.mc\/index.php\/wp-json\/wp\/v2\/types\/product"}],"replies":[{"embeddable":true,"href":"https:\/\/healthstore.mc\/index.php\/wp-json\/wp\/v2\/comments?post=2916"}],"wp:featuredmedia":[{"embeddable":true,"href":"https:\/\/healthstore.mc\/index.php\/wp-json\/wp\/v2\/media\/2917"}],"wp:attachment":[{"href":"https:\/\/healthstore.mc\/index.php\/wp-json\/wp\/v2\/media?parent=2916"}],"wp:term":[{"taxonomy":"product_brand","embeddable":true,"href":"https:\/\/healthstore.mc\/index.php\/wp-json\/wp\/v2\/product_brand?post=2916"},{"taxonomy":"product_cat","embeddable":true,"href":"https:\/\/healthstore.mc\/index.php\/wp-json\/wp\/v2\/product_cat?post=2916"},{"taxonomy":"product_tag","embeddable":true,"href":"https:\/\/healthstore.mc\/index.php\/wp-json\/wp\/v2\/product_tag?post=2916"}],"curies":[{"name":"wp","href":"https:\/\/api.w.org\/{rel}","templated":true}]}}