{"id":2918,"date":"2022-03-15T17:41:42","date_gmt":"2022-03-15T16:41:42","guid":{"rendered":"https:\/\/healthstore.mc\/?post_type=product&#038;p=2918"},"modified":"2024-09-21T16:40:28","modified_gmt":"2024-09-21T14:40:28","slug":"l-nutraskin-42-caps","status":"publish","type":"product","link":"https:\/\/healthstore.mc\/index.php\/product\/l-nutraskin-42-caps\/","title":{"rendered":"L-NutraSkin 42 caps"},"content":{"rendered":"<h5 class=\"et_pb_toggle_title\">Quoi ? Pour qui ?<\/h5>\n<div class=\"et_pb_toggle_content clearfix\">\n<h3>La beaut\u00e9 de la peau passe aussi par l\u2019int\u00e9rieur !<\/h3>\n<h3>L-NutraSkin vous apporte :<\/h3>\n<ol>\n<li>Un\u00a0<strong>extrait brevet\u00e9 de graine de bl\u00e9<\/strong>\u00a0: aux acides gras\u00a0et c\u00e9ramides naturels, il a d\u00e9montr\u00e9 son efficacit\u00e9 sur l\u2019am\u00e9lioration de l\u2019aspect et du confort de la peau<\/li>\n<li>Une combinaison de 3 huiles v\u00e9g\u00e9tales reconnues\u00a0:\n<ol>\n<li><strong>l\u2019huile de carthame,\u00a0<\/strong>connue pour pr\u00e9venir la s\u00e8cheresse cutan\u00e9e en favorisant l\u2019hydratation de la peau<\/li>\n<li><strong>l\u2019huile d\u2019onagre<\/strong><\/li>\n<li><strong>l\u2019huile de bourrache<\/strong><\/li>\n<\/ol>\n<\/li>\n<li>De la\u00a0<strong>provitamine A<\/strong>, ou b\u00eata-carot\u00e8ne\u00a0: contribue au maintien d\u2019une peau normale<\/li>\n<li>Des acides amin\u00e9s naturellement pr\u00e9sents dans l\u2019\u00e9piderme<\/li>\n<\/ol>\n<h3>\u00c0 qui s\u2019adresse L-NutraSkin ?<\/h3>\n<p>Le compl\u00e9ment alimentaire L-NutraSkin est pens\u00e9 pour les personnes :<\/p>\n<ul>\n<li>Ayant la peau s\u00e8che ou sensible<\/li>\n<li>Souhaitant nourrir leur peau durant les p\u00e9riodes de froid<\/li>\n<li>Soucieuses du confort et de la douceur de leur peau<\/li>\n<\/ul>\n<h4 class=\"et_pb_toggle_title\">Conseils d&rsquo;utilisation<\/h4>\n<div class=\"et_pb_toggle_content clearfix\">\n<ul>\n<li>Programme de 4 \u00e0 6 semaines. Renouvelable.<\/li>\n<li>A conserver dans un endroit sec et frais et \u00e0 l\u2019abri de la lumi\u00e8re.<\/li>\n<li>A consommer de pr\u00e9f\u00e9rence avant la date indiqu\u00e9e sous l\u2019\u00e9tui.<\/li>\n<li><strong>R\u00e9serv\u00e9 \u00e0 l\u2019adulte except\u00e9 la femme enceinte ou allaitante.<\/strong><\/li>\n<li><strong>Les personnes sous contr\u00f4le m\u00e9dical doivent demander l\u2019avis de leur m\u00e9decin traitant.<\/strong><\/li>\n<\/ul>\n<table border=\"0\" width=\"100%\" cellspacing=\"0\" cellpadding=\"10\">\n<tbody>\n<tr>\n<td bgcolor=\"#c7c8ca\" width=\"70%\"><strong>Conseils d\u2019utilisation<\/strong><\/td>\n<td bgcolor=\"#e3e4e5\" width=\"30%\">Le soir<\/td>\n<\/tr>\n<tr>\n<td bgcolor=\"#c7c8ca\" width=\"70%\">Les 2 premi\u00e8res semaines<\/td>\n<td bgcolor=\"#e3e4e5\" width=\"30%\"><strong>2 capsules<\/strong><\/td>\n<\/tr>\n<tr>\n<td bgcolor=\"#c7c8ca\">Les 2 semaines suivantes<\/td>\n<td bgcolor=\"#e3e4e5\"><strong>1 capsule<\/strong><\/td>\n<\/tr>\n<\/tbody>\n<\/table>\n<table border=\"0\" width=\"100%\" cellspacing=\"0\" cellpadding=\"10\">\n<tbody>\n<tr>\n<td bgcolor=\"#828a8d\"><strong>Renouvelable.<\/strong><\/td>\n<\/tr>\n<\/tbody>\n<\/table>\n<h5>Ce compl\u00e9ment alimentaire n\u2019est pas un m\u00e9dicament. Il est recommand\u00e9 de respecter les doses journali\u00e8res indiqu\u00e9es, de le consommer dans le cadre d\u2019une alimentation vari\u00e9e et \u00e9quilibr\u00e9e et d\u2019un mode de vie sain, de le tenir hors de port\u00e9e des jeunes enfants.<\/h5>\n<h4 class=\"et_pb_toggle_title\">Composition<\/h4>\n<div class=\"et_pb_toggle_content clearfix\">\n<p>Ingr\u00e9dients : Liposerum MB2 : extrait lipidique de\u00a0<strong>bl\u00e9<\/strong>\u00a0(extrait de graine de\u00a0<strong>bl\u00e9<\/strong>\u00a0T<em>riticum aestivum<\/em>, huile de tournesol, extrait de romarin), huile de carthame (<em>Carthamus tinctorius L.<\/em>), L-S\u00e9rine, huile d\u2019onagre (<em>\u0152nothera biennis L.<\/em>), L-Proline, L-Citrulline, Glycine, stabilisant : monost\u00e9arate de glyc\u00e9rine, huile de bourrache (<em>Borago officinalis L.<\/em>), vitamine B5 (pantoth\u00e9nate de Calcium), b\u00eata-carot\u00e8ne, vitamine D (chol\u00e9calcif\u00e9rol).<br \/>\nEnveloppe de la capsule : g\u00e9latine bovine, humectant : glyc\u00e9rol, colorants : caramel ordinaire.<\/p>\n<table border=\"0\" width=\"100%\" cellspacing=\"0\" cellpadding=\"10\">\n<tbody>\n<tr>\n<td bgcolor=\"#666666\"><strong>Composition moyenne pour 2 capsules\/jour<\/strong><\/td>\n<\/tr>\n<\/tbody>\n<\/table>\n<table border=\"0\" width=\"100%\" cellspacing=\"0\" cellpadding=\"10\">\n<tbody>\n<tr>\n<td align=\"left\" bgcolor=\"#A2A2A2\" width=\"50\">Ingr\u00e9dients<\/td>\n<td align=\"right\" bgcolor=\"#A2A2A2\" width=\"20%\">Dosage<\/td>\n<\/tr>\n<tr>\n<td align=\"left\" bgcolor=\"#CCCCCC\"><strong>Liposerum MB2<\/strong><\/td>\n<td align=\"right\" bgcolor=\"#CCCCCC\"><strong>350 mg<\/strong><\/td>\n<\/tr>\n<\/tbody>\n<\/table>\n<table border=\"0\" width=\"100%\" cellspacing=\"0\" cellpadding=\"10\">\n<tbody>\n<tr>\n<td align=\"left\" bgcolor=\"#CCCCCC\" width=\"50\"><strong>Ictyol.obc<\/strong><\/td>\n<td align=\"right\" bgcolor=\"#CCCCCC\" width=\"20%\"><strong>374 mg<\/strong><\/td>\n<\/tr>\n<\/tbody>\n<\/table>\n<table border=\"0\" width=\"100%\" cellspacing=\"0\" cellpadding=\"10\">\n<tbody>\n<tr>\n<td bgcolor=\"#f1efee\">\n<h5>Huile de carthame 314 mg, huile d\u2019onagre 40 mg, huile de bourrache 20 mg<\/h5>\n<\/td>\n<\/tr>\n<\/tbody>\n<\/table>\n<table border=\"0\" width=\"100%\" cellspacing=\"0\" cellpadding=\"10\">\n<tbody>\n<tr>\n<td align=\"left\" bgcolor=\"#CCCCCC\" width=\"50\"><strong>Pro N.M.F Skin complex<\/strong><\/td>\n<td align=\"right\" bgcolor=\"#CCCCCC\" width=\"20%\"><strong>183 mg<\/strong><\/td>\n<\/tr>\n<\/tbody>\n<\/table>\n<table border=\"0\" width=\"100%\" cellspacing=\"0\" cellpadding=\"10\">\n<tbody>\n<tr>\n<td bgcolor=\"#f1efee\">\n<h5>L-S\u00e9rine 70 mg, Glycine 35 mg, L-Proline 35 mg, L-Citrulline 35 mg, Vitamine B5 6 mg (100% VNR*), B\u00eata-carot\u00e8ne (provitamine A) 2,4 mg (50% VNR*), Vitamine D 2,5 \u03bcg (50% VNR*)<\/h5>\n<\/td>\n<\/tr>\n<\/tbody>\n<\/table>\n<h5><em>* Valeurs Nutritionnelles de R\u00e9f\u00e9rence.<\/em><\/h5>\n<p>Poids net : 28 g \u2013 Code ACL : 3401560037234<\/p>\n<\/div>\n<\/div>\n<\/div>\n","protected":false},"excerpt":{"rendered":"<div class=\"et_pb_module et_pb_wc_title et_pb_wc_title_0_tb_body et_pb_bg_layout_light\">\n<div class=\"et_pb_module_inner\">\n<h2>L-NutraSkin<\/h2>\n<\/div>\n<\/div>\n<div id=\"fp-tags\" class=\"et_pb_module et_pb_text et_pb_text_1_tb_body et_pb_text_align_left et_pb_bg_layout_light\">\n<div class=\"et_pb_text_inner\">\n<div class=\"woocommerce et-dynamic-content-woo et-dynamic-content-woo--product_short_description\">\n<p>Nourrir sa peau s\u00e8che et sensible<\/p>\n<\/div>\n<\/div>\n<\/div>\n<div class=\"et_pb_module et_pb_wc_description et_pb_wc_description_0_tb_body produit-description et_pb_bg_layout_light et_pb_text_align_left\">\n<div class=\"et_pb_module_inner\">\n<p>Compl\u00e9ment alimentaire\u00a0<strong>issu de la recherche en micronutrition<\/strong>\u00a0:<\/p>\n<ul>\n<li>Aide \u00e0 retrouver une peau plus douce, apais\u00e9e et confortable<\/li>\n<li>Contient\u00a0<strong>11 actifs\u00a0<\/strong>dont<strong>\u00a0un extrait brevet\u00e9<\/strong>\u00a0de graine de bl\u00e9 et\u00a0<strong>3 huiles v\u00e9g\u00e9tales<\/strong>\u00a0reconnues<\/li>\n<li><strong>1 bo\u00eete : programme de 4 \u00e0 6 semaines<\/strong>. Renouvelable.<\/li>\n<\/ul>\n<\/div>\n<\/div>\n","protected":false},"featured_media":2919,"comment_status":"open","ping_status":"closed","template":"","meta":[],"product_brand":[],"product_cat":[23],"product_tag":[],"class_list":{"0":"post-2918","1":"product","2":"type-product","3":"status-publish","4":"has-post-thumbnail","6":"product_cat-23","7":"entry","9":"first","10":"instock","11":"taxable","12":"shipping-taxable","13":"purchasable","14":"product-type-simple"},"jetpack_sharing_enabled":true,"_links":{"self":[{"href":"https:\/\/healthstore.mc\/index.php\/wp-json\/wp\/v2\/product\/2918","targetHints":{"allow":["GET"]}}],"collection":[{"href":"https:\/\/healthstore.mc\/index.php\/wp-json\/wp\/v2\/product"}],"about":[{"href":"https:\/\/healthstore.mc\/index.php\/wp-json\/wp\/v2\/types\/product"}],"replies":[{"embeddable":true,"href":"https:\/\/healthstore.mc\/index.php\/wp-json\/wp\/v2\/comments?post=2918"}],"wp:featuredmedia":[{"embeddable":true,"href":"https:\/\/healthstore.mc\/index.php\/wp-json\/wp\/v2\/media\/2919"}],"wp:attachment":[{"href":"https:\/\/healthstore.mc\/index.php\/wp-json\/wp\/v2\/media?parent=2918"}],"wp:term":[{"taxonomy":"product_brand","embeddable":true,"href":"https:\/\/healthstore.mc\/index.php\/wp-json\/wp\/v2\/product_brand?post=2918"},{"taxonomy":"product_cat","embeddable":true,"href":"https:\/\/healthstore.mc\/index.php\/wp-json\/wp\/v2\/product_cat?post=2918"},{"taxonomy":"product_tag","embeddable":true,"href":"https:\/\/healthstore.mc\/index.php\/wp-json\/wp\/v2\/product_tag?post=2918"}],"curies":[{"name":"wp","href":"https:\/\/api.w.org\/{rel}","templated":true}]}}