{"id":2920,"date":"2022-03-15T18:04:10","date_gmt":"2022-03-15T17:04:10","guid":{"rendered":"https:\/\/healthstore.mc\/?post_type=product&#038;p=2920"},"modified":"2024-09-21T16:41:24","modified_gmt":"2024-09-21T14:41:24","slug":"nucleox-42-gelules","status":"publish","type":"product","link":"https:\/\/healthstore.mc\/index.php\/product\/nucleox-42-gelules\/","title":{"rendered":"Nucl\u00e9Ox 42 g\u00e9lules"},"content":{"rendered":"<h5 class=\"et_pb_toggle_title\">Quoi ? Pour qui ?<\/h5>\n<div class=\"et_pb_toggle_content clearfix\">\n<h3>Nucl\u00e9Ox vous apporte :<\/h3>\n<ol>\n<li>Un\u00a0<strong>m\u00e9lange naturel brevet\u00e9<\/strong>, Spectra-22 : \u00e9quivaut \u00e0 plus de 2 portions de fruits au niveau de la teneur en polyph\u00e9nols (antioxydants), notamment des extraits de th\u00e9 vert, de raisin et d\u2019ail qui renforcent les\u00a0<strong>capacit\u00e9s antioxydantes<\/strong>\u00a0de l\u2019organisme<\/li>\n<li><strong>Une association unique de nucl\u00e9otides\u00a0:<\/strong>\u00a0les nucl\u00e9otides sont les\u00a0<strong>constituants de l\u2019ADN<\/strong>. Ils participent \u00e0 des processus fondamentaux dans le corps humain<\/li>\n<li>De la vitamine C, du S\u00e9l\u00e9nium et de la vitamine E\u00a0: participent \u00e0 la\u00a0<strong>lutte contre le stress oxydatif<\/strong>\u00a0en prot\u00e9geant<strong>\u00a0le bon \u00e9tat des cellules<\/strong><\/li>\n<li>De la SOD (SuperOxyde Dismutase) encapsul\u00e9e extraite de melon<\/li>\n<li>De la N-Ac\u00e9tyl-Cyst\u00e9ine\u00a0: un\u00a0<strong>acide amin\u00e9<\/strong>\u00a0qui participe \u00e0 la synth\u00e8se du Glutathion (qui fait partie du syst\u00e8me de d\u00e9fense de l\u2019organisme)<\/li>\n<\/ol>\n<h3>\u00c0 qui s\u2019adresse Nucl\u00e9Ox ?<\/h3>\n<p>Le compl\u00e9ment alimentaire Nucl\u00e9Ox est recommand\u00e9 aux personnes :<\/p>\n<ul>\n<li>Vivant dans les grandes villes et soucieuses de renforcer leur d\u00e9fense antioxydante<\/li>\n<li>Voulant favoriser la protection de leurs cellules<\/li>\n<li>Souhaitant faire le plein d\u2019antioxydants, comme certaines populations \u00e0 risque<\/li>\n<\/ul>\n<h4 class=\"et_pb_toggle_title\">Conseils d&rsquo;utilisation<\/h4>\n<div class=\"et_pb_toggle_content clearfix\">\n<ul>\n<li>Programme de 4 \u00e0 8 semaines. Renouvelable.<\/li>\n<li>Bien refermer apr\u00e8s ouverture. \u00c0 conserver dans un endroit sec et frais.<\/li>\n<li>A consommer de pr\u00e9f\u00e9rence avant la date indiqu\u00e9e sous l\u2019\u00e9tui.<\/li>\n<li><strong>R\u00e9serv\u00e9 \u00e0 l\u2019adulte, except\u00e9 la femme enceinte ou allaitante.<\/strong><\/li>\n<li><strong>Les personnes ayant une hypothyro\u00efdie ou un traitement de la thyro\u00efde ou anticoagulant doivent demander conseil \u00e0 leur m\u00e9decin.<\/strong><\/li>\n<\/ul>\n<table border=\"0\" width=\"100%\" cellspacing=\"0\" cellpadding=\"10\">\n<tbody>\n<tr>\n<td bgcolor=\"#edf3d0\"><strong>Conseils d\u2019utilisation :<br \/>\n1 \u00e0 2 g\u00e9lules par jour lors d\u2019un repas<\/strong><\/td>\n<\/tr>\n<\/tbody>\n<\/table>\n<table border=\"0\" width=\"100%\" cellspacing=\"0\" cellpadding=\"10\">\n<tbody>\n<tr>\n<td bgcolor=\"#b7d02e\">Programme de 4 \u00e0 8 semaines. Renouvelable.<\/td>\n<\/tr>\n<\/tbody>\n<\/table>\n<h5>Ce compl\u00e9ment alimentaire n\u2019est pas un m\u00e9dicament. Il est recommand\u00e9 de respecter la dose journali\u00e8re indiqu\u00e9e, de le consommer dans le cadre d\u2019une alimentation vari\u00e9e et \u00e9quilibr\u00e9e et d\u2019un mode de vie sain, de le tenir hors de port\u00e9e des jeunes enfants.<\/h5>\n<h4 class=\"et_pb_toggle_title\">Composition<\/h4>\n<div class=\"et_pb_toggle_content clearfix\">\n<p>Ingr\u00e9dients : N-Ac\u00e9tyl-Cyst\u00e9ine, Spectra 22 (extrait de peau et graine de raisin\u00a0<em>Vitis vinifera<\/em>*, extrait de feuille de th\u00e9 vert\u00a0<em>Camellia sinensis<\/em>, jus de carotte, de brocoli, de feuille de chou vert, de bulbes d\u2019oignon et d\u2019ail, germe de\u00a0<strong>bl\u00e9<\/strong>, jus de pousse d\u2019asperge, jus de tomate, myrtille, pomelo, papaye, ananas, fraise, pomme, abricot, cerise, orange, cassis, olive et concombre), Nucl\u00e9o 100 (sels disodiques de Guanosine-5\u2019-monophosphate \u00abGMP\u00bb, d\u2019Inosine-5\u2019-monophosphate \u00abIMP\u00bb et d\u2019Uridine-5\u2019-monophosphate \u00abUMP\u00bb, Cytidine-5\u2019-monophosphate \u00abCMP\u00bb, Ad\u00e9nosine-5\u2019-monophosphate \u00abAMP\u00bb), extrait de peau de raisin (<em>Vitis vinifera<\/em>) standardis\u00e9 en resv\u00e9ratrol, vitamine C (acide ascorbique), extrait d\u2019oignon (<em>Allium cepa<\/em>) titr\u00e9 en querc\u00e9tine, L-carnosine, extrait de brocoli (<em>Brassica oleracea var italica<\/em>), concentr\u00e9 de jus de melon standardis\u00e9 en SOD (SuperOxyde Dismutase), coenzyme Q10, extrait de rhizome de\u00a0<em>Curcuma longa\u00a0<\/em>standardis\u00e9 en curcumino\u00efdes, vitamine E naturelle (succinate acide de D-alpha tocoph\u00e9ryle), extrait de fruit de poivre noir (<em>Piper nigrum<\/em>), s\u00e9l\u00e9nom\u00e9thionine, anti-agglom\u00e9rant : st\u00e9arate de magn\u00e9sium v\u00e9g\u00e9tal. G\u00e9lule : hydroxypropylm\u00e9thylcellulose, colorant : complexes cuivriques de chlorophyllines.<\/p>\n<p>* Contient :\u00a0<strong>sulfites<\/strong>.<\/p>\n<table border=\"0\" width=\"100%\" cellspacing=\"0\" cellpadding=\"10\">\n<tbody>\n<tr>\n<td bgcolor=\"#666666\"><strong>Composition moyenne pour 2 g\u00e9lules\/jour (1215 mg)<\/strong><\/td>\n<\/tr>\n<\/tbody>\n<\/table>\n<table border=\"0\" width=\"100%\" cellspacing=\"0\" cellpadding=\"10\">\n<tbody>\n<tr>\n<td align=\"left\" bgcolor=\"#A2A2A2\" width=\"50\">Ingr\u00e9dients<\/td>\n<td align=\"right\" bgcolor=\"#A2A2A2\" width=\"20%\">Dosage<\/td>\n<\/tr>\n<tr>\n<td align=\"left\" bgcolor=\"#CCCCCC\"><strong>Nucl\u00e9o 100<\/strong><\/td>\n<td align=\"right\" bgcolor=\"#CCCCCC\"><strong>200 mg<\/strong><\/td>\n<\/tr>\n<\/tbody>\n<\/table>\n<table border=\"0\" width=\"100%\" cellspacing=\"0\" cellpadding=\"10\">\n<tbody>\n<tr>\n<td bgcolor=\"#f1efee\">\n<h5>standardis\u00e9 \u00e0 77 % de CMP, GMP, IMP, UMP et AMP<\/h5>\n<\/td>\n<\/tr>\n<\/tbody>\n<\/table>\n<table border=\"0\" width=\"100%\" cellspacing=\"0\" cellpadding=\"10\">\n<tbody>\n<tr>\n<td align=\"left\" bgcolor=\"#CCCCCC\" width=\"50\"><strong>Gluta-SOD System<\/strong><\/td>\n<td align=\"right\" bgcolor=\"#CCCCCC\" width=\"20%\"><strong>370 mg<\/strong><\/td>\n<\/tr>\n<\/tbody>\n<\/table>\n<table border=\"0\" width=\"100%\" cellspacing=\"0\" cellpadding=\"10\">\n<tbody>\n<tr>\n<td bgcolor=\"#f1efee\">\n<h5>N-Ac\u00e9tyl-Cyst\u00e9ine 350 mg, concentr\u00e9 de jus de melon standardis\u00e9 en SOD (5 000 IU\/g) 20 mg, S\u00e9l\u00e9nium (sous forme de s\u00e9l\u00e9nom\u00e9thionine) 33 \u03bcg (60% VNR*)<\/h5>\n<\/td>\n<\/tr>\n<\/tbody>\n<\/table>\n<table border=\"0\" width=\"100%\" cellspacing=\"0\" cellpadding=\"10\">\n<tbody>\n<tr>\n<td align=\"left\" bgcolor=\"#CCCCCC\" width=\"50\"><strong>AC3 Q10 Complex<\/strong><\/td>\n<td align=\"right\" bgcolor=\"#CCCCCC\" width=\"20%\"><strong>172 mg<\/strong><\/td>\n<\/tr>\n<\/tbody>\n<\/table>\n<table border=\"0\" width=\"100%\" cellspacing=\"0\" cellpadding=\"10\">\n<tbody>\n<tr>\n<td bgcolor=\"#f1efee\">\n<h5>Vitamine C 80 mg (100% VNR*), Carnosine 40 mg, querc\u00e9tine naturelle 20 mg, coenzyme Q10 20 mg, vitamine E naturelle 12 mg (100% VNR*)<\/h5>\n<\/td>\n<\/tr>\n<\/tbody>\n<\/table>\n<table border=\"0\" width=\"100%\" cellspacing=\"0\" cellpadding=\"10\">\n<tbody>\n<tr>\n<td align=\"left\" bgcolor=\"#CCCCCC\" width=\"50\"><strong>Natural Spectra<\/strong><\/td>\n<td align=\"right\" bgcolor=\"#CCCCCC\" width=\"20%\"><strong>473 mg<\/strong><\/td>\n<\/tr>\n<\/tbody>\n<\/table>\n<table border=\"0\" width=\"100%\" cellspacing=\"0\" cellpadding=\"10\">\n<tbody>\n<tr>\n<td bgcolor=\"#f1efee\">\n<h5>Spectra-22 320 mg (extrait de raisin 128 mg, extrait de th\u00e9 vert 64 mg, germe de bl\u00e9, jus de carotte, brocoli, chou vert, oignon, ail 7 mg, asperge, tomate, myrtille, pomelo, papaye, ananas, fraise, pomme, abricot, cerise, orange, cassis, olive et concombre), extrait de raisin (dont resv\u00e9ratrol 5 mg) 100 mg, extrait de brocoli standardis\u00e9 \u00e0 4 % en sulphorafane 30 mg, curcumino\u00efdes extraits de\u00a0<em>Curcuma longa<\/em>\u00a019 mg, extrait de poivre 4 mg<\/h5>\n<\/td>\n<\/tr>\n<\/tbody>\n<\/table>\n<h5><em>* Valeurs Nutritionnelles de R\u00e9f\u00e9rence.<\/em><\/h5>\n<p>Poids net : 40 g. \u2013 Code ACL : 3401560266009<\/p>\n<\/div>\n<\/div>\n<\/div>\n","protected":false},"excerpt":{"rendered":"<div class=\"et_pb_module et_pb_wc_title et_pb_wc_title_0_tb_body et_pb_bg_layout_light\">\n<div class=\"et_pb_module_inner\">\n<h2>Nucl\u00e9Ox<\/h2>\n<\/div>\n<\/div>\n<div id=\"fp-tags\" class=\"et_pb_module et_pb_text et_pb_text_1_tb_body et_pb_text_align_left et_pb_bg_layout_light\">\n<div class=\"et_pb_text_inner\">\n<div class=\"woocommerce et-dynamic-content-woo et-dynamic-content-woo--product_short_description\">\n<p>Antioxydant, Protection cellulaire<\/p>\n<\/div>\n<\/div>\n<\/div>\n<div class=\"et_pb_module et_pb_wc_description et_pb_wc_description_0_tb_body produit-description et_pb_bg_layout_light et_pb_text_align_left\">\n<div class=\"et_pb_module_inner\">\n<p>Dans l\u2019organisme, il existe un \u00e9quilibre naturel entre le stress oxydatif (cr\u00e9\u00e9 par les radicaux libres) et les d\u00e9fenses antioxydantes. Les modes de vie et d\u2019alimentation actuels tendent \u00e0 d\u00e9s\u00e9quilibrer ce statut, provoquant notamment un vieillissement pr\u00e9matur\u00e9 des cellules.\u00a0<strong>Nucl\u00e9Ox<\/strong>, compl\u00e9ment alimentaire issu de la recherche en micronutrition\u00a0:<\/p>\n<ul>\n<li><strong>25 actifs\u00a0<\/strong>dont un acide amin\u00e9 pr\u00e9curseur du\u00a0<strong>Glutathion<\/strong><\/li>\n<li><strong>M\u00e9lange naturel brevet\u00e9<\/strong>\u00a0de fruits et de l\u00e9gumes\u00a0: Spectra-22<\/li>\n<li><strong>1 bo\u00eete\u00a0: programme de 4 \u00e0 8 semaines<\/strong>. Renouvelable.<\/li>\n<\/ul>\n<\/div>\n<\/div>\n","protected":false},"featured_media":2921,"comment_status":"open","ping_status":"closed","template":"","meta":[],"product_brand":[],"product_cat":[23],"product_tag":[],"class_list":{"0":"post-2920","1":"product","2":"type-product","3":"status-publish","4":"has-post-thumbnail","6":"product_cat-23","7":"entry","9":"first","10":"instock","11":"taxable","12":"shipping-taxable","13":"purchasable","14":"product-type-simple"},"jetpack_sharing_enabled":true,"_links":{"self":[{"href":"https:\/\/healthstore.mc\/index.php\/wp-json\/wp\/v2\/product\/2920","targetHints":{"allow":["GET"]}}],"collection":[{"href":"https:\/\/healthstore.mc\/index.php\/wp-json\/wp\/v2\/product"}],"about":[{"href":"https:\/\/healthstore.mc\/index.php\/wp-json\/wp\/v2\/types\/product"}],"replies":[{"embeddable":true,"href":"https:\/\/healthstore.mc\/index.php\/wp-json\/wp\/v2\/comments?post=2920"}],"wp:featuredmedia":[{"embeddable":true,"href":"https:\/\/healthstore.mc\/index.php\/wp-json\/wp\/v2\/media\/2921"}],"wp:attachment":[{"href":"https:\/\/healthstore.mc\/index.php\/wp-json\/wp\/v2\/media?parent=2920"}],"wp:term":[{"taxonomy":"product_brand","embeddable":true,"href":"https:\/\/healthstore.mc\/index.php\/wp-json\/wp\/v2\/product_brand?post=2920"},{"taxonomy":"product_cat","embeddable":true,"href":"https:\/\/healthstore.mc\/index.php\/wp-json\/wp\/v2\/product_cat?post=2920"},{"taxonomy":"product_tag","embeddable":true,"href":"https:\/\/healthstore.mc\/index.php\/wp-json\/wp\/v2\/product_tag?post=2920"}],"curies":[{"name":"wp","href":"https:\/\/api.w.org\/{rel}","templated":true}]}}