{"id":2922,"date":"2022-03-15T18:10:20","date_gmt":"2022-03-15T17:10:20","guid":{"rendered":"https:\/\/healthstore.mc\/?post_type=product&#038;p=2922"},"modified":"2024-09-21T16:41:29","modified_gmt":"2024-09-21T14:41:29","slug":"isocine-fermete-26-sticks","status":"publish","type":"product","link":"https:\/\/healthstore.mc\/index.php\/product\/isocine-fermete-26-sticks\/","title":{"rendered":"Isocine Fermet\u00e9 26 sticks"},"content":{"rendered":"<h5 class=\"et_pb_toggle_title\">Quoi ? Pour qui ?<\/h5>\n<div class=\"et_pb_toggle_content clearfix\">\n<h3>La beaut\u00e9 de la peau passe aussi par l\u2019int\u00e9rieur !<\/h3>\n<h3>Isocine Fermet\u00e9 vous apporte :<\/h3>\n<ol>\n<li>Des peptides de collag\u00e8ne marin\u00a0: aident \u00e0 pr\u00e9server la\u00a0<strong>fermet\u00e9 de la peau<\/strong><\/li>\n<li>Un complexe \u00e0 base d\u2019<strong>hydroxyproline<\/strong>\u00a0: un acide amin\u00e9 omnipr\u00e9sent dans le collag\u00e8ne, une prot\u00e9ine structurale<\/li>\n<li>3 acides amin\u00e9s essentiels :\u00a0<strong>la L-Leucine, la L-Isoleucine et la L-Valine<\/strong>, tous trois constituants de la fibre musculaire<\/li>\n<li>De la\u00a0<strong>vitamine A\u00a0<\/strong>: favorise la pr\u00e9servation des qualit\u00e9s d\u2019une peau normale<\/li>\n<li>Du\u00a0<strong>Zinc Amino-ch\u00e9lat\u00e9\u00ae<\/strong>\u00a0(une forme particuli\u00e8rement bien assimil\u00e9e par l\u2019organisme)\u00a0: participe au maintien d\u2019une peau normale<\/li>\n<li>De la\u00a0<strong>vitamine D\u00a0<\/strong>: contribue au maintien du bon fonctionnement musculaire<\/li>\n<\/ol>\n<p><strong>\u00a0<\/strong><\/p>\n<h3>\u00c0 qui s\u2019adresse Isocine Fermet\u00e9 ?<\/h3>\n<p>Le compl\u00e9ment alimentaire Isocine Fermet\u00e9 est recommand\u00e9 aux personnes :<\/p>\n<ul>\n<li>Souhaitant am\u00e9liorer leur silhouette, la rendre plus ferme et plus tonique<\/li>\n<li>D\u00e9sirant compl\u00e9ter leur routine beaut\u00e9, di\u00e9t\u00e9tique et sportive avec des actifs int\u00e9ressants pour la beaut\u00e9 et le bien-\u00eatre de leur peau<\/li>\n<li>Avan\u00e7ant dans l\u2019\u00e2ge et souhaitant maintenir une tonicit\u00e9 g\u00e9n\u00e9rale de leur peau<\/li>\n<\/ul>\n<h4 class=\"et_pb_toggle_title\">Conseils d&rsquo;utilisation<\/h4>\n<div class=\"et_pb_toggle_content clearfix\">\n<ul>\n<li>Programme de 4 semaines. Renouvelable.<\/li>\n<li>M\u00e9langer \u00e9nergiquement avant de consommer.<\/li>\n<li>Il est possible de consommer Isocine\u00ae- Fermet\u00e9 dans un yaourt, du fromage blanc ou encore une compote.<\/li>\n<li>Sans colorant, ar\u00f4me naturel, saveur citronnade.<\/li>\n<li>A conserver \u00e0 l\u2019abri de la lumi\u00e8re, de l\u2019humidit\u00e9 et de la chaleur.<\/li>\n<li>A consommer de pr\u00e9f\u00e9rence avant la date indiqu\u00e9e sous l\u2019\u00e9tui.<\/li>\n<li><strong>Doit \u00eatre consomm\u00e9 en association avec des mesures hygi\u00e9no-di\u00e9t\u00e9tiques, telles que la pratique d\u2019une activit\u00e9 physique r\u00e9guli\u00e8re et cibl\u00e9e.<\/strong><\/li>\n<li><strong>R\u00e9serv\u00e9 \u00e0 l\u2019adulte except\u00e9 la femme enceinte ou allaitante.<\/strong><\/li>\n<li><strong>Les personnes sous contr\u00f4le m\u00e9dical doivent demander l\u2019avis de leur m\u00e9decin traitant.<\/strong><\/li>\n<\/ul>\n<table border=\"0\" width=\"100%\" cellspacing=\"0\" cellpadding=\"10\">\n<tbody>\n<tr>\n<td bgcolor=\"#c7c8ca\" width=\"30%\"><strong>Conseils d\u2019utilisation<\/strong><\/td>\n<td bgcolor=\"#e3e4e5\" width=\"70%\">Au coucher<\/td>\n<\/tr>\n<tr>\n<td bgcolor=\"#c7c8ca\" width=\"30%\"><strong>Pendant 4 semaines<br \/>\n<\/strong><\/td>\n<td bgcolor=\"#e3e4e5\" width=\"70%\">1 stick \u00e0 diluer dans un grand verre d\u2019eau<\/td>\n<\/tr>\n<\/tbody>\n<\/table>\n<table border=\"0\" width=\"100%\" cellspacing=\"0\" cellpadding=\"10\">\n<tbody>\n<tr>\n<td bgcolor=\"#828a8d\">Renouvelable.<\/td>\n<\/tr>\n<\/tbody>\n<\/table>\n<h5>Ce compl\u00e9ment alimentaire n\u2019est pas un m\u00e9dicament. Il est recommand\u00e9 de respecter la dose journali\u00e8re indiqu\u00e9e, de le consommer dans le cadre d\u2019une alimentation vari\u00e9e et \u00e9quilibr\u00e9e et d\u2019un mode de vie sain, et de le tenir hors de port\u00e9e des jeunes enfants.<\/h5>\n<h4 class=\"et_pb_toggle_title\">Composition<\/h4>\n<div class=\"et_pb_toggle_content clearfix\">\n<p>Ingr\u00e9dients : collag\u00e8ne marin (peptides de collag\u00e8ne de\u00a0<strong>poisson<\/strong>), chlorhydrate de L-Arginine, L-Leucine, acidifiant : acide citrique, maltodextrine, chlorhydrate de L-Lysine, L-Isoleucine, L-Valine, L-hydroxyproline, ar\u00f4me naturel, vitamine C (acide ascorbique), bisglycinate de Zinc, \u00e9dulcorants : glycosides de st\u00e9viols, sucralose et saccharinate de sodium, vitamine A (ac\u00e9tate de r\u00e9tinyle), vitamine D3 (chol\u00e9calcif\u00e9rol), vitamine B6 (chlorhydrate de pyridoxine).<\/p>\n<table border=\"0\" width=\"100%\" cellspacing=\"0\" cellpadding=\"10\">\n<tbody>\n<tr>\n<td bgcolor=\"#666666\"><strong>Composition moyenne pour 1 stick\/jour (8 g)<br \/>\n<\/strong><\/td>\n<\/tr>\n<\/tbody>\n<\/table>\n<table border=\"0\" width=\"100%\" cellspacing=\"0\" cellpadding=\"10\">\n<tbody>\n<tr>\n<td align=\"left\" bgcolor=\"#A2A2A2\" width=\"50\">Ingr\u00e9dients<\/td>\n<td align=\"right\" bgcolor=\"#A2A2A2\" width=\"20%\">Dosage<\/td>\n<\/tr>\n<tr>\n<td align=\"left\" bgcolor=\"#CCCCCC\"><strong>Complexe Fibrotens-2300<\/strong><\/td>\n<td align=\"right\" bgcolor=\"#CCCCCC\"><strong>2293 mg<\/strong><\/td>\n<\/tr>\n<\/tbody>\n<\/table>\n<table border=\"0\" width=\"100%\" cellspacing=\"0\" cellpadding=\"10\">\n<tbody>\n<tr>\n<td bgcolor=\"#f1efee\">Peptides de collag\u00e8ne marin 2000 mg, L-Hydroxyproline libre 200 mg, vitamine C 80 mg (100 % VNR*) , Zinc sous forme amino-ch\u00e9lat\u00e9e<strong><sup>\u00ae<\/sup><\/strong>\u00a012 mg (120 % VNR*) , vitamine A 680 \u00b5g (85 % VNR*)<\/td>\n<\/tr>\n<\/tbody>\n<\/table>\n<table border=\"0\" width=\"100%\" cellspacing=\"0\" cellpadding=\"10\">\n<tbody>\n<tr>\n<td align=\"left\" bgcolor=\"#CCCCCC\" width=\"50\"><strong>Complexe BCAA Myostim<\/strong><\/td>\n<td align=\"right\" bgcolor=\"#CCCCCC\" width=\"20%\"><strong>2001 mg<\/strong><\/td>\n<\/tr>\n<\/tbody>\n<\/table>\n<table border=\"0\" width=\"100%\" cellspacing=\"0\" cellpadding=\"10\">\n<tbody>\n<tr>\n<td bgcolor=\"#f1efee\">BCAA\u00a0 sous forme libre 2000 mg : L-Leucine 1000 mg, L-Isoleucine 500 mg, L-Valine 500 mg, vitamine B6 1,4 mg (100 % VNR*), vitamine D 5 \u00b5g (100 % VNR*)<\/td>\n<\/tr>\n<\/tbody>\n<\/table>\n<table border=\"0\" cellspacing=\"0\" cellpadding=\"10\">\n<tbody>\n<tr>\n<td align=\"left\" bgcolor=\"#CCCCCC\" width=\"1316\"><strong>Complexe JuvaGH-1360<\/strong><\/td>\n<td align=\"right\" bgcolor=\"#CCCCCC\" width=\"326\"><strong>1360 mg<\/strong><\/td>\n<\/tr>\n<\/tbody>\n<\/table>\n<table border=\"0\" width=\"100%\" cellspacing=\"0\" cellpadding=\"10\">\n<tbody>\n<tr>\n<td bgcolor=\"#f1efee\">L-Arginine libre 800 mg, L-Lysine libre 560 mg<\/td>\n<\/tr>\n<\/tbody>\n<\/table>\n<p><em>* Valeurs Nutritionnelles de R\u00e9f\u00e9rence.<\/em><\/p>\n<p>Poids net : 224 g. \u2013 Code ACL : 6077024<\/p>\n<\/div>\n<\/div>\n<\/div>\n","protected":false},"excerpt":{"rendered":"<div class=\"et_pb_module et_pb_wc_title et_pb_wc_title_0_tb_body et_pb_bg_layout_light\">\n<div class=\"et_pb_module_inner\">\n<h2>Isocine Fermet\u00e9<\/h2>\n<\/div>\n<\/div>\n<div id=\"fp-tags\" class=\"et_pb_module et_pb_text et_pb_text_1_tb_body et_pb_text_align_left et_pb_bg_layout_light\">\n<div class=\"et_pb_text_inner\">\n<div class=\"woocommerce et-dynamic-content-woo et-dynamic-content-woo--product_short_description\">\n<p>Pour la fermet\u00e9 corporelle, effet redensifiant<\/p>\n<\/div>\n<\/div>\n<\/div>\n<div class=\"et_pb_module et_pb_wc_description et_pb_wc_description_0_tb_body produit-description et_pb_bg_layout_light et_pb_text_align_left\">\n<div class=\"et_pb_module_inner\">\n<p>Compl\u00e9ment alimentaire avec \u00e9dulcorants\u00a0<strong>issu de la recherche en micronutrition<\/strong>\u00a0:<\/p>\n<ul>\n<li>Pour une silhouette plus ferme et tonique<\/li>\n<li>Contient\u00a0<strong>12 actifs<\/strong>\u00a0dont des peptides de collag\u00e8ne marin (aident \u00e0 pr\u00e9server la fermet\u00e9 de la peau) et 3 acides amin\u00e9s essentiels<\/li>\n<li><strong>1 bo\u00eete : programme de 4 semaines<\/strong>. Renouvelable.<\/li>\n<\/ul>\n<\/div>\n<\/div>\n","protected":false},"featured_media":2923,"comment_status":"open","ping_status":"closed","template":"","meta":[],"product_brand":[],"product_cat":[23],"product_tag":[],"class_list":{"0":"post-2922","1":"product","2":"type-product","3":"status-publish","4":"has-post-thumbnail","6":"product_cat-23","7":"entry","9":"first","10":"instock","11":"taxable","12":"shipping-taxable","13":"purchasable","14":"product-type-simple"},"jetpack_sharing_enabled":true,"_links":{"self":[{"href":"https:\/\/healthstore.mc\/index.php\/wp-json\/wp\/v2\/product\/2922","targetHints":{"allow":["GET"]}}],"collection":[{"href":"https:\/\/healthstore.mc\/index.php\/wp-json\/wp\/v2\/product"}],"about":[{"href":"https:\/\/healthstore.mc\/index.php\/wp-json\/wp\/v2\/types\/product"}],"replies":[{"embeddable":true,"href":"https:\/\/healthstore.mc\/index.php\/wp-json\/wp\/v2\/comments?post=2922"}],"wp:featuredmedia":[{"embeddable":true,"href":"https:\/\/healthstore.mc\/index.php\/wp-json\/wp\/v2\/media\/2923"}],"wp:attachment":[{"href":"https:\/\/healthstore.mc\/index.php\/wp-json\/wp\/v2\/media?parent=2922"}],"wp:term":[{"taxonomy":"product_brand","embeddable":true,"href":"https:\/\/healthstore.mc\/index.php\/wp-json\/wp\/v2\/product_brand?post=2922"},{"taxonomy":"product_cat","embeddable":true,"href":"https:\/\/healthstore.mc\/index.php\/wp-json\/wp\/v2\/product_cat?post=2922"},{"taxonomy":"product_tag","embeddable":true,"href":"https:\/\/healthstore.mc\/index.php\/wp-json\/wp\/v2\/product_tag?post=2922"}],"curies":[{"name":"wp","href":"https:\/\/api.w.org\/{rel}","templated":true}]}}