{"id":3087,"date":"2022-04-15T13:33:12","date_gmt":"2022-04-15T11:33:12","guid":{"rendered":"https:\/\/healthstore.mc\/?post_type=product&#038;p=3087"},"modified":"2024-09-21T16:33:19","modified_gmt":"2024-09-21T14:33:19","slug":"chrome-picolinate-84gel","status":"publish","type":"product","link":"https:\/\/healthstore.mc\/index.php\/product\/chrome-picolinate-84gel\/","title":{"rendered":"Chrome picolinate 84gel"},"content":{"rendered":"<h5 class=\"et_pb_toggle_title\">Quoi ? Pour qui ?<\/h5>\n<div class=\"et_pb_toggle_content clearfix\">\n<h3>Zoom sur le Chrome picolinate<\/h3>\n<p>Le Chrome est un oligo-\u00e9l\u00e9ment essentiel au corps humain. Il contribue\u00a0:<\/p>\n<ul>\n<li>Au maintien du\u00a0<strong>bon m\u00e9tabolisme<\/strong>\u00a0des macronutriments, notamment celui des\u00a0<strong>glucides<\/strong>\u00a0et des lipides<\/li>\n<li>Au maintien d\u2019une\u00a0<strong>glyc\u00e9mie<\/strong>\u00a0normale (taux de glucose dans le sang)<\/li>\n<\/ul>\n<h3>Particularit\u00e9s du Chrome picolinate NHCO<\/h3>\n<p>Sous forme picolinate, le Chrome Amino-ch\u00e9lat\u00e9\u00ae a l\u2019avantage d\u2019offrir\u00a0:<\/p>\n<ul>\n<li>Une<strong>\u00a0haute assimilation<\/strong>\u00a0par rapport \u00e0 d\u2019autres formes de min\u00e9raux<\/li>\n<li>Une\u00a0<strong>meilleure tol\u00e9rance digestive<\/strong>, ne provoquant pas les g\u00eanes habituelles des sels type sulfate ou oxyde de Chrome.<\/li>\n<\/ul>\n<h3>\u00c0 qui s\u2019adresse le Chrome picolinate ?<\/h3>\n<p>Le compl\u00e9ment alimentaire Chrome picolinate est recommand\u00e9 aux :<\/p>\n<ul>\n<li>Personnes d\u00e9sireuses d\u2019aider \u00e0 r\u00e9guler leur glyc\u00e9mie<\/li>\n<li>Femmes enceintes souhaitant maintenir leur glyc\u00e9mie<\/li>\n<li style=\"list-style-type: none;\"><\/li>\n<\/ul>\n<h4 class=\"et_pb_toggle_title\">Conseils d&rsquo;utilisation<\/h4>\n<div class=\"et_pb_toggle_content clearfix\">\n<ul>\n<li>Programme de 3 mois.<\/li>\n<li>A consommer de pr\u00e9f\u00e9rence avant la date indiqu\u00e9e sous le pilulier.<\/li>\n<li>Bien refermer apr\u00e8s ouverture.<\/li>\n<li>\u00c0 conserver dans un endroit sec et frais.<\/li>\n<li><strong>Convient aux v\u00e9g\u00e9tariens et aux v\u00e9g\u00e9taliens.<\/strong><\/li>\n<li><strong>Les femmes enceintes ou allaitantes devraient \u00e9viter de consommer plus de 200 \u03bcg\/jour.<\/strong><\/li>\n<li><strong>Ne pas associer \u00e0 d\u2019autres sources de Chrome.<\/strong><\/li>\n<\/ul>\n<table border=\"0\" width=\"100%\" cellspacing=\"0\" cellpadding=\"10\">\n<tbody>\n<tr>\n<td bgcolor=\"#bca590\"><strong>Conseils d\u2019utilisation<\/strong><\/td>\n<\/tr>\n<tr>\n<td bgcolor=\"#dfd3c8\"><strong>1 g\u00e9lule le matin<\/strong><\/td>\n<\/tr>\n<\/tbody>\n<\/table>\n<h5>Ce compl\u00e9ment alimentaire n\u2019est pas un m\u00e9dicament. Il est recommand\u00e9 de respecter la dose journali\u00e8re indiqu\u00e9e, de le consommer dans le cadre d\u2019une alimentation vari\u00e9e et \u00e9quilibr\u00e9e et d\u2019un mode de vie sain, de le tenir hors de port\u00e9e des jeunes enfants.<\/h5>\n<h4 class=\"et_pb_toggle_title\">Composition<\/h4>\n<div class=\"et_pb_toggle_content clearfix\">\n<p><strong>Ingr\u00e9dients<\/strong>\u00a0: agent de charge : cellulose microcristalline, anti-agglom\u00e9rant : st\u00e9arate de magn\u00e9sium v\u00e9g\u00e9tal, picolinate de Chrome. G\u00e9lule : hydroxypropylm\u00e9thylcellulose.<\/p>\n<table border=\"0\" width=\"100%\" cellspacing=\"0\" cellpadding=\"10\">\n<tbody>\n<tr>\n<td bgcolor=\"#666666\"><strong>Composition moyenne pour 1 g\u00e9lule par jour<\/strong><\/td>\n<\/tr>\n<\/tbody>\n<\/table>\n<table border=\"0\" width=\"100%\" cellspacing=\"0\" cellpadding=\"10\">\n<tbody>\n<tr>\n<td align=\"left\" bgcolor=\"#A2A2A2\" width=\"60\">Ingr\u00e9dients<\/td>\n<td align=\"right\" bgcolor=\"#A2A2A2\" width=\"20%\">Dosage<\/td>\n<td align=\"right\" bgcolor=\"#A2A2A2\" width=\"20%\">VNR*<\/td>\n<\/tr>\n<tr>\n<td align=\"left\" bgcolor=\"#CCCCCC\" width=\"60\"><strong>Chrome \u00e9l\u00e9ment<\/strong><\/td>\n<td align=\"right\" bgcolor=\"#CCCCCC\" width=\"20%\">200 \u03bcg<\/td>\n<td align=\"right\" bgcolor=\"#CCCCCC\">500 %<\/td>\n<\/tr>\n<\/tbody>\n<\/table>\n<h5><em>*Valeurs Nutritionnelles de R\u00e9f\u00e9rence.<\/em><\/h5>\n<p>Poids net : 36 g. \u2013 Code ACL : 3401573117374<\/p>\n<\/div>\n<\/div>\n<\/div>\n","protected":false},"excerpt":{"rendered":"<div id=\"fp-tags\" class=\"et_pb_module et_pb_text et_pb_text_1_tb_body et_pb_text_align_left et_pb_bg_layout_light\">\n<div class=\"et_pb_text_inner\">\n<div class=\"woocommerce et-dynamic-content-woo et-dynamic-content-woo--product_short_description\">\n<p>Amino-ch\u00e9lat\u00e9\u00ae<\/p>\n<\/div>\n<\/div>\n<\/div>\n<div class=\"et_pb_module et_pb_wc_description et_pb_wc_description_0_tb_body produit-description et_pb_bg_layout_light et_pb_text_align_left\">\n<div class=\"et_pb_module_inner\">\n<p>Compl\u00e9ment alimentaire\u00a0<strong>issu de la recherche en micronutrition\u00a0<\/strong>:<\/p>\n<ul>\n<li>Chrome picolinate :\u00a0<strong>absorption<\/strong>,\u00a0<strong>tol\u00e9rance digestive<\/strong>\u00a0et\u00a0<strong>biodisponibilit\u00e9<\/strong><\/li>\n<li>Contribue au maintien d\u2019une\u00a0<strong>glyc\u00e9mie<\/strong>\u00a0normale (taux de glucose dans le sang)<\/li>\n<li><strong>1 pilulier\u00a0: programme de 3 mois<\/strong><\/li>\n<\/ul>\n<\/div>\n<\/div>\n","protected":false},"featured_media":3088,"comment_status":"open","ping_status":"closed","template":"","meta":[],"product_brand":[],"product_cat":[23],"product_tag":[],"class_list":{"0":"post-3087","1":"product","2":"type-product","3":"status-publish","4":"has-post-thumbnail","6":"product_cat-23","7":"entry","9":"first","10":"instock","11":"taxable","12":"shipping-taxable","13":"purchasable","14":"product-type-simple"},"jetpack_sharing_enabled":true,"_links":{"self":[{"href":"https:\/\/healthstore.mc\/index.php\/wp-json\/wp\/v2\/product\/3087","targetHints":{"allow":["GET"]}}],"collection":[{"href":"https:\/\/healthstore.mc\/index.php\/wp-json\/wp\/v2\/product"}],"about":[{"href":"https:\/\/healthstore.mc\/index.php\/wp-json\/wp\/v2\/types\/product"}],"replies":[{"embeddable":true,"href":"https:\/\/healthstore.mc\/index.php\/wp-json\/wp\/v2\/comments?post=3087"}],"wp:featuredmedia":[{"embeddable":true,"href":"https:\/\/healthstore.mc\/index.php\/wp-json\/wp\/v2\/media\/3088"}],"wp:attachment":[{"href":"https:\/\/healthstore.mc\/index.php\/wp-json\/wp\/v2\/media?parent=3087"}],"wp:term":[{"taxonomy":"product_brand","embeddable":true,"href":"https:\/\/healthstore.mc\/index.php\/wp-json\/wp\/v2\/product_brand?post=3087"},{"taxonomy":"product_cat","embeddable":true,"href":"https:\/\/healthstore.mc\/index.php\/wp-json\/wp\/v2\/product_cat?post=3087"},{"taxonomy":"product_tag","embeddable":true,"href":"https:\/\/healthstore.mc\/index.php\/wp-json\/wp\/v2\/product_tag?post=3087"}],"curies":[{"name":"wp","href":"https:\/\/api.w.org\/{rel}","templated":true}]}}