{"id":363,"date":"2020-04-23T19:22:34","date_gmt":"2020-04-23T17:22:34","guid":{"rendered":"http:\/\/10.0.0.17\/wordpress\/produit\/uritis-20cp-2\/"},"modified":"2024-09-21T16:29:48","modified_gmt":"2024-09-21T14:29:48","slug":"uritis-20cp-2","status":"publish","type":"product","link":"https:\/\/healthstore.mc\/index.php\/product\/uritis-20cp-2\/","title":{"rendered":"Uritis 20cp"},"content":{"rendered":"<p>Les d\u00e9sordres urinaires sont principalement pr\u00e9sents chez les femmes. Afin de pr\u00e9server l\u2019\u00e9quilibre de la sph\u00e8re urinaire, il est notamment indispensable de boire suffisamment d\u2019eau au quotidien et d\u2019adopter une toilette intime ad\u00e9quate.<br \/>\nPour soutenir la sant\u00e9 du syst\u00e8me urinaire, les Laboratoires\u00a0<strong>NHCO Nutrition<\/strong><sup>\u00ae<\/sup>\u00a0ont d\u00e9velopp\u00e9 une formule concentr\u00e9e, associant des actifs agissant \u00e0 diff\u00e9rents niveaux du tractus urinaire.<\/p>\n<p>Uritis\u2122 combine deux complexes aux actions cibl\u00e9es\u00a0:<br \/>\n<img loading=\"lazy\" decoding=\"async\" class=\"alignnone size-full wp-image-16848\" src=\"https:\/\/nhco-nutrition.com\/france\/wp-content\/uploads\/2017\/09\/carre02_rose-cla1000.gif\" alt=\"\" width=\"18\" height=\"10\" \/>Favorise l\u2019\u00e9limination urinaire par une action drainante : extraits de cassis, de romarin et de pissenlit.<br \/>\n<img loading=\"lazy\" decoding=\"async\" class=\"alignnone size-full wp-image-16848\" src=\"https:\/\/nhco-nutrition.com\/france\/wp-content\/uploads\/2017\/09\/carre02_rose-cla1000.gif\" alt=\"\" width=\"18\" height=\"10\" \/>Participe au syst\u00e8me de d\u00e9fenses immunitaires : vitamine C, extraits de romarin et d\u2019\u00e9chinac\u00e9e.<br \/>\n<img loading=\"lazy\" decoding=\"async\" class=\"alignnone size-full wp-image-16848\" src=\"https:\/\/nhco-nutrition.com\/france\/wp-content\/uploads\/2017\/09\/carre02_rose-cla1000.gif\" alt=\"\" width=\"18\" height=\"10\" \/>Contribue \u00e0 la sant\u00e9 du syst\u00e8me urinaire : extraits d\u2019\u00e9chinac\u00e9e et de pissenlit.<\/p>\n<table border=\"0\" width=\"100%\" cellspacing=\"0\" cellpadding=\"10\">\n<tbody>\n<tr>\n<td bgcolor=\"#ebc3d1\" width=\"40%\"><strong>Conseils d\u2019utilisation<\/strong><\/td>\n<td bgcolor=\"#f9e4eb\" width=\"30%\">Matin*<\/td>\n<td bgcolor=\"#ebc3d1\" width=\"30%\">Soir*<\/td>\n<\/tr>\n<tr>\n<td bgcolor=\"#ebc3d1\" width=\"40%\">Les 2 premiers jours<\/td>\n<td bgcolor=\"#f9e4eb\" width=\"30%\"><strong>3 comprim\u00e9s<\/strong><\/td>\n<td bgcolor=\"#ebc3d1\" width=\"30%\"><strong>3 comprim\u00e9s<\/strong><\/td>\n<\/tr>\n<tr>\n<td bgcolor=\"#ebc3d1\" width=\"40%\">Les 2 jours suivants<\/td>\n<td bgcolor=\"#f9e4eb\" width=\"30%\"><strong>4 comprim\u00e9s<\/strong><\/td>\n<td bgcolor=\"#ebc3d1\" width=\"30%\"><\/td>\n<\/tr>\n<\/tbody>\n<\/table>\n<p>* En dehors des repas.<br \/>\nLes comprim\u00e9s sont sans colorant. La pr\u00e9sence de grains blancs est li\u00e9e \u00e0 la composition d\u2019Uritis\u2122 et n\u2019alt\u00e8re en rien les qualit\u00e9s de ce dernier.<\/p>\n<p>Ce produit convient aux v\u00e9g\u00e9tariens et aux v\u00e9g\u00e9taliens.<\/p>\n<h5>Ce compl\u00e9ment alimentaire n\u2019est pas un m\u00e9dicament. Il est recommand\u00e9 de respecter la dose journali\u00e8re indiqu\u00e9e, de le consommer dans le cadre d\u2019une alimentation vari\u00e9e et \u00e9quilibr\u00e9e, d\u2019un mode de vie sain, et de le tenir hors de port\u00e9e des jeunes enfants. R\u00e9serv\u00e9 \u00e0 l\u2019adulte except\u00e9 la femme enceinte ou allaitante, sauf avis m\u00e9dical contraire.<br \/>\nLes personnes sous contr\u00f4le m\u00e9dical doivent demander conseil \u00e0 leur m\u00e9decin traitant. L\u2019usage prolong\u00e9 est d\u00e9conseill\u00e9. Une consommation excessive peut avoir des effets laxatifs.<\/h5>\n<h5>\u00c0 consommer de pr\u00e9f\u00e9rence avant la date indiqu\u00e9e sous l\u2019\u00e9tui. Bien refermer apr\u00e8s ouverture. \u00c0 conserver dans un endroit sec et frais.<\/h5>\n<p><strong>Compl\u00e9ment alimentaire<\/strong><br \/>\n<strong>Ingr\u00e9dients :\u00a0<\/strong>D-Mannose, agent de charge : sorbitol, L-M\u00e9thionine, antiagglom\u00e9rants : carbonate et st\u00e9arate de magn\u00e9sium, extrait de feuilles de romarin (<em>Rosmarinus officinalis<\/em>), extrait de fruits de cranberry (<em>Vaccinum macrocarpon<\/em>), extrait de feuilles de cassis (<em>Ribes nigrum<\/em>), extrait de parties a\u00e9riennes d\u2019\u00e9chinac\u00e9e (<em>Echinacea purpurea<\/em>), vitamine C (acide ascorbique), extrait de racines de pissenlit (<em>Taraxacum officinale<\/em>).<\/p>\n<table border=\"0\" width=\"100%\" cellspacing=\"0\" cellpadding=\"10\">\n<tbody>\n<tr>\n<td bgcolor=\"#666666\"><strong>Composition moyenne pour 6 comprim\u00e9s\/jour (4525 mg)<\/strong><\/td>\n<\/tr>\n<\/tbody>\n<\/table>\n<table border=\"0\" width=\"100%\" cellspacing=\"0\" cellpadding=\"10\">\n<tbody>\n<tr>\n<td align=\"left\" bgcolor=\"#A2A2A2\" width=\"50\">Ingr\u00e9dients<\/td>\n<td align=\"right\" bgcolor=\"#A2A2A2\" width=\"20%\">Dosage<\/td>\n<\/tr>\n<tr>\n<td align=\"left\" bgcolor=\"#CCCCCC\"><strong>Complexe Adhesi-p1<\/strong><\/td>\n<td align=\"right\" bgcolor=\"#CCCCCC\"><strong>3780 mg<\/strong><\/td>\n<\/tr>\n<\/tbody>\n<\/table>\n<table border=\"0\" width=\"100%\" cellspacing=\"0\" cellpadding=\"10\">\n<tbody>\n<tr>\n<td bgcolor=\"#f1efee\">\n<h5>D-Mannose 3000 mg, L-M\u00e9thionine 600 mg, extrait de fruits de cranberry (<em>Vaccinum macrocarpon<\/em>) standardis\u00e9 en PAC** (36 mg) 180 mg<\/h5>\n<\/td>\n<\/tr>\n<\/tbody>\n<\/table>\n<table border=\"0\" width=\"100%\" cellspacing=\"0\" cellpadding=\"10\">\n<tbody>\n<tr>\n<td align=\"left\" bgcolor=\"#CCCCCC\"><strong>Complexe Uridefense<\/strong><\/td>\n<td align=\"right\" bgcolor=\"#CCCCCC\"><strong>745 mg<\/strong><\/td>\n<\/tr>\n<\/tbody>\n<\/table>\n<table border=\"0\" width=\"100%\" cellspacing=\"0\" cellpadding=\"10\">\n<tbody>\n<tr>\n<td bgcolor=\"#f1efee\">\n<h5>Extrait de feuilles de romarin (<em>Rosmarinus officinalis<\/em>) standardis\u00e9 \u00e0 5 % en acide rosmarinique 285 mg, extrait de feuilles de cassis (<em>Ribes nigrum<\/em>) 150 mg, extrait de parties a\u00e9riennes d\u2019\u00e9chinac\u00e9e (<em>Echinacea purpurea<\/em>) 150 mg, extrait de racines de pissenlit (<em>Taraxacum officinale<\/em>) 80 mg, vitamine C (100 % VNR*) 80 mg<\/h5>\n<\/td>\n<\/tr>\n<\/tbody>\n<\/table>\n<h5>*\u00a0<em>Valeurs Nutritionnelles de R\u00e9f\u00e9rence.<\/em><br \/>\n**\u00a0<em>Proanthocyanidines.<\/em><\/h5>\n<p>&nbsp;<\/p>\n<p>Poids net : 21 g. \u2013 Code ACL : 6127978<\/p>\n","protected":false},"excerpt":{"rendered":"<table border=\"0\" cellspacing=\"0\" cellpadding=\"0\">\n<tbody>\n<tr>\n<td valign=\"top\">\n<h1><strong>Uritis\u2122<\/strong><\/h1>\n<\/td>\n<\/tr>\n<tr>\n<td valign=\"top\" height=\"50\">\n<h5>Complexes Adhesi-p1 &amp; Uridefense \u2013 D-Mannose 3000 mg<br \/>\n(UTD#2,008,600)<\/h5>\n<\/td>\n<\/tr>\n<\/tbody>\n<\/table>\n<h3><strong>D\u00e9fenses du syst\u00e8me urinaire<\/strong><\/h3>\n<p><img loading=\"lazy\" decoding=\"async\" class=\"alignnone size-full wp-image-16848\" src=\"https:\/\/nhco-nutrition.com\/france\/wp-content\/uploads\/2017\/09\/carre02_rose-cla1000.gif\" alt=\"\" width=\"18\" height=\"10\" \/>Solution de micronutrition concentr\u00e9e gr\u00e2ce aux extraits de romarin et de cassis, draineurs naturels, \u00e0 l\u2019extrait d\u2019\u00e9chinac\u00e9e contribuant au maintien de la\u00a0<strong>bonne sant\u00e9 urinaire<\/strong>\u00a0et \u00e0 la vitamine C pour le\u00a0<strong>bon fonctionnement immunitaire<\/strong>.<\/p>\n<p><strong><img loading=\"lazy\" decoding=\"async\" class=\"alignnone wp-image-17165\" src=\"https:\/\/nhco-nutrition.com\/france\/wp-content\/uploads\/2019\/01\/picto-4j-uritis2019.png\" alt=\"\" width=\"70\" height=\"67\" \/><\/strong><\/p>\n<p><strong>20 comprim\u00e9s \u2013 4 jours<\/strong><\/p>\n","protected":false},"featured_media":2277,"comment_status":"open","ping_status":"closed","template":"","meta":[],"product_brand":[],"product_cat":[23],"product_tag":[],"class_list":{"0":"post-363","1":"product","2":"type-product","3":"status-publish","4":"has-post-thumbnail","6":"product_cat-23","7":"entry","9":"first","10":"instock","11":"taxable","12":"shipping-taxable","13":"purchasable","14":"product-type-simple"},"jetpack_sharing_enabled":true,"_links":{"self":[{"href":"https:\/\/healthstore.mc\/index.php\/wp-json\/wp\/v2\/product\/363","targetHints":{"allow":["GET"]}}],"collection":[{"href":"https:\/\/healthstore.mc\/index.php\/wp-json\/wp\/v2\/product"}],"about":[{"href":"https:\/\/healthstore.mc\/index.php\/wp-json\/wp\/v2\/types\/product"}],"replies":[{"embeddable":true,"href":"https:\/\/healthstore.mc\/index.php\/wp-json\/wp\/v2\/comments?post=363"}],"wp:featuredmedia":[{"embeddable":true,"href":"https:\/\/healthstore.mc\/index.php\/wp-json\/wp\/v2\/media\/2277"}],"wp:attachment":[{"href":"https:\/\/healthstore.mc\/index.php\/wp-json\/wp\/v2\/media?parent=363"}],"wp:term":[{"taxonomy":"product_brand","embeddable":true,"href":"https:\/\/healthstore.mc\/index.php\/wp-json\/wp\/v2\/product_brand?post=363"},{"taxonomy":"product_cat","embeddable":true,"href":"https:\/\/healthstore.mc\/index.php\/wp-json\/wp\/v2\/product_cat?post=363"},{"taxonomy":"product_tag","embeddable":true,"href":"https:\/\/healthstore.mc\/index.php\/wp-json\/wp\/v2\/product_tag?post=363"}],"curies":[{"name":"wp","href":"https:\/\/api.w.org\/{rel}","templated":true}]}}