{"id":366,"date":"2020-04-23T19:22:45","date_gmt":"2020-04-23T17:22:45","guid":{"rendered":"http:\/\/10.0.0.17\/wordpress\/produit\/lipocyte-500ml-2\/"},"modified":"2024-09-21T16:30:43","modified_gmt":"2024-09-21T14:30:43","slug":"lipocyte-500ml-2","status":"publish","type":"product","link":"https:\/\/healthstore.mc\/index.php\/product\/lipocyte-500ml-2\/","title":{"rendered":"Lipocyte 500ml"},"content":{"rendered":"<p>Le lipocyte est le nom scientifique donn\u00e9 \u00e0 la cellule adipeuse qui stocke les graisses dans l\u2019organisme. Certains amas graisseux sous cutan\u00e9s, associ\u00e9s \u00e0 une r\u00e9tention hydrique, favorisent l\u2019apparition de capitons. Lorsque ce ph\u00e9nom\u00e8ne est coupl\u00e9 \u00e0 un retour veineux insuffisant, les jambes, les hanches et le fessier prennent du volume, caract\u00e9ristiques d\u2019une silhouette gyno\u00efde.<\/p>\n<p>Les\u00a0<strong>Laboratoires NHCO Nutrition\u00ae<\/strong>\u00a0ont d\u00e9velopp\u00e9\u00a0<strong>LIPOCYTE<\/strong>, un compl\u00e9ment alimentaire formul\u00e9 sur un concept innovant,\u00a0<strong>Gyno\u00efd F-Cell Effect<\/strong>\u2122, qui regroupe 3 complexes aux actions cibl\u00e9es\u00a0 :<br \/>\n<img loading=\"lazy\" decoding=\"async\" class=\"alignnone size-full wp-image-2377\" title=\"\" src=\"http:\/\/nhco-nutrition.com\/france\/wp-content\/uploads\/2017\/04\/carre-rose-lipocyte.png\" alt=\"\" width=\"18\" height=\"10\" \/><strong>Dermolys-\u03b1\u2122<\/strong>\u00a0contient un extrait de marc de raisin aidant \u00e0 r\u00e9duire l\u2019aspect de la cellulite, de la caf\u00e9ine ainsi qu\u2019un extrait de th\u00e9 vert contribuant au d\u00e9stockage des graisses et ainsi \u00e0 la perte de poids.<br \/>\n<img loading=\"lazy\" decoding=\"async\" class=\"alignnone size-full wp-image-2377\" title=\"\" src=\"http:\/\/nhco-nutrition.com\/france\/wp-content\/uploads\/2017\/04\/carre-rose-lipocyte.png\" alt=\"\" width=\"18\" height=\"10\" \/>Associ\u00e9 \u00e0 deux acides amin\u00e9s sp\u00e9cifiques et au dipeptide\u00a0<strong>L-Rh\u00e9oline\u2122<\/strong>, l\u2019extrait de m\u00e9lilot facilite la circulation pour des jambes plus l\u00e9g\u00e8res.<br \/>\n<img loading=\"lazy\" decoding=\"async\" class=\"alignnone size-full wp-image-2377\" title=\"\" src=\"http:\/\/nhco-nutrition.com\/france\/wp-content\/uploads\/2017\/04\/carre-rose-lipocyte.png\" alt=\"\" width=\"18\" height=\"10\" \/>Pour faciliter l\u2019\u00e9limination,\u00a0<strong>Captodrain\u2122<\/strong>\u00a0contient des extraits de fenouil et de sureau drainants, du cassis qui participe au contr\u00f4le du poids et de la capucine.<\/p>\n<table border=\"0\" width=\"100%\" cellspacing=\"0\" cellpadding=\"10\">\n<tbody>\n<tr>\n<td bgcolor=\"#f7c6dc\" width=\"100%\"><strong>Conseils d\u2019utilisation<\/strong><\/td>\n<\/tr>\n<tr>\n<td bgcolor=\"#f1d8e3\" width=\"100%\">1 fois par jour*: diluer 20 ml de produit dans un verre d\u2019eau<\/td>\n<\/tr>\n<\/tbody>\n<\/table>\n<h5><em>* De pr\u00e9f\u00e9rence pendant le petit-d\u00e9jeuner ou le d\u00e9jeuner.<\/em><\/h5>\n<h5>Agiter le flacon avant utilisation. Bien refermer apr\u00e8s ouverture, conserver au frais et consommer dans les 30 jours.<\/h5>\n<h5>Contient de la caf\u00e9ine, d\u00e9conseill\u00e9 aux enfants et aux femmes enceintes ou allaitantes (30 mg pour 20 ml).<\/h5>\n<h5>Ce compl\u00e9ment alimentaire n\u2019est pas un m\u00e9dicament. Il est recommand\u00e9 de respecter la dose journali\u00e8re indiqu\u00e9e, de le consommer pendant les repas dans le cadre d\u2019une alimentation vari\u00e9e et \u00e9quilibr\u00e9e et d\u2019un mode de vie sain et de le tenir hors de port\u00e9e des jeunes enfants. R\u00e9serv\u00e9 \u00e0 l\u2019adulte.<\/h5>\n<p><strong>Compl\u00e9ment alimentaire avec \u00e9dulcorant<\/strong><br \/>\n<strong>Ingr\u00e9dients :<\/strong>\u00a0eau, glyc\u00e9rine, L-Arginine-L-Aspartate, extrait de feuille de cassis, extrait de feuille de th\u00e9 vert, extrait de marc de raisin, Glycine, N-Ac\u00e9tyl-D-Glucosamine (contient :\u00a0<strong>crustac\u00e9s<\/strong>), extrait de partie a\u00e9rienne de capucine, L-Histidine, \u00e9paississant : gomme de guar, extrait de fruit de fenouil, extrait de partie a\u00e9rienne de pr\u00eale, extrait de baie de sureau, extrait de fleur de m\u00e9lilot, extrait de tige d\u2019ananas, caf\u00e9ine, fruit de papaye (contient :<strong>\u00a0lactose<\/strong>), ar\u00f4me naturel de cassis avec autres ar\u00f4mes naturels, conservateurs : sorbate de potassium et benzoate de sodium, acidifiant : acide citrique, \u00e9dulcorant d\u2019origine naturelle : glycosides de st\u00e9viol.<\/p>\n<p>Sans colorant. Ar\u00f4mes et \u00e9dulcorant d\u2019origine naturelle.<\/p>\n<table border=\"0\" width=\"100%\" cellspacing=\"0\" cellpadding=\"10\">\n<tbody>\n<tr>\n<td bgcolor=\"#666666\"><strong>Composition moyenne en actifs pour 20 ml\/jour (1383 mg)<\/strong><\/td>\n<\/tr>\n<\/tbody>\n<\/table>\n<table border=\"0\" width=\"100%\" cellspacing=\"0\" cellpadding=\"10\">\n<tbody>\n<tr>\n<td align=\"left\" bgcolor=\"#A2A2A2\" width=\"50\">Ingr\u00e9dients<\/td>\n<td align=\"right\" bgcolor=\"#A2A2A2\" width=\"20%\">Dosage<\/td>\n<\/tr>\n<tr>\n<td align=\"left\" bgcolor=\"#CCCCCC\"><strong>DERMOLYS-\u03b1\u2122<\/strong><\/td>\n<td align=\"right\" bgcolor=\"#CCCCCC\"><strong>548 mg<\/strong><\/td>\n<\/tr>\n<\/tbody>\n<\/table>\n<table border=\"0\" width=\"100%\" cellspacing=\"0\" cellpadding=\"10\">\n<tbody>\n<tr>\n<td bgcolor=\"#f1efee\">\n<h5>Extrait de th\u00e9 vert\u00a0<em>(Camellia sinensis)<\/em>\u00a0200 mg, extrait de marc de raisin<em>\u00a0(Vitis vinifera)<\/em>\u00a0200 mg, N-Ac\u00e9tyl-D-Glucosamine 100 mg, extrait d\u2019ananas<em>\u00a0(Ananas comosus)<\/em>\u00a020 mg, papaye\u00a0<em>(Carica papaya)<\/em>\u00a08 mg, caf\u00e9ine 20 mg<\/h5>\n<\/td>\n<\/tr>\n<\/tbody>\n<\/table>\n<table border=\"0\" width=\"100%\" cellspacing=\"0\" cellpadding=\"10\">\n<tbody>\n<tr>\n<td align=\"left\" bgcolor=\"#CCCCCC\" width=\"50\"><strong>REVERSINE-500\u2122<\/strong><\/td>\n<td align=\"right\" bgcolor=\"#CCCCCC\" width=\"20%\"><strong>482 mg<\/strong><\/td>\n<\/tr>\n<\/tbody>\n<\/table>\n<table border=\"0\" width=\"100%\" cellspacing=\"0\" cellpadding=\"10\">\n<tbody>\n<tr>\n<td bgcolor=\"#f1efee\">\n<h5>L-Rh\u00e9oline\u2122 (L-Arginine.L-Aspartate) 232 mg, Glycine 180 mg, L-Histidine 50 mg, extrait de fleur de m\u00e9lilot\u00a0<em>(Melilotus officinalis)<\/em>\u00a020 mg<\/h5>\n<\/td>\n<\/tr>\n<\/tbody>\n<\/table>\n<table border=\"0\" width=\"100%\" cellspacing=\"0\" cellpadding=\"10\">\n<tbody>\n<tr>\n<td align=\"left\" bgcolor=\"#CCCCCC\" width=\"50\"><strong>CAPTODRAIN\u2122<\/strong><\/td>\n<td align=\"right\" bgcolor=\"#CCCCCC\" width=\"20%\"><strong>353 mg<\/strong><\/td>\n<\/tr>\n<\/tbody>\n<\/table>\n<table border=\"0\" width=\"100%\" cellspacing=\"0\" cellpadding=\"10\">\n<tbody>\n<tr>\n<td bgcolor=\"#f1efee\">\n<h5>Extrait de feuille de cassis\u00a0<em>(Ribes nigrum)<\/em>\u00a0200 mg, extrait de capucine<em>\u00a0(Tropaeolum majus)<\/em>\u00a070 mg, extrait de fruit de fenouil\u00a0<em>(Foeniculum vulgare dulce)<\/em>\u00a030 mg, extrait de pr\u00eale\u00a0<em>(Equisetum arvense)<\/em>\u00a030 mg, extrait de baie de sureau\u00a0<em>(Sambucus nigra)<\/em>\u00a023 mg<\/h5>\n<\/td>\n<\/tr>\n<\/tbody>\n<\/table>\n<h5><em>* Valeurs Nutritionnelles de R\u00e9f\u00e9rence.<\/em><\/h5>\n<h5>Contient de la caf\u00e9ine, d\u00e9conseill\u00e9 aux enfants et aux femmes enceintes ou allaitantes (30 mg pour 20 ml).<\/h5>\n<p>500 ml \u2013 Code ACL : 3401573117664<\/p>\n","protected":false},"excerpt":{"rendered":"<table border=\"0\" cellspacing=\"0\" cellpadding=\"0\">\n<tbody>\n<tr>\n<td valign=\"top\">\n<h1><strong>Lipocyte<\/strong><\/h1>\n<\/td>\n<\/tr>\n<tr>\n<td valign=\"top\" height=\"40\">\n<h5>Gyno\u00efd F-Cell Effect\u2122 \u2013 Reversine-500\u2122<br \/>\nDermolys-\u03b1\u2122 \u2013 Captodrain\u2122<\/h5>\n<\/td>\n<\/tr>\n<\/tbody>\n<\/table>\n<h3><strong>Anti-capitons \u2013 Hanches et jambes affin\u00e9es<\/strong><\/h3>\n<p><img loading=\"lazy\" decoding=\"async\" class=\"alignnone size-full wp-image-2377\" title=\"\" src=\"http:\/\/nhco-nutrition.com\/france\/wp-content\/uploads\/2017\/04\/carre-rose-lipocyte.png\" alt=\"\" width=\"18\" height=\"10\" \/>Concentr\u00e9 de 15 actifs dont 3 acides amin\u00e9s sp\u00e9cifiques, du marc de raisin aidant \u00e0 r\u00e9duire l\u2019aspect de la cellulite pour une peau plus lisse, un extrait de th\u00e9 vert contribuant au d\u00e9stockage des graisses, du sureau favorisant l\u2019\u00e9limination par un effet drainant et du m\u00e9lilot qui facilite la circulation pour des jambes plus l\u00e9g\u00e8res.<\/p>\n<p><img loading=\"lazy\" decoding=\"async\" class=\"aligncenter size-full wp-image-16614\" src=\"http:\/\/nhco-nutrition.com\/france\/wp-content\/uploads\/2016\/07\/picto-lipocyte.png\" alt=\"\" width=\"156\" height=\"48\" \/><\/p>\n","protected":false},"featured_media":2237,"comment_status":"open","ping_status":"closed","template":"","meta":[],"product_brand":[],"product_cat":[23],"product_tag":[],"class_list":{"0":"post-366","1":"product","2":"type-product","3":"status-publish","4":"has-post-thumbnail","6":"product_cat-23","7":"entry","9":"first","10":"instock","11":"taxable","12":"shipping-taxable","13":"purchasable","14":"product-type-simple"},"jetpack_sharing_enabled":true,"_links":{"self":[{"href":"https:\/\/healthstore.mc\/index.php\/wp-json\/wp\/v2\/product\/366","targetHints":{"allow":["GET"]}}],"collection":[{"href":"https:\/\/healthstore.mc\/index.php\/wp-json\/wp\/v2\/product"}],"about":[{"href":"https:\/\/healthstore.mc\/index.php\/wp-json\/wp\/v2\/types\/product"}],"replies":[{"embeddable":true,"href":"https:\/\/healthstore.mc\/index.php\/wp-json\/wp\/v2\/comments?post=366"}],"wp:featuredmedia":[{"embeddable":true,"href":"https:\/\/healthstore.mc\/index.php\/wp-json\/wp\/v2\/media\/2237"}],"wp:attachment":[{"href":"https:\/\/healthstore.mc\/index.php\/wp-json\/wp\/v2\/media?parent=366"}],"wp:term":[{"taxonomy":"product_brand","embeddable":true,"href":"https:\/\/healthstore.mc\/index.php\/wp-json\/wp\/v2\/product_brand?post=366"},{"taxonomy":"product_cat","embeddable":true,"href":"https:\/\/healthstore.mc\/index.php\/wp-json\/wp\/v2\/product_cat?post=366"},{"taxonomy":"product_tag","embeddable":true,"href":"https:\/\/healthstore.mc\/index.php\/wp-json\/wp\/v2\/product_tag?post=366"}],"curies":[{"name":"wp","href":"https:\/\/api.w.org\/{rel}","templated":true}]}}