{"id":367,"date":"2020-04-23T19:22:48","date_gmt":"2020-04-23T17:22:48","guid":{"rendered":"http:\/\/10.0.0.17\/wordpress\/produit\/cytocore-56gels-2\/"},"modified":"2024-09-21T16:31:39","modified_gmt":"2024-09-21T14:31:39","slug":"cytocore-56gels-2","status":"publish","type":"product","link":"https:\/\/healthstore.mc\/index.php\/product\/cytocore-56gels-2\/","title":{"rendered":"Cytocore 56gels"},"content":{"rendered":"<p>Un apport alimentaire \u00e9quilibr\u00e9 et une bonne hygi\u00e8ne de vie sont essentiels au maintien de notre \u00e9nergie. Cette \u00e9nergie trouve sa source au coeur m\u00eame de nos cellules, dans les mitochondries, organites sp\u00e9cialis\u00e9s dans la production d\u2019\u00e9nergie pour l\u2019organisme.<br \/>\nL\u2019\u00e2ge, un stress important impactant les taux de cortisol, une suractivit\u00e9 physique ou mentale, un burn-out, ou encore une p\u00e9riode de convalescence, peuvent entra\u00eener, dans certains cas, un d\u00e9s\u00e9quilibre \u00e9nerg\u00e9tique pouvant se traduire par un sentiment d\u2019\u00e9puisement ou de fatigue intense.<\/p>\n<p>Afin de soutenir l\u2019organisme,\u00a0<strong>NHCO Nutrition<\/strong><sup>\u00ae<\/sup>\u00a0a d\u00e9velopp\u00e9 CYTOCORE\u2122. Ce produit renferme une formule sp\u00e9cifique gr\u00e2ce \u00e0 deux complexes innovants :<br \/>\n<strong><img loading=\"lazy\" decoding=\"async\" class=\"alignnone size-full wp-image-18559\" src=\"https:\/\/nhco-nutrition.com\/france\/wp-content\/uploads\/2020\/01\/carre-cytocore.png\" alt=\"\" width=\"18\" height=\"10\" \/>INERGIUM-Kr<\/strong>\u00a0renferme un extrait de\u00a0<em>Quercus robur<\/em>\u00a0brevet\u00e9, Robuvit<sup>\u00ae<\/sup>, et du\u00a0<em>Mangifera indica<\/em>. Ces deux actifs sont associ\u00e9s \u00e0 de la cr\u00e9atine, de l\u2019ac\u00e9tyl-L-Carnitine, ainsi que de la vitamine C qui contribue \u00e0 r\u00e9duire la fatigue et de la vitamine B6 participant au m\u00e9tabolisme \u00e9nerg\u00e9tique normal.<br \/>\n<strong><img loading=\"lazy\" decoding=\"async\" class=\"alignnone size-full wp-image-18559\" src=\"https:\/\/nhco-nutrition.com\/france\/wp-content\/uploads\/2020\/01\/carre-cytocore.png\" alt=\"\" width=\"18\" height=\"10\" \/>CORT-700<\/strong>\u00a0contient deux acides amin\u00e9s associ\u00e9s \u00e0 du Magn\u00e9sium Amino-ch\u00e9lat\u00e9\u2122. Ce dernier contribue au fonctionnement normal du syst\u00e8me nerveux. Ce complexe inclut \u00e9galement un extrait de rhodiola jouant un r\u00f4le dans la r\u00e9duction de la fatigue li\u00e9e au stress et un extrait d\u2019\u00e9leuth\u00e9rocoque soutenant les capacit\u00e9s mentales et physiques lors d\u2019une p\u00e9riode de fragilit\u00e9, de fatigue, d\u2019\u00e9puisement ou encore de convalescence.<\/p>\n<table border=\"0\" width=\"100%\" cellspacing=\"0\" cellpadding=\"10\">\n<tbody>\n<tr>\n<td bgcolor=\"#f9a981\" width=\"60%\"><strong>Conseils d\u2019utilisation<\/strong><\/td>\n<td bgcolor=\"#f3ddd5\" width=\"20%\">Matin*<\/td>\n<td bgcolor=\"#f9a981\" width=\"20%\">Soir*<\/td>\n<\/tr>\n<tr>\n<td bgcolor=\"#f9a981\" width=\"60%\">Phase d\u2019attaque pendant 1 semaine<\/td>\n<td bgcolor=\"#f3ddd5\" width=\"20%\"><strong>2 g\u00e9lules<\/strong><\/td>\n<td bgcolor=\"#f9a981\" width=\"20%\"><strong>2 g\u00e9lules<\/strong><\/td>\n<\/tr>\n<tr>\n<td bgcolor=\"#f9a981\" width=\"60%\">Phase de suivi les 2 autres semaines<\/td>\n<td bgcolor=\"#f3ddd5\" width=\"20%\"><strong>2 g\u00e9lules<\/strong><\/td>\n<td bgcolor=\"#f9a981\" width=\"20%\"><\/td>\n<\/tr>\n<\/tbody>\n<\/table>\n<table border=\"0\" width=\"100%\" cellspacing=\"0\" cellpadding=\"10\">\n<tbody>\n<tr>\n<td bgcolor=\"#f15925\">Programme de 3 \u00e0 4 semaines. Renouvelable.<\/td>\n<\/tr>\n<\/tbody>\n<\/table>\n<h5>* De pr\u00e9f\u00e9rence, \u00e0 prendre lors d\u2019un repas ou d\u2019une collation.<\/h5>\n<h5>Ce compl\u00e9ment alimentaire n\u2019est pas un m\u00e9dicament. Il est recommand\u00e9 de respecter la dose journali\u00e8re indiqu\u00e9e, de le consommer dans le cadre d\u2019une alimentation vari\u00e9e et \u00e9quilibr\u00e9e et d\u2019un mode de vie sain et de le tenir hors de port\u00e9e des jeunes enfants. R\u00e9serv\u00e9 \u00e0 l\u2019adulte except\u00e9 la femme enceinte ou allaitante.<\/h5>\n<h5>\u00c0 consommer de pr\u00e9f\u00e9rence avant la date indiqu\u00e9e sous l\u2019\u00e9tui. Bien refermer apr\u00e8s ouverture. \u00c0 conserver dans un endroit sec et frais.<\/h5>\n<p><strong>Compl\u00e9ment alimentaire<\/strong><br \/>\n<strong>I<\/strong><strong>ngr\u00e9dients :<\/strong>\u00a0cr\u00e9atine monohydrat\u00e9e, L-Glutamine, bisglycinate de Magn\u00e9sium tamponn\u00e9, Robuvit<sup>\u00ae<\/sup>\u00a0[extrait de bois de ch\u00eane\u00a0<em>(Quercus robur)<\/em>], extrait de racine d\u2019\u00e9leuth\u00e9rocoque\u00a0<em>(Eleutherococcus senticosus)<\/em>, chlorhydrate d\u2019ac\u00e9tyl-LCarnitine, L-Th\u00e9anine, poudre de mangue \u2018Kili Mooku\u2019\u00a0<em>(Mangifera indica)<\/em>, extrait de racine de rhodiola\u00a0<em>(Rhodiola rosea)<\/em>, antiagglom\u00e9rant : st\u00e9arate de magn\u00e9sium v\u00e9g\u00e9tal, vitamine C (acide ascorbique), vitamine B6 (chlorhydrate de pyridoxine). G\u00e9lule : hydroxypropylm\u00e9thylcellulose, colorant : complexes cuivriques de chlorophylline.<\/p>\n<p><strong>G\u00e9lules v\u00e9g\u00e9tales vertes GreenCaps<br \/>\n<\/strong>Ce produit convient aux v\u00e9g\u00e9tariens et aux v\u00e9g\u00e9taliens.<\/p>\n<table border=\"0\" width=\"100%\" cellspacing=\"0\" cellpadding=\"10\">\n<tbody>\n<tr>\n<td bgcolor=\"#666666\"><strong>Composition moyenne pour 4 g\u00e9lules\/jour (1 872 mg)<\/strong><\/td>\n<\/tr>\n<\/tbody>\n<\/table>\n<table border=\"0\" width=\"100%\" cellspacing=\"0\" cellpadding=\"10\">\n<tbody>\n<tr>\n<td align=\"left\" bgcolor=\"#a2a2a2\" width=\"50\">Ingr\u00e9dients<\/td>\n<td align=\"right\" bgcolor=\"#a2a2a2\" width=\"20%\">Dosage<\/td>\n<\/tr>\n<\/tbody>\n<\/table>\n<table border=\"0\" width=\"100%\" cellspacing=\"0\" cellpadding=\"10\">\n<tbody>\n<tr>\n<td align=\"left\" bgcolor=\"#cccccc\"><strong>INERGIUM-Kr<\/strong><\/td>\n<td align=\"right\" bgcolor=\"#cccccc\"><strong>941 mg<\/strong><\/td>\n<\/tr>\n<\/tbody>\n<\/table>\n<table border=\"0\" width=\"100%\" cellspacing=\"0\" cellpadding=\"10\">\n<tbody>\n<tr>\n<td bgcolor=\"#f1efee\">\n<h5>Cr\u00e9atine 350 mg, Robuvit<sup>\u00ae<\/sup>, extrait brevet\u00e9 de\u00a0<em>Quercus robur<\/em>\u00a0300 mg, Ac\u00e9tyl-L-Carnitine 150 mg, Mangue \u2018Kili Mooku\u2019\u00a0<em>(Mangifera indica)<\/em>\u00a0100 mg, vitamine C (50 % VNR*) 40 mg, Vitamine B6 (100 % VNR*) 1,4 mg<\/h5>\n<\/td>\n<\/tr>\n<\/tbody>\n<\/table>\n<table border=\"0\" width=\"100%\" cellspacing=\"0\" cellpadding=\"10\">\n<tbody>\n<tr>\n<td align=\"left\" bgcolor=\"#cccccc\"><strong>CORT-700<\/strong><\/td>\n<td align=\"right\" bgcolor=\"#cccccc\"><strong>931 mg<\/strong><\/td>\n<\/tr>\n<\/tbody>\n<\/table>\n<table border=\"0\" width=\"100%\" cellspacing=\"0\" cellpadding=\"10\">\n<tbody>\n<tr>\n<td bgcolor=\"#f1efee\">\n<h5>L-Glutamine 320 mg, extrait de racine d\u2019<em>Eleutherococcus senticosus<\/em>\u00a0300 mg, L-Th\u00e9anine 160 mg, Extrait de racine de<em>\u00a0Rhodiola rosea<\/em>\u00a095 mg, Magn\u00e9sium sous forme Amino-ch\u00e9lat\u00e9e\u00ae (15 % VNR*) 56,25 mg<\/h5>\n<\/td>\n<\/tr>\n<\/tbody>\n<\/table>\n<h5>* Valeurs Nutritionnelles de R\u00e9f\u00e9rence.<\/h5>\n<h5>Robuvit<sup>\u00ae<\/sup>\u00a0is a registered trademark of Horphag Research. Its use is protected by one or more US and international patents.<\/h5>\n<p>&nbsp;<\/p>\n<p>Poids net : 38 g. \u2013 Code ACL : 6233565<\/p>\n","protected":false},"excerpt":{"rendered":"<table border=\"0\" cellspacing=\"0\" cellpadding=\"0\">\n<tbody>\n<tr>\n<td valign=\"top\">\n<h1><strong>Cytocore\u2122<\/strong><\/h1>\n<\/td>\n<\/tr>\n<tr>\n<td valign=\"top\" height=\"50\">\n<h5>INERGIUM-Kr \u2013 CORT-700<br \/>\n<em>(CORT#2,011,980)<\/em><\/h5>\n<\/td>\n<\/tr>\n<\/tbody>\n<\/table>\n<h3><strong>Fatigue intense<br \/>\n\u00c9puisement<\/strong><\/h3>\n<p><strong><img loading=\"lazy\" decoding=\"async\" class=\"alignnone size-full wp-image-18559\" src=\"https:\/\/nhco-nutrition.com\/france\/wp-content\/uploads\/2020\/01\/carre-cytocore.png\" alt=\"\" width=\"18\" height=\"10\" \/><\/strong>Formule innovante renfermant des acides amin\u00e9s, un extrait brevet\u00e9, Robuvit<sup>\u00ae<\/sup>, de l\u2019\u00e9leuth\u00e9rocoque soutenant les capacit\u00e9s mentales et physiques dans des situations de fatigue intense ou d\u2019\u00e9puisement et un extrait de rhodiola.<\/p>\n<p><strong>56 g\u00e9lules GreenCaps \u2013 3\/4 semaines<\/strong><\/p>\n<p>&nbsp;<\/p>\n","protected":false},"featured_media":2156,"comment_status":"open","ping_status":"closed","template":"","meta":[],"product_brand":[],"product_cat":[23],"product_tag":[],"class_list":{"0":"post-367","1":"product","2":"type-product","3":"status-publish","4":"has-post-thumbnail","6":"product_cat-23","7":"entry","9":"first","10":"instock","11":"taxable","12":"shipping-taxable","13":"purchasable","14":"product-type-simple"},"jetpack_sharing_enabled":true,"_links":{"self":[{"href":"https:\/\/healthstore.mc\/index.php\/wp-json\/wp\/v2\/product\/367","targetHints":{"allow":["GET"]}}],"collection":[{"href":"https:\/\/healthstore.mc\/index.php\/wp-json\/wp\/v2\/product"}],"about":[{"href":"https:\/\/healthstore.mc\/index.php\/wp-json\/wp\/v2\/types\/product"}],"replies":[{"embeddable":true,"href":"https:\/\/healthstore.mc\/index.php\/wp-json\/wp\/v2\/comments?post=367"}],"wp:featuredmedia":[{"embeddable":true,"href":"https:\/\/healthstore.mc\/index.php\/wp-json\/wp\/v2\/media\/2156"}],"wp:attachment":[{"href":"https:\/\/healthstore.mc\/index.php\/wp-json\/wp\/v2\/media?parent=367"}],"wp:term":[{"taxonomy":"product_brand","embeddable":true,"href":"https:\/\/healthstore.mc\/index.php\/wp-json\/wp\/v2\/product_brand?post=367"},{"taxonomy":"product_cat","embeddable":true,"href":"https:\/\/healthstore.mc\/index.php\/wp-json\/wp\/v2\/product_cat?post=367"},{"taxonomy":"product_tag","embeddable":true,"href":"https:\/\/healthstore.mc\/index.php\/wp-json\/wp\/v2\/product_tag?post=367"}],"curies":[{"name":"wp","href":"https:\/\/api.w.org\/{rel}","templated":true}]}}