{"id":369,"date":"2020-04-23T19:23:00","date_gmt":"2020-04-23T17:23:00","guid":{"rendered":"http:\/\/10.0.0.17\/wordpress\/produit\/vege-protein-chocolat-150g-2\/"},"modified":"2024-09-21T16:33:01","modified_gmt":"2024-09-21T14:33:01","slug":"vege-protein-chocolat-750g-2","status":"publish","type":"product","link":"https:\/\/healthstore.mc\/index.php\/product\/vege-protein-chocolat-750g-2\/","title":{"rendered":"Vege Protein Chocolat 750g"},"content":{"rendered":"<p>\u2022 Le profil nutritionnel de VEGE PROTEIN lui permet une utilisation dans le cadre d\u2019un r\u00e9gime, \u00e0 prendre en accompagnement d\u2019un repas l\u00e9ger. Il est aussi particuli\u00e8rement adapt\u00e9 aux personnes en p\u00e9riode de s\u00e8che ayant une activit\u00e9 physique r\u00e9guli\u00e8re ou intensive, dont les besoins en prot\u00e9ines sont plus importants.<br \/>\n\u2022\u00a0<strong>VEGE\u00a0<\/strong>PROTEIN saveur vanille contient 76 % de prot\u00e9ines qui favorisent l\u2019augmentation et le maintien de la masse musculaire. \u00c0 chaque ration,\u00a0<strong>VEGE PROTEIN<\/strong>\u00a0apporte \u00e9galement 4,2 g de BCAA*.<br \/>\n\u2022\u00a0<strong>VEGE PROTEIN<\/strong>\u00a0contient du\u00a0<strong>ModCarb<\/strong>\u2122, un m\u00e9lange innovant de 5 c\u00e9r\u00e9ales rigoureusement s\u00e9lectionn\u00e9es, principalement du son d\u2019avoine qui participe au bon fonctionnement du tractus intestinal.\u00a0<strong>Modcarb\u2122<\/strong>\u00a0apporte des glucides simples et complexes, des acides amin\u00e9s et des \u00df-glucanes.<br \/>\n\u2022\u00a0<strong>VEGE PROTEIN<\/strong>, source de fibres, contient \u00e9galement une prot\u00e9ase (enzyme digestive) d\u2019origine v\u00e9g\u00e9tale.<\/p>\n<h5><em>* Acides Amin\u00e9s Branch\u00e9s (L-Leucine, L-Isoleucine, L-Valine).<\/em><\/h5>\n<table border=\"0\" width=\"100%\" cellspacing=\"0\" cellpadding=\"10\">\n<tbody>\n<tr>\n<td bgcolor=\"#00a852\" width=\"40%\"><strong>Conseils d\u2019utilisation<\/strong><\/td>\n<td bgcolor=\"#00a852\" width=\"30%\"><strong>32 g\/ration<\/strong><\/td>\n<td bgcolor=\"#00a852\" width=\"30%\"><strong>Pr\u00e9paration<\/strong><\/td>\n<\/tr>\n<tr>\n<td bgcolor=\"#9fd4ae\" width=\"40%\">En collation ou suppl\u00e9ment de repas, 2 \u00e0 3 fois par jour<\/td>\n<td bgcolor=\"#9fd4ae\" width=\"30%\">1 dosette de 32 g environ<\/td>\n<td bgcolor=\"#9fd4ae\" width=\"30%\">M\u00e9langer avec 200 \u00e0 250 ml d\u2019eau<\/td>\n<\/tr>\n<\/tbody>\n<\/table>\n<p>Ce produit convient aux v\u00e9g\u00e9tariens et aux v\u00e9g\u00e9taliens.<\/p>\n<h5>Respecter la dose journali\u00e8re recommand\u00e9e, consommer dans le cadre d\u2019une alimentation vari\u00e9e et \u00e9quilibr\u00e9e et d\u2019un mode de vie sain. R\u00e9serv\u00e9 \u00e0 l\u2019adulte, except\u00e9 la femme enceinte ou allaitante.<\/h5>\n<h5>Bien refermer apr\u00e8s ouverture. \u00c0 conserver dans un endroit sec et frais.<\/h5>\n<p><strong>ALIMENT DI\u00c9T\u00c9TIQUE RICHE EN PROT\u00c9INES AVEC \u00c9DULCORANTS<\/strong><br \/>\n<strong>Ingr\u00e9dients :<\/strong>\u00a0Isolat de prot\u00e9ines de\u00a0<strong>soja<\/strong>, prot\u00e9ines de pois, fibres alimentaires Nutriose\u00ae 8 %, ModCarb\u2122 4 % (son d\u2019<strong>avoine<\/strong>\u00a03,2 %, quinoa, millet, amaranthe, sarrasin), prot\u00e9ines de riz, ar\u00f4mes, \u00e9mulsifiant : l\u00e9cithine de\u00a0<strong>soja<\/strong>, \u00e9paississants : gommes de guar et xanthane, sel, brom\u00e9laine extraite d\u2019Ananas comosus 0,1 %, \u00e9dulcorants : sucralose et ac\u00e9sulfame-K.<\/p>\n<table border=\"0\" width=\"100%\" cellspacing=\"0\" cellpadding=\"10\">\n<tbody>\n<tr>\n<td bgcolor=\"#666666\"><strong>D\u00e9claration nutritionnelle moyenne pour 100 g de VEGE PROTEIN* (environ 3 rations)<\/strong><\/td>\n<\/tr>\n<\/tbody>\n<\/table>\n<table border=\"0\" width=\"100%\" cellspacing=\"0\" cellpadding=\"10\">\n<tbody>\n<tr>\n<td align=\"left\" bgcolor=\"#a2a2a2\" width=\"50\">Composition<\/td>\n<td align=\"right\" bgcolor=\"#a2a2a2\" width=\"50%\">Dosage<\/td>\n<\/tr>\n<tr>\n<td align=\"left\" bgcolor=\"#cccccc\">\n<h5>\u00c9nergie<\/h5>\n<\/td>\n<td align=\"right\" bgcolor=\"#cccccc\">\n<h5>359 kcal\/1 520 kJ<\/h5>\n<\/td>\n<\/tr>\n<\/tbody>\n<\/table>\n<table border=\"0\" width=\"100%\" cellspacing=\"0\" cellpadding=\"10\">\n<tbody>\n<tr>\n<td bgcolor=\"#f1efee\" width=\"50%\">\n<h5>Mati\u00e8res grasses<\/h5>\n<\/td>\n<td align=\"right\" bgcolor=\"#f1efee\" width=\"50%\">\n<h5>1,8 g<\/h5>\n<\/td>\n<\/tr>\n<tr>\n<td bgcolor=\"#cccccc\">\n<h5>dont acides gras satur\u00e9s<\/h5>\n<\/td>\n<td align=\"right\" bgcolor=\"#cccccc\">\n<h5>0,2 g<\/h5>\n<\/td>\n<\/tr>\n<tr>\n<td bgcolor=\"#f1efee\">\n<h5>Glucides<\/h5>\n<\/td>\n<td align=\"right\" bgcolor=\"#f1efee\">\n<h5>5,7 g<\/h5>\n<\/td>\n<\/tr>\n<tr>\n<td bgcolor=\"#cccccc\">\n<h5>dont sucres<\/h5>\n<\/td>\n<td align=\"right\" bgcolor=\"#cccccc\">\n<h5>0,2 g<\/h5>\n<\/td>\n<\/tr>\n<tr>\n<td bgcolor=\"#f1efee\">\n<h5>Fibres alimentaires<\/h5>\n<\/td>\n<td align=\"right\" bgcolor=\"#f1efee\">\n<h5>7,9 g<\/h5>\n<\/td>\n<\/tr>\n<tr>\n<td bgcolor=\"#cccccc\">\n<h5>Prot\u00e9ines<\/h5>\n<\/td>\n<td align=\"right\" bgcolor=\"#cccccc\">\n<h5>76,1 g<\/h5>\n<\/td>\n<\/tr>\n<tr>\n<td bgcolor=\"#f1efee\">\n<h5>Sel<\/h5>\n<\/td>\n<td align=\"right\" bgcolor=\"#f1efee\">\n<h5>2,0 g<\/h5>\n<\/td>\n<\/tr>\n<tr>\n<td bgcolor=\"#cccccc\">\n<h5>Calcium (71 % VNR**)<\/h5>\n<\/td>\n<td align=\"right\" bgcolor=\"#cccccc\">\n<h5>569 mg<\/h5>\n<\/td>\n<\/tr>\n<tr>\n<td bgcolor=\"#f1efee\">\n<h5>Phosphore (67 % VNR**)<\/h5>\n<\/td>\n<td align=\"right\" bgcolor=\"#f1efee\">\n<h5>467 mg<\/h5>\n<\/td>\n<\/tr>\n<\/tbody>\n<\/table>\n<h5><em>* Ces informations nutritionnelles sont bas\u00e9es sur la saveur Vanille. En choisissant les autres saveurs, les valeurs nutritionnelles peuvent varier.\u00a0<\/em><em>** Valeurs Nutritionnelles de R\u00e9f\u00e9rence.<\/em><\/h5>\n<table border=\"0\" width=\"100%\" cellspacing=\"0\" cellpadding=\"10\">\n<tbody>\n<tr>\n<td bgcolor=\"#666666\"><strong>Aminogramme pour 100 g de prot\u00e9ines<\/strong><\/td>\n<\/tr>\n<\/tbody>\n<\/table>\n<table border=\"0\" width=\"100%\" cellspacing=\"0\" cellpadding=\"10\">\n<tbody>\n<tr>\n<td align=\"left\" bgcolor=\"#a2a2a2\" width=\"50\">Acides amin\u00e9s<\/td>\n<td align=\"right\" bgcolor=\"#a2a2a2\" width=\"50%\">Dosage<\/td>\n<\/tr>\n<tr>\n<td align=\"left\" bgcolor=\"#cccccc\">\n<h5>Alanine<\/h5>\n<\/td>\n<td align=\"right\" bgcolor=\"#cccccc\">\n<h5>3,1 mg<\/h5>\n<\/td>\n<\/tr>\n<\/tbody>\n<\/table>\n<table border=\"0\" width=\"100%\" cellspacing=\"0\" cellpadding=\"10\">\n<tbody>\n<tr>\n<td bgcolor=\"#f1efee\" width=\"50%\">\n<h5>Arginine<\/h5>\n<\/td>\n<td align=\"right\" bgcolor=\"#f1efee\" width=\"50%\">\n<h5>5,9 mg<\/h5>\n<\/td>\n<\/tr>\n<tr>\n<td bgcolor=\"#cccccc\">\n<h5>Acide aspartique, asparagine<\/h5>\n<\/td>\n<td align=\"right\" bgcolor=\"#cccccc\">\n<h5>8,8 mg<\/h5>\n<\/td>\n<\/tr>\n<tr>\n<td bgcolor=\"#f1efee\">\n<h5>Cystine<\/h5>\n<\/td>\n<td align=\"right\" bgcolor=\"#f1efee\">\n<h5>2,1 mg<\/h5>\n<\/td>\n<\/tr>\n<tr>\n<td bgcolor=\"#cccccc\">\n<h5>Acide glutamique, glutamine<\/h5>\n<\/td>\n<td align=\"right\" bgcolor=\"#cccccc\">\n<h5>14,1 mg<\/h5>\n<\/td>\n<\/tr>\n<tr>\n<td bgcolor=\"#f1efee\">\n<h5>Glycine<\/h5>\n<\/td>\n<td align=\"right\" bgcolor=\"#f1efee\">\n<h5>3,0 mg<\/h5>\n<\/td>\n<\/tr>\n<tr>\n<td bgcolor=\"#cccccc\">\n<h5>Histidine<\/h5>\n<\/td>\n<td align=\"right\" bgcolor=\"#cccccc\">\n<h5>2,2 mg<\/h5>\n<\/td>\n<\/tr>\n<tr>\n<td bgcolor=\"#f1efee\">\n<h5>Isoleucine<\/h5>\n<\/td>\n<td align=\"right\" bgcolor=\"#f1efee\">\n<h5>3,1 mg<\/h5>\n<\/td>\n<\/tr>\n<tr>\n<td bgcolor=\"#cccccc\">\n<h5>Leucine<\/h5>\n<\/td>\n<td align=\"right\" bgcolor=\"#cccccc\">\n<h5>6,5 mg<\/h5>\n<\/td>\n<\/tr>\n<tr>\n<td bgcolor=\"#f1efee\">\n<h5>Lysine<\/h5>\n<\/td>\n<td align=\"right\" bgcolor=\"#f1efee\">\n<h5>4,8 mg<\/h5>\n<\/td>\n<\/tr>\n<tr>\n<td bgcolor=\"#cccccc\">\n<h5>M\u00e9thionine<\/h5>\n<\/td>\n<td align=\"right\" bgcolor=\"#cccccc\">\n<h5>1,1 mg<\/h5>\n<\/td>\n<\/tr>\n<tr>\n<td bgcolor=\"#f1efee\">\n<h5>Ph\u00e9nylalanine<\/h5>\n<\/td>\n<td align=\"right\" bgcolor=\"#f1efee\">\n<h5>3,5 mg<\/h5>\n<\/td>\n<\/tr>\n<tr>\n<td bgcolor=\"#cccccc\">\n<h5>Proline<\/h5>\n<\/td>\n<td align=\"right\" bgcolor=\"#cccccc\">\n<h5>3,7 mg<\/h5>\n<\/td>\n<\/tr>\n<tr>\n<td bgcolor=\"#f1efee\">\n<h5>S\u00e9rine<\/h5>\n<\/td>\n<td align=\"right\" bgcolor=\"#f1efee\">\n<h5>3,9 mg<\/h5>\n<\/td>\n<\/tr>\n<tr>\n<td bgcolor=\"#cccccc\">\n<h5>Thr\u00e9onine<\/h5>\n<\/td>\n<td align=\"right\" bgcolor=\"#cccccc\">\n<h5>2,6 mg<\/h5>\n<\/td>\n<\/tr>\n<tr>\n<td bgcolor=\"#f1efee\">\n<h5>Tryptophane<\/h5>\n<\/td>\n<td align=\"right\" bgcolor=\"#f1efee\">\n<h5>1,2 mg<\/h5>\n<\/td>\n<\/tr>\n<tr>\n<td bgcolor=\"#cccccc\">\n<h5>Tyrosine<\/h5>\n<\/td>\n<td align=\"right\" bgcolor=\"#cccccc\">\n<h5>2,7 mg<\/h5>\n<\/td>\n<\/tr>\n<tr>\n<td bgcolor=\"#f1efee\">\n<h5>Valine<\/h5>\n<\/td>\n<td align=\"right\" bgcolor=\"#f1efee\">\n<h5>3,6 mg<\/h5>\n<\/td>\n<\/tr>\n<\/tbody>\n<\/table>\n<p>&nbsp;<\/p>\n<p>Poids net : 750 g \u2013 Code ACL : 3401562897348<\/p>\n","protected":false},"excerpt":{"rendered":"<div class=\"wpb_text_column wpb_content_element \">\n<div class=\"wpb_wrapper\">\n<table border=\"0\" cellspacing=\"0\" cellpadding=\"0\">\n<tbody>\n<tr>\n<td valign=\"top\">\n<h1><strong>VEGE PROTEIN<\/strong><\/h1>\n<\/td>\n<\/tr>\n<tr>\n<td valign=\"top\" height=\"40\">\n<h5>(SPR #1,227,602) \u2013 PVG 6228-EAA<br \/>\nInnovation Modcarb\u2122<\/h5>\n<\/td>\n<\/tr>\n<\/tbody>\n<\/table>\n<h3><strong>ABSOLUTE VEGETARIAN PROTEIN<\/strong><\/h3>\n<table border=\"0\" cellspacing=\"0\" cellpadding=\"0\">\n<tbody>\n<tr>\n<td valign=\"top\" width=\"18\"><img loading=\"lazy\" decoding=\"async\" class=\"alignnone size-full wp-image-2377\" title=\"\" src=\"http:\/\/www.nhco-nutrition.com\/images\/carre01_noir.gif\" alt=\"\" width=\"18\" height=\"10\" \/><\/td>\n<td valign=\"top\"><span class=\"Style2\">Aliment riche en prot\u00e9ines d\u2019origine v\u00e9g\u00e9tale<\/span><\/td>\n<\/tr>\n<tr>\n<td valign=\"top\" width=\"18\"><img loading=\"lazy\" decoding=\"async\" title=\"\" src=\"http:\/\/www.nhco-nutrition.com\/images\/carre01_noir.gif\" alt=\"\" width=\"18\" height=\"10\" \/><\/td>\n<td valign=\"top\"><span class=\"Style2\">Innovation Modcarb\u2122 : matrice de glucides simples et complexes, d\u2019acides amin\u00e9s et de fibres<\/span><\/td>\n<\/tr>\n<tr>\n<td valign=\"top\" width=\"18\"><img loading=\"lazy\" decoding=\"async\" title=\"\" src=\"http:\/\/www.nhco-nutrition.com\/images\/carre01_noir.gif\" alt=\"\" width=\"18\" height=\"10\" \/><\/td>\n<td><span class=\"Style2\">Prot\u00e9ase d\u2019origine v\u00e9g\u00e9tale<br \/>\n<\/span><\/td>\n<\/tr>\n<tr>\n<td valign=\"top\" width=\"18\"><img loading=\"lazy\" decoding=\"async\" title=\"\" src=\"http:\/\/www.nhco-nutrition.com\/images\/carre01_noir.gif\" alt=\"\" width=\"18\" height=\"10\" \/><\/td>\n<td><span class=\"Style2\">Sans gluten et sans colorant<br \/>\n<\/span><\/td>\n<\/tr>\n<\/tbody>\n<\/table>\n<\/div>\n<\/div>\n<div class=\"wpb_text_column wpb_content_element \">\n<div class=\"wpb_wrapper\">\n<p><img loading=\"lazy\" decoding=\"async\" class=\"aligncenter size-full wp-image-16404\" src=\"http:\/\/nhco-nutrition.com\/france\/wp-content\/uploads\/2016\/07\/picto-vege-protein.png\" alt=\"\" width=\"299\" height=\"55\" \/><\/p>\n<\/div>\n<\/div>\n","protected":false},"featured_media":2281,"comment_status":"open","ping_status":"closed","template":"","meta":[],"product_brand":[],"product_cat":[23],"product_tag":[],"class_list":{"0":"post-369","1":"product","2":"type-product","3":"status-publish","4":"has-post-thumbnail","6":"product_cat-23","7":"entry","9":"first","10":"outofstock","11":"taxable","12":"shipping-taxable","13":"purchasable","14":"product-type-simple"},"jetpack_sharing_enabled":true,"_links":{"self":[{"href":"https:\/\/healthstore.mc\/index.php\/wp-json\/wp\/v2\/product\/369","targetHints":{"allow":["GET"]}}],"collection":[{"href":"https:\/\/healthstore.mc\/index.php\/wp-json\/wp\/v2\/product"}],"about":[{"href":"https:\/\/healthstore.mc\/index.php\/wp-json\/wp\/v2\/types\/product"}],"replies":[{"embeddable":true,"href":"https:\/\/healthstore.mc\/index.php\/wp-json\/wp\/v2\/comments?post=369"}],"wp:featuredmedia":[{"embeddable":true,"href":"https:\/\/healthstore.mc\/index.php\/wp-json\/wp\/v2\/media\/2281"}],"wp:attachment":[{"href":"https:\/\/healthstore.mc\/index.php\/wp-json\/wp\/v2\/media?parent=369"}],"wp:term":[{"taxonomy":"product_brand","embeddable":true,"href":"https:\/\/healthstore.mc\/index.php\/wp-json\/wp\/v2\/product_brand?post=369"},{"taxonomy":"product_cat","embeddable":true,"href":"https:\/\/healthstore.mc\/index.php\/wp-json\/wp\/v2\/product_cat?post=369"},{"taxonomy":"product_tag","embeddable":true,"href":"https:\/\/healthstore.mc\/index.php\/wp-json\/wp\/v2\/product_tag?post=369"}],"curies":[{"name":"wp","href":"https:\/\/api.w.org\/{rel}","templated":true}]}}