{"id":370,"date":"2020-04-23T19:23:03","date_gmt":"2020-04-23T17:23:03","guid":{"rendered":"http:\/\/10.0.0.17\/wordpress\/produit\/fer-84gel-2\/"},"modified":"2024-09-21T16:33:03","modified_gmt":"2024-09-21T14:33:03","slug":"fer-84gel-2","status":"publish","type":"product","link":"https:\/\/healthstore.mc\/index.php\/product\/fer-84gel-2\/","title":{"rendered":"Fer 84gel"},"content":{"rendered":"<p>Les min\u00e9raux\u00a0amino-ch\u00e9lat\u00e9s\u2122 (bisglycinate) sont des mol\u00e9cules liant un min\u00e9ral \u00e0 des acides amin\u00e9s par des proc\u00e9d\u00e9s brevet\u00e9s. Cette innovation technique favorise leur assimilation par rapport \u00e0 d\u2019autres formes de min\u00e9raux.<\/p>\n<p><img loading=\"lazy\" decoding=\"async\" class=\"aligncenter size-full wp-image-16308\" src=\"http:\/\/nhco-nutrition.com\/france\/wp-content\/uploads\/2016\/11\/fer-intro2.png\" sizes=\"auto, (max-width: 350px) 100vw, 350px\" srcset=\"https:\/\/nhco-nutrition.com\/france\/wp-content\/uploads\/2016\/11\/fer-intro2.png 350w, https:\/\/nhco-nutrition.com\/france\/wp-content\/uploads\/2016\/11\/fer-intro2-300x291.png 300w\" alt=\"fer-intro2\" width=\"350\" height=\"340\" \/><\/p>\n<p>Chez l\u2019enfant et l\u2019adolescent, le\u00a0<strong>Fer<\/strong>\u00a0participe au d\u00e9veloppement cognitif et notamment \u00e0 la m\u00e9moire.<\/p>\n<p>Chez l\u2019adulte, le Fer contribue au transport normal de l\u2019oxyg\u00e8ne dans l\u2019organisme et il aide \u00e0 r\u00e9duire la fatigue.<\/p>\n<p><img loading=\"lazy\" decoding=\"async\" class=\"size-full wp-image-16309 alignnone\" src=\"http:\/\/nhco-nutrition.com\/france\/wp-content\/uploads\/2016\/11\/fer-introfrdef.png\" sizes=\"auto, (max-width: 340px) 100vw, 340px\" srcset=\"https:\/\/nhco-nutrition.com\/france\/wp-content\/uploads\/2016\/11\/fer-introfrdef.png 340w, https:\/\/nhco-nutrition.com\/france\/wp-content\/uploads\/2016\/11\/fer-introfrdef-300x94.png 300w\" alt=\"fer-introfrdef\" width=\"340\" height=\"106\" \/><\/p>\n<table border=\"0\" width=\"100%\" cellspacing=\"0\" cellpadding=\"10\">\n<tbody>\n<tr>\n<td bgcolor=\"#bca590\" width=\"80%\"><strong>Conseils d\u2019utilisation<\/strong><\/td>\n<td bgcolor=\"#dfd3c8\" width=\"20%\">Matin<\/td>\n<\/tr>\n<tr>\n<td bgcolor=\"#bca590\" width=\"80%\">Hommes adultes, personnes \u00e2g\u00e9es, enfants<\/td>\n<td bgcolor=\"#dfd3c8\" width=\"20%\"><strong>1 g\u00e9lule<\/strong><\/td>\n<\/tr>\n<tr>\n<td bgcolor=\"#bca590\" width=\"80%\">Femmes et adolescents de plus de 15 ans<\/td>\n<td bgcolor=\"#dfd3c8\" width=\"20%\"><strong>2 g\u00e9lules<\/strong><\/td>\n<\/tr>\n<\/tbody>\n<\/table>\n<p>&nbsp;<\/p>\n<p>Ce produit convient aux v\u00e9g\u00e9tariens et aux v\u00e9g\u00e9taliens. Sans gluten, sans lactose.<\/p>\n<h5>Respecter la dose journali\u00e8re indiqu\u00e9e. \u00c0 consommer dans le cadre d\u2019une alimentation vari\u00e9e et \u00e9quilibr\u00e9e et d\u2019un mode de vie sain. Tenir hors de port\u00e9e des jeunes enfants. De mani\u00e8re g\u00e9n\u00e9rale, les enfants et les adolescents sont invit\u00e9s \u00e0 se rapprocher d\u2019un professionnel de sant\u00e9 avant toute suppl\u00e9mentation.<\/h5>\n<h5>Bien refermer apr\u00e8s ouverture. \u00c0 conserver dans un endroit sec et frais.<\/h5>\n<p><strong>Compl\u00e9ment alimentaire<\/strong><br \/>\n<strong>Ingredients :<\/strong>\u00a0agent de charge : cellulose microcristalline, bisglycinate de Fer, anti-agglom\u00e9rant : st\u00e9arate de magn\u00e9sium v\u00e9g\u00e9tal. G\u00e9lule : hydroxypropylm\u00e9thylcellulose.<\/p>\n<p><strong>G\u00e9lules v\u00e9g\u00e9tales ClearCaps\u2122<\/strong><\/p>\n<table border=\"0\" width=\"100%\" cellspacing=\"0\" cellpadding=\"10\">\n<tbody>\n<tr>\n<td bgcolor=\"#666666\"><strong>Composition moyenne pour 2 g\u00e9lules par jour<\/strong><\/td>\n<\/tr>\n<\/tbody>\n<\/table>\n<table border=\"0\" width=\"100%\" cellspacing=\"0\" cellpadding=\"10\">\n<tbody>\n<tr>\n<td align=\"left\" bgcolor=\"#a2a2a2\" width=\"60\">Ingr\u00e9dients<\/td>\n<td align=\"right\" bgcolor=\"#a2a2a2\" width=\"20%\">Dosage<\/td>\n<td align=\"right\" bgcolor=\"#a2a2a2\" width=\"20%\">VNR*<\/td>\n<\/tr>\n<tr>\n<td align=\"left\" bgcolor=\"#cccccc\" width=\"60\"><strong>Fer \u00e9l\u00e9ment<\/strong><\/td>\n<td align=\"right\" bgcolor=\"#cccccc\" width=\"20%\">14 mg<\/td>\n<td align=\"right\" bgcolor=\"#cccccc\">100 %<\/td>\n<\/tr>\n<\/tbody>\n<\/table>\n<h5><em>* Valeurs Nutritionnelles de R\u00e9f\u00e9rence.<\/em><\/h5>\n<p>&nbsp;<\/p>\n<p>Poids net : 32 g. \u2013 Code ACL : 3401520188433<\/p>\n","protected":false},"excerpt":{"rendered":"<h1>Fer<\/h1>\n<p><img decoding=\"async\" src=\"http:\/\/nhco-nutrition.com\/france\/wp-content\/uploads\/2016\/11\/cart-amino-chelate-fr.png\" alt=\"cart-amino-chelate-fr\" \/><\/p>\n<p>84 g\u00e9lules v\u00e9g\u00e9tales ClearCaps\u2122<\/p>\n","protected":false},"featured_media":2161,"comment_status":"open","ping_status":"closed","template":"","meta":[],"product_brand":[],"product_cat":[23],"product_tag":[],"class_list":{"0":"post-370","1":"product","2":"type-product","3":"status-publish","4":"has-post-thumbnail","6":"product_cat-23","7":"entry","9":"first","10":"instock","11":"taxable","12":"shipping-taxable","13":"purchasable","14":"product-type-simple"},"jetpack_sharing_enabled":true,"_links":{"self":[{"href":"https:\/\/healthstore.mc\/index.php\/wp-json\/wp\/v2\/product\/370","targetHints":{"allow":["GET"]}}],"collection":[{"href":"https:\/\/healthstore.mc\/index.php\/wp-json\/wp\/v2\/product"}],"about":[{"href":"https:\/\/healthstore.mc\/index.php\/wp-json\/wp\/v2\/types\/product"}],"replies":[{"embeddable":true,"href":"https:\/\/healthstore.mc\/index.php\/wp-json\/wp\/v2\/comments?post=370"}],"wp:featuredmedia":[{"embeddable":true,"href":"https:\/\/healthstore.mc\/index.php\/wp-json\/wp\/v2\/media\/2161"}],"wp:attachment":[{"href":"https:\/\/healthstore.mc\/index.php\/wp-json\/wp\/v2\/media?parent=370"}],"wp:term":[{"taxonomy":"product_brand","embeddable":true,"href":"https:\/\/healthstore.mc\/index.php\/wp-json\/wp\/v2\/product_brand?post=370"},{"taxonomy":"product_cat","embeddable":true,"href":"https:\/\/healthstore.mc\/index.php\/wp-json\/wp\/v2\/product_cat?post=370"},{"taxonomy":"product_tag","embeddable":true,"href":"https:\/\/healthstore.mc\/index.php\/wp-json\/wp\/v2\/product_tag?post=370"}],"curies":[{"name":"wp","href":"https:\/\/api.w.org\/{rel}","templated":true}]}}