{"id":371,"date":"2020-04-23T19:23:07","date_gmt":"2020-04-23T17:23:07","guid":{"rendered":"http:\/\/10.0.0.17\/wordpress\/produit\/l-tryptophane-56gel-2\/"},"modified":"2024-09-21T16:33:49","modified_gmt":"2024-09-21T14:33:49","slug":"l-tryptophane-56gel-2","status":"publish","type":"product","link":"https:\/\/healthstore.mc\/index.php\/product\/l-tryptophane-56gel-2\/","title":{"rendered":"L-Tryptophane 56gel"},"content":{"rendered":"<p>Les<strong>\u00a0Laboratoires NHCO Nutrition\u00ae<\/strong>\u00a0se sont sp\u00e9cialis\u00e9s dans la recherche et le d\u00e9veloppement de formules \u00e0 base d\u2019acides amin\u00e9s. Ceci constitue le fondement de leur sp\u00e9cialit\u00e9 :\u00a0<strong>l\u2019Aminoscience\u00ae<\/strong>.<\/p>\n<p><strong>L\u2019Aminoscience\u00ae<\/strong>\u00a0permet de proposer une offre large d\u2019acides amin\u00e9s, seuls ou en synergie avec d\u2019autres nutriments, permettant d\u2019agir utilement sur les effets physiologiques de l\u2019organisme.<\/p>\n<p>Il existe 20 acides amin\u00e9s entrant dans la composition des prot\u00e9ines chez l\u2019homme, 9 sont dits essentiels car l\u2019organisme ne peut les fabriquer, ils doivent donc obligatoirement \u00eatre apport\u00e9s par l\u2019alimentation.<br \/>\nLe L-Tryptophane est un acide amin\u00e9 essentiel, le plus rare dans l\u2019alimentation. Dans l\u2019organisme il est notamment le pr\u00e9curseur de la s\u00e9rotonine.<\/p>\n<table border=\"0\" width=\"100%\" cellspacing=\"0\" cellpadding=\"10\">\n<tbody>\n<tr>\n<td bgcolor=\"#d1d2d4\" width=\"60%\"><strong>Conseils d\u2019utilisation<\/strong><\/td>\n<td bgcolor=\"#d1d2d4\" width=\"20%\">En d\u00e9but de soir\u00e9e<\/td>\n<\/tr>\n<tr>\n<td bgcolor=\"#d1d2d4\" width=\"60%\">\u00a0De pr\u00e9f\u00e9rence, en dehors des repas<\/td>\n<td bgcolor=\"#d1d2d4\" width=\"20%\"><strong>1 g\u00e9lule<\/strong><\/td>\n<\/tr>\n<\/tbody>\n<\/table>\n<p>Ce produit convient aux v\u00e9g\u00e9tariens et aux v\u00e9g\u00e9taliens. Sans gluten, sans lactose.<\/p>\n<h5>Ce compl\u00e9ment alimentaire n\u2019est pas un m\u00e9dicament. Il est recommand\u00e9 de respecter la dose journali\u00e8re indiqu\u00e9e, de le consommer dans le cadre d\u2019une alimentation vari\u00e9e et \u00e9quilibr\u00e9e et d\u2019un mode de vie sain, de le tenir hors de port\u00e9e des jeunes enfants.<\/h5>\n<h5>Bien refermer apr\u00e8s ouverture. \u00c0 conserver dans un endroit sec et frais.<\/h5>\n<p><strong>Compl\u00e9ment alimentaire<\/strong><br \/>\n<strong>Ingr\u00e9dients :\u00a0<\/strong>L-Tryptophane, maltodextrine, vitamine B3 (nicotinamide), anti-agglom\u00e9rant : st\u00e9arate de magn\u00e9sium v\u00e9g\u00e9tal, vitamine B6 (chlorhydrate de pyridoxine). G\u00e9lule : hydroxypropylm\u00e9thylcellulose.<\/p>\n<p><strong>G\u00e9lules v\u00e9g\u00e9tales transparentes ClearCaps\u2122<\/strong><\/p>\n<table border=\"0\" width=\"100%\" cellspacing=\"0\" cellpadding=\"10\">\n<tbody>\n<tr>\n<td bgcolor=\"#666666\"><strong>Composition moyenne pour 1 g\u00e9lule\/jour<\/strong><\/td>\n<\/tr>\n<\/tbody>\n<\/table>\n<table border=\"0\" width=\"100%\" cellspacing=\"0\" cellpadding=\"10\">\n<tbody>\n<tr>\n<td align=\"left\" bgcolor=\"#A2A2A2\" width=\"60\">Ingr\u00e9dients<\/td>\n<td align=\"right\" bgcolor=\"#A2A2A2\" width=\"20%\">Dosage<\/td>\n<td align=\"right\" bgcolor=\"#A2A2A2\" width=\"20%\">VNR*<\/td>\n<\/tr>\n<tr>\n<td align=\"left\" bgcolor=\"#CCCCCC\" width=\"60\"><strong>L-Tryptophane<\/strong><\/td>\n<td align=\"right\" bgcolor=\"#CCCCCC\" width=\"20%\">220 mg<\/td>\n<td align=\"right\" bgcolor=\"#CCCCCC\"><\/td>\n<\/tr>\n<\/tbody>\n<\/table>\n<table border=\"0\" width=\"100%\" cellspacing=\"0\" cellpadding=\"10\">\n<tbody>\n<tr>\n<td align=\"left\" bgcolor=\"#f1efee\"><strong>Vitamine B3<\/strong><\/td>\n<td align=\"right\" bgcolor=\"#f1efee\">16 mg<\/td>\n<td align=\"right\" bgcolor=\"#f1efee\">100 %<\/td>\n<\/tr>\n<tr>\n<td align=\"left\" bgcolor=\"#CCCCCC\" width=\"60\"><strong>Vitamine B6<\/strong><\/td>\n<td align=\"right\" bgcolor=\"#CCCCCC\" width=\"20%\">1,4 mg<\/td>\n<td align=\"right\" bgcolor=\"#CCCCCC\" width=\"20%\">100 %<\/td>\n<\/tr>\n<\/tbody>\n<\/table>\n<h5><em>* Valeurs Nutritionnelles de R\u00e9f\u00e9rence.<\/em><\/h5>\n<p>&nbsp;<\/p>\n<p>Poids net : 28 g \u2013 Code ACL : 6037611<\/p>\n","protected":false},"excerpt":{"rendered":"<h1><strong>L-Tryptophane<\/strong><\/h1>\n<table border=\"0\" cellspacing=\"0\" cellpadding=\"0\">\n<tbody>\n<tr>\n<td valign=\"top\" width=\"18\"><img loading=\"lazy\" decoding=\"async\" class=\"alignnone size-full wp-image-2377\" title=\"\" src=\"http:\/\/nhco-nutrition.com\/france\/wp-content\/uploads\/2016\/11\/carre02_gris.gif\" alt=\"\" width=\"18\" height=\"10\" \/><\/td>\n<td valign=\"top\"><span class=\"Style2\">Acide amin\u00e9 essentiel<\/span><\/td>\n<\/tr>\n<\/tbody>\n<\/table>\n<h1><\/h1>\n<p>56 g\u00e9lules v\u00e9g\u00e9tales ClearCaps\u2122<\/p>\n","protected":false},"featured_media":2230,"comment_status":"open","ping_status":"closed","template":"","meta":[],"product_brand":[],"product_cat":[23],"product_tag":[],"class_list":{"0":"post-371","1":"product","2":"type-product","3":"status-publish","4":"has-post-thumbnail","6":"product_cat-23","7":"entry","9":"first","10":"instock","11":"taxable","12":"shipping-taxable","13":"purchasable","14":"product-type-simple"},"jetpack_sharing_enabled":true,"_links":{"self":[{"href":"https:\/\/healthstore.mc\/index.php\/wp-json\/wp\/v2\/product\/371","targetHints":{"allow":["GET"]}}],"collection":[{"href":"https:\/\/healthstore.mc\/index.php\/wp-json\/wp\/v2\/product"}],"about":[{"href":"https:\/\/healthstore.mc\/index.php\/wp-json\/wp\/v2\/types\/product"}],"replies":[{"embeddable":true,"href":"https:\/\/healthstore.mc\/index.php\/wp-json\/wp\/v2\/comments?post=371"}],"wp:featuredmedia":[{"embeddable":true,"href":"https:\/\/healthstore.mc\/index.php\/wp-json\/wp\/v2\/media\/2230"}],"wp:attachment":[{"href":"https:\/\/healthstore.mc\/index.php\/wp-json\/wp\/v2\/media?parent=371"}],"wp:term":[{"taxonomy":"product_brand","embeddable":true,"href":"https:\/\/healthstore.mc\/index.php\/wp-json\/wp\/v2\/product_brand?post=371"},{"taxonomy":"product_cat","embeddable":true,"href":"https:\/\/healthstore.mc\/index.php\/wp-json\/wp\/v2\/product_cat?post=371"},{"taxonomy":"product_tag","embeddable":true,"href":"https:\/\/healthstore.mc\/index.php\/wp-json\/wp\/v2\/product_tag?post=371"}],"curies":[{"name":"wp","href":"https:\/\/api.w.org\/{rel}","templated":true}]}}