{"id":372,"date":"2020-04-23T19:23:10","date_gmt":"2020-04-23T17:23:10","guid":{"rendered":"http:\/\/10.0.0.17\/wordpress\/produit\/creatine-rbx-120gels-2\/"},"modified":"2024-09-21T16:34:04","modified_gmt":"2024-09-21T14:34:04","slug":"creatine-rbx-120gels-2","status":"publish","type":"product","link":"https:\/\/healthstore.mc\/index.php\/product\/creatine-rbx-120gels-2\/","title":{"rendered":"Creatine RBX 120gels"},"content":{"rendered":"<p>\u00c0 la pointe de la recherche et de l\u2019innovation dans le domaine des sciences de la nutrition, les Laboratoires\u00a0<strong>NHCO Nutrition<\/strong>\u00ae sont sp\u00e9cialis\u00e9s dans le d\u00e9veloppement de formules \u00e0 base d\u2019acides amin\u00e9s, mol\u00e9cules \u00e0 l\u2019origine de la vie et constituants de toutes les prot\u00e9ines.<\/p>\n<p>La cr\u00e9atine est un tri-peptide de glycine, m\u00e9thionine et arginine. Lors d\u2019exercices physiques en phase ana\u00e9robie, elle intervient dans la production d\u2019\u00e9nergie cellulaire imm\u00e9diate. La cr\u00e9atine est \u00e9galement reconnue pour am\u00e9liorer les capacit\u00e9s physiques, particuli\u00e8rement musculaires, en cas de s\u00e9ries successives d\u2019exercices tr\u00e8s intenses de courte dur\u00e9e.<\/p>\n<p>Pour les sportifs, les Laboratoires\u00a0<strong>NHCO Nutrition<\/strong>\u00ae ont d\u00e9velopp\u00e9\u00a0<strong>CREATINE RBx<\/strong>, un compl\u00e9ment alimentaire associant pour la premi\u00e8re fois de la cr\u00e9atine \u00e0 trois actifs :<br \/>\n\u2022 La \u00df-alanine, un acide amin\u00e9 pr\u00e9curseur de la carnosine.<br \/>\n\u2022 Le ribose, un sucre entrant dans la composition de l\u2019ATP (Ad\u00e9nosine Triphosphate).<br \/>\n\u2022 Le HMB, ou \u00df-hydroxy \u00df-m\u00e9thylbutyrate, mol\u00e9cule originairement issue du m\u00e9tabolisme de la leucine et \u00e9tudi\u00e9e avec int\u00e9r\u00eat en association avec la cr\u00e9atine dans le cadre d\u2019exercices physiques.<\/p>\n<table border=\"0\" width=\"75%\" cellspacing=\"0\" cellpadding=\"10\">\n<tbody>\n<tr>\n<td bgcolor=\"#711b45\" width=\"65%\"><strong>Conseils d\u2019utilisation<\/strong><\/td>\n<td bgcolor=\"#711b45\" width=\"35%\"><strong>Quantit\u00e9<\/strong><\/td>\n<\/tr>\n<tr>\n<td bgcolor=\"#c8a2b0\" width=\"50%\">Avant l\u2019exercice physique (1 fois par jour)<\/td>\n<td bgcolor=\"#c8a2b0\" width=\"50%\">6 g\u00e9lules*<\/td>\n<\/tr>\n<\/tbody>\n<\/table>\n<h5>*L\u2019effet b\u00e9n\u00e9fique de la cr\u00e9atine est obtenu pour la consommation de 3000 mg de cr\u00e9atine, soit 6 g\u00e9lules.<\/h5>\n<p><strong>Compl\u00e9ment alimentaire<\/strong><br \/>\n<strong>Ingr\u00e9dients :\u00a0<\/strong>cr\u00e9atine monohydrat\u00e9e, \u00df-Alanine, D-Ribose (D-Ribofuranose 50-69-1 (D)), agent de charge : cellulose microcristalline, antiagglom\u00e9rants : st\u00e9arate de magn\u00e9sium v\u00e9g\u00e9tal et dioxyde de silicium [nano], sel calcique de HMB (\u00df-hydroxy-\u00df-m\u00e9thylbutyrate). Enveloppe de la g\u00e9lule : hydroxypropylm\u00e9thylcellulose, colorant : complexes cuivriques de chlorophyllines.<\/p>\n<p>Ce produit convient aux v\u00e9g\u00e9tariens.<\/p>\n<p><strong>120 g\u00e9lules v\u00e9g\u00e9tales vertes GreenCaps\u2122.<\/strong><\/p>\n<table border=\"0\" width=\"100%\" cellspacing=\"0\" cellpadding=\"10\">\n<tbody>\n<tr>\n<td bgcolor=\"#666666\"><strong>Composition moyenne pour 6 g\u00e9lules\/jour<\/strong><\/td>\n<\/tr>\n<\/tbody>\n<\/table>\n<table border=\"0\" width=\"100%\" cellspacing=\"0\" cellpadding=\"10\">\n<tbody>\n<tr>\n<td align=\"left\" bgcolor=\"#A2A2A2\" width=\"60\">Composition<\/td>\n<td align=\"right\" bgcolor=\"#A2A2A2\" width=\"40%\">Dosage<\/td>\n<\/tr>\n<tr>\n<td align=\"left\" bgcolor=\"#CCCCCC\"><strong>Cr\u00e9atine pure (HPLC MAV)<\/strong><\/td>\n<td align=\"right\" bgcolor=\"#CCCCCC\"><strong>3000 mg<\/strong><\/td>\n<\/tr>\n<\/tbody>\n<\/table>\n<table border=\"0\" width=\"100%\" cellspacing=\"0\" cellpadding=\"10\">\n<tbody>\n<tr>\n<td align=\"left\" bgcolor=\"#f1efee\" width=\"60\"><strong>Complexe RBx<\/strong><\/td>\n<td align=\"right\" bgcolor=\"#f1efee\" width=\"40%\"><strong>850 mg<\/strong><\/td>\n<\/tr>\n<\/tbody>\n<\/table>\n<table border=\"0\" width=\"100%\" cellspacing=\"0\" cellpadding=\"10\">\n<tbody>\n<tr>\n<td bgcolor=\"#f1efee\" width=\"60%\">\n<h5>\u00df-alanine 500 mg, ribose 250 mg, HMB (\u00df-hydroxy-\u00df-m\u00e9thylbutyrate) 100 mg<\/h5>\n<\/td>\n<\/tr>\n<\/tbody>\n<\/table>\n<h5><\/h5>\n<h5>Ce compl\u00e9ment alimentaire n\u2019est pas un m\u00e9dicament. Ne pas d\u00e9passer la dose journali\u00e8re indiqu\u00e9e, \u00e0 consommer dans le cadre d\u2019une alimentation vari\u00e9e et \u00e9quilibr\u00e9e et d\u2019un mode de vie sain. Tenir hors de port\u00e9e des jeunes enfants. R\u00e9serv\u00e9 \u00e0 l\u2019adulte, except\u00e9 la femme enceinte ou allaitante.<\/h5>\n<h5>\u00c0 consommer de pr\u00e9f\u00e9rence avant la date indiqu\u00e9e sous le pilulier. Bien refermer apr\u00e8s ouverture. \u00c0 conserver dans un endroit sec et frais.<\/h5>\n<p>Poids net : 102 g \u2013 Code ACL : 3401563192633<\/p>\n","protected":false},"excerpt":{"rendered":"<div class=\"wpb_text_column wpb_content_element \">\n<div class=\"wpb_wrapper\">\n<table border=\"0\" cellspacing=\"0\" cellpadding=\"0\">\n<tbody>\n<tr>\n<td valign=\"top\">\n<h1><strong>CREATINE RBx<\/strong><\/h1>\n<\/td>\n<\/tr>\n<tr>\n<td valign=\"top\" height=\"40\">\n<h5>(NHC #3,270,320) \u2013 KRYN 5MG<\/h5>\n<\/td>\n<\/tr>\n<\/tbody>\n<\/table>\n<h3><strong>\u00df-ALANINE &amp; HMB<\/strong><\/h3>\n<table border=\"0\" cellspacing=\"0\" cellpadding=\"0\">\n<tbody>\n<tr>\n<td valign=\"top\" width=\"18\"><img loading=\"lazy\" decoding=\"async\" class=\"alignnone size-full wp-image-2377\" title=\"\" src=\"http:\/\/www.nhco-nutrition.com\/images\/carre01_noir.gif\" alt=\"\" width=\"18\" height=\"10\" \/><\/td>\n<td valign=\"top\"><span class=\"Style2\">La cr\u00e9atine favorise les performances sur des efforts r\u00e9p\u00e9t\u00e9s intenses<\/span><\/td>\n<\/tr>\n<tr>\n<td valign=\"top\" width=\"18\"><img loading=\"lazy\" decoding=\"async\" title=\"\" src=\"http:\/\/www.nhco-nutrition.com\/images\/carre01_noir.gif\" alt=\"\" width=\"18\" height=\"10\" \/><\/td>\n<td valign=\"top\"><span class=\"Style2\">3 g de cr\u00e9atine synergis\u00e9e par le complexe RBx \u00e0 850 mg<\/span><\/td>\n<\/tr>\n<tr>\n<td valign=\"top\" width=\"18\"><img loading=\"lazy\" decoding=\"async\" title=\"\" src=\"http:\/\/www.nhco-nutrition.com\/images\/carre01_noir.gif\" alt=\"\" width=\"18\" height=\"10\" \/><\/td>\n<td><span class=\"Style2\">D-Ribofuranose 50-69-1 (D)<\/span><\/td>\n<\/tr>\n<\/tbody>\n<\/table>\n<h1><\/h1>\n<p><strong>120 g\u00e9lules vertes GreenCaps\u2122<\/strong><\/p>\n<\/div>\n<\/div>\n<div class=\"wpb_text_column wpb_content_element \">\n<div class=\"wpb_wrapper\">\n<p><img loading=\"lazy\" decoding=\"async\" class=\"aligncenter wp-image-16395 size-full\" src=\"http:\/\/nhco-nutrition.com\/france\/wp-content\/uploads\/2016\/07\/picto-creatine-rbx.png\" width=\"116\" height=\"55\" \/><\/p>\n<\/div>\n<\/div>\n","protected":false},"featured_media":2155,"comment_status":"open","ping_status":"closed","template":"","meta":[],"product_brand":[],"product_cat":[23],"product_tag":[],"class_list":{"0":"post-372","1":"product","2":"type-product","3":"status-publish","4":"has-post-thumbnail","6":"product_cat-23","7":"entry","9":"first","10":"instock","11":"taxable","12":"shipping-taxable","13":"purchasable","14":"product-type-simple"},"jetpack_sharing_enabled":true,"_links":{"self":[{"href":"https:\/\/healthstore.mc\/index.php\/wp-json\/wp\/v2\/product\/372","targetHints":{"allow":["GET"]}}],"collection":[{"href":"https:\/\/healthstore.mc\/index.php\/wp-json\/wp\/v2\/product"}],"about":[{"href":"https:\/\/healthstore.mc\/index.php\/wp-json\/wp\/v2\/types\/product"}],"replies":[{"embeddable":true,"href":"https:\/\/healthstore.mc\/index.php\/wp-json\/wp\/v2\/comments?post=372"}],"wp:featuredmedia":[{"embeddable":true,"href":"https:\/\/healthstore.mc\/index.php\/wp-json\/wp\/v2\/media\/2155"}],"wp:attachment":[{"href":"https:\/\/healthstore.mc\/index.php\/wp-json\/wp\/v2\/media?parent=372"}],"wp:term":[{"taxonomy":"product_brand","embeddable":true,"href":"https:\/\/healthstore.mc\/index.php\/wp-json\/wp\/v2\/product_brand?post=372"},{"taxonomy":"product_cat","embeddable":true,"href":"https:\/\/healthstore.mc\/index.php\/wp-json\/wp\/v2\/product_cat?post=372"},{"taxonomy":"product_tag","embeddable":true,"href":"https:\/\/healthstore.mc\/index.php\/wp-json\/wp\/v2\/product_tag?post=372"}],"curies":[{"name":"wp","href":"https:\/\/api.w.org\/{rel}","templated":true}]}}