{"id":373,"date":"2020-04-23T19:23:13","date_gmt":"2020-04-23T17:23:13","guid":{"rendered":"http:\/\/10.0.0.17\/wordpress\/produit\/calcium-chelate-84gels-2\/"},"modified":"2024-09-21T16:34:09","modified_gmt":"2024-09-21T14:34:09","slug":"calcium-chelate-84gels-2","status":"publish","type":"product","link":"https:\/\/healthstore.mc\/index.php\/product\/calcium-chelate-84gels-2\/","title":{"rendered":"Calcium chelate 84gels"},"content":{"rendered":"<p>Les min\u00e9raux amino-ch\u00e9lat\u00e9s\u2122 sont des mol\u00e9cules liant un min\u00e9ral \u00e0 des acides amin\u00e9s par des proc\u00e9d\u00e9s brevet\u00e9s, ce qui favorise leur assimilation.<\/p>\n<p>Trois nutriments essentiels intervenant \u00e0 plusieurs niveaux dans l\u2019organisme ont \u00e9t\u00e9 r\u00e9unis au sein de cette formule : le Calcium, la vitamine D et la vitamine K.<\/p>\n<p>Le Calcium est n\u00e9cessaire au maintien d\u2019une ossature normale, les vitamines D et K y contribuent.<\/p>\n<ul>\n<li>Le Calcium et la vitamine D participent \u00e0 une fonction musculaire normale.<\/li>\n<li>Le Calcium et la vitamine K contribuent \u00e0 une coagulation sanguine normale.<\/li>\n<li>La vitamine D joue un r\u00f4le dans l\u2019absorption et l\u2019utilisation normale du calcium et du phosphore, et contribue \u00e0 une calc\u00e9mie normale.<\/li>\n<\/ul>\n<p>&nbsp;<\/p>\n<table border=\"0\" width=\"100%\" cellspacing=\"0\" cellpadding=\"10\">\n<tbody>\n<tr>\n<td bgcolor=\"#bca590\" width=\"50%\"><strong>Conseils d\u2019utilisation<\/strong><\/td>\n<td bgcolor=\"#dfd3c8\" width=\"50%\"><strong>2 \u00e0 4 g\u00e9lules par jour,<\/strong>\u00a0pendant les repas<\/td>\n<\/tr>\n<\/tbody>\n<\/table>\n<table border=\"0\" width=\"100%\" cellspacing=\"0\" cellpadding=\"10\">\n<tbody>\n<tr>\n<td bgcolor=\"#a5876f\">3 \u00e0 6 semaines, \u00e0 renouveler si n\u00e9cessaire.<\/td>\n<\/tr>\n<\/tbody>\n<\/table>\n<p><strong>Convient aux v\u00e9g\u00e9tariens. Sans gluten, sans lactose.<\/strong><\/p>\n<h5>Respecter la dose journali\u00e8re indiqu\u00e9e. \u00c0 consommer dans le cadre d\u2019une alimentation vari\u00e9e et \u00e9quilibr\u00e9e et d\u2019un mode de vie sain. Tenir hors de port\u00e9e des jeunes enfants. Les personnes sous contr\u00f4le m\u00e9dical doivent demander l\u2019avis de leur m\u00e9decin. D\u00e9conseill\u00e9 aux personnes sous anti-vitamines K.<\/h5>\n<h5>Bien refermer apr\u00e8s ouverture. \u00c0 conserver dans un endroit sec et frais.<\/h5>\n<p><strong>Compl\u00e9ment alimentaire<\/strong><br \/>\n<strong>Ingredients :<\/strong>\u00a0bisglycinate de calcium, anti-agglom\u00e9rant : st\u00e9arate de magn\u00e9sium v\u00e9g\u00e9tal, vitamine K2 (m\u00e9naquinone), vitamine D3 (chol\u00e9calcif\u00e9rol). G\u00e9lule : hydroxypropylm\u00e9thylcellulose.<\/p>\n<p><strong>\u00a0G\u00e9lules v\u00e9g\u00e9tales ClearCaps\u2122<\/strong><\/p>\n<table border=\"0\" width=\"100%\" cellspacing=\"0\" cellpadding=\"10\">\n<tbody>\n<tr>\n<td bgcolor=\"#666666\"><strong>Composition moyenne pour 4 g\u00e9lules\/jour<\/strong><\/td>\n<\/tr>\n<\/tbody>\n<\/table>\n<table border=\"0\" width=\"100%\" cellspacing=\"0\" cellpadding=\"10\">\n<tbody>\n<tr>\n<td align=\"left\" bgcolor=\"#A2A2A2\" width=\"60\">Ingr\u00e9dients<\/td>\n<td align=\"right\" bgcolor=\"#A2A2A2\" width=\"20%\">Dosage<\/td>\n<td align=\"right\" bgcolor=\"#A2A2A2\" width=\"20%\">VNR*<\/td>\n<\/tr>\n<tr>\n<td align=\"left\" bgcolor=\"#CCCCCC\" width=\"60\"><strong>Calcium \u00e9l\u00e9ment<\/strong><\/td>\n<td align=\"right\" bgcolor=\"#CCCCCC\" width=\"20%\">500 mg<\/td>\n<td align=\"right\" bgcolor=\"#CCCCCC\">63 %<\/td>\n<\/tr>\n<tr>\n<td align=\"left\" bgcolor=\"#e9e9e9\"><strong>Vitamine K2<\/strong><\/td>\n<td align=\"right\" bgcolor=\"#e9e9e9\">45 \u03bcg<\/td>\n<td align=\"right\" bgcolor=\"#e9e9e9\">60 %<\/td>\n<\/tr>\n<tr>\n<td align=\"left\" bgcolor=\"#CCCCCC\"><strong>Vitamine D3<\/strong><\/td>\n<td align=\"right\" bgcolor=\"#CCCCCC\">5 \u03bcg<\/td>\n<td align=\"right\" bgcolor=\"#CCCCCC\">100 %<\/td>\n<\/tr>\n<\/tbody>\n<\/table>\n<h5><em>* Valeurs Nutritionnelles de R\u00e9f\u00e9rence.<\/em><\/h5>\n<p>&nbsp;<\/p>\n<p>Poids net : 66 g. \u2013 Code ACL : 3401560091755<\/p>\n","protected":false},"excerpt":{"rendered":"<h2>Calcium<\/h2>\n<p>84 g\u00e9lules v\u00e9g\u00e9tales ClearCaps\u2122<\/p>\n","protected":false},"featured_media":2149,"comment_status":"open","ping_status":"closed","template":"","meta":[],"product_brand":[],"product_cat":[23],"product_tag":[],"class_list":{"0":"post-373","1":"product","2":"type-product","3":"status-publish","4":"has-post-thumbnail","6":"product_cat-23","7":"entry","9":"first","10":"instock","11":"taxable","12":"shipping-taxable","13":"purchasable","14":"product-type-simple"},"jetpack_sharing_enabled":true,"_links":{"self":[{"href":"https:\/\/healthstore.mc\/index.php\/wp-json\/wp\/v2\/product\/373","targetHints":{"allow":["GET"]}}],"collection":[{"href":"https:\/\/healthstore.mc\/index.php\/wp-json\/wp\/v2\/product"}],"about":[{"href":"https:\/\/healthstore.mc\/index.php\/wp-json\/wp\/v2\/types\/product"}],"replies":[{"embeddable":true,"href":"https:\/\/healthstore.mc\/index.php\/wp-json\/wp\/v2\/comments?post=373"}],"wp:featuredmedia":[{"embeddable":true,"href":"https:\/\/healthstore.mc\/index.php\/wp-json\/wp\/v2\/media\/2149"}],"wp:attachment":[{"href":"https:\/\/healthstore.mc\/index.php\/wp-json\/wp\/v2\/media?parent=373"}],"wp:term":[{"taxonomy":"product_brand","embeddable":true,"href":"https:\/\/healthstore.mc\/index.php\/wp-json\/wp\/v2\/product_brand?post=373"},{"taxonomy":"product_cat","embeddable":true,"href":"https:\/\/healthstore.mc\/index.php\/wp-json\/wp\/v2\/product_cat?post=373"},{"taxonomy":"product_tag","embeddable":true,"href":"https:\/\/healthstore.mc\/index.php\/wp-json\/wp\/v2\/product_tag?post=373"}],"curies":[{"name":"wp","href":"https:\/\/api.w.org\/{rel}","templated":true}]}}