{"id":375,"date":"2020-04-23T19:23:27","date_gmt":"2020-04-23T17:23:27","guid":{"rendered":"http:\/\/10.0.0.17\/wordpress\/produit\/climax-56gel56caps-2\/"},"modified":"2024-09-21T16:35:49","modified_gmt":"2024-09-21T14:35:49","slug":"climax-56gel56caps-2","status":"publish","type":"product","link":"https:\/\/healthstore.mc\/index.php\/product\/climax-56gel56caps-2\/","title":{"rendered":"Climax 56gel+56caps"},"content":{"rendered":"<p>Le Climax d\u00e9signe habituellement un point culminant, de forte intensit\u00e9, mais \u00e9galement un \u00e9tat d\u2019\u00e9quilibre dans la nature ; une d\u00e9finition correspondant aussi aux diff\u00e9rents \u00e9tats et changements qui peuvent survenir \u00e0 la p\u00e9riode de la m\u00e9nopause, notamment les bouff\u00e9es de chaleur, les variations d\u2019humeur, le sommeil perturb\u00e9 ou la baisse de vitalit\u00e9.<\/p>\n<p>Les Laboratoires\u00a0<strong>NHCO Nutrition<\/strong>\u00ae ont mis au point\u00a0<strong>CLIMAX<\/strong>, une formule novatrice, pour les p\u00e9riodes de p\u00e9ri-m\u00e9nopause et de m\u00e9nopause. Elle agit en continu gr\u00e2ce aux complexes des formules Matin et Soir, sans aucun phytoestrog\u00e8ne.<br \/>\n<img loading=\"lazy\" decoding=\"async\" class=\"alignnone size-full wp-image-4361\" src=\"http:\/\/www.nhco-nutrition.com\/images\/carre02_chair.gif\" alt=\"carre02_peau\" width=\"18\" height=\"10\" \/><strong>B\u00eatamine Dietary Complex-MP<\/strong>\u2122 est une association originale des Laboratoires\u00a0<strong>NHCO Nutrition<\/strong>\u00ae.\u00a0<strong>BDC-MP<\/strong>\u2122 contient de la B\u00eata-Alanine, un acide amin\u00e9 naturellement pr\u00e9sent dans l\u2019organisme et de la vitamine B6 qui contribue \u00e0 r\u00e9guler l\u2019activit\u00e9 hormonale.<br \/>\n<img loading=\"lazy\" decoding=\"async\" class=\"alignnone size-full wp-image-4361\" src=\"http:\/\/www.nhco-nutrition.com\/images\/carre02_chair.gif\" alt=\"carre02_peau\" width=\"18\" height=\"10\" \/>Le complexe\u00a0<strong>L-endoxine 5I<\/strong>\u2122 contient un extrait d\u2019aub\u00e9pine. Ce dernier aide \u00e0 r\u00e9duire la nervosit\u00e9 chez l\u2019adulte en cas de troubles du sommeil.<br \/>\n<strong>L-endoxine 5I<\/strong>\u2122 contient aussi du L-Tryptophane, l\u2019un des 9 acides amin\u00e9s essentiels.<br \/>\n<img loading=\"lazy\" decoding=\"async\" class=\"alignnone size-full wp-image-4361\" src=\"http:\/\/www.nhco-nutrition.com\/images\/carre02_chair.gif\" alt=\"carre02_peau\" width=\"18\" height=\"10\" \/>Afin de limiter la r\u00e9tention d\u2019eau ou la prise de poids pouvant s\u2019accentuer avec l\u2019\u00e2ge,\u00a0<strong>CLIMAX<\/strong>\u00a0contient de la feuille de cassis qui favorise les fonctions d\u2019\u00e9limination de l\u2019organisme.<br \/>\n<img loading=\"lazy\" decoding=\"async\" class=\"alignnone size-full wp-image-4361\" src=\"http:\/\/www.nhco-nutrition.com\/site\/wp-content\/uploads\/2015\/02\/carre02_chair.gif\" alt=\"carre02_peau\" width=\"18\" height=\"10\" \/><strong>Micronutri-5B<\/strong>\u2122 contient des ingr\u00e9dients contribuant \u00e0 la vitalit\u00e9 et au bien-\u00eatre, notamment des vitamines du groupe B telles que la vitamine B5 qui aide \u00e0 r\u00e9duire la fatigue.<br \/>\n<img loading=\"lazy\" decoding=\"async\" class=\"alignnone size-full wp-image-4361\" src=\"http:\/\/www.nhco-nutrition.com\/images\/carre02_chair.gif\" alt=\"carre02_peau\" width=\"18\" height=\"10\" \/>Au sein du complexe remin\u00e9ralisant, le Calcium marin et la vitamine D participent au maintien d\u2019une ossature en bonne sant\u00e9.<br \/>\n<img loading=\"lazy\" decoding=\"async\" class=\"alignnone size-full wp-image-4361\" src=\"http:\/\/www.nhco-nutrition.com\/site\/wp-content\/uploads\/2015\/02\/carre02_chair.gif\" alt=\"carre02_peau\" width=\"18\" height=\"10\" \/>Pour le soir, les capsules apportent de l\u2019huile d\u2019onagre titr\u00e9e en G.L.A.(1), de la vitamine E contribuant \u00e0 prot\u00e9ger les cellules contre le stress oxydatif, en partie responsable du vieillissement cellulaire, et de l\u2019huile de poisson riche en Om\u00e9ga 3, acides gras essentiels (dont 137 mg d\u2019EPA et DHA(2) pour 2 capsules).<\/p>\n<h5><em>(1) Acide Gamma Linol\u00e9nique, constituant important de chacune de nos cellules et dont la production diminue avec l\u2019\u00e2ge.<\/em><br \/>\n<em>(2) Acide eicosapenta\u00e9no\u00efque et acide docosahex\u00e9nao\u00eeque.<\/em><\/h5>\n<table border=\"0\" width=\"100%\" cellspacing=\"0\" cellpadding=\"10\">\n<tbody>\n<tr>\n<td bgcolor=\"#f8b3a8\" width=\"60%\"><strong>Conseils d\u2019utilisation<\/strong><\/td>\n<td bgcolor=\"#f3ddd5\" width=\"20%\">Matin<\/td>\n<td bgcolor=\"#f26c69\" width=\"20%\">Soir<\/td>\n<\/tr>\n<tr>\n<td bgcolor=\"#f8b3a8\" width=\"60%\">Le 1er mois<\/td>\n<td bgcolor=\"#f3ddd5\" width=\"20%\"><strong>2 g\u00e9lules<\/strong><\/td>\n<td bgcolor=\"#f26c69\" width=\"20%\"><strong>2 capsules<\/strong><\/td>\n<\/tr>\n<tr>\n<td bgcolor=\"#f8b3a8\" width=\"60%\">Les 2e et 3e mois*<\/td>\n<td bgcolor=\"#f3ddd5\" width=\"20%\"><strong>1 g\u00e9lule<\/strong><\/td>\n<td bgcolor=\"#f26c69\" width=\"20%\"><strong>1 capsule<\/strong><\/td>\n<\/tr>\n<\/tbody>\n<\/table>\n<h5><em>* Apr\u00e8s am\u00e9lioration des signes. Renouvelable.<\/em><\/h5>\n<h5>Ce compl\u00e9ment alimentaire n\u2019est pas un m\u00e9dicament. Il est recommand\u00e9 de respecter les doses journali\u00e8res indiqu\u00e9es, de le consommer dans le cadre d\u2019une alimentation vari\u00e9e et \u00e9quilibr\u00e9e, d\u2019un mode de vie sain et de le tenir hors de port\u00e9e des jeunes enfants. R\u00e9serv\u00e9 \u00e0 l\u2019adulte except\u00e9 la femme enceinte ou allaitante. Les personnes sous contr\u00f4le m\u00e9dical doivent demander l\u2019avis de leur m\u00e9decin traitant, en particulier celles sous anticoagulants. D\u00e9conseill\u00e9 aux personnes souffrant d\u2019allergie aux d\u00e9riv\u00e9s salicyl\u00e9s.<\/h5>\n<h5>\u00c0 consommer de pr\u00e9f\u00e9rence avant la date indiqu\u00e9e sous l\u2019\u00e9tui. Bien refermer apr\u00e8s ouverture. \u00c0 conserver dans un endroit sec et frais.<\/h5>\n<p><strong>Compl\u00e9ment alimentaire<\/strong><br \/>\n<strong>Ingr\u00e9dients g\u00e9lule Matin :<\/strong>Algalithe\u00ae (thalle de Phymatolithon calcareum), B\u00eata-Alanine, L-Th\u00e9anine, extrait de sommit\u00e9s fleuries d\u2019aub\u00e9pine (Crataegus laevigata et monogyna), L-Tryptophane, extrait de parties a\u00e9riennes de passiflore (Passiflora incarnata), extrait de feuilles de cassis (Ribes nigrum), sommit\u00e9s fleuries de reine des pr\u00e9s (Filipendula ulmaria), agent de charge : cellulose microcristalline, inuline, anti-agglom\u00e9rant : st\u00e9arate de magn\u00e9sium v\u00e9g\u00e9tal, extrait de feuilles de papaye (Carica papaya) [contient :\u00a0<strong>lactose<\/strong>], coenzyme Q10, vitamine B3 (nicotinamide), vitamine B5 (D-pantoth\u00e9nate de Calcium), borate de sodium, vitamine D (chol\u00e9calcif\u00e9rol), vitamine B6 (chlorhydrate de pyridoxine), vitamine B2 (riboflavine), vitamine B1 (chlorhydrate de thiamine), vitamine B9 (acide folique). G\u00e9lule : hydroxypropylm\u00e9thylcellulose, colorant : complexes cuivriques de chlorophyllines.<\/p>\n<p><strong>Ingr\u00e9dients capsule Soir :<\/strong>\u00a0huile d\u2019onagre (Oenothera biennis), huile de\u00a0<strong>poisson<\/strong>, vitamine E naturelle (D-alpha-tocoph\u00e9rol). Enveloppe de la capsule : g\u00e9latine de\u00a0<strong>poisson<\/strong>, humectant : glyc\u00e9rol.<\/p>\n<p><strong>56 g\u00e9lules v\u00e9g\u00e9tales vertes GreenCaps\u2122<br \/>\n<\/strong><\/p>\n<table border=\"0\" width=\"100%\" cellspacing=\"0\" cellpadding=\"10\">\n<tbody>\n<tr>\n<td bgcolor=\"#666666\"><strong>Composition moyenne pour 2 g\u00e9lules\/jour (1280 mg)<\/strong><\/td>\n<\/tr>\n<\/tbody>\n<\/table>\n<table border=\"0\" width=\"100%\" cellspacing=\"0\" cellpadding=\"10\">\n<tbody>\n<tr>\n<td align=\"left\" bgcolor=\"#a2a2a2\" width=\"50\">Ingr\u00e9dients<\/td>\n<td align=\"right\" bgcolor=\"#a2a2a2\" width=\"20%\">Dosage<\/td>\n<\/tr>\n<tr>\n<td align=\"left\" bgcolor=\"#cccccc\"><strong>BDC-MP<\/strong><\/td>\n<td align=\"right\" bgcolor=\"#cccccc\"><strong>201 mg<\/strong><\/td>\n<\/tr>\n<\/tbody>\n<\/table>\n<table border=\"0\" width=\"100%\" cellspacing=\"0\" cellpadding=\"10\">\n<tbody>\n<tr>\n<td bgcolor=\"#f1efee\">\n<h5>B\u00eata-Alanine 200 mg, vitamine B6 1,4 mg (100 % VNR*)<\/h5>\n<\/td>\n<\/tr>\n<\/tbody>\n<\/table>\n<table border=\"0\" width=\"100%\" cellspacing=\"0\" cellpadding=\"10\">\n<tbody>\n<tr>\n<td align=\"left\" bgcolor=\"#cccccc\" width=\"50\"><strong>L-endoxine 5I<\/strong><\/td>\n<td align=\"right\" bgcolor=\"#cccccc\" width=\"20%\"><strong>420 mg<\/strong><\/td>\n<\/tr>\n<\/tbody>\n<\/table>\n<table border=\"0\" width=\"100%\" cellspacing=\"0\" cellpadding=\"10\">\n<tbody>\n<tr>\n<td bgcolor=\"#f1efee\">\n<h5>L-Th\u00e9anine 160 mg, extrait d\u2019aub\u00e9pine 100 mg, L-Tryptophane 80 mg, extrait de passiflore 80 mg<\/h5>\n<\/td>\n<\/tr>\n<\/tbody>\n<\/table>\n<table border=\"0\" width=\"100%\" cellspacing=\"0\" cellpadding=\"10\">\n<tbody>\n<tr>\n<td align=\"left\" bgcolor=\"#cccccc\" width=\"50\"><strong>Prodrainer<\/strong><\/td>\n<td align=\"right\" bgcolor=\"#cccccc\" width=\"20%\"><strong>136 mg<\/strong><\/td>\n<\/tr>\n<\/tbody>\n<\/table>\n<table border=\"0\" width=\"100%\" cellspacing=\"0\" cellpadding=\"10\">\n<tbody>\n<tr>\n<td bgcolor=\"#f1efee\">\n<h5>extrait de cassis 70 mg, inuline 36 mg, extrait de papaye 30 mg<\/h5>\n<\/td>\n<\/tr>\n<\/tbody>\n<\/table>\n<table border=\"0\" width=\"100%\" cellspacing=\"0\" cellpadding=\"10\">\n<tbody>\n<tr>\n<td align=\"left\" bgcolor=\"#cccccc\" width=\"50\"><strong>Micronutri-5B<\/strong><\/td>\n<td align=\"right\" bgcolor=\"#cccccc\" width=\"20%\"><strong>42 mg<\/strong><\/td>\n<\/tr>\n<\/tbody>\n<\/table>\n<table border=\"0\" width=\"100%\" cellspacing=\"0\" cellpadding=\"10\">\n<tbody>\n<tr>\n<td bgcolor=\"#f1efee\">\n<h5>Coenzyme Q10 20 mg, vitamine B3 12,6 mg (79 % VNR*), vitamine B5 6 mg (100 % VNR*), vitamine B2 2,1 mg (150 % VNR*), vitamine B1 1,1 mg (100 % VNR*), vitamine B9 200 \u03bcg (100 % VNR*)<\/h5>\n<\/td>\n<\/tr>\n<\/tbody>\n<\/table>\n<table border=\"0\" width=\"100%\" cellspacing=\"0\" cellpadding=\"10\">\n<tbody>\n<tr>\n<td align=\"left\" bgcolor=\"#cccccc\" width=\"50\"><strong>Complexe remin\u00e9ralisant<\/strong><\/td>\n<td align=\"right\" bgcolor=\"#cccccc\" width=\"20%\"><strong>481 mg<\/strong><\/td>\n<\/tr>\n<\/tbody>\n<\/table>\n<table border=\"0\" width=\"100%\" cellspacing=\"0\" cellpadding=\"10\">\n<tbody>\n<tr>\n<td bgcolor=\"#f1efee\">\n<h5>Algue marine Algalithe\u00ae 430 mg dont Calcium 120 mg (15 % VNR*), reine des pr\u00e9s 50 mg, Bore 0,5 mg, vitamine D 5 \u03bcg (100 % VNR*)<\/h5>\n<\/td>\n<\/tr>\n<\/tbody>\n<\/table>\n<h5><\/h5>\n<p><strong>56 capsules marines<\/strong><\/p>\n<table border=\"0\" width=\"100%\" cellspacing=\"0\" cellpadding=\"10\">\n<tbody>\n<tr>\n<td bgcolor=\"#666666\"><strong>Composition moyenne pour 2 capsules\/jour (1008 mg)<\/strong><\/td>\n<\/tr>\n<\/tbody>\n<\/table>\n<table border=\"0\" width=\"100%\" cellspacing=\"0\" cellpadding=\"10\">\n<tbody>\n<tr>\n<td align=\"left\" bgcolor=\"#a2a2a2\" width=\"40%\">Ingr\u00e9dients<\/td>\n<td align=\"right\" bgcolor=\"#a2a2a2\" width=\"30%\">Dosage<\/td>\n<td align=\"right\" bgcolor=\"#a2a2a2\" width=\"30%\"><\/td>\n<\/tr>\n<tr>\n<td align=\"left\" bgcolor=\"#cccccc\" width=\"40%\">Huile d\u2019onagre<\/td>\n<td align=\"right\" bgcolor=\"#cccccc\" width=\"30%\">666 mg<\/td>\n<td align=\"right\" bgcolor=\"#cccccc\" width=\"30%\">60 mg de GLA<sup>(1)<\/sup><\/td>\n<\/tr>\n<tr>\n<td align=\"left\" bgcolor=\"#f1efee\" width=\"40%\">Huile de poisson<\/td>\n<td align=\"right\" bgcolor=\"#f1efee\" width=\"30%\">334 mg<\/td>\n<td align=\"right\" bgcolor=\"#f1efee\" width=\"30%\">160 mg d\u2019om\u00e9ga-3<\/td>\n<\/tr>\n<tr>\n<td align=\"left\" bgcolor=\"#cccccc\" width=\"40%\">Vitamine E<\/td>\n<td align=\"right\" bgcolor=\"#cccccc\" width=\"30%\">8,4 mg<\/td>\n<td align=\"right\" bgcolor=\"#cccccc\" width=\"30%\">70 % VNR*<\/td>\n<\/tr>\n<\/tbody>\n<\/table>\n<h5><em>* Valeurs Nutritionnelles de R\u00e9f\u00e9rence.<\/em><\/h5>\n<p>&nbsp;<\/p>\n<p>Poids net : 80 g. \u2013 Code ACL : 3401598326829<\/p>\n","protected":false},"excerpt":{"rendered":"<table border=\"0\" cellspacing=\"0\" cellpadding=\"0\">\n<tbody>\n<tr>\n<td valign=\"top\">\n<h1><strong>Climax<\/strong><\/h1>\n<\/td>\n<\/tr>\n<tr>\n<td valign=\"top\" height=\"40\">\n<h5>BDC-MP \u2013 L-endoxine 5I \u2013 Micronutri-5B<\/h5>\n<\/td>\n<\/tr>\n<\/tbody>\n<\/table>\n<h3><strong>M\u00e9nopause<\/strong><\/h3>\n<p><img loading=\"lazy\" decoding=\"async\" class=\"alignnone size-full wp-image-4361\" src=\"http:\/\/www.nhco-nutrition.com\/images\/carre02_chair.gif\" alt=\"carre02_peau\" width=\"18\" height=\"10\" \/>Sp\u00e9cialement con\u00e7u pour les\u00a0<strong>p\u00e9riodes de p\u00e9ri-m\u00e9nopause<\/strong>\u00a0et de\u00a0<strong>m\u00e9nopause<\/strong>,\u00a0<strong>Climax<\/strong>\u00a0renferme 19 actifs, notamment de la B\u00eata-Alanine, de la vitamine B6 qui\u00a0<strong>contribue \u00e0 r\u00e9guler l\u2019activit\u00e9 hormonale<\/strong>, un extrait d\u2019aub\u00e9pine aidant \u00e0\u00a0<strong>r\u00e9duire la nervosit\u00e9<\/strong>, du Calcium et de la vitamine D participant au maintien d\u2019une ossature normale. Contient \u00e9galement des vitamines B qui aident \u00e0\u00a0<strong>r\u00e9duire la fatigue<\/strong>\u00a0et de l\u2019huile d\u2019onagre.<\/p>\n<p><img decoding=\"async\" src=\"http:\/\/nhco-nutrition.com\/france\/wp-content\/uploads\/2016\/07\/picto-climax-1.png\" \/><\/p>\n<p><strong>56 g\u00e9lules GreenCaps\u2122 + 56 capsules marines<\/strong><\/p>\n<p>&nbsp;<\/p>\n","protected":false},"featured_media":2153,"comment_status":"open","ping_status":"closed","template":"","meta":[],"product_brand":[],"product_cat":[23],"product_tag":[],"class_list":{"0":"post-375","1":"product","2":"type-product","3":"status-publish","4":"has-post-thumbnail","6":"product_cat-23","7":"entry","9":"first","10":"instock","11":"taxable","12":"shipping-taxable","13":"purchasable","14":"product-type-simple"},"jetpack_sharing_enabled":true,"_links":{"self":[{"href":"https:\/\/healthstore.mc\/index.php\/wp-json\/wp\/v2\/product\/375","targetHints":{"allow":["GET"]}}],"collection":[{"href":"https:\/\/healthstore.mc\/index.php\/wp-json\/wp\/v2\/product"}],"about":[{"href":"https:\/\/healthstore.mc\/index.php\/wp-json\/wp\/v2\/types\/product"}],"replies":[{"embeddable":true,"href":"https:\/\/healthstore.mc\/index.php\/wp-json\/wp\/v2\/comments?post=375"}],"wp:featuredmedia":[{"embeddable":true,"href":"https:\/\/healthstore.mc\/index.php\/wp-json\/wp\/v2\/media\/2153"}],"wp:attachment":[{"href":"https:\/\/healthstore.mc\/index.php\/wp-json\/wp\/v2\/media?parent=375"}],"wp:term":[{"taxonomy":"product_brand","embeddable":true,"href":"https:\/\/healthstore.mc\/index.php\/wp-json\/wp\/v2\/product_brand?post=375"},{"taxonomy":"product_cat","embeddable":true,"href":"https:\/\/healthstore.mc\/index.php\/wp-json\/wp\/v2\/product_cat?post=375"},{"taxonomy":"product_tag","embeddable":true,"href":"https:\/\/healthstore.mc\/index.php\/wp-json\/wp\/v2\/product_tag?post=375"}],"curies":[{"name":"wp","href":"https:\/\/api.w.org\/{rel}","templated":true}]}}