{"id":376,"date":"2020-04-23T19:23:32","date_gmt":"2020-04-23T17:23:32","guid":{"rendered":"http:\/\/10.0.0.17\/wordpress\/produit\/visiocare-20gel20caps-2\/"},"modified":"2024-09-21T16:36:52","modified_gmt":"2024-09-21T14:36:52","slug":"visiocare-20gel20caps-2","status":"publish","type":"product","link":"https:\/\/healthstore.mc\/index.php\/product\/visiocare-20gel20caps-2\/","title":{"rendered":"Visiocare 20gel+20caps"},"content":{"rendered":"<p>La fatigue des yeux, qu\u2019elle soit visuelle ou oculaire, est le quotidien de nombreuses personnes. Elle peut appara\u00eetre avec l\u2019\u00e2ge ou une exposition prolong\u00e9e aux \u00e9crans diffusant de la lumi\u00e8re bleue. Ces deux facteurs sont \u00e0 l\u2019origine d\u2019un stress oxydatif oculaire, se caract\u00e9risant notamment par une s\u00e9cheresse et un inconfort des yeux. Aussi, il est recommand\u00e9 d\u2019adopter un mode de vie sain et une alimentation \u00e9quilibr\u00e9e afin de limiter au mieux les impacts n\u00e9gatifs du stress oxydatif sur les yeux.\u00a0<strong>VISIOCARE<\/strong>\u2122, des Laboratoires\u00a0<strong>NHCO Nutrition<\/strong><sup>\u00ae<\/sup>, est une solution de micronutrition innovante agissant pour le maintien d\u2019une vision normale ainsi que sur le confort des yeux gr\u00e2ce \u00e0 deux formules sp\u00e9cifiques.<\/p>\n<p><strong>VISIOCARE\u2122<\/strong>\u00a0renferme deux formules sp\u00e9cifiques matin et soir :<br \/>\n<img loading=\"lazy\" decoding=\"async\" class=\"alignnone size-full wp-image-18293\" src=\"https:\/\/nhco-nutrition.com\/france\/wp-content\/uploads\/2019\/08\/carre-bleu-retinium.png\" alt=\"\" width=\"18\" height=\"10\" \/>LacryBright\u2122, de la formule Matin, regroupe notamment de la N-Ac\u00e9tyl-Cyst\u00e9ine, du MaquiBright<sup>\u00ae<\/sup>, ingr\u00e9dient novateur, ainsi qu\u2019un extrait de myrtille, Premium-Myrticyane, qui soutient la sant\u00e9 des yeux, en particulier celle des\u00a0<strong>yeux fatigu\u00e9s, contribuant ainsi \u00e0 leur confort<\/strong>.<br \/>\n<img loading=\"lazy\" decoding=\"async\" class=\"alignnone size-full wp-image-18293\" src=\"https:\/\/nhco-nutrition.com\/france\/wp-content\/uploads\/2019\/08\/carre-bleu-retinium.png\" alt=\"\" width=\"18\" height=\"10\" \/>R\u00e9tinox\u2122 contient des antioxydants dont du S\u00e9l\u00e9nium qui contribue\u00a0<strong>\u00e0 prot\u00e9ger les cellules<\/strong>\u00a0<strong>contre le stress oxydatif<\/strong>, occasionn\u00e9 notamment par\u00a0<strong>l\u2019exposition \u00e0 la lumi\u00e8re bleue<\/strong>. Il renferme aussi de la Taurine, acide amin\u00e9 le plus abondant dans la r\u00e9tine.<br \/>\n<img loading=\"lazy\" decoding=\"async\" class=\"alignnone size-full wp-image-18293\" src=\"https:\/\/nhco-nutrition.com\/france\/wp-content\/uploads\/2019\/08\/carre-bleu-retinium.png\" alt=\"\" width=\"18\" height=\"10\" \/>Enfin,\u00a0<strong>VISIOCARE\u2122<\/strong>\u00a0Soir contient des pigments reconnus d\u2019origine naturelle, z\u00e9axanthine et lut\u00e9ine, du DHA* qui participe au maintien d\u2019une\u00a0<strong>vision normale<\/strong>\u00a0ainsi que de la vitamine E d\u2019origine naturelle. Le DHA est issu d\u2019une huile de poisson certifi\u00e9e \u00abFriend Of the Sea\u00bb.<\/p>\n<table border=\"0\" width=\"100%\" cellspacing=\"0\" cellpadding=\"10\">\n<tbody>\n<tr>\n<td bgcolor=\"#90d1f1\" width=\"40%\"><strong>Conseils d\u2019utilisation<\/strong><\/td>\n<\/tr>\n<\/tbody>\n<\/table>\n<table border=\"0\" width=\"100%\" cellspacing=\"0\" cellpadding=\"10\">\n<tbody>\n<tr>\n<td bgcolor=\"#d2ebfa\" width=\"50%\">Le matin<\/td>\n<td bgcolor=\"#e0f1fb\" width=\"50%\"><strong>1 g\u00e9lule<\/strong><\/td>\n<\/tr>\n<tr>\n<td bgcolor=\"#d2ebfa\" width=\"50%\">Le soir<\/td>\n<td bgcolor=\"#e0f1fb\" width=\"50%\"><strong>1 capsule*<\/strong><\/td>\n<\/tr>\n<\/tbody>\n<\/table>\n<table border=\"0\" width=\"100%\" cellspacing=\"0\" cellpadding=\"10\">\n<tbody>\n<tr>\n<td bgcolor=\"#90d1f1\">Programme de 20 jours. Renouvelable.<\/td>\n<\/tr>\n<\/tbody>\n<\/table>\n<p>* Peut \u00eatre \u00e9galement prise le midi.<\/p>\n<h5>Ce compl\u00e9ment alimentaire n\u2019est pas un m\u00e9dicament. Il est recommand\u00e9 de respecter la dose journali\u00e8re indiqu\u00e9e, de le consommer dans le cadre d\u2019une alimentation vari\u00e9e et \u00e9quilibr\u00e9e et d\u2019un mode de vie sain et de le tenir hors de port\u00e9e des jeunes enfants. R\u00e9serv\u00e9 \u00e0 l\u2019adulte except\u00e9 la femme enceinte ou allaitante. Les personnes sous contr\u00f4le m\u00e9dical doivent demander l\u2019avis de leur m\u00e9decin en particulier celles polym\u00e9diqu\u00e9es.<\/h5>\n<h5>\u00c0 consommer de pr\u00e9f\u00e9rence avant la date indiqu\u00e9e sous l\u2019\u00e9tui. \u00c0 conserver dans un endroit sec et frais.<\/h5>\n<p><strong>Compl\u00e9ment alimentaire<\/strong><\/p>\n<p><strong>Ingr\u00e9dients g\u00e9lule Matin :\u00a0<\/strong>Premium-Myrticyane\u2122 [extrait de fruit de myrtille (<em>Vaccinium myrtillus<\/em>)], Taurine, vitamine C (acide ascorbique), L-Carnitine-L-tartrate, bisglycinate de Zinc, N-Ac\u00e9tyl-Cyst\u00e9ine, MaquiBright<sup>\u00ae<\/sup>\u00a0[extrait de baie de maqui (<em>Aristotelia chilensis<\/em>)], vitamine A (ac\u00e9tate de r\u00e9tinol), L-S\u00e9l\u00e9nom\u00e9thionine, vitamine D3 (chol\u00e9calcif\u00e9rol), vitamine B2 (riboflavine). G\u00e9lule : hydroxypropylm\u00e9thylcellulose, colorant : complexes cuivriques de chlorophyllines.<\/p>\n<p><strong>Ingr\u00e9dients capsule Soir :\u00a0<\/strong>huile de poisson, vitamine E (D-alphatocoph\u00e9rol), FloraGLO<sup>\u00ae<\/sup>\u00a0(lut\u00e9ine extraite de fleur de\u00a0<em>Tagetes erecta<\/em>), cire d\u2019abeille blanche, OPTISHARP<sup>\u00ae<\/sup>\u00a0Natural (z\u00e9axanthine extraite de fleur de\u00a0<em>Tagetes erecta<\/em>). Capsule : g\u00e9latine de poisson, humectant : glyc\u00e9rol, colorant : complexes cuivriques de chlorophyllines.<\/p>\n<p><strong><img loading=\"lazy\" decoding=\"async\" class=\"alignnone wp-image-18442 size-full\" src=\"https:\/\/nhco-nutrition.com\/france\/wp-content\/uploads\/2019\/08\/logos-retinium-visiocare-e1609082935434.png\" sizes=\"auto, (max-width: 328px) 100vw, 328px\" srcset=\"https:\/\/nhco-nutrition.com\/france\/wp-content\/uploads\/2019\/08\/logos-retinium-visiocare-e1609082935434.png 328w, https:\/\/nhco-nutrition.com\/france\/wp-content\/uploads\/2019\/08\/logos-retinium-visiocare-e1609082935434-300x55.png 300w\" alt=\"\" width=\"328\" height=\"60\" \/><\/strong><\/p>\n<p><strong>G\u00e9lules v\u00e9g\u00e9tales GreenCaps\u2122<\/strong><\/p>\n<table border=\"0\" width=\"100%\" cellspacing=\"0\" cellpadding=\"10\">\n<tbody>\n<tr>\n<td bgcolor=\"#666666\"><strong>Composition pour 1 g\u00e9lule\/jour (531 mg)<\/strong><\/td>\n<\/tr>\n<\/tbody>\n<\/table>\n<table border=\"0\" width=\"100%\" cellspacing=\"0\" cellpadding=\"10\">\n<tbody>\n<tr>\n<td align=\"left\" bgcolor=\"#a2a2a2\" width=\"50\">Ingr\u00e9dients<\/td>\n<td align=\"right\" bgcolor=\"#a2a2a2\" width=\"20%\">Dosage<\/td>\n<\/tr>\n<tr>\n<td align=\"left\" bgcolor=\"#cccccc\"><strong>LacryBright<\/strong><\/td>\n<td align=\"right\" bgcolor=\"#cccccc\"><strong>290 mg<\/strong><\/td>\n<\/tr>\n<\/tbody>\n<\/table>\n<table border=\"0\" width=\"100%\" cellspacing=\"0\" cellpadding=\"10\">\n<tbody>\n<tr>\n<td bgcolor=\"#f1efee\">\n<h5>Premium-Myrticyane 160 mg, N-Ac\u00e9tyl-Cyst\u00e9ine 50 mg, Carnitine 50 mg, MaquiBright<sup>\u00ae<\/sup>\u00a030 mg, vitamine A 450 \u03bcg (56 % VNR*), vitamine D3 3,5 \u03bcg (70 % VNR*)<\/h5>\n<\/td>\n<\/tr>\n<\/tbody>\n<\/table>\n<table border=\"0\" width=\"100%\" cellspacing=\"0\" cellpadding=\"10\">\n<tbody>\n<tr>\n<td align=\"left\" bgcolor=\"#cccccc\"><strong>R\u00e9tinox<\/strong><\/td>\n<td align=\"right\" bgcolor=\"#cccccc\"><strong>241 mg<\/strong><\/td>\n<\/tr>\n<\/tbody>\n<\/table>\n<table border=\"0\" width=\"100%\" cellspacing=\"0\" cellpadding=\"10\">\n<tbody>\n<tr>\n<td bgcolor=\"#f1efee\">\n<h5>Taurine 150 mg, vitamine C 80 mg (100 % VNR*), Zinc sous forme amino-ch\u00e9lat\u00e9e<strong><sup>\u00ae<\/sup><\/strong>\u00a010 mg (100 % VNR*), S\u00e9l\u00e9nium (sous forme de s\u00e9l\u00e9nom\u00e9thionine) 25 \u03bcg (45 % VNR*), vitamine B2 0,7 mg (50 % VNR*)<\/h5>\n<\/td>\n<\/tr>\n<\/tbody>\n<\/table>\n<p>&nbsp;<\/p>\n<table border=\"0\" width=\"100%\" cellspacing=\"0\" cellpadding=\"10\">\n<tbody>\n<tr>\n<td bgcolor=\"#666666\"><strong>Composition pour 1 capsule\/jour (542 mg)<\/strong><\/td>\n<\/tr>\n<\/tbody>\n<\/table>\n<table border=\"0\" width=\"100%\" cellspacing=\"0\" cellpadding=\"10\">\n<tbody>\n<tr>\n<td align=\"left\" bgcolor=\"#a2a2a2\" width=\"50\">Ingr\u00e9dients<\/td>\n<td align=\"right\" bgcolor=\"#a2a2a2\" width=\"20%\">Dosage<\/td>\n<\/tr>\n<tr>\n<td align=\"left\" bgcolor=\"#cccccc\"><strong>Huile de poisson<\/strong><\/td>\n<td align=\"right\" bgcolor=\"#cccccc\"><strong>500 mg<\/strong><\/td>\n<\/tr>\n<\/tbody>\n<\/table>\n<table border=\"0\" width=\"100%\" cellspacing=\"0\" cellpadding=\"10\">\n<tbody>\n<tr>\n<td align=\"left\" bgcolor=\"#f1efee\">dont Om\u00e9ga-3 totaux<\/td>\n<td align=\"right\" bgcolor=\"#f1efee\"><strong>350 mg<\/strong><\/td>\n<\/tr>\n<\/tbody>\n<\/table>\n<table border=\"0\" width=\"100%\" cellspacing=\"0\" cellpadding=\"10\">\n<tbody>\n<tr>\n<td align=\"left\" bgcolor=\"#f1efee\">dont DHA**<\/td>\n<td align=\"right\" bgcolor=\"#f1efee\"><strong>250 mg<\/strong><\/td>\n<\/tr>\n<\/tbody>\n<\/table>\n<table border=\"0\" width=\"100%\" cellspacing=\"0\" cellpadding=\"10\">\n<tbody>\n<tr>\n<td align=\"left\" bgcolor=\"#f1efee\">dont EPA***<\/td>\n<td align=\"right\" bgcolor=\"#f1efee\"><strong>50 mg<\/strong><\/td>\n<\/tr>\n<\/tbody>\n<\/table>\n<table border=\"0\" width=\"100%\" cellspacing=\"0\" cellpadding=\"10\">\n<tbody>\n<tr>\n<td align=\"left\" bgcolor=\"#cccccc\"><strong>Vitamine E naturelle (250% VNR*)<\/strong><\/td>\n<td align=\"right\" bgcolor=\"#cccccc\"><strong>30 mg<\/strong><\/td>\n<\/tr>\n<\/tbody>\n<\/table>\n<table border=\"0\" width=\"100%\" cellspacing=\"0\" cellpadding=\"10\">\n<tbody>\n<tr>\n<td align=\"left\" bgcolor=\"#cccccc\"><strong>Lut\u00e9ine naturelle FloraGLO<\/strong><sup>\u00ae<\/sup><\/td>\n<td align=\"right\" bgcolor=\"#cccccc\"><strong>10 mg<\/strong><\/td>\n<\/tr>\n<\/tbody>\n<\/table>\n<table border=\"0\" width=\"100%\" cellspacing=\"0\" cellpadding=\"10\">\n<tbody>\n<tr>\n<td align=\"left\" bgcolor=\"#cccccc\"><strong>Z\u00e9axanthine naturelle OPTISHARP<sup>\u00ae<\/sup>\u00a0Natural<\/strong><\/td>\n<td align=\"right\" bgcolor=\"#cccccc\"><strong>2 mg<\/strong><\/td>\n<\/tr>\n<\/tbody>\n<\/table>\n<h5><em>* Valeurs Nutritionnelles de R\u00e9f\u00e9rence.<br \/>\n** Acide docosahexa\u00e9no\u00efque.<br \/>\n*** Acide eicosapenta\u00e9no\u00efque.<\/em><\/h5>\n<h5>FloraGLO<sup>\u00ae<\/sup>\u00a0est une marque d\u00e9pos\u00e9e par KEMIN. OPTISHARP<sup>\u00ae<\/sup>\u00a0Natural est une marque d\u00e9pos\u00e9e par DSM. MaquiBright<sup>\u00ae<\/sup>\u00a0est une marque enregistr\u00e9e par Maqui New Life S.A., Chili et Oryza Oil &amp; Fat Chemical Co., Ltd., Japon.<\/h5>\n<p>&nbsp;<\/p>\n<p>Poids net : 33 g. \u2013 Code ACL : 6167963<\/p>\n","protected":false},"excerpt":{"rendered":"<table border=\"0\" cellspacing=\"0\" cellpadding=\"0\">\n<tbody>\n<tr>\n<td valign=\"top\">\n<h1><strong>Visiocare\u2122<\/strong><\/h1>\n<\/td>\n<\/tr>\n<tr>\n<td valign=\"top\" height=\"50\">\n<h5>LacryBright\u2122 innovation<br \/>\n(ESBY#3,15,250)<\/h5>\n<\/td>\n<\/tr>\n<\/tbody>\n<\/table>\n<h3><strong>Confort des yeux<\/strong><\/h3>\n<p><img loading=\"lazy\" decoding=\"async\" class=\"alignnone size-full wp-image-18293\" src=\"https:\/\/nhco-nutrition.com\/france\/wp-content\/uploads\/2019\/08\/carre-bleu-retinium.png\" alt=\"\" width=\"18\" height=\"10\" \/>Contient du\u00a0<strong>MaquiBright<\/strong><sup>\u00ae<\/sup>, extrait v\u00e9g\u00e9tal novateur, de la Taurine, un extrait de myrtille\u00a0<strong>Premium-Myrticyane<\/strong>\u00a0pour la\u00a0<strong>sant\u00e9 des yeux fatigu\u00e9s<\/strong>, contribuant ainsi \u00e0 leur confort. Inclut aussi des antioxydants dont le S\u00e9l\u00e9nium pour\u00a0<strong>prot\u00e9ger les cellules contre le stress oxydatif<\/strong>, des pigments d\u2019origine naturelle et du DHA.<\/p>\n<p><strong><img loading=\"lazy\" decoding=\"async\" class=\"alignnone size-full wp-image-18292\" src=\"https:\/\/nhco-nutrition.com\/france\/wp-content\/uploads\/2019\/08\/picto-YelixTech.png\" alt=\"\" width=\"80\" height=\"84\" \/><\/strong><\/p>\n<p><strong>20 g\u00e9lules GreenCaps\u2122 + 20 capsules \u2013 20 jours<\/strong><\/p>\n","protected":false},"featured_media":2283,"comment_status":"open","ping_status":"closed","template":"","meta":[],"product_brand":[],"product_cat":[23],"product_tag":[],"class_list":{"0":"post-376","1":"product","2":"type-product","3":"status-publish","4":"has-post-thumbnail","6":"product_cat-23","7":"entry","9":"first","10":"instock","11":"taxable","12":"shipping-taxable","13":"purchasable","14":"product-type-simple"},"jetpack_sharing_enabled":true,"_links":{"self":[{"href":"https:\/\/healthstore.mc\/index.php\/wp-json\/wp\/v2\/product\/376","targetHints":{"allow":["GET"]}}],"collection":[{"href":"https:\/\/healthstore.mc\/index.php\/wp-json\/wp\/v2\/product"}],"about":[{"href":"https:\/\/healthstore.mc\/index.php\/wp-json\/wp\/v2\/types\/product"}],"replies":[{"embeddable":true,"href":"https:\/\/healthstore.mc\/index.php\/wp-json\/wp\/v2\/comments?post=376"}],"wp:featuredmedia":[{"embeddable":true,"href":"https:\/\/healthstore.mc\/index.php\/wp-json\/wp\/v2\/media\/2283"}],"wp:attachment":[{"href":"https:\/\/healthstore.mc\/index.php\/wp-json\/wp\/v2\/media?parent=376"}],"wp:term":[{"taxonomy":"product_brand","embeddable":true,"href":"https:\/\/healthstore.mc\/index.php\/wp-json\/wp\/v2\/product_brand?post=376"},{"taxonomy":"product_cat","embeddable":true,"href":"https:\/\/healthstore.mc\/index.php\/wp-json\/wp\/v2\/product_cat?post=376"},{"taxonomy":"product_tag","embeddable":true,"href":"https:\/\/healthstore.mc\/index.php\/wp-json\/wp\/v2\/product_tag?post=376"}],"curies":[{"name":"wp","href":"https:\/\/api.w.org\/{rel}","templated":true}]}}