{"id":377,"date":"2020-04-23T19:23:36","date_gmt":"2020-04-23T17:23:36","guid":{"rendered":"http:\/\/10.0.0.17\/wordpress\/produit\/l-lysine-56gel-2\/"},"modified":"2024-09-21T16:37:24","modified_gmt":"2024-09-21T14:37:24","slug":"l-lysine-56gel-2","status":"publish","type":"product","link":"https:\/\/healthstore.mc\/index.php\/product\/l-lysine-56gel-2\/","title":{"rendered":"L-Lysine 56gel"},"content":{"rendered":"<p><img loading=\"lazy\" decoding=\"async\" class=\"alignnone size-full wp-image-2377\" title=\"\" src=\"http:\/\/nhco-nutrition.com\/france\/wp-content\/uploads\/2016\/11\/carre02_gris.gif\" alt=\"\" width=\"18\" height=\"10\" \/>La\u00a0<strong>L-Lysine<\/strong>\u00a0est un acide amin\u00e9 essentiel entrant dans la composition de nombreuses prot\u00e9ines. Elle doit n\u00e9cessairement \u00eatre apport\u00e9e par l\u2019alimentation.<\/p>\n<p><img loading=\"lazy\" decoding=\"async\" class=\"alignnone size-full wp-image-2377\" title=\"\" src=\"http:\/\/nhco-nutrition.com\/france\/wp-content\/uploads\/2016\/11\/carre02_gris.gif\" alt=\"\" width=\"18\" height=\"10\" \/>Les\u00a0<strong>Laboratoires NHCO Nutrition<\/strong><sup>\u00ae<\/sup>\u00a0ont pour la premi\u00e8re fois associ\u00e9 la L-Lysine au Zinc contribuant au maintien d\u2019une peau normale, ainsi qu\u2019\u00e0 la vitamine C et la vitamine B6 favorisant le fonctionnement normal du syst\u00e8me immunitaire.<\/p>\n<table border=\"0\" width=\"100%\" cellspacing=\"0\" cellpadding=\"10\">\n<tbody>\n<tr>\n<td bgcolor=\"#d1d2d4\" width=\"60%\"><strong>Conseils d\u2019utilisation<\/strong><\/td>\n<td bgcolor=\"#e7e7e8\" width=\"20%\">Matin*<\/td>\n<td bgcolor=\"#d1d2d4\" width=\"20%\">Soir*<\/td>\n<\/tr>\n<tr>\n<td bgcolor=\"#d1d2d4\" width=\"60%\">Phase d\u2019attaque de 7 jours<\/td>\n<td bgcolor=\"#e7e7e8\" width=\"20%\"><strong>3 g\u00e9lules<\/strong><\/td>\n<td bgcolor=\"#d1d2d4\" width=\"20%\"><strong>3 g\u00e9lules<\/strong><\/td>\n<\/tr>\n<tr>\n<td bgcolor=\"#d1d2d4\" width=\"60%\">Phase d\u2019entretien de 7 jours<\/td>\n<td bgcolor=\"#e7e7e8\" width=\"20%\"><\/td>\n<td bgcolor=\"#d1d2d4\" width=\"20%\"><strong>2 g\u00e9lules<\/strong><\/td>\n<\/tr>\n<\/tbody>\n<\/table>\n<h5>* En dehors des repas.<\/h5>\n<p>Ce produit convient aux v\u00e9g\u00e9tariens et aux v\u00e9g\u00e9taliens. Sans gluten, sans lactose et sans colorant.<\/p>\n<h5>Ce compl\u00e9ment alimentaire n\u2019est pas un m\u00e9dicament. Il est recommand\u00e9 de respecter la dose journali\u00e8re indiqu\u00e9e, de le consommer dans le cadre d\u2019une alimentation vari\u00e9e et \u00e9quilibr\u00e9e et d\u2019un mode de vie sain, de le tenir hors de port\u00e9e des jeunes enfants. R\u00e9serv\u00e9 \u00e0 l\u2019adulte except\u00e9 la femme enceinte ou allaitante.<\/h5>\n<h5>Bien refermer apr\u00e8s ouverture. \u00c0 conserver dans un endroit sec et frais.<\/h5>\n<p><strong>Compl\u00e9ment alimentaire<\/strong><br \/>\n<strong>Ingr\u00e9dients :\u00a0<\/strong>Chlorhydrate de L-Lysine, agent de charge : cellulose microcristalline, vitamine C (acide ascorbique), anti-agglom\u00e9rant : st\u00e9arate de magn\u00e9sium v\u00e9g\u00e9tal, bisglycinate de Zinc, vitamine B6 (chlorhydrate de pyridoxine). G\u00e9lule : hydroxypropylm\u00e9thylcellulose.<\/p>\n<p><strong>G\u00e9lules v\u00e9g\u00e9tales transparentes ClearCaps\u2122<\/strong><\/p>\n<table border=\"0\" width=\"100%\" cellspacing=\"0\" cellpadding=\"10\">\n<tbody>\n<tr>\n<td bgcolor=\"#666666\"><strong>Composition moyenne pour 6 g\u00e9lules\/jour<\/strong><\/td>\n<\/tr>\n<\/tbody>\n<\/table>\n<table border=\"0\" width=\"100%\" cellspacing=\"0\" cellpadding=\"10\">\n<tbody>\n<tr>\n<td align=\"left\" bgcolor=\"#A2A2A2\" width=\"60\">Ingr\u00e9dients<\/td>\n<td align=\"right\" bgcolor=\"#A2A2A2\" width=\"20%\">Dosage<\/td>\n<td align=\"right\" bgcolor=\"#A2A2A2\" width=\"20%\">VNR*<\/td>\n<\/tr>\n<tr>\n<td align=\"left\" bgcolor=\"#CCCCCC\" width=\"60\"><strong>L-Lysine<\/strong><\/td>\n<td align=\"right\" bgcolor=\"#CCCCCC\" width=\"20%\">2 604 mg<\/td>\n<td align=\"right\" bgcolor=\"#CCCCCC\"><\/td>\n<\/tr>\n<\/tbody>\n<\/table>\n<table border=\"0\" width=\"100%\" cellspacing=\"0\" cellpadding=\"10\">\n<tbody>\n<tr>\n<td align=\"left\" bgcolor=\"#f1efee\" width=\"60\"><strong>Vitamine C<\/strong><\/td>\n<td align=\"right\" bgcolor=\"#f1efee\" width=\"20%\">90 mg<\/td>\n<td align=\"right\" bgcolor=\"#f1efee\" width=\"20%\">113 %<\/td>\n<\/tr>\n<\/tbody>\n<\/table>\n<table border=\"0\" width=\"100%\" cellspacing=\"0\" cellpadding=\"10\">\n<tbody>\n<tr>\n<td align=\"left\" bgcolor=\"#CCCCCC\" width=\"60\"><strong>Zinc (sous forme amino-ch\u00e9lat\u00e9e \u00ae)<\/strong><\/td>\n<td align=\"right\" bgcolor=\"#CCCCCC\" width=\"20%\">10 mg<\/td>\n<td align=\"right\" bgcolor=\"#CCCCCC\" width=\"20%\">100 %<\/td>\n<\/tr>\n<\/tbody>\n<\/table>\n<table border=\"0\" width=\"100%\" cellspacing=\"0\" cellpadding=\"10\">\n<tbody>\n<tr>\n<td align=\"left\" bgcolor=\"#f1efee\" width=\"60\"><strong>Vitamine B6<\/strong><\/td>\n<td align=\"right\" bgcolor=\"#f1efee\" width=\"20%\">1,4 mg<\/td>\n<td align=\"right\" bgcolor=\"#f1efee\" width=\"20%\">100 %<\/td>\n<\/tr>\n<\/tbody>\n<\/table>\n<h5><em>* Valeurs Nutritionnelles de R\u00e9f\u00e9rence.<\/em><\/h5>\n","protected":false},"excerpt":{"rendered":"<div class=\"wpb_text_column wpb_content_element \">\n<div class=\"wpb_wrapper\">\n<h1><strong>L-Lysine<\/strong><\/h1>\n<table border=\"0\" cellspacing=\"0\" cellpadding=\"0\">\n<tbody>\n<tr>\n<td valign=\"top\" width=\"18\"><img loading=\"lazy\" decoding=\"async\" class=\"alignnone size-full wp-image-2377\" title=\"\" src=\"http:\/\/nhco-nutrition.com\/france\/wp-content\/uploads\/2016\/11\/carre02_gris.gif\" alt=\"\" width=\"18\" height=\"10\" \/><\/td>\n<td valign=\"top\"><span class=\"Style2\">Acide amin\u00e9 essentiel<\/span><\/td>\n<\/tr>\n<\/tbody>\n<\/table>\n<h1><\/h1>\n<p>56 g\u00e9lules v\u00e9g\u00e9tales ClearCaps\u2122<\/p>\n<\/div>\n<\/div>\n<div class=\"wpb_accordion wpb_content_element  not-column-inherit\" data-collapsible=\"\" data-vc-disable-keydown=\"false\" data-active-tab=\"1\">\n<div class=\"wpb_wrapper wpb_accordion_wrapper ui-accordion ui-widget ui-helper-reset\" role=\"tablist\">\n<div class=\"wpb_accordion_section group\">\n<h3 id=\"ui-id-1\" class=\"wpb_accordion_header ui-accordion-header ui-state-default ui-accordion-header-active ui-state-active ui-corner-top ui-accordion-icons\" tabindex=\"0\" role=\"tab\" aria-controls=\"ui-id-2\" aria-selected=\"true\" aria-expanded=\"true\"><a href=\"https:\/\/nhco-nutrition.com\/france\/produits\/l-lysine\/#presentation\">PR\u00c9SENTATION<\/a><\/h3>\n<div id=\"ui-id-2\" class=\"wpb_accordion_content ui-accordion-content vc_clearfix ui-helper-reset ui-widget-content ui-corner-bottom ui-accordion-content-active\" role=\"tabpanel\" aria-labelledby=\"ui-id-1\" aria-hidden=\"false\">\n<div class=\"wpb_text_column wpb_content_element \">\n<div class=\"wpb_wrapper\">\n<p>Les<strong>\u00a0Laboratoires NHCO Nutrition<\/strong><sup>\u00ae<\/sup>\u00a0se sont sp\u00e9cialis\u00e9s dans la recherche et le d\u00e9veloppement de formules \u00e0 base d\u2019acides amin\u00e9s. Ceci constitue le fondement de leur sp\u00e9cialit\u00e9 :\u00a0<strong>l\u2019Aminoscience<\/strong><sup>\u00ae<\/sup>.<\/p>\n<p><strong>L\u2019Aminoscience<\/strong><sup>\u00ae<\/sup>\u00a0permet de proposer une offre large d\u2019acides amin\u00e9s, seuls ou en synergie avec d\u2019autres nutriments, permettant d\u2019agir utilement sur les effets physiologiques de l\u2019organisme.<\/p>\n<\/div>\n<\/div>\n<\/div>\n<\/div>\n<\/div>\n<\/div>\n","protected":false},"featured_media":2226,"comment_status":"open","ping_status":"closed","template":"","meta":[],"product_brand":[],"product_cat":[23],"product_tag":[],"class_list":{"0":"post-377","1":"product","2":"type-product","3":"status-publish","4":"has-post-thumbnail","6":"product_cat-23","7":"entry","9":"first","10":"instock","11":"taxable","12":"shipping-taxable","13":"purchasable","14":"product-type-simple"},"jetpack_sharing_enabled":true,"_links":{"self":[{"href":"https:\/\/healthstore.mc\/index.php\/wp-json\/wp\/v2\/product\/377","targetHints":{"allow":["GET"]}}],"collection":[{"href":"https:\/\/healthstore.mc\/index.php\/wp-json\/wp\/v2\/product"}],"about":[{"href":"https:\/\/healthstore.mc\/index.php\/wp-json\/wp\/v2\/types\/product"}],"replies":[{"embeddable":true,"href":"https:\/\/healthstore.mc\/index.php\/wp-json\/wp\/v2\/comments?post=377"}],"wp:featuredmedia":[{"embeddable":true,"href":"https:\/\/healthstore.mc\/index.php\/wp-json\/wp\/v2\/media\/2226"}],"wp:attachment":[{"href":"https:\/\/healthstore.mc\/index.php\/wp-json\/wp\/v2\/media?parent=377"}],"wp:term":[{"taxonomy":"product_brand","embeddable":true,"href":"https:\/\/healthstore.mc\/index.php\/wp-json\/wp\/v2\/product_brand?post=377"},{"taxonomy":"product_cat","embeddable":true,"href":"https:\/\/healthstore.mc\/index.php\/wp-json\/wp\/v2\/product_cat?post=377"},{"taxonomy":"product_tag","embeddable":true,"href":"https:\/\/healthstore.mc\/index.php\/wp-json\/wp\/v2\/product_tag?post=377"}],"curies":[{"name":"wp","href":"https:\/\/api.w.org\/{rel}","templated":true}]}}