{"id":379,"date":"2020-04-23T19:23:48","date_gmt":"2020-04-23T17:23:48","guid":{"rendered":"http:\/\/10.0.0.17\/wordpress\/produit\/rtinium-28cps28caps-2\/"},"modified":"2024-09-21T16:38:29","modified_gmt":"2024-09-21T14:38:29","slug":"rtinium-28cps28caps-2","status":"publish","type":"product","link":"https:\/\/healthstore.mc\/index.php\/product\/rtinium-28cps28caps-2\/","title":{"rendered":"R\u00e9tinium 28cps+28caps"},"content":{"rendered":"<p>Avec l\u2019\u00e2ge, mais \u00e9galement selon le mode de vie ou l\u2019alimentation, nos yeux perdent naturellement certaines capacit\u00e9s visuelles. Afin de pr\u00e9server une bonne sant\u00e9 oculaire, il est utile d\u2019agir sur les tissus essentiels de l\u2019oeil, comme la r\u00e9tine, le cristallin et la corn\u00e9e en leur apportant notamment suffisamment de nutriments qui leur sont b\u00e9n\u00e9fiques.<\/p>\n<p><strong>R\u00c9TINIUM\u2122<\/strong>\u00a0des Laboratoires NHCO Nutrition<sup>\u00ae<\/sup>\u00a0combine deux formules Matin et Soir uniques pour une action globale.<\/p>\n<p>La formule Matin r\u00e9unit trois complexes :<br \/>\n<img loading=\"lazy\" decoding=\"async\" class=\"alignnone size-full wp-image-18293\" src=\"https:\/\/nhco-nutrition.com\/france\/wp-content\/uploads\/2019\/08\/carre-bleu-retinium.png\" alt=\"\" width=\"18\" height=\"10\" \/>VISIOMINE\u2122 contient de la Taurine, acide amin\u00e9 le plus abondant dans la r\u00e9tine, associ\u00e9e aux vitamines D3 et B2. Cette derni\u00e8re contribue au maintien d\u2019une vision normale.<br \/>\n<img loading=\"lazy\" decoding=\"async\" class=\"alignnone size-full wp-image-18293\" src=\"https:\/\/nhco-nutrition.com\/france\/wp-content\/uploads\/2019\/08\/carre-bleu-retinium.png\" alt=\"\" width=\"18\" height=\"10\" \/>AREDOX\u2122 combine de la B\u00eata-Alanine, des antioxydants tels que le Cuivre et la vitamine C qui aident \u00e0 prot\u00e9ger contre le stress oxydatif, et deux extraits innovants, du safran et de la SOD* provenant de melon.<br \/>\n<img loading=\"lazy\" decoding=\"async\" class=\"alignnone size-full wp-image-18293\" src=\"https:\/\/nhco-nutrition.com\/france\/wp-content\/uploads\/2019\/08\/carre-bleu-retinium.png\" alt=\"\" width=\"18\" height=\"10\" \/>A-VEGF Complex\u2122 associe la N-Ac\u00e9tyl-Cyst\u00e9ine avec un extrait de th\u00e9 vert qui contribue au maintien d\u2019une bonne sant\u00e9 des yeux et \u00e0 leur protection face aux dommages oxydatifs.<\/p>\n<p>La formule Soir contient des pigments reconnus d\u2019origine naturelle, z\u00e9axanthine et lut\u00e9ine, du DHA** qui participe au maintien d\u2019une bonne vision ainsi que de la vitamine E d\u2019origine naturelle. Le DHA est issu d\u2019une huile de poisson certifi\u00e9e \u00abFriend Of the Sea\u00bb.<\/p>\n<h5><em>* SuperOxyde Dismutase, une enzyme de d\u00e9fense naturellement pr\u00e9sente dans l\u2019organisme.<\/em><br \/>\n<em>** Acide docohexa\u00e9no\u00efque, acide gras du groupe des Om\u00e9ga-3.<\/em><\/h5>\n<table border=\"0\" width=\"100%\" cellspacing=\"0\" cellpadding=\"10\">\n<tbody>\n<tr>\n<td bgcolor=\"#90d1f1\" width=\"40%\"><strong>Conseils d\u2019utilisation<\/strong><\/td>\n<\/tr>\n<\/tbody>\n<\/table>\n<table border=\"0\" width=\"100%\" cellspacing=\"0\" cellpadding=\"10\">\n<tbody>\n<tr>\n<td bgcolor=\"#d2ebfa\" width=\"50%\">Le matin<\/td>\n<td bgcolor=\"#e0f1fb\" width=\"50%\"><strong>1 comprim\u00e9*<\/strong><\/td>\n<\/tr>\n<tr>\n<td bgcolor=\"#d2ebfa\" width=\"50%\">Le soir<\/td>\n<td bgcolor=\"#e0f1fb\" width=\"50%\"><strong>1 capsule<\/strong><\/td>\n<\/tr>\n<\/tbody>\n<\/table>\n<table border=\"0\" width=\"100%\" cellspacing=\"0\" cellpadding=\"10\">\n<tbody>\n<tr>\n<td bgcolor=\"#90d1f1\">Programme de 4 semaines. Renouvelable.<\/td>\n<\/tr>\n<\/tbody>\n<\/table>\n<p>* \u00c0 consommer pendant le repas.<\/p>\n<h5>Contient de la caf\u00e9ine, d\u00e9conseill\u00e9 aux enfants et aux femmes enceintes ou allaitantes (27 mg pour 1 comprim\u00e9).<br \/>\nCe compl\u00e9ment alimentaire n\u2019est pas un m\u00e9dicament. Il est recommand\u00e9 de respecter la dose journali\u00e8re indiqu\u00e9e, de le consommer dans le cadre d\u2019une alimentation vari\u00e9e et \u00e9quilibr\u00e9e et d\u2019un mode de vie sain et de le tenir hors de port\u00e9e des jeunes enfants. R\u00e9serv\u00e9 \u00e0 l\u2019adulte except\u00e9 la femme enceinte ou allaitante. Les personnes sous contr\u00f4le m\u00e9dical doivent demander l\u2019avis de leur m\u00e9decin, en particulier celles sous antid\u00e9presseurs ou polym\u00e9diqu\u00e9es.<\/h5>\n<h5>\u00c0 consommer de pr\u00e9f\u00e9rence avant la date indiqu\u00e9e sous l\u2019\u00e9tui. \u00c0 conserver dans un endroit sec et frais.<\/h5>\n<p><strong>Compl\u00e9ment alimentaire<\/strong><br \/>\n<strong>I<\/strong><strong>ngr\u00e9dients comprim\u00e9 Matin :<\/strong>\u00a0extrait de feuille de th\u00e9 vert (<em>Camellia sinensis<\/em>), agent de charge : cellulose microcristalline, Taurine, antiagglom\u00e9rants : phosphate dicalcique et st\u00e9arate de magn\u00e9sium, N-Ac\u00e9tyl-Cyst\u00e9ine, B\u00eata-Alanine, vitamine C (acide ascorbique), bisglycinate de Zinc, extrait de stigmates de safran (<em>Crocus sativus<\/em>), concentr\u00e9 de jus de melon (<em>Cucumis melo<\/em>) standardis\u00e9 en SOD (Superoxyde Dismutase), bisglycinate de Cuivre, vitamine D3 (chol\u00e9calcif\u00e9rol), vitamine B2 (riboflavine).<\/p>\n<p><strong>Ingr\u00e9dients capsule Soir :\u00a0<\/strong>huile de poisson, vitamine E (D-alphatocoph\u00e9rol), FloraGLO<sup>\u00ae<\/sup>\u00a0(lut\u00e9ine extraite de fleur de\u00a0<em>Tagetes erecta<\/em>), cire d\u2019abeille blanche, OPTISHARP<sup>\u00ae<\/sup>\u00a0Natural (z\u00e9axanthine extraite de fleur de\u00a0<em>Tagetes erecta<\/em>). Capsule : g\u00e9latine de poisson, humectant : glyc\u00e9rol, colorant : complexes cuivriques de chlorophyllines.<\/p>\n<p><strong><img loading=\"lazy\" decoding=\"async\" class=\"alignnone wp-image-18442 size-full\" src=\"https:\/\/nhco-nutrition.com\/france\/wp-content\/uploads\/2019\/08\/logos-retinium-visiocare-e1609082935434.png\" sizes=\"auto, (max-width: 328px) 100vw, 328px\" srcset=\"https:\/\/nhco-nutrition.com\/france\/wp-content\/uploads\/2019\/08\/logos-retinium-visiocare-e1609082935434.png 328w, https:\/\/nhco-nutrition.com\/france\/wp-content\/uploads\/2019\/08\/logos-retinium-visiocare-e1609082935434-300x55.png 300w\" alt=\"\" width=\"328\" height=\"60\" \/><\/strong><\/p>\n<table border=\"0\" width=\"100%\" cellspacing=\"0\" cellpadding=\"10\">\n<tbody>\n<tr>\n<td bgcolor=\"#666666\"><strong>Composition pour 1 comprim\u00e9\/jour (911,4 mg)<\/strong><\/td>\n<\/tr>\n<\/tbody>\n<\/table>\n<table border=\"0\" width=\"100%\" cellspacing=\"0\" cellpadding=\"10\">\n<tbody>\n<tr>\n<td align=\"left\" bgcolor=\"#a2a2a2\" width=\"50\">Ingr\u00e9dients<\/td>\n<td align=\"right\" bgcolor=\"#a2a2a2\" width=\"20%\">Dosage<\/td>\n<\/tr>\n<\/tbody>\n<\/table>\n<table border=\"0\" width=\"100%\" cellspacing=\"0\" cellpadding=\"10\">\n<tbody>\n<tr>\n<td align=\"left\" bgcolor=\"#cccccc\"><strong>Complexe VISIOMINE<\/strong><\/td>\n<td align=\"right\" bgcolor=\"#cccccc\"><strong>201,4 mg<\/strong><\/td>\n<\/tr>\n<\/tbody>\n<\/table>\n<table border=\"0\" width=\"100%\" cellspacing=\"0\" cellpadding=\"10\">\n<tbody>\n<tr>\n<td bgcolor=\"#f1efee\">\n<h5>Taurine 200 mg, vitamine B2 1,4 mg (100% VNR*), vitamine D3 5 \u03bcg (100% VNR*)<\/h5>\n<\/td>\n<\/tr>\n<\/tbody>\n<\/table>\n<table border=\"0\" width=\"100%\" cellspacing=\"0\" cellpadding=\"10\">\n<tbody>\n<tr>\n<td align=\"left\" bgcolor=\"#cccccc\"><strong>Complexe AREDOX<\/strong><\/td>\n<td align=\"right\" bgcolor=\"#cccccc\"><strong>226 mg<\/strong><\/td>\n<\/tr>\n<\/tbody>\n<\/table>\n<table border=\"0\" width=\"100%\" cellspacing=\"0\" cellpadding=\"10\">\n<tbody>\n<tr>\n<td bgcolor=\"#f1efee\">\n<h5>B\u00eata-Alanine 100 mg, vitamine C 80 mg (100% VNR*), extrait de safran brevet\u00e9 20 mg, concentr\u00e9 de jus de melon standardis\u00e9 en SOD (5 000 IU\/g) 15 mg, Zinc (sous forme amino-ch\u00e9lat\u00e9e<strong><sup>\u00ae<\/sup><\/strong>) 10 mg (100 % VNR*), Cuivre (sous forme amino-ch\u00e9lat\u00e9e<strong><sup>\u00ae<\/sup><\/strong>) 1 mg (100 % VNR*)<\/h5>\n<\/td>\n<\/tr>\n<\/tbody>\n<\/table>\n<table border=\"0\" width=\"100%\" cellspacing=\"0\" cellpadding=\"10\">\n<tbody>\n<tr>\n<td align=\"left\" bgcolor=\"#cccccc\"><strong>A-VEGF Complex<\/strong><\/td>\n<td align=\"right\" bgcolor=\"#cccccc\"><strong>484 mg<\/strong><\/td>\n<\/tr>\n<\/tbody>\n<\/table>\n<table border=\"0\" width=\"100%\" cellspacing=\"0\" cellpadding=\"10\">\n<tbody>\n<tr>\n<td bgcolor=\"#f1efee\">\n<h5>Extrait de th\u00e9 vert 334 mg standardis\u00e9 en cat\u00e9chines \u00e0 200 mg (30% de gallate d\u2019\u00e9pigallocat\u00e9chine), N-Ac\u00e9tyl-Cyst\u00e9ine 150 mg<\/h5>\n<\/td>\n<\/tr>\n<\/tbody>\n<\/table>\n<p>&nbsp;<\/p>\n<table border=\"0\" width=\"100%\" cellspacing=\"0\" cellpadding=\"10\">\n<tbody>\n<tr>\n<td bgcolor=\"#666666\"><strong>Composition pour 1 capsule\/jour (542 mg)<\/strong><\/td>\n<\/tr>\n<\/tbody>\n<\/table>\n<table border=\"0\" width=\"100%\" cellspacing=\"0\" cellpadding=\"10\">\n<tbody>\n<tr>\n<td align=\"left\" bgcolor=\"#a2a2a2\" width=\"50\">Ingr\u00e9dients<\/td>\n<td align=\"right\" bgcolor=\"#a2a2a2\" width=\"20%\">Dosage<\/td>\n<\/tr>\n<tr>\n<td align=\"left\" bgcolor=\"#cccccc\"><strong>Huile de poisson<\/strong><\/td>\n<td align=\"right\" bgcolor=\"#cccccc\"><strong>500 mg<\/strong><\/td>\n<\/tr>\n<\/tbody>\n<\/table>\n<table border=\"0\" width=\"100%\" cellspacing=\"0\" cellpadding=\"10\">\n<tbody>\n<tr>\n<td align=\"left\" bgcolor=\"#f1efee\">dont Om\u00e9ga-3 totaux<\/td>\n<td align=\"right\" bgcolor=\"#f1efee\"><strong>350 mg<\/strong><\/td>\n<\/tr>\n<\/tbody>\n<\/table>\n<table border=\"0\" width=\"100%\" cellspacing=\"0\" cellpadding=\"10\">\n<tbody>\n<tr>\n<td align=\"left\" bgcolor=\"#f1efee\">dont DHA**<\/td>\n<td align=\"right\" bgcolor=\"#f1efee\"><strong>250 mg<\/strong><\/td>\n<\/tr>\n<\/tbody>\n<\/table>\n<table border=\"0\" width=\"100%\" cellspacing=\"0\" cellpadding=\"10\">\n<tbody>\n<tr>\n<td align=\"left\" bgcolor=\"#f1efee\">dont EPA***<\/td>\n<td align=\"right\" bgcolor=\"#f1efee\"><strong>50 mg<\/strong><\/td>\n<\/tr>\n<\/tbody>\n<\/table>\n<table border=\"0\" width=\"100%\" cellspacing=\"0\" cellpadding=\"10\">\n<tbody>\n<tr>\n<td align=\"left\" bgcolor=\"#cccccc\"><strong>Vitamine E naturelle (250% VNR*)<\/strong><\/td>\n<td align=\"right\" bgcolor=\"#cccccc\"><strong>30 mg<\/strong><\/td>\n<\/tr>\n<\/tbody>\n<\/table>\n<table border=\"0\" width=\"100%\" cellspacing=\"0\" cellpadding=\"10\">\n<tbody>\n<tr>\n<td align=\"left\" bgcolor=\"#cccccc\"><strong>Lut\u00e9ine naturelle FloraGLO<\/strong><sup>\u00ae<\/sup><\/td>\n<td align=\"right\" bgcolor=\"#cccccc\"><strong>10 mg<\/strong><\/td>\n<\/tr>\n<\/tbody>\n<\/table>\n<table border=\"0\" width=\"100%\" cellspacing=\"0\" cellpadding=\"10\">\n<tbody>\n<tr>\n<td align=\"left\" bgcolor=\"#cccccc\"><strong>Z\u00e9axanthine naturelle OPTISHARP<sup>\u00ae<\/sup>\u00a0Natural<\/strong><\/td>\n<td align=\"right\" bgcolor=\"#cccccc\"><strong>2 mg<\/strong><\/td>\n<\/tr>\n<\/tbody>\n<\/table>\n<h5><em>* Valeurs Nutritionnelles de R\u00e9f\u00e9rence.<br \/>\n** Acide docosahexa\u00e9no\u00efque.<br \/>\n*** Acide eicosapenta\u00e9no\u00efque.<\/em><\/h5>\n<h5>FloraGLO<sup>\u00ae<\/sup>\u00a0est une marque d\u00e9pos\u00e9e par KEMIN. OPTISHARP<sup>\u00ae<\/sup>\u00a0Natural est une marque d\u00e9pos\u00e9e par DSM.<\/h5>\n<p>&nbsp;<\/p>\n<p>Poids net : 65 g. \u2013 Code ACL : 6170623<\/p>\n","protected":false},"excerpt":{"rendered":"<table border=\"0\" cellspacing=\"0\" cellpadding=\"0\">\n<tbody>\n<tr>\n<td valign=\"top\">\n<h1><strong>R\u00e9tinium\u2122<\/strong><\/h1>\n<\/td>\n<\/tr>\n<tr>\n<td valign=\"top\" height=\"50\">\n<h5>Duo \u00df-Aminolens\u2122, A-VEGF complex\u2122<br \/>\n(ESBY#1,100,417)<\/h5>\n<\/td>\n<\/tr>\n<\/tbody>\n<\/table>\n<h3><strong>Sant\u00e9 des yeux<\/strong><\/h3>\n<p><img loading=\"lazy\" decoding=\"async\" class=\"alignnone size-full wp-image-18293\" src=\"https:\/\/nhco-nutrition.com\/france\/wp-content\/uploads\/2019\/08\/carre-bleu-retinium.png\" alt=\"\" width=\"18\" height=\"10\" \/>Formule unique associant de la Taurine avec un extrait brevet\u00e9 de safran, du DHA\u00a0<strong>aidant au maintien d\u2019une bonne vision<\/strong>, de la lut\u00e9ine et de la z\u00e9axanthine d\u2019origine naturelle et un extrait de th\u00e9 vert\u00a0<strong>contribuant \u00e0 la bonne sant\u00e9 des yeux<\/strong>.<\/p>\n<p><strong><img loading=\"lazy\" decoding=\"async\" class=\"alignnone size-full wp-image-18292\" src=\"https:\/\/nhco-nutrition.com\/france\/wp-content\/uploads\/2019\/08\/picto-YelixTech.png\" alt=\"\" width=\"80\" height=\"84\" \/><\/strong><\/p>\n<p><strong>28 comprim\u00e9s + 28 capsules \u2013 4 semaines<\/strong><\/p>\n","protected":false},"featured_media":2262,"comment_status":"open","ping_status":"closed","template":"","meta":[],"product_brand":[],"product_cat":[23],"product_tag":[],"class_list":{"0":"post-379","1":"product","2":"type-product","3":"status-publish","4":"has-post-thumbnail","6":"product_cat-23","7":"entry","9":"first","10":"instock","11":"taxable","12":"shipping-taxable","13":"purchasable","14":"product-type-simple"},"jetpack_sharing_enabled":true,"_links":{"self":[{"href":"https:\/\/healthstore.mc\/index.php\/wp-json\/wp\/v2\/product\/379","targetHints":{"allow":["GET"]}}],"collection":[{"href":"https:\/\/healthstore.mc\/index.php\/wp-json\/wp\/v2\/product"}],"about":[{"href":"https:\/\/healthstore.mc\/index.php\/wp-json\/wp\/v2\/types\/product"}],"replies":[{"embeddable":true,"href":"https:\/\/healthstore.mc\/index.php\/wp-json\/wp\/v2\/comments?post=379"}],"wp:featuredmedia":[{"embeddable":true,"href":"https:\/\/healthstore.mc\/index.php\/wp-json\/wp\/v2\/media\/2262"}],"wp:attachment":[{"href":"https:\/\/healthstore.mc\/index.php\/wp-json\/wp\/v2\/media?parent=379"}],"wp:term":[{"taxonomy":"product_brand","embeddable":true,"href":"https:\/\/healthstore.mc\/index.php\/wp-json\/wp\/v2\/product_brand?post=379"},{"taxonomy":"product_cat","embeddable":true,"href":"https:\/\/healthstore.mc\/index.php\/wp-json\/wp\/v2\/product_cat?post=379"},{"taxonomy":"product_tag","embeddable":true,"href":"https:\/\/healthstore.mc\/index.php\/wp-json\/wp\/v2\/product_tag?post=379"}],"curies":[{"name":"wp","href":"https:\/\/api.w.org\/{rel}","templated":true}]}}