{"id":380,"date":"2020-04-23T19:23:52","date_gmt":"2020-04-23T17:23:52","guid":{"rendered":"http:\/\/10.0.0.17\/wordpress\/produit\/symetix-56gel56caps-2\/"},"modified":"2024-09-21T16:42:40","modified_gmt":"2024-09-21T14:42:40","slug":"symetix-56gel56caps-2","status":"publish","type":"product","link":"https:\/\/healthstore.mc\/index.php\/product\/symetix-56gel56caps-2\/","title":{"rendered":"Symetix 56gel+56caps"},"content":{"rendered":"<p>Le ph\u00e9nom\u00e8ne de surpoids est g\u00e9n\u00e9ralement d\u00fb \u00e0 une s\u00e9dentarit\u00e9 et \u00e0 un d\u00e9s\u00e9quilibre hygi\u00e9no-di\u00e9t\u00e9tique, favorisant un apport calorique trop important, sous forme de lipides et de glucides.<br \/>\nLa surcharge pond\u00e9rale peut se traduire par un d\u00e9s\u00e9quilibre dans le fonctionnement du m\u00e9tabolisme de l\u2019organisme, au c\u0153ur de la d\u00e9pense \u00e9nerg\u00e9tique, pouvant ainsi rendre plus difficile la perte de poids. Il est alors n\u00e9cessaire de retrouver des r\u00e9flexes b\u00e9n\u00e9fiques tels que l\u2019activit\u00e9 physique et une alimentation \u00e9quilibr\u00e9e et vari\u00e9e, en s\u2019aidant d\u2019une suppl\u00e9mentation nutritionnelle cibl\u00e9e sur le m\u00e9tabolisme de l\u2019organisme.<\/p>\n<p>Dans ce cadre, les Laboratoires\u00a0<strong>NHCO Nutrition<\/strong>\u00ae ont d\u00e9velopp\u00e9\u00a0<strong>SYMETIX<\/strong>\u2122 pour vous aider \u00e0 atteindre votre objectif : retrouver votre poids de forme.<br \/>\n<strong>SYMETIX<\/strong>\u2122\u00a0<strong>Matin<\/strong>\u00a0regroupe 3 complexes sp\u00e9cifiques :<br \/>\n<strong><img loading=\"lazy\" decoding=\"async\" title=\"\" src=\"http:\/\/www.nhco-nutrition.com\/images\/carre02_bleuclair.gif\" alt=\"\" width=\"18\" height=\"10\" \/>Le Complexe Thermolip<\/strong>\u00a0est une association d\u2019acides amin\u00e9s et d\u2019extraits v\u00e9g\u00e9taux, dont le guarana et le th\u00e9 vert qui stimulent la thermogen\u00e8se, favorisant ainsi l\u2019amincissement en compl\u00e9ment de mesures di\u00e9t\u00e9tiques.<br \/>\n<strong><img loading=\"lazy\" decoding=\"async\" title=\"\" src=\"http:\/\/www.nhco-nutrition.com\/images\/carre02_bleuclair.gif\" alt=\"\" width=\"18\" height=\"10\" \/>Le Complexe concentr\u00e9 exclusif Glucolipotropique<\/strong>\u00a0est constitu\u00e9 d\u2019un extrait de cannelle, de choline ainsi que de Chrome qui participe au m\u00e9tabolisme physiologique des macronutriments, notamment des glucides et des lipides.<br \/>\n<img loading=\"lazy\" decoding=\"async\" title=\"\" src=\"http:\/\/www.nhco-nutrition.com\/images\/carre02_bleuclair.gif\" alt=\"\" width=\"18\" height=\"10\" \/>Enfin, les\u00a0<strong>vitamines B1, B3, B6<\/strong>\u00a0et\u00a0<strong>C<\/strong>\u00a0contribuent \u00e0 un m\u00e9tabolisme \u00e9nerg\u00e9tique normal.<br \/>\n<strong><img loading=\"lazy\" decoding=\"async\" title=\"\" src=\"http:\/\/www.nhco-nutrition.com\/images\/carre02_bleuclair.gif\" alt=\"\" width=\"18\" height=\"10\" \/>SYMETIX<\/strong>\u2122\u00a0<strong>Soir<\/strong>\u00a0est compos\u00e9 de\u00a0<strong>CLA 1000<\/strong>, l\u2019une des formes les plus concentr\u00e9es d\u2019apport de cet acide gras tr\u00e8s sp\u00e9cifique : l\u2019acide linol\u00e9ique conjugu\u00e9.<\/p>\n<table border=\"0\" width=\"100%\" cellspacing=\"0\" cellpadding=\"10\">\n<tbody>\n<tr>\n<td bgcolor=\"#8ad5e5\" width=\"50%\"><strong>Conseils d\u2019utilisation<\/strong><\/td>\n<td bgcolor=\"#cbebf4\" width=\"50%\"><strong>Pendant les repas<\/strong><\/td>\n<\/tr>\n<tr>\n<td bgcolor=\"#8ad5e5\" width=\"50%\">Le matin<\/td>\n<td bgcolor=\"#cbebf4\" width=\"50%\"><strong>2 g\u00e9lules vertes<\/strong><\/td>\n<\/tr>\n<tr>\n<td bgcolor=\"#8ad5e5\" width=\"50%\">Le soir<\/td>\n<td bgcolor=\"#cbebf4\" width=\"50%\"><strong>2 capsules CLA<\/strong><\/td>\n<\/tr>\n<\/tbody>\n<\/table>\n<table border=\"0\" width=\"100%\" cellspacing=\"0\" cellpadding=\"10\">\n<tbody>\n<tr>\n<td bgcolor=\"#00b4d0\">4 semaines \/ \u00c0 renouveler si n\u00e9cessaire.<\/td>\n<\/tr>\n<\/tbody>\n<\/table>\n<p>&nbsp;<\/p>\n<h5>Ce compl\u00e9ment alimentaire n\u2019est pas un m\u00e9dicament. Il est recommand\u00e9 de respecter la dose journali\u00e8re indiqu\u00e9e, de le consommer dans le cadre d\u2019une alimentation vari\u00e9e et \u00e9quilibr\u00e9e et d\u2019un mode de vie sain et de le tenir hors de port\u00e9e des jeunes enfants. R\u00e9serv\u00e9 \u00e0 l\u2019adulte. Contient de la caf\u00e9ine, d\u00e9conseill\u00e9 aux enfants et aux femmes enceintes ou allaitantes (35 mg pour 2 g\u00e9lules Matin). Les personnes sous contr\u00f4le m\u00e9dical doivent demander conseil \u00e0 leur m\u00e9decin traitant.<\/h5>\n<h5>\u00c0 consommer de pr\u00e9f\u00e9rence avant la date indiqu\u00e9e sous l\u2019\u00e9tui. Bien refermer apr\u00e8s ouverture. \u00c0 conserver dans un endroit sec et frais.<\/h5>\n<p><strong>Compl\u00e9ment alimentaire<\/strong><br \/>\n<strong>Ingr\u00e9dients g\u00e9lule Matin :<\/strong>\u00a0chlorhydrate de L-Arginine, vitamine C, extrait de feuilles de th\u00e9 vert\u00a0<em>(Camellia sinensis)<\/em>, choline bitartrate, extrait de graines de guarana\u00a0<em>(Paullinia cupana)<\/em>, L-Citrulline, extrait d\u2019\u00e9corce de cannelle<em>\u00a0(Cinnamomum zeylanicum),<\/em>\u00a0acide alpha-lipo\u00efque, extrait de fruit de cassis\u00a0<em>(Ribes nigrum)<\/em>, vitamine B3, vitamine E naturelle, anti-agglom\u00e9rant : st\u00e9arate de magn\u00e9sium v\u00e9g\u00e9tal, vitamine B5, trans-resv\u00e9ratrol, extrait de bulbe d\u2019ail d\u00e9sodoris\u00e9\u00a0<em>(Allium sativum)<\/em>, vitamine B1, vitamine B6, vitamine B9, picolinate de Chrome, vitamine D. G\u00e9lule : hydroxypropylm\u00e9thylcellulose, colorant : complexes cuivriques de chlorophyllines.<br \/>\n<strong>Ingr\u00e9dients capsule Soir :<\/strong>\u00a0CLA (acide linol\u00e9ique conjugu\u00e9), antioxydant : extraits riches en tocoph\u00e9rols. Capsule : g\u00e9latine, humectant : glyc\u00e9rol.<\/p>\n<table border=\"0\" width=\"100%\" cellspacing=\"0\" cellpadding=\"10\">\n<tbody>\n<tr>\n<td bgcolor=\"#666666\"><strong>Composition moyenne pour 2 g\u00e9lules\/jour (1 336 mg)<\/strong><\/td>\n<\/tr>\n<\/tbody>\n<\/table>\n<table border=\"0\" width=\"100%\" cellspacing=\"0\" cellpadding=\"10\">\n<tbody>\n<tr>\n<td align=\"left\" bgcolor=\"#A2A2A2\" width=\"50\">Ingr\u00e9dients<\/td>\n<td align=\"right\" bgcolor=\"#A2A2A2\" width=\"20%\">Dosage<\/td>\n<\/tr>\n<tr>\n<td align=\"left\" bgcolor=\"#CCCCCC\"><strong>Complexe Thermolip<\/strong><\/td>\n<td align=\"right\" bgcolor=\"#CCCCCC\"><strong>710 mg<\/strong><\/td>\n<\/tr>\n<\/tbody>\n<\/table>\n<table border=\"0\" width=\"100%\" cellspacing=\"0\" cellpadding=\"10\">\n<tbody>\n<tr>\n<td bgcolor=\"#f1efee\">\n<h5>Extraits de\u00a0<em>Camellia sinensis<\/em>\u00a0160 mg, de\u00a0<em>Paullinia cupana<\/em>\u00a0120 mg et d\u2019<em>Allium sativum<\/em>\u00a010 mg, chlorhydrate de L-Arginine 300 mg, L-Citrulline 120 mg<\/h5>\n<\/td>\n<\/tr>\n<\/tbody>\n<\/table>\n<table border=\"0\" width=\"100%\" cellspacing=\"0\" cellpadding=\"10\">\n<tbody>\n<tr>\n<td align=\"left\" bgcolor=\"#CCCCCC\" width=\"50\"><strong>Complexe Gluco-lipotropique<\/strong><\/td>\n<td align=\"right\" bgcolor=\"#CCCCCC\" width=\"20%\"><strong>395 mg<\/strong><\/td>\n<\/tr>\n<\/tbody>\n<\/table>\n<table border=\"0\" width=\"100%\" cellspacing=\"0\" cellpadding=\"10\">\n<tbody>\n<tr>\n<td bgcolor=\"#f1efee\">\n<h5>Choline bitartrate 160 mg (\u00e9quivalent \u00e0 65,6 mg de choline), extrait de cannelle, 80 mg, acide alpha-lipo\u00efque 80 mg, extrait de cassis 60 mg, vitamine E 10 mg, (83% VNR*), trans-resv\u00e9ratrol 5 mg, Chrome 25 \u03bcg (62% VNR*)<\/h5>\n<\/td>\n<\/tr>\n<\/tbody>\n<\/table>\n<table border=\"0\" width=\"100%\" cellspacing=\"0\" cellpadding=\"10\">\n<tbody>\n<tr>\n<td align=\"left\" bgcolor=\"#CCCCCC\" width=\"50\"><strong>Complexe Vitaminique<\/strong><\/td>\n<td align=\"right\" bgcolor=\"#CCCCCC\" width=\"20%\"><strong>231 mg<\/strong><\/td>\n<\/tr>\n<\/tbody>\n<\/table>\n<table border=\"0\" width=\"100%\" cellspacing=\"0\" cellpadding=\"10\">\n<tbody>\n<tr>\n<td bgcolor=\"#f1efee\">\n<h5>Vitamine C 160 mg (200% VNR*), vitamine B3 48 mg (300% VNR*), vitamine B5 18 mg (300% VNR*), vitamine B1 3,3 mg (300% VNR*), vitamine B6 1,4 mg (100% VNR*), vitamine B9 200 \u03bcg (100% VNR*), vitamine D 5 \u03bcg (100% VNR*)<\/h5>\n<\/td>\n<\/tr>\n<\/tbody>\n<\/table>\n<h5><em>* Valeurs Nutritionnelles de R\u00e9f\u00e9rence.<\/em><\/h5>\n<table border=\"0\" width=\"100%\" cellspacing=\"0\" cellpadding=\"10\">\n<tbody>\n<tr>\n<td bgcolor=\"#666666\"><strong>Composition moyenne pour 2 g\u00e9lules soir\/jour (1 997 mg)<\/strong><\/td>\n<\/tr>\n<\/tbody>\n<\/table>\n<table border=\"0\" width=\"100%\" cellspacing=\"0\" cellpadding=\"10\">\n<tbody>\n<tr>\n<td align=\"left\" bgcolor=\"#A2A2A2\" width=\"50\">Ingr\u00e9dients<\/td>\n<td align=\"right\" bgcolor=\"#A2A2A2\" width=\"20%\">Dosage<\/td>\n<\/tr>\n<tr>\n<td align=\"left\" bgcolor=\"#CCCCCC\"><strong>CLA 1000<\/strong>\u00a0(acide linol\u00e9ique conjugu\u00e9 \u00e0 80 %)<\/td>\n<td align=\"right\" bgcolor=\"#CCCCCC\"><strong>1 997 mg<\/strong><\/td>\n<\/tr>\n<\/tbody>\n<\/table>\n<h5>\u00a0Contient de la caf\u00e9ine, d\u00e9conseill\u00e9 aux enfants et aux femmes enceintes ou allaitantes (35 mg pour 2 g\u00e9lules Matin).<\/h5>\n<p>&nbsp;<\/p>\n<p>Poids net : 119 g \u2013 Code ACL : 3401548680087<\/p>\n","protected":false},"excerpt":{"rendered":"<table border=\"0\" cellspacing=\"0\" cellpadding=\"0\">\n<tbody>\n<tr>\n<td valign=\"top\">\n<h1><strong>Symetix\u2122<\/strong><\/h1>\n<\/td>\n<\/tr>\n<tr>\n<td valign=\"top\" height=\"40\">\n<h5>CLA 1000 concentr\u00e9 \u2013 Complexe Gluco-lipotropique \u2013 Complexe Thermolip<\/h5>\n<\/td>\n<\/tr>\n<\/tbody>\n<\/table>\n<h3><strong>Surcharge pond\u00e9rale<\/strong><\/h3>\n<p><img loading=\"lazy\" decoding=\"async\" title=\"\" src=\"http:\/\/www.nhco-nutrition.com\/images\/carre02_bleuclair.gif\" alt=\"\" width=\"18\" height=\"10\" \/>Renferme 3300 mg d\u2019actifs par jour, notamment des acides amin\u00e9s, du CLA concentr\u00e9, des extraits de guarana et de th\u00e9 vert qui stimulent la thermogen\u00e8se, favorisant\u00a0<strong>l\u2019amincissement et le retour \u00e0 un poids de forme<\/strong>, le complexe exclusif gluco-lipotropique et des vitamines B1, B3 et B6 qui participent au\u00a0<strong>fonctionnement normal du m\u00e9tabolisme \u00e9nerg\u00e9tique<\/strong>.<\/p>\n<p><strong>56 g\u00e9lules<\/strong>\u00a0<strong>GreenCaps\u2122 + 56 capsules \u2013 4 semaines<\/strong><\/p>\n","protected":false},"featured_media":2264,"comment_status":"open","ping_status":"closed","template":"","meta":[],"product_brand":[],"product_cat":[23],"product_tag":[],"class_list":{"0":"post-380","1":"product","2":"type-product","3":"status-publish","4":"has-post-thumbnail","6":"product_cat-23","7":"entry","9":"first","10":"instock","11":"taxable","12":"shipping-taxable","13":"purchasable","14":"product-type-simple"},"jetpack_sharing_enabled":true,"_links":{"self":[{"href":"https:\/\/healthstore.mc\/index.php\/wp-json\/wp\/v2\/product\/380","targetHints":{"allow":["GET"]}}],"collection":[{"href":"https:\/\/healthstore.mc\/index.php\/wp-json\/wp\/v2\/product"}],"about":[{"href":"https:\/\/healthstore.mc\/index.php\/wp-json\/wp\/v2\/types\/product"}],"replies":[{"embeddable":true,"href":"https:\/\/healthstore.mc\/index.php\/wp-json\/wp\/v2\/comments?post=380"}],"wp:featuredmedia":[{"embeddable":true,"href":"https:\/\/healthstore.mc\/index.php\/wp-json\/wp\/v2\/media\/2264"}],"wp:attachment":[{"href":"https:\/\/healthstore.mc\/index.php\/wp-json\/wp\/v2\/media?parent=380"}],"wp:term":[{"taxonomy":"product_brand","embeddable":true,"href":"https:\/\/healthstore.mc\/index.php\/wp-json\/wp\/v2\/product_brand?post=380"},{"taxonomy":"product_cat","embeddable":true,"href":"https:\/\/healthstore.mc\/index.php\/wp-json\/wp\/v2\/product_cat?post=380"},{"taxonomy":"product_tag","embeddable":true,"href":"https:\/\/healthstore.mc\/index.php\/wp-json\/wp\/v2\/product_tag?post=380"}],"curies":[{"name":"wp","href":"https:\/\/api.w.org\/{rel}","templated":true}]}}