{"id":381,"date":"2020-04-23T19:23:56","date_gmt":"2020-04-23T17:23:56","guid":{"rendered":"http:\/\/10.0.0.17\/wordpress\/produit\/l-aminoskin-56gel56gel-2\/"},"modified":"2024-09-21T16:42:41","modified_gmt":"2024-09-21T14:42:41","slug":"l-aminoskin-56gel56gel-2","status":"publish","type":"product","link":"https:\/\/healthstore.mc\/index.php\/product\/l-aminoskin-56gel56gel-2\/","title":{"rendered":"L-Aminoskin 56gel+56gel"},"content":{"rendered":"<p>Avec l\u2019\u00e2ge, en fonction du mode de vie et de l\u2019alimentation, la peau perd progressivement et visiblement les qualit\u00e9s d\u2019une peau jeune : moins d\u2019\u00e9lasticit\u00e9 et de fermet\u00e9 et un teint moins lumineux et plus irr\u00e9gulier.<\/p>\n<p>Cela est d\u00fb notamment \u00e0 une baisse de la production de collag\u00e8ne et d\u2019acide hyaluronique par les cellules vivantes de la peau, laissant appara\u00eetre des rides en surface.<\/p>\n<p>Les \u00e9quipes scientifiques des Laboratoires\u00a0<strong>NHCO Nutrition<\/strong><sup>\u00ae<\/sup>, expertes dans le d\u00e9veloppement de formules nutritionnelles \u00e0 base d\u2019acides amin\u00e9s, ont \u00e9labor\u00e9\u00a0<strong>L-AMINOSKIN<\/strong>\u2122<em>.<\/em><\/p>\n<p>Gr\u00e2ce \u00e0 l\u2019association unique de 21 ingr\u00e9dients, agissant matin et soir,\u00a0<strong>L-AMINOSKIN<\/strong>\u2122 fournit \u00e0 la peau toutes les ressources n\u00e9cessaires pour qu\u2019elle pr\u00e9serve sa vitalit\u00e9, sa tonicit\u00e9 et sa beaut\u00e9.<br \/>\n<img loading=\"lazy\" decoding=\"async\" class=\"alignnone size-full wp-image-2377\" title=\"\" src=\"http:\/\/www.nhco-nutrition.com\/images\/carre01_noir.gif\" alt=\"\" width=\"18\" height=\"10\" \/>Le complexe\u00a0<strong>Hyalurog\u00e8ne 600 LPM<\/strong>\u00a0est constitu\u00e9 d\u2019une association d\u2019acide hyaluronique, de pr\u00eale et de collag\u00e8ne. Ce dernier apporte un effet repulpeur et raffermissant \u00e0 la peau.<br \/>\n<img loading=\"lazy\" decoding=\"async\" class=\"alignnone size-full wp-image-2377\" title=\"\" src=\"http:\/\/www.nhco-nutrition.com\/images\/carre01_noir.gif\" alt=\"\" width=\"18\" height=\"10\" \/>Au sein du complexe\u00a0<strong>Zn-Skin ch\u00e9lat\u00e9<\/strong>, le Zinc est associ\u00e9 \u00e0 la vitamine C qui participe \u00e0 la formation du collag\u00e8ne physiologique, pour assurer le fonctionnement normal de la peau. Ces deux nutriments aident \u00e0 lutter contre le stress oxydatif, ph\u00e9nom\u00e8ne en partie responsable du vieillissement cellulaire. Ils contribuent ainsi \u00e0 lutter contre les signes de l\u2019\u00e2ge.<br \/>\n<img loading=\"lazy\" decoding=\"async\" class=\"alignnone size-full wp-image-2377\" title=\"\" src=\"http:\/\/www.nhco-nutrition.com\/images\/carre01_noir.gif\" alt=\"\" width=\"18\" height=\"10\" \/>Le complexe\u00a0<strong>Resv\u00e9nium<\/strong>\u00a0associe la vitamine E et le S\u00e9l\u00e9nium poss\u00e9dant \u00e9galement ces propri\u00e9t\u00e9s anti-\u00e2ge, avec du coenzyme Q10 et du resv\u00e9ratrol.<br \/>\n<img loading=\"lazy\" decoding=\"async\" class=\"alignnone size-full wp-image-2377\" title=\"\" src=\"http:\/\/www.nhco-nutrition.com\/images\/carre01_noir.gif\" alt=\"\" width=\"18\" height=\"10\" \/>Pour le soir, le complexe\u00a0<strong>Elastorepair VitaGH<\/strong>\u00a0fournit des acides amin\u00e9s sp\u00e9cifiques, notamment la Glycine, la L-Proline et la L-Arginine, constituants des prot\u00e9ines de collag\u00e8ne. Ils sont associ\u00e9s \u00e0 la biotine qui aide au maintien d\u2019une peau normale.<br \/>\n<img loading=\"lazy\" decoding=\"async\" class=\"alignnone size-full wp-image-2377\" title=\"\" src=\"http:\/\/www.nhco-nutrition.com\/site\/wp-content\/uploads\/2014\/09\/carre01_noir.gif\" alt=\"\" width=\"18\" height=\"10\" \/><strong>L-AMINOSKIN<\/strong>\u00a0apporte \u00e9galement de la lut\u00e9ine, pr\u00e9sente naturellement dans le derme, et du Cuivre qui contribue \u00e0 la pigmentation normale de la peau, pour un teint uniforme et \u00e9clatant.<\/p>\n<table border=\"0\" width=\"100%\" cellspacing=\"0\" cellpadding=\"10\">\n<tbody>\n<tr>\n<td bgcolor=\"#c7c8ca\" width=\"40%\"><strong>Conseils d\u2019utilisation<\/strong><\/td>\n<td bgcolor=\"#e3e4e5\" width=\"30%\">Au r\u00e9veil<\/td>\n<td bgcolor=\"#a9aaab\" width=\"30%\">Au coucher<\/td>\n<\/tr>\n<tr>\n<td bgcolor=\"#c7c8ca\" width=\"40%\">Le 1er mois<\/td>\n<td bgcolor=\"#e3e4e5\" width=\"30%\"><strong>2 g\u00e9lules vertes<\/strong><\/td>\n<td bgcolor=\"#a9aaab\" width=\"30%\"><strong>2 g\u00e9lules caramel<\/strong><\/td>\n<\/tr>\n<tr>\n<td bgcolor=\"#c7c8ca\">Les mois suivants<\/td>\n<td bgcolor=\"#e3e4e5\"><strong>1 g\u00e9lule verte<\/strong><\/td>\n<td bgcolor=\"#a9aaab\"><strong>1 g\u00e9lule caramel<\/strong><\/td>\n<\/tr>\n<\/tbody>\n<\/table>\n<h5>Ce compl\u00e9ment alimentaire n\u2019est pas un m\u00e9dicament. Il est recommand\u00e9 de respecter la dose journali\u00e8re indiqu\u00e9e, de le consommer dans le cadre d\u2019une alimentation vari\u00e9e et \u00e9quilibr\u00e9e et d\u2019un mode de vie sain et de le tenir hors de port\u00e9e des jeunes enfants. R\u00e9serv\u00e9 \u00e0 l\u2019adulte except\u00e9 la femme enceinte ou allaitante. Les personnes sous contr\u00f4le m\u00e9dical doivent demander conseil \u00e0 leur m\u00e9decin traitant.<\/h5>\n<h5>Bien refermer apr\u00e8s ouverture. \u00c0 conserver dans un endroit sec et frais.<\/h5>\n<p><strong>Compl\u00e9ment alimentaire<\/strong><br \/>\n<strong>Ingr\u00e9dients g\u00e9lule matin :<\/strong>\u00a0peptides de collag\u00e8ne de\u00a0<strong>poisson<\/strong>, L-Glutamine, vitamine C, hyaluronate de sodium, extrait de tige de pr\u00eale (<em>Equisetum arvense<\/em>), extrait de p\u00e9pins de raisin (<em>Vitis vinifera<\/em>), agent de charge : cellulose microcristalline, anti-agglom\u00e9rants : st\u00e9arate de magn\u00e9sium v\u00e9g\u00e9tal et phosphate de calcium, vitamine E naturelle (ac\u00e9tate de d-\u03b1-tocoph\u00e9rols), Zinc sous forme de bisglycinate, carnosine, coenzyme Q10, S\u00e9l\u00e9nium sous forme de s\u00e9l\u00e9nom\u00e9thionine, trans-resv\u00e9ratrol. Enveloppe de la g\u00e9lule : hydroxypropylm\u00e9thylcellulose, colorant : complexes cuivriques de chlorophyllines.<\/p>\n<p><strong>Ingr\u00e9dients g\u00e9lule soir :<\/strong>\u00a0L-Glutamine, chlorhydrate de L-Arginine, peptides de collag\u00e8ne de\u00a0<strong>poisson<\/strong>, chlorhydrate de L-Lysine, L-Proline, Glycine, N-Ac\u00e9tyl-D-Glucosamine (contient :\u00a0<strong>crustac\u00e9s<\/strong>), hyaluronate de Sodium, extrait de tige de pr\u00eale (Equisetum arvense), lut\u00e9ine extraite de fleur de Tagetes erecta, anti-agglom\u00e9rants : st\u00e9arate de magn\u00e9sium v\u00e9g\u00e9tal et phosphate de calcium, agent de charge : cellulose microcristalline, Cuivre sous forme de bisglycinate, vitamine B6 (chlorhydrate de pyridoxine), vitamine B8 (biotine). Enveloppe de la g\u00e9lule : hydroxypropylm\u00e9thylcellulose, colorant : caramel ordinaire.<\/p>\n<p><strong>G\u00e9lules v\u00e9g\u00e9tales vertes GreenCaps\u2122\u00a0et caramel BrownCaps\u2122<\/strong><\/p>\n<table border=\"0\" width=\"100%\" cellspacing=\"0\" cellpadding=\"10\">\n<tbody>\n<tr>\n<td bgcolor=\"#666666\"><strong>Composition moyenne pour 2 g\u00e9lules matin (1 126 mg)<\/strong><\/td>\n<\/tr>\n<\/tbody>\n<\/table>\n<table border=\"0\" width=\"100%\" cellspacing=\"0\" cellpadding=\"10\">\n<tbody>\n<tr>\n<td align=\"left\" bgcolor=\"#A2A2A2\" width=\"50\">Ingr\u00e9dients<\/td>\n<td align=\"right\" bgcolor=\"#A2A2A2\" width=\"20%\">Dosage<\/td>\n<\/tr>\n<tr>\n<td align=\"left\" bgcolor=\"#CCCCCC\"><strong>Complexe Hyalurog\u00e8ne 600 LPM<\/strong><\/td>\n<td align=\"right\" bgcolor=\"#CCCCCC\"><strong>920 mg<\/strong><\/td>\n<\/tr>\n<\/tbody>\n<\/table>\n<table border=\"0\" width=\"100%\" cellspacing=\"0\" cellpadding=\"10\">\n<tbody>\n<tr>\n<td bgcolor=\"#f1efee\">\n<h5>Collag\u00e8ne marin 550 mg, L-Glutamine 250 mg, hyaluronate de sodium 60 mg, extrait de pr\u00eale 60 mg<\/h5>\n<\/td>\n<\/tr>\n<\/tbody>\n<\/table>\n<table border=\"0\" width=\"100%\" cellspacing=\"0\" cellpadding=\"10\">\n<tbody>\n<tr>\n<td align=\"left\" bgcolor=\"#CCCCCC\" width=\"50\"><strong>Complexe Resv\u00e9nium<\/strong><\/td>\n<td align=\"right\" bgcolor=\"#CCCCCC\" width=\"20%\"><strong>120 mg<\/strong><\/td>\n<\/tr>\n<\/tbody>\n<\/table>\n<table border=\"0\" width=\"100%\" cellspacing=\"0\" cellpadding=\"10\">\n<tbody>\n<tr>\n<td bgcolor=\"#f1efee\">\n<h5>Extrait de p\u00e9pins de raisin 60 mg, carnosine 30 mg, vitamine E naturelle 12 mg (100 % VNR*), coenzyme Q10 10 mg, resv\u00e9ratrol 4 mg, S\u00e9l\u00e9nium sous forme de s\u00e9l\u00e9nom\u00e9thionine 22 \u03bcg (40 % VNR*)<\/h5>\n<\/td>\n<\/tr>\n<\/tbody>\n<\/table>\n<table border=\"0\" width=\"100%\" cellspacing=\"0\" cellpadding=\"10\">\n<tbody>\n<tr>\n<td align=\"left\" bgcolor=\"#CCCCCC\" width=\"50\"><strong>Complexe ZnSkin-ch\u00e9lat\u00e9<\/strong><\/td>\n<td align=\"right\" bgcolor=\"#CCCCCC\" width=\"20%\"><strong>90 mg<\/strong><\/td>\n<\/tr>\n<\/tbody>\n<\/table>\n<table border=\"0\" width=\"100%\" cellspacing=\"0\" cellpadding=\"10\">\n<tbody>\n<tr>\n<td bgcolor=\"#f1efee\">\n<h5>Vitamine C 80 mg (100 % VNR*), Zinc sous forme amino-ch\u00e9lat\u00e9e\u00ae 10 mg (100% VNR*)<\/h5>\n<\/td>\n<\/tr>\n<\/tbody>\n<\/table>\n<h5><em>* Valeurs Nutritionnelles de R\u00e9f\u00e9rence.<\/em><\/h5>\n<table border=\"0\" width=\"100%\" cellspacing=\"0\" cellpadding=\"10\">\n<tbody>\n<tr>\n<td bgcolor=\"#666666\"><strong>Composition moyenne pour 2 g\u00e9lules soir (1328 mg)<\/strong><\/td>\n<\/tr>\n<\/tbody>\n<\/table>\n<table border=\"0\" width=\"100%\" cellspacing=\"0\" cellpadding=\"10\">\n<tbody>\n<tr>\n<td align=\"left\" bgcolor=\"#CCCCCC\" width=\"50\"><strong>Complexe Hyalurog\u00e8ne 600 LPM<\/strong><\/td>\n<td align=\"right\" bgcolor=\"#CCCCCC\" width=\"20%\"><strong>740 mg<\/strong><\/td>\n<\/tr>\n<\/tbody>\n<\/table>\n<table border=\"0\" width=\"100%\" cellspacing=\"0\" cellpadding=\"10\">\n<tbody>\n<tr>\n<td bgcolor=\"#f1efee\">\n<h5>L-Glutamine 400 mg, collag\u00e8ne marin 160 mg, hyaluronate de sodium 60 mg, extrait de pr\u00eale 60 mg, N-Ac\u00e9tyl-D-Glucosamine 60 mg<\/h5>\n<\/td>\n<\/tr>\n<\/tbody>\n<\/table>\n<table border=\"0\" width=\"100%\" cellspacing=\"0\" cellpadding=\"10\">\n<tbody>\n<tr>\n<td align=\"left\" bgcolor=\"#CCCCCC\" width=\"50\"><strong>Complexe Elastorepair VitaGH<\/strong><\/td>\n<td align=\"right\" bgcolor=\"#CCCCCC\" width=\"20%\"><strong>581 mg<\/strong><\/td>\n<\/tr>\n<\/tbody>\n<\/table>\n<table border=\"0\" width=\"100%\" cellspacing=\"0\" cellpadding=\"10\">\n<tbody>\n<tr>\n<td bgcolor=\"#f1efee\">\n<h5>L-Arginine HCl 200 mg, L-Lysine HCl 160 mg, L-Proline 140 mg, Glycine 80 mg, vitamine B6 1,4 mg (100 % VNR*), vitamine B8 60 \u03bcg (120 % VNR*)<\/h5>\n<\/td>\n<\/tr>\n<\/tbody>\n<\/table>\n<table border=\"0\" width=\"100%\" cellspacing=\"0\" cellpadding=\"10\">\n<tbody>\n<tr>\n<td align=\"left\" bgcolor=\"#CCCCCC\" width=\"50\"><strong>Skin Complexion<\/strong><\/td>\n<td align=\"right\" bgcolor=\"#CCCCCC\" width=\"20%\"><strong>7 mg<\/strong><\/td>\n<\/tr>\n<\/tbody>\n<\/table>\n<table border=\"0\" width=\"100%\" cellspacing=\"0\" cellpadding=\"10\">\n<tbody>\n<tr>\n<td bgcolor=\"#f1efee\">\n<h5>Lut\u00e9ine extraite de\u00a0<em>Tagetes erecta<\/em>\u00a05 mg, Cuivre sous forme amino-ch\u00e9lat\u00e9e\u00ae 1,5mg (150% VNR*)<\/h5>\n<\/td>\n<\/tr>\n<\/tbody>\n<\/table>\n<h5><em>* Valeurs Nutritionnelles de R\u00e9f\u00e9rence.<\/em><\/h5>\n<h5><em>\u00a0<\/em><\/h5>\n<p>Poids net : 87 g \u2013 Code ACL : 3401596074074<\/p>\n","protected":false},"excerpt":{"rendered":"<table border=\"0\" cellspacing=\"0\" cellpadding=\"0\">\n<tbody>\n<tr>\n<td valign=\"top\">\n<h1><strong>L-AminoSkin\u2122<\/strong><\/h1>\n<\/td>\n<\/tr>\n<tr>\n<td valign=\"top\" height=\"40\">\n<h5>Hyalurog\u00e8ne 600 LPM, Elastorepair VitaGH<br \/>\nResv\u00e9nium<\/h5>\n<\/td>\n<\/tr>\n<\/tbody>\n<\/table>\n<h3><strong>Anti-\u00e2ge<br \/>\nBeaut\u00e9 de la peau<br \/>\n<\/strong><\/h3>\n<p><img loading=\"lazy\" decoding=\"async\" title=\"\" src=\"http:\/\/www.nhco-nutrition.com\/images\/carre01_noir.gif\" alt=\"\" width=\"18\" height=\"10\" \/>Effet anti-\u00e2ge global gr\u00e2ce \u00e0 une combinaison unique de 21 actifs, dont du collag\u00e8ne repulpeur, du coenzyme Q10 et du resv\u00e9ratrol. Les complexes Resv\u00e9nium et Zn-Skin ch\u00e9lat\u00e9 de la formule Matin contiennent des vitamines C et E contribuant \u00e0 prot\u00e9ger les cellules contre les radicaux libres. La formule Soir apporte de la L-Proline et du Cuivre qui participe \u00e0 un teint uniforme et \u00e9clatant.<\/p>\n<p><strong>56 g\u00e9lules Matin +\u00a056 g\u00e9lules Soir\u00a0\u2013 4\/8 semaines<\/strong><\/p>\n","protected":false},"featured_media":2218,"comment_status":"open","ping_status":"closed","template":"","meta":[],"product_brand":[],"product_cat":[23],"product_tag":[],"class_list":{"0":"post-381","1":"product","2":"type-product","3":"status-publish","4":"has-post-thumbnail","6":"product_cat-23","7":"entry","9":"first","10":"instock","11":"taxable","12":"shipping-taxable","13":"purchasable","14":"product-type-simple"},"jetpack_sharing_enabled":true,"_links":{"self":[{"href":"https:\/\/healthstore.mc\/index.php\/wp-json\/wp\/v2\/product\/381","targetHints":{"allow":["GET"]}}],"collection":[{"href":"https:\/\/healthstore.mc\/index.php\/wp-json\/wp\/v2\/product"}],"about":[{"href":"https:\/\/healthstore.mc\/index.php\/wp-json\/wp\/v2\/types\/product"}],"replies":[{"embeddable":true,"href":"https:\/\/healthstore.mc\/index.php\/wp-json\/wp\/v2\/comments?post=381"}],"wp:featuredmedia":[{"embeddable":true,"href":"https:\/\/healthstore.mc\/index.php\/wp-json\/wp\/v2\/media\/2218"}],"wp:attachment":[{"href":"https:\/\/healthstore.mc\/index.php\/wp-json\/wp\/v2\/media?parent=381"}],"wp:term":[{"taxonomy":"product_brand","embeddable":true,"href":"https:\/\/healthstore.mc\/index.php\/wp-json\/wp\/v2\/product_brand?post=381"},{"taxonomy":"product_cat","embeddable":true,"href":"https:\/\/healthstore.mc\/index.php\/wp-json\/wp\/v2\/product_cat?post=381"},{"taxonomy":"product_tag","embeddable":true,"href":"https:\/\/healthstore.mc\/index.php\/wp-json\/wp\/v2\/product_tag?post=381"}],"curies":[{"name":"wp","href":"https:\/\/api.w.org\/{rel}","templated":true}]}}