{"id":384,"date":"2020-04-23T19:24:12","date_gmt":"2020-04-23T17:24:12","guid":{"rendered":"http:\/\/10.0.0.17\/wordpress\/produit\/endomune-42gel-2\/"},"modified":"2024-09-21T16:42:43","modified_gmt":"2024-09-21T14:42:43","slug":"endomune-42gel-2","status":"publish","type":"product","link":"https:\/\/healthstore.mc\/index.php\/product\/endomune-42gel-2\/","title":{"rendered":"Endomune 42gel"},"content":{"rendered":"<p>Pr\u00e9server et renforcer ses d\u00e9fenses immunitaires naturelles est l\u2019un des moyens pour mieux faire face aux multiples agressions ext\u00e9rieures.<\/p>\n<p>Les\u00a0<strong>Laboratoires NHCO Nutrition\u00ae<\/strong>\u00a0ont d\u00e9velopp\u00e9\u00a0<strong>ENDOMUNE\u2122<\/strong>, dont la\u00a0<strong>formule exclusive hautement technique a \u00e9t\u00e9 con\u00e7ue selon le concept TMS-<em>3i<\/em><\/strong>.<\/p>\n<p>Ce principe est une r\u00e9ponse globale de suppl\u00e9mentation nutritionnelle qui va, non pas se substituer aux d\u00e9fenses naturelles, mais les soutenir pour permettre \u00e0 l\u2019organisme d\u2019\u00eatre plus r\u00e9sistant.<br \/>\n<img loading=\"lazy\" decoding=\"async\" title=\"\" src=\"http:\/\/www.nhco-nutrition.com\/images\/carre02_parme.gif\" alt=\"\" width=\"18\" height=\"10\" \/>Le complexe\u00a0<strong>STI-\u00df-IM<\/strong>\u2122 contient des acides amin\u00e9s essentiels issus de prot\u00e9ines de lactos\u00e9rum ainsi que de la vitamine D et de l\u2019\u00e9chinac\u00e9e qui soutiennent le bon fonctionnement du syst\u00e8me immunitaire.<br \/>\n<img loading=\"lazy\" decoding=\"async\" title=\"\" src=\"http:\/\/www.nhco-nutrition.com\/images\/carre02_parme.gif\" alt=\"\" width=\"18\" height=\"10\" \/>Les complexes\u00a0<strong>AIF-960<\/strong>\u2122 et\u00a0<strong>AIF-380<\/strong>\u2122 renferment des antioxydants, notamment le Mangan\u00e8se, la vitamine C et le Zinc qui contribuent \u00e0 lutter contre les radicaux libres, favorisant la protection cellulaire face au stress oxydatif, ainsi qu\u2019un actif innovant, OptiCurma\u2122, source brevet\u00e9e de curcumine hautement biodisponible.<br \/>\nL\u2019extrait de Camellia sinensis d\u2019<strong>AIF-380\u2122<\/strong>\u00a0aide \u00e0 renforcer les d\u00e9fenses de l\u2019organisme contre les agressions ext\u00e9rieures.<br \/>\n<img loading=\"lazy\" decoding=\"async\" title=\"\" src=\"http:\/\/www.nhco-nutrition.com\/images\/carre02_parme.gif\" alt=\"\" width=\"18\" height=\"10\" \/>Le complexe\u00a0<strong>VITA3STIM<\/strong>\u2122 contient des extraits d\u2019\u00e9leuth\u00e9rocoque et de ginseng qui stimulent toute la vitalit\u00e9 de l\u2019organisme, notamment lors des p\u00e9riodes de fragilit\u00e9.<\/p>\n<table border=\"0\" width=\"100%\" cellspacing=\"0\" cellpadding=\"10\">\n<tbody>\n<tr>\n<td bgcolor=\"#dfc3af\" width=\"42%\"><strong>Conseils d\u2019utilisation<\/strong><\/td>\n<td bgcolor=\"#eeded3\" width=\"29%\">Matin<\/td>\n<td bgcolor=\"#dfc3af\" width=\"29%\">Soir<\/td>\n<\/tr>\n<tr>\n<td bgcolor=\"#dfc3af\">Phase d\u2019attaque \u2013 1 semaine<\/td>\n<td bgcolor=\"#eeded3\"><strong>2 g\u00e9lules<\/strong><\/td>\n<td bgcolor=\"#dfc3af\"><strong>2 g\u00e9lules<\/strong><\/td>\n<\/tr>\n<tr>\n<td bgcolor=\"#dfc3af\">Phase de suivi \u2013 1 semaine<\/td>\n<td bgcolor=\"#eeded3\"><strong>2 g\u00e9lules<\/strong><\/td>\n<td bgcolor=\"#dfc3af\"><\/td>\n<\/tr>\n<\/tbody>\n<\/table>\n<table border=\"0\" width=\"100%\" cellspacing=\"0\" cellpadding=\"10\">\n<tbody>\n<tr>\n<td bgcolor=\"#803807\">2 semaines \/ \u00c0 renouveler si n\u00e9cessaire.<\/td>\n<\/tr>\n<\/tbody>\n<\/table>\n<h5>Ce compl\u00e9ment alimentaire n\u2019est pas un m\u00e9dicament. Il est recommand\u00e9 de respecter la dose journali\u00e8re indiqu\u00e9e, de le consommer dans le cadre d\u2019une alimentation vari\u00e9e et \u00e9quilibr\u00e9e et d\u2019un mode de vie sain et de le tenir hors de port\u00e9e des jeunes enfants. R\u00e9serv\u00e9 \u00e0 l\u2019adulte except\u00e9 la femme enceinte ou allaitante. D\u00e9conseill\u00e9 aux personnes sous traitement anticoagulant (ail). Les personnes sous contr\u00f4le m\u00e9dical doivent demander conseil \u00e0 leur m\u00e9decin traitant.<\/h5>\n<h5>\u00c0 consommer de pr\u00e9f\u00e9rence avant la date indiqu\u00e9e sous l\u2019\u00e9tui. Bien refermer apr\u00e8s ouverture. \u00c0 conserver dans un endroit sec et frais.<\/h5>\n","protected":false},"excerpt":{"rendered":"<table border=\"0\" cellspacing=\"0\" cellpadding=\"0\">\n<tbody>\n<tr>\n<td valign=\"top\">\n<h1><strong>Endomune\u2122<\/strong><\/h1>\n<\/td>\n<\/tr>\n<tr>\n<td valign=\"top\" height=\"40\">\n<h5>STI-\u00df-IM, AIF-380, AIF-960, VITA3STIM<\/h5>\n<\/td>\n<\/tr>\n<\/tbody>\n<\/table>\n<h3><strong>D\u00e9fenses immunitaires<\/strong><\/h3>\n<p><img loading=\"lazy\" decoding=\"async\" class=\"alignnone size-full wp-image-2377\" title=\"\" src=\"http:\/\/www.nhco-nutrition.com\/images\/carre02_parme.gif\" alt=\"\" width=\"18\" height=\"10\" \/>31 actifs, dont la L-Glutamine associ\u00e9e \u00e0 de l\u2019\u00e9chinac\u00e9e et des vitamines C et D qui soutiennent le\u00a0<b>bon fonctionnement du syst\u00e8me immunitaire<\/b>, de la curcumine ainsi que du ginseng qui\u00a0<b>stimule la vitalit\u00e9<\/b>\u00a0de l\u2019organisme, notamment lors des p\u00e9riodes de fragilit\u00e9.<\/p>\n<p><strong>42 g\u00e9lules GreenCaps\u2122 \u2013 2 semaines<\/strong><\/p>\n","protected":false},"featured_media":2159,"comment_status":"open","ping_status":"closed","template":"","meta":[],"product_brand":[],"product_cat":[23],"product_tag":[],"class_list":{"0":"post-384","1":"product","2":"type-product","3":"status-publish","4":"has-post-thumbnail","6":"product_cat-23","7":"entry","9":"first","10":"instock","11":"taxable","12":"shipping-taxable","13":"purchasable","14":"product-type-simple"},"jetpack_sharing_enabled":true,"_links":{"self":[{"href":"https:\/\/healthstore.mc\/index.php\/wp-json\/wp\/v2\/product\/384","targetHints":{"allow":["GET"]}}],"collection":[{"href":"https:\/\/healthstore.mc\/index.php\/wp-json\/wp\/v2\/product"}],"about":[{"href":"https:\/\/healthstore.mc\/index.php\/wp-json\/wp\/v2\/types\/product"}],"replies":[{"embeddable":true,"href":"https:\/\/healthstore.mc\/index.php\/wp-json\/wp\/v2\/comments?post=384"}],"wp:featuredmedia":[{"embeddable":true,"href":"https:\/\/healthstore.mc\/index.php\/wp-json\/wp\/v2\/media\/2159"}],"wp:attachment":[{"href":"https:\/\/healthstore.mc\/index.php\/wp-json\/wp\/v2\/media?parent=384"}],"wp:term":[{"taxonomy":"product_brand","embeddable":true,"href":"https:\/\/healthstore.mc\/index.php\/wp-json\/wp\/v2\/product_brand?post=384"},{"taxonomy":"product_cat","embeddable":true,"href":"https:\/\/healthstore.mc\/index.php\/wp-json\/wp\/v2\/product_cat?post=384"},{"taxonomy":"product_tag","embeddable":true,"href":"https:\/\/healthstore.mc\/index.php\/wp-json\/wp\/v2\/product_tag?post=384"}],"curies":[{"name":"wp","href":"https:\/\/api.w.org\/{rel}","templated":true}]}}