{"id":385,"date":"2020-04-23T19:24:15","date_gmt":"2020-04-23T17:24:15","guid":{"rendered":"http:\/\/10.0.0.17\/wordpress\/produit\/uricare-84gel-2\/"},"modified":"2024-09-21T16:42:45","modified_gmt":"2024-09-21T14:42:45","slug":"uricare-84gel-2","status":"publish","type":"product","link":"https:\/\/healthstore.mc\/index.php\/product\/uricare-84gel-2\/","title":{"rendered":"Uricare 84gel"},"content":{"rendered":"<p>Les d\u00e9sordres urinaires sont principalement pr\u00e9sents chez les femmes. Leur fr\u00e9quence et leur r\u00e9currence peuvent varier et pour certaines avoir un impact sur la qualit\u00e9 de vie. Afin de pr\u00e9server l\u2019\u00e9quilibre de la sph\u00e8re urinaire, il est notamment indispensable de boire suffisamment d\u2019eau au quotidien et d\u2019adopter une toilette intime ad\u00e9quate.<br \/>\nPour un confort urinaire au quotidien, les Laboratoires\u00a0<strong>NHCO Nutrition<\/strong><sup>\u00ae<\/sup>\u00a0ont d\u00e9velopp\u00e9 une formule unique concentrant des extraits brevet\u00e9s, notamment l\u2019extrait d\u2019Hibiscus scientifiquement prouv\u00e9.<\/p>\n<p><img loading=\"lazy\" decoding=\"async\" class=\"alignnone size-full wp-image-16848\" src=\"https:\/\/nhco-nutrition.com\/france\/wp-content\/uploads\/2017\/09\/carre02_rose-cla1000.gif\" alt=\"\" width=\"18\" height=\"10\" \/>Uripro complex\u2122 contient de la L-M\u00e9thionine, un acide amin\u00e9 essentiel, qui a \u00e9t\u00e9 associ\u00e9e \u00e0 des extraits de Boswellia et de fleurs d\u2019Hibiscus. Ce dernier, traditionnellement utilis\u00e9 pour stimuler l\u2019\u00e9limination r\u00e9nale de l\u2019eau, contribue au bon fonctionnement et au confort du syst\u00e8me urinaire.<br \/>\n<img loading=\"lazy\" decoding=\"async\" class=\"alignnone size-full wp-image-16848\" src=\"https:\/\/nhco-nutrition.com\/france\/wp-content\/uploads\/2017\/09\/carre02_rose-cla1000.gif\" alt=\"\" width=\"18\" height=\"10\" \/>Pacran<sup>\u00ae<\/sup>\u00a0est un extrait brevet\u00e9, v\u00e9ritable concentr\u00e9 du fruit de Cranberry.<br \/>\n<img loading=\"lazy\" decoding=\"async\" class=\"alignnone size-full wp-image-16848\" src=\"https:\/\/nhco-nutrition.com\/france\/wp-content\/uploads\/2017\/09\/carre02_rose-cla1000.gif\" alt=\"\" width=\"18\" height=\"10\" \/>L\u2019Ortie blanche facilite l\u2019\u00e9limination urinaire.<br \/>\n<img loading=\"lazy\" decoding=\"async\" class=\"alignnone size-full wp-image-16848\" src=\"https:\/\/nhco-nutrition.com\/france\/wp-content\/uploads\/2017\/09\/carre02_rose-cla1000.gif\" alt=\"\" width=\"18\" height=\"10\" \/>Enfin, la vitamine C contribue au maintien d\u2019un bon syst\u00e8me immunitaire.<\/p>\n<table border=\"0\" width=\"100%\" cellspacing=\"0\" cellpadding=\"10\">\n<tbody>\n<tr>\n<td bgcolor=\"#ebc3d1\" width=\"70%\"><strong>Conseils d\u2019utilisation<\/strong><\/td>\n<td bgcolor=\"#f9e4eb\" width=\"30%\">Matin<\/td>\n<\/tr>\n<tr>\n<td bgcolor=\"#ebc3d1\" width=\"70%\">Pendant 1 mois<\/td>\n<td bgcolor=\"#f9e4eb\" width=\"30%\"><strong>3 g\u00e9lules<\/strong><\/td>\n<\/tr>\n<tr>\n<td bgcolor=\"#ebc3d1\" width=\"70%\">En renouvellement, les mois suivants<\/td>\n<td bgcolor=\"#f9e4eb\" width=\"30%\"><strong>2 g\u00e9lules<\/strong><\/td>\n<\/tr>\n<\/tbody>\n<\/table>\n<p>Ce produit convient aux v\u00e9g\u00e9tariens et aux v\u00e9g\u00e9taliens.<\/p>\n<h5>Ce compl\u00e9ment alimentaire n\u2019est pas un m\u00e9dicament. Il est recommand\u00e9 de respecter la dose journali\u00e8re indiqu\u00e9e, de le consommer dans le cadre d\u2019une alimentation vari\u00e9e et \u00e9quilibr\u00e9e, d\u2019un mode de vie sain, et de le tenir hors de port\u00e9e des jeunes enfants. R\u00e9serv\u00e9 \u00e0 l\u2019adulte except\u00e9 la femme enceinte ou allaitante, sauf avis m\u00e9dical contraire.<br \/>\nLes personnes sous contr\u00f4le m\u00e9dical doivent demander conseil \u00e0 leur m\u00e9decin traitant, en particulier les personnes sous anticoagulant ou sujettes aux lithiases r\u00e9nales (cranberry).<\/h5>\n<h5>\u00c0 consommer de pr\u00e9f\u00e9rence avant la date indiqu\u00e9e sous l\u2019\u00e9tui. Bien refermer apr\u00e8s ouverture. \u00c0 conserver dans un endroit sec et frais.<\/h5>\n<p><strong>Compl\u00e9ment alimentaire<\/strong><br \/>\n<strong>Ingr\u00e9dients :\u00a0<\/strong>L-M\u00e9thionine, extrait de fruit de cranberry (<em>Vaccinium macrocarpon<\/em>) PACRAN<sup>\u00ae<\/sup>, extrait de fleurs d\u2019hibiscus (<em>Hibiscus sadbariffa<\/em>), extrait de gomme r\u00e9sine d\u2019encens (<em>Boswellia serrata<\/em>), poudre d\u2019ortie blanche (<em>Lamium album<\/em>), vitamine C (acide ascorbique), antiagglom\u00e9rant : st\u00e9arate de magn\u00e9sium v\u00e9g\u00e9tal. G\u00e9lule : hydroxypropylm\u00e9thylcellulose, colorant : complexes cuivriques de chlorophyllines.<\/p>\n<p><strong>G\u00e9lules v\u00e9g\u00e9tales vertes GreenCaps\u2122<\/strong><\/p>\n<table border=\"0\" width=\"100%\" cellspacing=\"0\" cellpadding=\"10\">\n<tbody>\n<tr>\n<td bgcolor=\"#666666\"><strong>Composition moyenne pour 3 g\u00e9lules\/jour (1880 mg)<\/strong><\/td>\n<\/tr>\n<\/tbody>\n<\/table>\n<table border=\"0\" width=\"100%\" cellspacing=\"0\" cellpadding=\"10\">\n<tbody>\n<tr>\n<td align=\"left\" bgcolor=\"#A2A2A2\" width=\"50\">Ingr\u00e9dients<\/td>\n<td align=\"right\" bgcolor=\"#A2A2A2\" width=\"20%\">Dosage<\/td>\n<\/tr>\n<tr>\n<td align=\"left\" bgcolor=\"#CCCCCC\"><strong>Uripro complex<\/strong><\/td>\n<td align=\"right\" bgcolor=\"#CCCCCC\"><strong>1200 mg<\/strong><\/td>\n<\/tr>\n<\/tbody>\n<\/table>\n<table border=\"0\" width=\"100%\" cellspacing=\"0\" cellpadding=\"10\">\n<tbody>\n<tr>\n<td bgcolor=\"#f1efee\">\n<h5>L-M\u00e9thionine 800 mg, extrait brevet\u00e9 de r\u00e9sine de\u00a0<em>Boswellia serrata<\/em>\u00a0200 mg, extrait brevet\u00e9 de fleurs d\u2019<em>Hibiscus sadbariffa<\/em>\u00a0200 mg<\/h5>\n<\/td>\n<\/tr>\n<\/tbody>\n<\/table>\n<table border=\"0\" width=\"100%\" cellspacing=\"0\" cellpadding=\"10\">\n<tbody>\n<tr>\n<td align=\"left\" bgcolor=\"#CCCCCC\"><strong>Pacran<sup>\u00ae<\/sup>\u00a0(extrait brevet\u00e9 : poudre de fruit de Cranberry)<\/strong><\/td>\n<td align=\"right\" bgcolor=\"#CCCCCC\"><strong>500 mg<\/strong><\/td>\n<\/tr>\n<tr>\n<td align=\"left\" bgcolor=\"#CCCCCC\"><strong>Ortie blanche<\/strong><\/td>\n<td align=\"right\" bgcolor=\"#CCCCCC\"><strong>100 mg<\/strong><\/td>\n<\/tr>\n<tr>\n<td align=\"left\" bgcolor=\"#CCCCCC\"><strong>vitamine C (100 % VNR*)<\/strong><\/td>\n<td align=\"right\" bgcolor=\"#CCCCCC\"><strong>80 mg<\/strong><\/td>\n<\/tr>\n<\/tbody>\n<\/table>\n<h5><em>* Valeurs Nutritionnelles de R\u00e9f\u00e9rence.<\/em><\/h5>\n<p>&nbsp;<\/p>\n<p>Poids net : 61 g. \u2013 Code ACL : 6127976<\/p>\n","protected":false},"excerpt":{"rendered":"<table border=\"0\" cellspacing=\"0\" cellpadding=\"0\">\n<tbody>\n<tr>\n<td valign=\"top\">\n<h1><strong>Uricare\u2122<\/strong><\/h1>\n<\/td>\n<\/tr>\n<tr>\n<td valign=\"top\" height=\"50\">\n<h5>Innovation Uripro complex\u2122<br \/>\n(UTC#4,006,800)<\/h5>\n<\/td>\n<\/tr>\n<\/tbody>\n<\/table>\n<h3><strong>Confort du syst\u00e8me urinaire<\/strong><\/h3>\n<p><img loading=\"lazy\" decoding=\"async\" class=\"alignnone size-full wp-image-16848\" src=\"https:\/\/nhco-nutrition.com\/france\/wp-content\/uploads\/2017\/09\/carre02_rose-cla1000.gif\" alt=\"\" width=\"18\" height=\"10\" \/>Formule innovante aux actifs rigoureusement s\u00e9lectionn\u00e9s dont la L-M\u00e9thionine, des extraits brevet\u00e9s de Boswellia, de Cranberry et un extrait d\u2019Hibiscus qui contribue au\u00a0<strong>bon fonctionnement<\/strong>\u00a0et au\u00a0<strong>confort du syst\u00e8me urinaire<\/strong>.<\/p>\n<p><strong>84 g\u00e9lules GreenCaps\u2122<\/strong><\/p>\n","protected":false},"featured_media":2275,"comment_status":"open","ping_status":"closed","template":"","meta":[],"product_brand":[],"product_cat":[23],"product_tag":[],"class_list":{"0":"post-385","1":"product","2":"type-product","3":"status-publish","4":"has-post-thumbnail","6":"product_cat-23","7":"entry","9":"first","10":"instock","11":"taxable","12":"shipping-taxable","13":"purchasable","14":"product-type-simple"},"jetpack_sharing_enabled":true,"_links":{"self":[{"href":"https:\/\/healthstore.mc\/index.php\/wp-json\/wp\/v2\/product\/385","targetHints":{"allow":["GET"]}}],"collection":[{"href":"https:\/\/healthstore.mc\/index.php\/wp-json\/wp\/v2\/product"}],"about":[{"href":"https:\/\/healthstore.mc\/index.php\/wp-json\/wp\/v2\/types\/product"}],"replies":[{"embeddable":true,"href":"https:\/\/healthstore.mc\/index.php\/wp-json\/wp\/v2\/comments?post=385"}],"wp:featuredmedia":[{"embeddable":true,"href":"https:\/\/healthstore.mc\/index.php\/wp-json\/wp\/v2\/media\/2275"}],"wp:attachment":[{"href":"https:\/\/healthstore.mc\/index.php\/wp-json\/wp\/v2\/media?parent=385"}],"wp:term":[{"taxonomy":"product_brand","embeddable":true,"href":"https:\/\/healthstore.mc\/index.php\/wp-json\/wp\/v2\/product_brand?post=385"},{"taxonomy":"product_cat","embeddable":true,"href":"https:\/\/healthstore.mc\/index.php\/wp-json\/wp\/v2\/product_cat?post=385"},{"taxonomy":"product_tag","embeddable":true,"href":"https:\/\/healthstore.mc\/index.php\/wp-json\/wp\/v2\/product_tag?post=385"}],"curies":[{"name":"wp","href":"https:\/\/api.w.org\/{rel}","templated":true}]}}