{"id":386,"date":"2020-04-23T19:24:19","date_gmt":"2020-04-23T17:24:19","guid":{"rendered":"http:\/\/10.0.0.17\/wordpress\/produit\/l-noxeam-56gel-2\/"},"modified":"2024-09-21T16:42:48","modified_gmt":"2024-09-21T14:42:48","slug":"l-noxeam-56gel-2","status":"publish","type":"product","link":"https:\/\/healthstore.mc\/index.php\/product\/l-noxeam-56gel-2\/","title":{"rendered":"L-Noxeam 56gel"},"content":{"rendered":"<p>Les difficult\u00e9s \u00e0 s\u2019endormir et les r\u00e9veils nocturnes peuvent avoir plusieurs origines, notamment le stress, les changements hormonaux, un d\u00e9s\u00e9quilibre alimentaire ou un rythme de vie d\u00e9cal\u00e9.<\/p>\n<p>Les\u00a0<strong>Laboratoires NHCO Nutrition\u00ae<\/strong>\u00a0ont \u00e9labor\u00e9\u00a0<strong>L-Nox\u00e9am\u2122<\/strong>, un compl\u00e9ment alimentaire associant la m\u00e9latonine \u00e0 trois complexes exclusifs \u00e0 base d\u2019acides amin\u00e9s et de plantes.<br \/>\n<img loading=\"lazy\" decoding=\"async\" title=\"\" src=\"http:\/\/www.nhco-nutrition.com\/site\/wp-content\/uploads\/2012\/07\/carre02_bleu.gif\" alt=\"\" width=\"18\" height=\"10\" \/>La\u00a0<strong>m\u00e9latonine<\/strong>\u00a0contribue \u00e0 r\u00e9duire le temps d\u2019endormissement* et \u00e0 att\u00e9nu\u00e9e les effets du d\u00e9calage horaires**.<br \/>\n<img loading=\"lazy\" decoding=\"async\" title=\"\" src=\"http:\/\/www.nhco-nutrition.com\/images\/carre02_bleu.gif\" alt=\"\" width=\"18\" height=\"10\" \/>Le\u00a0<strong>Complexe Physio-MGO<\/strong>\u2122 est compos\u00e9 d\u2019acides amin\u00e9s, en particulier la Glycine, entrant dans les fonctions physiologiques de l\u2019organisme. Il contient aussi du Magn\u00e9sium qui contribue au fonctionnement normal du syst\u00e8me nerveux ainsi qu\u2019\u00e0 r\u00e9duire la fatigue.<br \/>\n<img loading=\"lazy\" decoding=\"async\" title=\"\" src=\"http:\/\/www.nhco-nutrition.com\/images\/carre02_bleu.gif\" alt=\"\" width=\"18\" height=\"10\" \/>Le\u00a0<strong>Complexe RSBS<\/strong>\u2122 contient un acide amin\u00e9 essentiel pr\u00e9curseur de la s\u00e9rotonine, le L-Tryptophane, ainsi que de la L-Th\u00e9anine.<br \/>\n<img loading=\"lazy\" decoding=\"async\" title=\"\" src=\"http:\/\/www.nhco-nutrition.com\/images\/carre02_bleu.gif\" alt=\"\" width=\"18\" height=\"10\" \/>Le\u00a0<strong>Complexe GABA-Nat<\/strong>\u2122 est constitu\u00e9 de plantes de r\u00e9f\u00e9rence notamment l\u2019extrait de m\u00e9lisse qui favorise la relaxation, facilite l\u2019endormissement et aide \u00e9galement \u00e0 maintenir un sommeil physiologique.<\/p>\n<h5><em>*L\u2019effet b\u00e9n\u00e9fique est obtenu par la consommation de 1 mg de m\u00e9latonine (3 g\u00e9lules) avant le coucher.<\/em><br \/>\n<em>** L\u2019effet b\u00e9n\u00e9fique est obtenu par la consommation d\u2019au moins 0,5 mg (2 g\u00e9lules) juste avant le coucher le 1er jour du voyage et les quelques jours suivants l\u2019arriv\u00e9e \u00e0 destination.<\/em><\/h5>\n<table border=\"0\" width=\"100%\" cellspacing=\"0\" cellpadding=\"10\">\n<tbody>\n<tr>\n<td bgcolor=\"#c2c4e3\" width=\"60%\"><strong>Conseils d\u2019utilisation<\/strong><\/td>\n<td bgcolor=\"#e9eaf4\" width=\"40%\">Soir<\/td>\n<\/tr>\n<tr>\n<td bgcolor=\"#c2c4e3\" width=\"60%\">Avant le coucher<\/td>\n<td bgcolor=\"#e9eaf4\" width=\"40%\"><strong>3 g\u00e9lules<\/strong><\/td>\n<\/tr>\n<\/tbody>\n<\/table>\n<table border=\"0\" width=\"100%\" cellspacing=\"0\" cellpadding=\"10\">\n<tbody>\n<tr>\n<td bgcolor=\"#1f419b\">\u00c0 renouveler si n\u00e9cessaire.<\/td>\n<\/tr>\n<\/tbody>\n<\/table>\n<p>Ce produit convient aux v\u00e9g\u00e9tariens.<\/p>\n<h5>Ce compl\u00e9ment alimentaire n\u2019est pas un m\u00e9dicament. Il est recommand\u00e9 de respecter la dose journali\u00e8re indiqu\u00e9e et de le consommer dans le cadre d\u2019une alimentation vari\u00e9e et \u00e9quilibr\u00e9e et d\u2019un mode de vie sain et de le tenir hors de port\u00e9e des jeunes enfants. R\u00e9serv\u00e9 \u00e0 l\u2019adulte except\u00e9 la femme enceinte ou allaitante. Les personnes sous contr\u00f4le m\u00e9dical doivent demander conseil \u00e0 leur m\u00e9decin traitant. Pour une bonne hygi\u00e8ne du sommeil, il convient de se coucher et de se lever \u00e0 heures r\u00e9guli\u00e8res, d\u2019\u00e9viter les boissons excitantes et le sport intensif le soir. Ne pas associer \u00e0 la prise d\u2019antid\u00e9presseurs, somnif\u00e8res et autres s\u00e9datifs sans avis m\u00e9dical.<\/h5>\n<h5>Bien refermer apr\u00e8s ouverture. \u00c0 conserver dans un endroit sec et frais.<\/h5>\n","protected":false},"excerpt":{"rendered":"<table style=\"margin: 0px; border: 0px; font-variant-numeric: inherit; font-variant-east-asian: inherit; font-weight: 600; font-stretch: inherit; font-size: 13px; line-height: inherit; font-family: 'Open Sans', Arial, Helvetica, sans-serif; vertical-align: baseline; border-collapse: collapse; border-spacing: 0px; color: #000000; background-color: #ffffff;\" border=\"0\" cellspacing=\"0\" cellpadding=\"0\">\n<tbody style=\"margin: 0px; border: 0px; font: inherit; vertical-align: baseline;\">\n<tr style=\"margin: 0px; border: 0px; font: inherit; vertical-align: baseline;\">\n<td style=\"margin: 0px; border: 0px; font-style: inherit; font-variant: inherit; font-weight: inherit; font-stretch: inherit; line-height: inherit; vertical-align: baseline;\" valign=\"top\">\n<h1 style=\"margin: 0px; border: 0px; font-variant-numeric: normal; font-variant-east-asian: normal; font-weight: 600; font-stretch: normal; font-size: 34px; line-height: normal; font-family: 'Open Sans', Arial, Helvetica, sans-serif; vertical-align: baseline; color: #333333; padding: 0px;\"><span style=\"margin: 0px; border: 0px; font-style: inherit; font-variant: inherit; font-stretch: inherit; font-size: inherit; line-height: inherit; font-family: inherit; vertical-align: baseline;\">L-Nox\u00e9am\u2122<\/span><\/h1>\n<\/td>\n<\/tr>\n<tr style=\"margin: 0px; border: 0px; font: inherit; vertical-align: baseline;\">\n<td style=\"margin: 0px; border: 0px; font-style: inherit; font-variant: inherit; font-weight: inherit; font-stretch: inherit; line-height: inherit; vertical-align: baseline;\" valign=\"top\" height=\"40\">\n<h5 style=\"margin: 0px; border: 0px; font-variant-numeric: normal; font-variant-east-asian: normal; font-weight: 600; font-stretch: normal; font-size: 10px; line-height: normal; font-family: 'Open Sans', Arial, Helvetica, sans-serif; vertical-align: baseline; color: #333333; padding: 0px;\"><span style=\"margin: 0px; border: 0px; font: inherit; vertical-align: baseline; color: #808080;\">Glycine \u2013 M\u00e9latonine \u2013 GABA-Nat<\/span><\/h5>\n<\/td>\n<\/tr>\n<\/tbody>\n<\/table>\n<h3 style=\"margin: 0px 0px 20px; border: 0px; font-variant-numeric: normal; font-variant-east-asian: normal; font-weight: 600; font-stretch: normal; font-size: 18px; line-height: normal; font-family: 'Open Sans', Arial, Helvetica, sans-serif; vertical-align: baseline; color: #333333; padding: 0px; letter-spacing: normal; background-color: #ffffff;\"><span style=\"margin: 0px; border: 0px; font-style: inherit; font-variant: inherit; font-stretch: inherit; font-size: inherit; line-height: inherit; font-family: inherit; vertical-align: baseline;\">Sommeil<\/span><\/h3>\n<p style=\"margin: 0px 0px 20px; border: 0px; font-variant-numeric: inherit; font-variant-east-asian: inherit; font-weight: 600; font-stretch: inherit; font-size: 13px; line-height: inherit; font-family: 'Open Sans', Arial, Helvetica, sans-serif; vertical-align: baseline; color: #000000; background-color: #ffffff;\"><img loading=\"lazy\" decoding=\"async\" style=\"margin: 0px; border: 0px; font: inherit; display: inline-block;\" title=\"\" src=\"http:\/\/www.nhco-nutrition.com\/images\/carre02_bleu.gif\" alt=\"\" width=\"18\" height=\"10\" \/>Agit efficacement sur le sommeil gr\u00e2ce \u00e0 la m\u00e9latonine qui\u00a0<span style=\"margin: 0px; border: 0px; font-style: inherit; font-variant: inherit; font-stretch: inherit; font-size: inherit; line-height: inherit; font-family: inherit; vertical-align: baseline;\">contribue \u00e0 r\u00e9duire le temps d\u2019endormissement<\/span>, \u00e0 l\u2019extrait de m\u00e9lisse qui\u00a0<span style=\"margin: 0px; border: 0px; font-style: inherit; font-variant: inherit; font-stretch: inherit; font-size: inherit; line-height: inherit; font-family: inherit; vertical-align: baseline;\">aide \u00e0 maintenir un sommeil physiologique<\/span>, et au magn\u00e9sium participant \u00e0 l\u2019\u00e9quilibre du syst\u00e8me nerveux.<\/p>\n<p style=\"margin: 0px 0px 20px; border: 0px; font-variant-numeric: inherit; font-variant-east-asian: inherit; font-weight: 600; font-stretch: inherit; font-size: 13px; line-height: inherit; font-family: 'Open Sans', Arial, Helvetica, sans-serif; vertical-align: baseline; color: #000000; background-color: #ffffff;\"><span style=\"margin: 0px; border: 0px; font: inherit; vertical-align: baseline; color: #00a852;\">56 g\u00e9lules GreenCaps\u2122<\/span><\/p>\n","protected":false},"featured_media":2228,"comment_status":"open","ping_status":"closed","template":"","meta":[],"product_brand":[],"product_cat":[23],"product_tag":[],"class_list":{"0":"post-386","1":"product","2":"type-product","3":"status-publish","4":"has-post-thumbnail","6":"product_cat-23","7":"entry","9":"first","10":"instock","11":"taxable","12":"shipping-taxable","13":"purchasable","14":"product-type-simple"},"jetpack_sharing_enabled":true,"_links":{"self":[{"href":"https:\/\/healthstore.mc\/index.php\/wp-json\/wp\/v2\/product\/386","targetHints":{"allow":["GET"]}}],"collection":[{"href":"https:\/\/healthstore.mc\/index.php\/wp-json\/wp\/v2\/product"}],"about":[{"href":"https:\/\/healthstore.mc\/index.php\/wp-json\/wp\/v2\/types\/product"}],"replies":[{"embeddable":true,"href":"https:\/\/healthstore.mc\/index.php\/wp-json\/wp\/v2\/comments?post=386"}],"wp:featuredmedia":[{"embeddable":true,"href":"https:\/\/healthstore.mc\/index.php\/wp-json\/wp\/v2\/media\/2228"}],"wp:attachment":[{"href":"https:\/\/healthstore.mc\/index.php\/wp-json\/wp\/v2\/media?parent=386"}],"wp:term":[{"taxonomy":"product_brand","embeddable":true,"href":"https:\/\/healthstore.mc\/index.php\/wp-json\/wp\/v2\/product_brand?post=386"},{"taxonomy":"product_cat","embeddable":true,"href":"https:\/\/healthstore.mc\/index.php\/wp-json\/wp\/v2\/product_cat?post=386"},{"taxonomy":"product_tag","embeddable":true,"href":"https:\/\/healthstore.mc\/index.php\/wp-json\/wp\/v2\/product_tag?post=386"}],"curies":[{"name":"wp","href":"https:\/\/api.w.org\/{rel}","templated":true}]}}